{"id":3687,"date":"2020-12-03T12:14:09","date_gmt":"2020-12-03T18:14:09","guid":{"rendered":"https:\/\/www.dallassymphony.org\/?page_id=3687"},"modified":"2020-12-30T17:01:09","modified_gmt":"2020-12-30T23:01:09","slug":"remembering-ron-snider-1947-2020","status":"publish","type":"page","link":"https:\/\/www.dallassymphony.org\/es\/discover-connect\/dso-media-vault\/remembering-ron-snider-1947-2020\/","title":{"rendered":"Recordando a Ron Snider (1947-2020)"},"content":{"rendered":"<div class=\"hero__no-img bg-blue-8\">\n\t<div class=\"container\">\n\t\t<div class=\"row\">\n\t\t\t<div class=\"col-md-10\">\n\n\t\t\t\t<ul class=\"breadcrumbs\">\n    \t<li class=\"breadcrumb__link\">\n\t\t<a class=\"a-hover\" href=\"https:\/\/www.dallassymphony.org\/es\/\">Inicio<\/a>\n\t<\/li>\n    \t<li class=\"breadcrumb__link a-styles\">\n\t\t<a class=\"a-hover\" href=\"https:\/\/www.dallassymphony.org\/es\/?page_id=618\">Descubrir y conectar<\/a>\n\t<\/li>\n    \t<li class=\"breadcrumb__link a-styles\">\n\t\t<a class=\"a-hover\" href=\"https:\/\/www.dallassymphony.org\/es\/?page_id=619\">DSO Media Vault<\/a>\n\t<\/li>\n    <\/ul>\n\n                \t\t\t\t<h1>\n                    <span >Recordando a Ron Snider (1947-2020)<\/span>\n                <\/h1>\n                \t\t\t<\/div>\n\t\t<\/div>\n\t<\/div>\n<\/div>\n\n\n<div class=\"richtext m-spacer\">\n\t<div class=\"container\">\n\t\t<div class=\"row\">\n\t\t\t<div class=\"col-10\">\n\t\t\t\t\n\n<figure class=\"wp-block-image size-large is-resized\"><img loading=\"lazy\" decoding=\"async\" src=\"https:\/\/www.dallassymphony.org\/wp-content\/uploads\/2020\/11\/Ron-Snider-1-1024x1024.jpg\" alt=\"Ronald Snider, Asistente de Percusi\u00f3n Principal, Sinfon\u00eda de Dallas.\" class=\"wp-image-1440\" width=\"512\" height=\"512\" srcset=\"https:\/\/www.dallassymphony.org\/wp-content\/uploads\/2020\/11\/Ron-Snider-1-1024x1024.jpg 1024w, https:\/\/www.dallassymphony.org\/wp-content\/uploads\/2020\/11\/Ron-Snider-1-300x300.jpg 300w, https:\/\/www.dallassymphony.org\/wp-content\/uploads\/2020\/11\/Ron-Snider-1-150x150.jpg 150w, https:\/\/www.dallassymphony.org\/wp-content\/uploads\/2020\/11\/Ron-Snider-1-768x768.jpg 768w, https:\/\/www.dallassymphony.org\/wp-content\/uploads\/2020\/11\/Ron-Snider-1-12x12.jpg 12w, https:\/\/www.dallassymphony.org\/wp-content\/uploads\/2020\/11\/Ron-Snider-1-262x262.jpg 262w, https:\/\/www.dallassymphony.org\/wp-content\/uploads\/2020\/11\/Ron-Snider-1-350x350.jpg 350w, https:\/\/www.dallassymphony.org\/wp-content\/uploads\/2020\/11\/Ron-Snider-1-445x445.jpg 445w, https:\/\/www.dallassymphony.org\/wp-content\/uploads\/2020\/11\/Ron-Snider-1.jpg 1200w\" sizes=\"auto, (max-width: 512px) 100vw, 512px\" \/><\/figure>\n\n\n\n<p>La Orquesta Sinf\u00f3nica de Dallas lamenta la p\u00e9rdida de su antiguo percusionista Ronald Snider. Snider falleci\u00f3 el lunes 23 de noviembre, y le sobreviven su esposa Barbara Moser, su hijo Dorian Snider y su hija Chelsea Snider.<\/p>\n\n\n\n<p>\"El esp\u00edritu de colaboraci\u00f3native de Ron y su amor por la m\u00fasica eran evidentes en cada interacci\u00f3n que tuve con \u00e9l\", dijo Kim Noltemy, Presidente y Director General de la Orquesta Sinf\u00f3nica de Dallas. \"Todos echaremos de menos a Ron, y definitivamente nos ha dejado demasiado pronto. Es un honor dedicarle los conciertos de este fin de semana\".<\/p>\n\n\n\n<p>Ron Snider se uni\u00f3 a la DSO en 1970. Fue uno de los miembros m\u00e1s antiguos de la orquesta, habiendo celebrado un mandato de 50 a\u00f1os durante la temporada 2019\/20. Era una cara conocida en la secci\u00f3n de percusi\u00f3n con muchos clientes reconoci\u00e9ndolo fuera del escenario de Meyerson.<\/p>\n\n\n\n<p>La carrera de Snider se defini\u00f3 por su pasi\u00f3n por la m\u00fasica del mundo y los instrumentos de percusi\u00f3n de todo el planeta. Era muy conocido por su experiencia con el cimbalom, un gran dulcimer de martillos de Hungr\u00eda. Snider fue uno de los principales int\u00e9rpretes de este instrumento en las grabaciones de H\u00e1ry J\u00e1nos, de Zolt\u00e1n Kod\u00e1ly, con la DSO y la Milwaukee Symphony. Su talento fue protagonista en una interpretaci\u00f3n de la obra durante la temporada 2018\/19.<\/p>\n\n\n\n<p>En 1990, Ron fue miembro fundador del grupo de percusi\u00f3n mundial D'Drum. \u00c9l y el grupo viajaron por el mundo estudiando la m\u00fasica y los instrumentos de todas las culturas. Fue un viaje a Bali y a la m\u00fasica de la tradici\u00f3n balinesa del gamel\u00e1n lo que le llev\u00f3 a que la DSO le encargara un nuevo concierto para el grupo en 2011.  Gamelan D'Drum, de Stewart Copeland, legendario bater\u00eda de The Police, se estren\u00f3 en Dallas con el director musical Jaap van Zweden al frente. La obra se interpret\u00f3 posteriormente con orquestas en Cleveland, San Antonio y Corpus Christi. El estreno y el viaje de la obra est\u00e1n documentados en la pel\u00edcula \"Dare to Drum\", producida y dirigida por el tambi\u00e9n miembro de D'Drum John Bryant. D'Drum tambi\u00e9n cre\u00f3 la banda sonora de la pel\u00edcula de National Geographic ganadora del premio Emmy \"Lions of Darkness\", as\u00ed como de la serie de PBS \"Wishbone\".<\/p>\n\n\n\n<p>La pasi\u00f3n y el talento de Ron no ten\u00edan parang\u00f3n, y su alegr\u00eda y esp\u00edritu se echar\u00e1n terriblemente de menos.<\/p>\n\n\n\t\t\t<\/div>\n\t\t<\/div>\n\t<\/div>\n\n<\/div>","protected":false},"excerpt":{"rendered":"<p>La Orquesta Sinf\u00f3nica de Dallas lamenta la p\u00e9rdida de su antiguo percusionista Ronald Snider. Snider falleci\u00f3 el lunes 23 de noviembre, y le sobreviven su esposa Barbara Moser, su hijo Dorian Snider y su hija Chelsea Snider.<\/p>","protected":false},"author":4,"featured_media":1441,"parent":619,"menu_order":0,"comment_status":"closed","ping_status":"closed","template":"","meta":{"_acf_changed":false,"footnotes":""},"class_list":["post-3687","page","type-page","status-publish","has-post-thumbnail","hentry"],"acf":[],"_links":{"self":[{"href":"https:\/\/www.dallassymphony.org\/es\/wp-json\/wp\/v2\/pages\/3687","targetHints":{"allow":["GET"]}}],"collection":[{"href":"https:\/\/www.dallassymphony.org\/es\/wp-json\/wp\/v2\/pages"}],"about":[{"href":"https:\/\/www.dallassymphony.org\/es\/wp-json\/wp\/v2\/types\/page"}],"author":[{"embeddable":true,"href":"https:\/\/www.dallassymphony.org\/es\/wp-json\/wp\/v2\/users\/4"}],"replies":[{"embeddable":true,"href":"https:\/\/www.dallassymphony.org\/es\/wp-json\/wp\/v2\/comments?post=3687"}],"version-history":[{"count":0,"href":"https:\/\/www.dallassymphony.org\/es\/wp-json\/wp\/v2\/pages\/3687\/revisions"}],"up":[{"embeddable":true,"href":"https:\/\/www.dallassymphony.org\/es\/wp-json\/wp\/v2\/pages\/619"}],"wp:featuredmedia":[{"embeddable":true,"href":"https:\/\/www.dallassymphony.org\/es\/wp-json\/wp\/v2\/media\/1441"}],"wp:attachment":[{"href":"https:\/\/www.dallassymphony.org\/es\/wp-json\/wp\/v2\/media?parent=3687"}],"curies":[{"name":"wp","href":"https:\/\/api.w.org\/{rel}","templated":true}]}}