{"id":3685,"date":"2020-12-03T12:05:28","date_gmt":"2020-12-03T18:05:28","guid":{"rendered":"https:\/\/www.dallassymphony.org\/?page_id=3685"},"modified":"2020-12-30T16:49:40","modified_gmt":"2020-12-30T22:49:40","slug":"remembering-richard-a-freling-1932-2020","status":"publish","type":"page","link":"https:\/\/www.dallassymphony.org\/es\/discover-connect\/dso-media-vault\/remembering-richard-a-freling-1932-2020\/","title":{"rendered":"Recordando a Richard A. Freling (1932-2020)"},"content":{"rendered":"<div class=\"hero__no-img bg-blue-8\">\n\t<div class=\"container\">\n\t\t<div class=\"row\">\n\t\t\t<div class=\"col-md-10\">\n\n\t\t\t\t<ul class=\"breadcrumbs\">\n    \t<li class=\"breadcrumb__link\">\n\t\t<a class=\"a-hover\" href=\"https:\/\/www.dallassymphony.org\/es\/\">Inicio<\/a>\n\t<\/li>\n    \t<li class=\"breadcrumb__link a-styles\">\n\t\t<a class=\"a-hover\" href=\"https:\/\/www.dallassymphony.org\/es\/?page_id=618\">Descubrir y conectar<\/a>\n\t<\/li>\n    \t<li class=\"breadcrumb__link a-styles\">\n\t\t<a class=\"a-hover\" href=\"https:\/\/www.dallassymphony.org\/es\/?page_id=619\">DSO Media Vault<\/a>\n\t<\/li>\n    <\/ul>\n\n                \t\t\t\t<h1>\n                    <span >Recordando a Richard A. Freling (1932-2020)<\/span>\n                <\/h1>\n                \t\t\t<\/div>\n\t\t<\/div>\n\t<\/div>\n<\/div>\n\n\n<div class=\"richtext m-spacer\">\n\t<div class=\"container\">\n\t\t<div class=\"row\">\n\t\t\t<div class=\"col-10\">\n\t\t\t\t\n\n<h1 class=\"wp-block-heading\" id=\"h-richard-a-freling\">Richard A. Freling<\/h1>\n\n\n\n<p>La Asociaci\u00f3n Sinf\u00f3nica de Dallas se entristece al compartir la noticia de que el ex presidente de la Junta de Gobernadores Richard Alan Freling, un padre y abuelo cari\u00f1oso, falleci\u00f3 el lunes 28 de septiembre de 2020 por la ma\u00f1ana en el Hospital Universitario Clements de Dallas. Ten\u00eda 88 a\u00f1os. Le sobreviven sus cinco hijos y cuatro nietos. Los pensamientos y oraciones de la Asociaci\u00f3n Sinf\u00f3nica de Dallas est\u00e1n con \u00e9l y su familia.&nbsp;<\/p>\n\n\n\n<p>Los logros de Freling fueron muchos, tanto a nivel profesional como civil. Como abogado, estaba considerado como uno de los m\u00e1s estimados a nivel nacional en el campo de la fiscalidad y las fusiones y adquisiciones. A lo largo de su vida, estuvo comprometido con su comunidad y ocup\u00f3 puestos de liderazgo en muchas organizaciones c\u00edvicas, incluidas las art\u00edsticas, tanto en Dallas como en otros lugares. Viaj\u00f3 por todo el mundo y le apasionaba la fotograf\u00eda.<\/p>\n\n\n\n<p>Con un amor por la m\u00fasica cl\u00e1sica, Richard comenz\u00f3 su participaci\u00f3n en la DSO tras su traslado a Dallas desde Houston. Su compromiso con la organizaci\u00f3n aument\u00f3 con el tiempo. Fue presidente del Consejo de Administraci\u00f3n de la Orquesta Sinf\u00f3nica de Dallas a partir de 1990, y su mandato coincidi\u00f3 con la inauguraci\u00f3n del Centro Sinf\u00f3nico Morton H. Meyerson; ocup\u00f3 la presidencia durante la primera temporada completa de la orquesta en su emblem\u00e1tico hogar. En ese cargo, inici\u00f3 una importante campa\u00f1a de dotaci\u00f3n y la b\u00fasqueda que condujo al nombramiento de un nuevo director musical para suceder al maestro Eduardo Mata.<\/p>\n\n\n\n<p>El a\u00f1o pasado, mientras era entrevistado para un proyecto de archivo de la Sinf\u00f3nica de Dallas, Freling relat\u00f3 un grato recuerdo de cuando estaba sentado en la orquesta el d\u00eda antes del primer concierto. Recuerda haber o\u00eddo a los trabajadores seguir taladrando y martillando mientras la orquesta ensayaba. Recuerda que vio a Isaac Stern salir al escenario, coger su viol\u00edn y empezar a tocar. \"Era como si estuviera tocando a mi lado\", dice. \"Y recuerdo que pens\u00e9: 'Dios m\u00edo, este va a ser un lugar fant\u00e1stico para la orquesta'\". &nbsp;<\/p>\n\n\n\n<p>Freling sigui\u00f3 colaborando activamente con la Sinf\u00f3nica de Dallas una vez finalizada su presidencia. Asist\u00eda con frecuencia a los conciertos y era miembro del Consejo de Administraci\u00f3n. Durante su entrevista, comparti\u00f3 que \"la orquesta es una gran familia. Es divertido volver a la sala y a esta familia, es un sentimiento de retribuci\u00f3n a esta comunidad. Creo que todos sacamos de ella m\u00e1s de lo que ponemos\".<\/p>\n\n\n\n<p>Kim Noltemy, Presidenta y Directora General de la Sinf\u00f3nica de Dallas Ross Perot, comenta: \"Me siento muy afortunada por haber tenido la oportunidad de pasar tiempo con Richard durante las reuniones del Consejo de ex presidentes y de la Junta de la Fundaci\u00f3n de la Sinf\u00f3nica de Dallas. Recientemente he hablado con \u00e9l por tel\u00e9fono varias veces. Era un caballero y un verdadero amante de la m\u00fasica, y la orquesta estaba muy agradecida por su implicaci\u00f3n durante m\u00e1s de tres d\u00e9cadas.\"<\/p>\n\n\n\t\t\t<\/div>\n\t\t<\/div>\n\t<\/div>\n\n<\/div>","protected":false},"excerpt":{"rendered":"<p>La Asociaci\u00f3n Sinf\u00f3nica de Dallas se entristece al compartir la noticia de que el ex presidente de la Junta de Gobernadores Richard Alan Freling, un padre y abuelo amoroso, falleci\u00f3 el lunes 28 de septiembre de 2020 por la ma\u00f1ana en el Hospital Universitario Clements de Dallas.<\/p>","protected":false},"author":4,"featured_media":0,"parent":619,"menu_order":0,"comment_status":"closed","ping_status":"closed","template":"","meta":{"_acf_changed":false,"footnotes":""},"class_list":["post-3685","page","type-page","status-publish","hentry"],"acf":[],"_links":{"self":[{"href":"https:\/\/www.dallassymphony.org\/es\/wp-json\/wp\/v2\/pages\/3685","targetHints":{"allow":["GET"]}}],"collection":[{"href":"https:\/\/www.dallassymphony.org\/es\/wp-json\/wp\/v2\/pages"}],"about":[{"href":"https:\/\/www.dallassymphony.org\/es\/wp-json\/wp\/v2\/types\/page"}],"author":[{"embeddable":true,"href":"https:\/\/www.dallassymphony.org\/es\/wp-json\/wp\/v2\/users\/4"}],"replies":[{"embeddable":true,"href":"https:\/\/www.dallassymphony.org\/es\/wp-json\/wp\/v2\/comments?post=3685"}],"version-history":[{"count":0,"href":"https:\/\/www.dallassymphony.org\/es\/wp-json\/wp\/v2\/pages\/3685\/revisions"}],"up":[{"embeddable":true,"href":"https:\/\/www.dallassymphony.org\/es\/wp-json\/wp\/v2\/pages\/619"}],"wp:attachment":[{"href":"https:\/\/www.dallassymphony.org\/es\/wp-json\/wp\/v2\/media?parent=3685"}],"curies":[{"name":"wp","href":"https:\/\/api.w.org\/{rel}","templated":true}]}}