{"id":3023,"date":"2020-11-27T17:02:41","date_gmt":"2020-11-27T22:02:41","guid":{"rendered":"https:\/\/www.dallassymphony.org\/?page_id=3023"},"modified":"2021-03-15T11:43:50","modified_gmt":"2021-03-15T16:43:50","slug":"welcome-back","status":"publish","type":"page","link":"https:\/\/www.dallassymphony.org\/es\/welcome-back\/","title":{"rendered":"Bienvenido de nuevo"},"content":{"rendered":"<div class=\"hero__no-img bg-blue-8\">\n\t<div class=\"container\">\n\t\t<div class=\"row\">\n\t\t\t<div class=\"col-md-10\">\n\n\t\t\t\t<ul class=\"breadcrumbs\">\n    \t<li class=\"breadcrumb__link\">\n\t\t<a class=\"a-hover\" href=\"https:\/\/www.dallassymphony.org\/es\/\">Inicio<\/a>\n\t<\/li>\n    <\/ul>\n\n                \t\t\t\t<h1>\n                    <span >Bienvenido de nuevo<\/span>\n                <\/h1>\n                \t\t\t<\/div>\n\t\t<\/div>\n\t<\/div>\n<\/div>\n\n\n<div class=\"richtext m-spacer\">\n\t<div class=\"container\">\n\t\t<div class=\"row\">\n\t\t\t<div class=\"col-10\">\n\t\t\t\t\n\t\t\t<\/div>\n\t\t<\/div>\n\t<\/div>\n\n<\/div>\n\n\n<div class=\"richtext m-spacer\">\n\t<div class=\"container\">\n\t\t<div class=\"row\">\n\t\t\t<div class=\"col-10\">\n\t\t\t\t\n\n<figure class=\"wp-block-image size-large is-style-default\"><img loading=\"lazy\" decoding=\"async\" width=\"1024\" height=\"395\" src=\"https:\/\/www.dallassymphony.org\/wp-content\/uploads\/2020\/11\/Health-and-Safety-Graphic-updated_1-1024x395.png\" alt=\"Los protocolos de seguridad en el Meyerson\" class=\"wp-image-3024\" srcset=\"https:\/\/www.dallassymphony.org\/wp-content\/uploads\/2020\/11\/Health-and-Safety-Graphic-updated_1-1024x395.png 1024w, https:\/\/www.dallassymphony.org\/wp-content\/uploads\/2020\/11\/Health-and-Safety-Graphic-updated_1-300x116.png 300w, https:\/\/www.dallassymphony.org\/wp-content\/uploads\/2020\/11\/Health-and-Safety-Graphic-updated_1-768x296.png 768w, https:\/\/www.dallassymphony.org\/wp-content\/uploads\/2020\/11\/Health-and-Safety-Graphic-updated_1-16x6.png 16w, https:\/\/www.dallassymphony.org\/wp-content\/uploads\/2020\/11\/Health-and-Safety-Graphic-updated_1.png 1400w\" sizes=\"auto, (max-width: 1024px) 100vw, 1024px\" \/><\/figure>\n\n\n<div class=\"richtext m-spacer\">\n\t<div class=\"container\">\n\t\t<div class=\"row\">\n\t\t\t<div class=\"col-10\">\n\t\t\t\t\n\n<blockquote class=\"wp-block-quote is-layout-flow wp-block-quote-is-layout-flow\"><p><strong>ACTUALIZACI\u00d3N IMPORTANTE (2 de marzo de 2021)<\/strong>: La DSO tiene el deber de garantizar la seguridad y la salud de nuestros empleados y clientes cuando celebramos conciertos, y seguiremos aplicando nuestros protocolos actuales entre bastidores y en la entrada con los clientes. Las m\u00e1scaras ser\u00e1n obligatorias para el personal, los clientes, los m\u00fasicos y cualquier persona que trabaje en el Meyerson. Se ha demostrado claramente que las m\u00e1scaras y el distanciamiento social ralentizan la propagaci\u00f3n del COVID-19, y en este momento, los CDC recomiendan el uso de m\u00e1scaras en lugares p\u00fablicos. A pesar de que el Gobernador Abbott de Texas ha eliminado los requisitos de m\u00e1scara y los l\u00edmites de asistencia en los locales a partir del 10 de marzo, la DSO exigir\u00e1 m\u00e1scaras en el Centro Sinf\u00f3nico Meyerson, y limitaremos la asistencia durante el resto de esta temporada. <\/p><\/blockquote>\n\n\n\n<p><strong>Los clientes que regresen al Meyerson pueden esperar los siguientes procedimientos de seguridad y salud:<\/strong><\/p>\n\n\n\n<ul class=\"wp-block-list\"><li>Los conciertos tendr\u00e1n una duraci\u00f3n aproximada de una hora y no tendr\u00e1n intermedios.<\/li><li>Todos los asistentes deber\u00e1n llevar m\u00e1scaras.<\/li><li>Los controles de temperatura voluntarios estar\u00e1n disponibles cuando los asistentes lleguen al Meyerson.<\/li><li>Tendremos tiempos de llegada y puntos de entrada escalonados y un ba\u00f1o designado para todos los clientes para asegurarnos de no estar cerca de otros clientes.<\/li><li>Tendremos entradas sin contacto para minimizar las interacciones con nuestro personal y otros clientes.<\/li><li>Nos aseguraremos de que los miembros de la audiencia no se sienten cerca de otros asistentes.<\/li><li>A los clientes se les permite llevar agua a la sala de conciertos.<\/li><li>Habr\u00e1 desinfectantes de manos en todo el edificio disponibles para su uso.<\/li><li>Hemos instalado filtros HEPA en el Meyerson y tenemos un proceso de limpieza profunda en curso entre los conciertos.<\/li><li>El aparcacoches estar\u00e1 disponible en todos los conciertos. <\/li><\/ul>\n\n\n\n<p>La situaci\u00f3n de COVID-19 es fluida, y el DSO continuar\u00e1 siguiendo las directrices gubernamentales actuales y las recomendaciones de seguridad.&nbsp; <\/p>\n\n\n\n<p>Mientras tanto, si no se siente c\u00f3modo asistiendo a un concierto en persona, puede experimentar la Orquesta Sinf\u00f3nica de Dallas desde su casa a trav\u00e9s de nuestra&nbsp;<strong><a href=\"https:\/\/www.dallassymphony.org\/es\/next-stage\/\">SIGUIENTE ETAPA Serie de Conciertos Digitales<\/a><\/strong>.&nbsp;<\/p>\n\n\n\t\t\t<\/div>\n\t\t<\/div>\n\t<\/div>\n\n<\/div>\n\n\n\t\t\t<\/div>\n\t\t<\/div>\n\t<\/div>\n\n<\/div>","protected":false},"excerpt":{"rendered":"<p>Los clientes que regresen al Meyerson pueden esperar nuevos procedimientos de seguridad y salud.<\/p>","protected":false},"author":16,"featured_media":3024,"parent":0,"menu_order":0,"comment_status":"closed","ping_status":"closed","template":"","meta":{"_acf_changed":false,"footnotes":""},"class_list":["post-3023","page","type-page","status-publish","has-post-thumbnail","hentry"],"acf":[],"_links":{"self":[{"href":"https:\/\/www.dallassymphony.org\/es\/wp-json\/wp\/v2\/pages\/3023","targetHints":{"allow":["GET"]}}],"collection":[{"href":"https:\/\/www.dallassymphony.org\/es\/wp-json\/wp\/v2\/pages"}],"about":[{"href":"https:\/\/www.dallassymphony.org\/es\/wp-json\/wp\/v2\/types\/page"}],"author":[{"embeddable":true,"href":"https:\/\/www.dallassymphony.org\/es\/wp-json\/wp\/v2\/users\/16"}],"replies":[{"embeddable":true,"href":"https:\/\/www.dallassymphony.org\/es\/wp-json\/wp\/v2\/comments?post=3023"}],"version-history":[{"count":0,"href":"https:\/\/www.dallassymphony.org\/es\/wp-json\/wp\/v2\/pages\/3023\/revisions"}],"wp:featuredmedia":[{"embeddable":true,"href":"https:\/\/www.dallassymphony.org\/es\/wp-json\/wp\/v2\/media\/3024"}],"wp:attachment":[{"href":"https:\/\/www.dallassymphony.org\/es\/wp-json\/wp\/v2\/media?parent=3023"}],"curies":[{"name":"wp","href":"https:\/\/api.w.org\/{rel}","templated":true}]}}