{"id":291,"date":"2020-11-03T09:10:59","date_gmt":"2020-11-03T14:10:59","guid":{"rendered":"https:\/\/www.dallassymphony.org\/?page_id=291"},"modified":"2025-08-26T08:44:23","modified_gmt":"2025-08-26T13:44:23","slug":"careers","status":"publish","type":"page","link":"https:\/\/www.dallassymphony.org\/es\/about-the-dso\/careers\/","title":{"rendered":"Carreras y audiciones"},"content":{"rendered":"<div class=\"hero__no-img bg-blue-8\">\n\t<div class=\"container\">\n\t\t<div class=\"row\">\n\t\t\t<div class=\"col-md-10\">\n\n\t\t\t\t<ul class=\"breadcrumbs\">\n    \t<li class=\"breadcrumb__link\">\n\t\t<a class=\"a-hover\" href=\"https:\/\/www.dallassymphony.org\/es\/\">Inicio<\/a>\n\t<\/li>\n    \t<li class=\"breadcrumb__link a-styles\">\n\t\t<a class=\"a-hover\" href=\"https:\/\/www.dallassymphony.org\/es\/about-the-dso\/\">Sobre el DSO<\/a>\n\t<\/li>\n    <\/ul>\n\n                \t\t\t\t<h1>\n                    <span >Carreras y audiciones<\/span>\n                <\/h1>\n                \t\t\t<\/div>\n\t\t<\/div>\n\t<\/div>\n<\/div>\n\n\n<div class=\"richtext m-spacer\">\n\t<div class=\"container\">\n\t\t<div class=\"row\">\n\t\t\t<div class=\"col-10\">\n\t\t\t\t\n\n<p>En nuestro trabajo de apoyo a la Orquesta Sinf\u00f3nica de Dallas, la misi\u00f3n de la Administraci\u00f3n de la Sinf\u00f3nica de Dallas es aportar la gran energ\u00eda, el enfoque y la excelencia de la DSO a nuestros esfuerzos entre bastidores.  Como miembro estimado de la floreciente escena cultural de Dallas, la DSA ha atra\u00eddo durante mucho tiempo a algunas de las mentes m\u00e1s talentosas, din\u00e1micas e innovadoras de la zona.<\/p>\n\n\n\n<p>As\u00ed como la magn\u00edfica m\u00fasica producida por la Orquesta Sinf\u00f3nica de Dallas es el resultado de arreglos complementarios de diversos instrumentos, creemos que la mezcla de diversos individuos puede producir los mismos resultados armoniosos. La diversidad aporta una profundidad y riqueza a la organizaci\u00f3n que de otra manera ser\u00eda inalcanzable.<\/p>\n\n\n\n<p>Ofrecemos un salario competitivo y un paquete de beneficios para los empleados a tiempo completo, un entorno de trabajo informal, aparcamiento cubierto gratuito en el Morton H. Meyerson Symphony Center y entradas gratuitas para determinados conciertos. Si desea formar parte de una sinf\u00f3nica de categor\u00eda mundial, aqu\u00ed tiene algunos de los puestos que tenemos actualmente abiertos.&nbsp;<\/p>\n\n\n\n<p>*Empleador de igualdad de oportunidades<\/p>\n\n\n\t\t\t<\/div>\n\t\t<\/div>\n\t<\/div>\n\n<\/div>\n\n\n<div class=\"text-img text-img--left\">\n\t<div class=\"container\">\n\t\t<div class=\"row\">\n\t\t\t<div class=\"col-lg-12\">\n\t\t\t\t<div class=\"text-img__wrapper\">\n\t\t\t\t\t<h1>Empleo y contrataci\u00f3n<\/h1>\n\n                    <img loading=\"lazy\" decoding=\"async\" width=\"666\" height=\"375\" src=\"https:\/\/www.dallassymphony.org\/wp-content\/uploads\/2024\/07\/1600-X-900-46-666x375.png\" class=\"d-xl-none d-block\" alt=\"\" srcset=\"https:\/\/www.dallassymphony.org\/wp-content\/uploads\/2024\/07\/1600-X-900-46-666x375.png 666w, https:\/\/www.dallassymphony.org\/wp-content\/uploads\/2024\/07\/1600-X-900-46-300x169.png 300w, https:\/\/www.dallassymphony.org\/wp-content\/uploads\/2024\/07\/1600-X-900-46-1024x576.png 1024w, https:\/\/www.dallassymphony.org\/wp-content\/uploads\/2024\/07\/1600-X-900-46-768x432.png 768w, https:\/\/www.dallassymphony.org\/wp-content\/uploads\/2024\/07\/1600-X-900-46-1536x864.png 1536w, https:\/\/www.dallassymphony.org\/wp-content\/uploads\/2024\/07\/1600-X-900-46-18x10.png 18w, https:\/\/www.dallassymphony.org\/wp-content\/uploads\/2024\/07\/1600-X-900-46-388x218.png 388w, https:\/\/www.dallassymphony.org\/wp-content\/uploads\/2024\/07\/1600-X-900-46-540x303.png 540w, https:\/\/www.dallassymphony.org\/wp-content\/uploads\/2024\/07\/1600-X-900-46-735x413.png 735w, https:\/\/www.dallassymphony.org\/wp-content\/uploads\/2024\/07\/1600-X-900-46.png 1600w\" sizes=\"auto, (max-width: 666px) 100vw, 666px\" \/>\n\t\t\t\t\t<p><a href=\"https:\/\/recruiting.paylocity.com\/recruiting\/jobs\/All\/305b495a-528a-4d08-839c-dc42bc1ac47a\/Dallas-Symphony-Association-Inc\" target=\"_blank\" rel=\"noopener\">Haga clic aqu\u00ed para ver las oportunidades disponibles<\/a><\/p>\n\n                    \n                <\/div>\n                <img loading=\"lazy\" decoding=\"async\" width=\"1600\" height=\"900\" src=\"https:\/\/www.dallassymphony.org\/wp-content\/uploads\/2024\/07\/1600-X-900-46.png\" class=\"d-none d-xl-block\" alt=\"\" srcset=\"https:\/\/www.dallassymphony.org\/wp-content\/uploads\/2024\/07\/1600-X-900-46.png 1600w, https:\/\/www.dallassymphony.org\/wp-content\/uploads\/2024\/07\/1600-X-900-46-300x169.png 300w, https:\/\/www.dallassymphony.org\/wp-content\/uploads\/2024\/07\/1600-X-900-46-1024x576.png 1024w, https:\/\/www.dallassymphony.org\/wp-content\/uploads\/2024\/07\/1600-X-900-46-768x432.png 768w, https:\/\/www.dallassymphony.org\/wp-content\/uploads\/2024\/07\/1600-X-900-46-1536x864.png 1536w, https:\/\/www.dallassymphony.org\/wp-content\/uploads\/2024\/07\/1600-X-900-46-18x10.png 18w, https:\/\/www.dallassymphony.org\/wp-content\/uploads\/2024\/07\/1600-X-900-46-388x218.png 388w, https:\/\/www.dallassymphony.org\/wp-content\/uploads\/2024\/07\/1600-X-900-46-540x303.png 540w, https:\/\/www.dallassymphony.org\/wp-content\/uploads\/2024\/07\/1600-X-900-46-666x375.png 666w, https:\/\/www.dallassymphony.org\/wp-content\/uploads\/2024\/07\/1600-X-900-46-735x413.png 735w\" sizes=\"auto, (max-width: 1600px) 100vw, 1600px\" \/>\t\t\t<\/div>\n\t\t<\/div>\n\t<\/div>\n<\/div>\n\n\n<div class=\"text-img text-img--right\">\n\t<div class=\"container\">\n\t\t<div class=\"row\">\n\t\t\t<div class=\"col-lg-12\">\n\t\t\t\t<div class=\"text-img__wrapper\">\n\t\t\t\t\t<h1>Pr\u00e1cticas<\/h1>\n\n                    <img loading=\"lazy\" decoding=\"async\" width=\"666\" height=\"375\" src=\"https:\/\/www.dallassymphony.org\/wp-content\/uploads\/2024\/07\/Internships-666x375.png\" class=\"d-xl-none d-block\" alt=\"\" srcset=\"https:\/\/www.dallassymphony.org\/wp-content\/uploads\/2024\/07\/Internships-666x375.png 666w, https:\/\/www.dallassymphony.org\/wp-content\/uploads\/2024\/07\/Internships-300x169.png 300w, https:\/\/www.dallassymphony.org\/wp-content\/uploads\/2024\/07\/Internships-1024x576.png 1024w, https:\/\/www.dallassymphony.org\/wp-content\/uploads\/2024\/07\/Internships-768x432.png 768w, https:\/\/www.dallassymphony.org\/wp-content\/uploads\/2024\/07\/Internships-1536x864.png 1536w, https:\/\/www.dallassymphony.org\/wp-content\/uploads\/2024\/07\/Internships-18x10.png 18w, https:\/\/www.dallassymphony.org\/wp-content\/uploads\/2024\/07\/Internships-388x218.png 388w, https:\/\/www.dallassymphony.org\/wp-content\/uploads\/2024\/07\/Internships-540x303.png 540w, https:\/\/www.dallassymphony.org\/wp-content\/uploads\/2024\/07\/Internships-735x413.png 735w, https:\/\/www.dallassymphony.org\/wp-content\/uploads\/2024\/07\/Internships.png 1600w\" sizes=\"auto, (max-width: 666px) 100vw, 666px\" \/>\n\t\t\t\t\t<p><a href=\"https:\/\/recruiting.paylocity.com\/recruiting\/jobs\/All\/953f2e3e-782e-4235-b20a-25a0d4aa7087\/DSO-Internships\" target=\"_blank\" rel=\"noopener\">Haga clic aqu\u00ed para ver las oportunidades disponibles<\/a><\/p>\n\n                    \n                <\/div>\n                <img loading=\"lazy\" decoding=\"async\" width=\"1600\" height=\"900\" src=\"https:\/\/www.dallassymphony.org\/wp-content\/uploads\/2024\/07\/Internships.png\" class=\"d-none d-xl-block ml-auto\" alt=\"\" srcset=\"https:\/\/www.dallassymphony.org\/wp-content\/uploads\/2024\/07\/Internships.png 1600w, https:\/\/www.dallassymphony.org\/wp-content\/uploads\/2024\/07\/Internships-300x169.png 300w, https:\/\/www.dallassymphony.org\/wp-content\/uploads\/2024\/07\/Internships-1024x576.png 1024w, https:\/\/www.dallassymphony.org\/wp-content\/uploads\/2024\/07\/Internships-768x432.png 768w, https:\/\/www.dallassymphony.org\/wp-content\/uploads\/2024\/07\/Internships-1536x864.png 1536w, https:\/\/www.dallassymphony.org\/wp-content\/uploads\/2024\/07\/Internships-18x10.png 18w, https:\/\/www.dallassymphony.org\/wp-content\/uploads\/2024\/07\/Internships-388x218.png 388w, https:\/\/www.dallassymphony.org\/wp-content\/uploads\/2024\/07\/Internships-540x303.png 540w, https:\/\/www.dallassymphony.org\/wp-content\/uploads\/2024\/07\/Internships-666x375.png 666w, https:\/\/www.dallassymphony.org\/wp-content\/uploads\/2024\/07\/Internships-735x413.png 735w\" sizes=\"auto, (max-width: 1600px) 100vw, 1600px\" \/>\t\t\t<\/div>\n\t\t<\/div>\n\t<\/div>\n<\/div>\n\n\n<div class=\"text-img text-img--left\">\n\t<div class=\"container\">\n\t\t<div class=\"row\">\n\t\t\t<div class=\"col-lg-12\">\n\t\t\t\t<div class=\"text-img__wrapper\">\n\t\t\t\t\t<h1>Audiciones<\/h1>\n\n                    <img loading=\"lazy\" decoding=\"async\" width=\"666\" height=\"375\" src=\"https:\/\/www.dallassymphony.org\/wp-content\/uploads\/2023\/10\/dso-10.7.2022-95-1-666x375.jpg\" class=\"d-xl-none d-block\" alt=\"\" srcset=\"https:\/\/www.dallassymphony.org\/wp-content\/uploads\/2023\/10\/dso-10.7.2022-95-1-666x375.jpg 666w, https:\/\/www.dallassymphony.org\/wp-content\/uploads\/2023\/10\/dso-10.7.2022-95-1-388x218.jpg 388w, https:\/\/www.dallassymphony.org\/wp-content\/uploads\/2023\/10\/dso-10.7.2022-95-1-540x303.jpg 540w, https:\/\/www.dallassymphony.org\/wp-content\/uploads\/2023\/10\/dso-10.7.2022-95-1-735x413.jpg 735w, https:\/\/www.dallassymphony.org\/wp-content\/uploads\/2023\/10\/dso-10.7.2022-95-1-768x432.jpg 768w, https:\/\/www.dallassymphony.org\/wp-content\/uploads\/2023\/10\/dso-10.7.2022-95-1-1600x900.jpg 1600w\" sizes=\"auto, (max-width: 666px) 100vw, 666px\" \/>\n\t\t\t\t\t<p><a href=\"https:\/\/www.dallassymphony.org\/es\/about-the-dso\/careers\/auditions\/\">Haga clic aqu\u00ed para ver las oportunidades disponibles<\/a><\/p>\n\n                    \n                <\/div>\n                <img loading=\"lazy\" decoding=\"async\" width=\"1600\" height=\"900\" src=\"https:\/\/www.dallassymphony.org\/wp-content\/uploads\/2023\/10\/dso-10.7.2022-95-1-1600x900.jpg\" class=\"d-none d-xl-block\" alt=\"\" srcset=\"https:\/\/www.dallassymphony.org\/wp-content\/uploads\/2023\/10\/dso-10.7.2022-95-1-1600x900.jpg 1600w, https:\/\/www.dallassymphony.org\/wp-content\/uploads\/2023\/10\/dso-10.7.2022-95-1-388x218.jpg 388w, https:\/\/www.dallassymphony.org\/wp-content\/uploads\/2023\/10\/dso-10.7.2022-95-1-540x303.jpg 540w, https:\/\/www.dallassymphony.org\/wp-content\/uploads\/2023\/10\/dso-10.7.2022-95-1-666x375.jpg 666w, https:\/\/www.dallassymphony.org\/wp-content\/uploads\/2023\/10\/dso-10.7.2022-95-1-735x413.jpg 735w, https:\/\/www.dallassymphony.org\/wp-content\/uploads\/2023\/10\/dso-10.7.2022-95-1-768x432.jpg 768w\" sizes=\"auto, (max-width: 1600px) 100vw, 1600px\" \/>\t\t\t<\/div>\n\t\t<\/div>\n\t<\/div>\n<\/div>","protected":false},"excerpt":{"rendered":"<p>En nuestro trabajo de apoyo a la Orquesta Sinf\u00f3nica de Dallas, la misi\u00f3n de la Administraci\u00f3n de la Sinf\u00f3nica de Dallas es aportar la gran energ\u00eda, el enfoque y la excelencia de la DSO a nuestros esfuerzos entre bastidores.<\/p>","protected":false},"author":3,"featured_media":15142,"parent":282,"menu_order":0,"comment_status":"closed","ping_status":"closed","template":"","meta":{"_acf_changed":false,"footnotes":""},"class_list":["post-291","page","type-page","status-publish","has-post-thumbnail","hentry"],"acf":[],"_links":{"self":[{"href":"https:\/\/www.dallassymphony.org\/es\/wp-json\/wp\/v2\/pages\/291","targetHints":{"allow":["GET"]}}],"collection":[{"href":"https:\/\/www.dallassymphony.org\/es\/wp-json\/wp\/v2\/pages"}],"about":[{"href":"https:\/\/www.dallassymphony.org\/es\/wp-json\/wp\/v2\/types\/page"}],"author":[{"embeddable":true,"href":"https:\/\/www.dallassymphony.org\/es\/wp-json\/wp\/v2\/users\/3"}],"replies":[{"embeddable":true,"href":"https:\/\/www.dallassymphony.org\/es\/wp-json\/wp\/v2\/comments?post=291"}],"version-history":[{"count":0,"href":"https:\/\/www.dallassymphony.org\/es\/wp-json\/wp\/v2\/pages\/291\/revisions"}],"up":[{"embeddable":true,"href":"https:\/\/www.dallassymphony.org\/es\/wp-json\/wp\/v2\/pages\/282"}],"wp:featuredmedia":[{"embeddable":true,"href":"https:\/\/www.dallassymphony.org\/es\/wp-json\/wp\/v2\/media\/15142"}],"wp:attachment":[{"href":"https:\/\/www.dallassymphony.org\/es\/wp-json\/wp\/v2\/media?parent=291"}],"curies":[{"name":"wp","href":"https:\/\/api.w.org\/{rel}","templated":true}]}}