{"id":288,"date":"2020-11-03T09:08:26","date_gmt":"2020-11-03T14:08:26","guid":{"rendered":"https:\/\/www.dallassymphony.org\/?page_id=288"},"modified":"2026-05-08T15:12:51","modified_gmt":"2026-05-08T20:12:51","slug":"board","status":"publish","type":"page","link":"https:\/\/www.dallassymphony.org\/es\/about-the-dso\/people\/board\/","title":{"rendered":"Junta"},"content":{"rendered":"<div class=\"hero__no-img bg-blue-8\">\n\t<div class=\"container\">\n\t\t<div class=\"row\">\n\t\t\t<div class=\"col-md-10\">\n\n\t\t\t\t<ul class=\"breadcrumbs\">\n    \t<li class=\"breadcrumb__link\">\n\t\t<a class=\"a-hover\" href=\"https:\/\/www.dallassymphony.org\/es\/\">Inicio<\/a>\n\t<\/li>\n    \t<li class=\"breadcrumb__link a-styles\">\n\t\t<a class=\"a-hover\" href=\"https:\/\/www.dallassymphony.org\/es\/about-the-dso\/\">Sobre el DSO<\/a>\n\t<\/li>\n    \t<li class=\"breadcrumb__link a-styles\">\n\t\t<a class=\"a-hover\" href=\"https:\/\/www.dallassymphony.org\/es\/about-the-dso\/people\/\">Gente<\/a>\n\t<\/li>\n    <\/ul>\n\n                \t\t\t\t<h1>\n                    <span >Junta<\/span>\n                <\/h1>\n                \t\t\t<\/div>\n\t\t<\/div>\n\t<\/div>\n<\/div>\n\n\n<div class=\"richtext m-spacer\">\n\t<div class=\"container\">\n\t\t<div class=\"row\">\n\t\t\t<div class=\"col-10\">\n\t\t\t\t\n\n<p class=\"has-text-align-center\">Se necesita un liderazgo voluntario excepcional para dar vida a la m\u00fasica. Gracias a los miembros de la Junta de Gobierno de la Asociaci\u00f3n Sinf\u00f3nica de Dallas y a la Junta Directiva de la Fundaci\u00f3n Sinf\u00f3nica de Dallas.<\/p>\n\n\n\t\t\t<\/div>\n\t\t<\/div>\n\t<\/div>\n\n<\/div>\n\n\n<div class=\"richtext m-spacer\">\n\t<div class=\"container\">\n\t\t<div class=\"row\">\n\t\t\t<div class=\"col-10\">\n\t\t\t\t\n\n<h3 class=\"wp-block-heading has-text-align-center\" id=\"h-dallas-symphony-association\">ASOCIACI\u00d3N SINF\u00d3NICA DE DALLAS<\/h3>\n\n\n\n<p class=\"has-text-align-center\"><strong>JUNTA EJECUTIVA<\/strong><\/p>\n\n\n\n<p class=\"has-text-align-center\">Roger Gault,<em> Silla<\/em><\/p>\n\n\n\n<div class=\"wp-block-columns is-layout-flex wp-container-core-columns-is-layout-9d6595d7 wp-block-columns-is-layout-flex\">\n<div class=\"wp-block-column is-layout-flow wp-block-column-is-layout-flow\">\n<p class=\"has-text-align-center\">Michelle Miller Burns, <em>Ross Perot Presidente y CEO<\/em><br>Cece Smith,<em> Ex presidente inmediato<\/em><br>Quincy Roberts, <em>Vicepresidente<\/em><\/p>\n<\/div>\n\n\n\n<div class=\"wp-block-column is-layout-flow wp-block-column-is-layout-flow\">\n<p class=\"has-text-align-center\">Robert E. Segert, <em>Tesorero<\/em><br>James E. Wiley, Jr, <em>Secretario<\/em><\/p>\n<\/div>\n<\/div>\n\n\n\n<div class=\"wp-block-columns is-layout-flex wp-container-core-columns-is-layout-9d6595d7 wp-block-columns-is-layout-flex\">\n<div class=\"wp-block-column is-layout-flow wp-block-column-is-layout-flow\">\n<p class=\"has-text-align-center\">Kevin Bryant<br>John R. Cohn<br>Ronald J. Gafford<\/p>\n<\/div>\n\n\n\n<div class=\"wp-block-column is-layout-flow wp-block-column-is-layout-flow\">\n<p class=\"has-text-align-center\">Marc Gineris<br>Joseph F. Hubach<br>Yon Y. Jorden<\/p>\n<\/div>\n\n\n\n<div class=\"wp-block-column is-layout-flow wp-block-column-is-layout-flow\">\n<p class=\"has-text-align-center\">Holly Mayer<br>William McIntyre<br>David Pahl<\/p>\n<\/div>\n\n\n\n<div class=\"wp-block-column is-layout-flow wp-block-column-is-layout-flow\">\n<p class=\"has-text-align-center\">Stanley A. Rabin<br>Brian Ratner<br>Andy Smith<\/p>\n<\/div>\n\n\n\n<div class=\"wp-block-column is-layout-flow wp-block-column-is-layout-flow\" style=\"flex-basis:210px\">\n<p class=\"has-text-align-center\">Venise Stuart<br>Sanjiv Yajnik<br><\/p>\n<\/div>\n<\/div>\n\n\n\n<p class=\"has-text-align-center\"><strong>JUNTA DE GOBERNADORES<\/strong><\/p>\n\n\n\n<div class=\"wp-block-columns is-layout-flex wp-container-core-columns-is-layout-9d6595d7 wp-block-columns-is-layout-flex\">\n<div class=\"wp-block-column is-layout-flow wp-block-column-is-layout-flow\">\n<p class=\"has-text-align-center\">Nick Adamson<br>Jim Baldwin<br>Keith Braley<br>Allison Brodnax<br>Linda Burk<br>Zach Burnett<br>Vanessa Cain<br>Amy Carenza<br>Brad Clark<br>Key Coker<br>Grace Cook<br>Roberta Corbett<br>Charles Covey<br>Jordan Cowman<br>Greg Davis<br>John Dayton<br>Steve Do<br>Zenetta Drew<br>Barbara Durham<br>Cindy Feld<br>Marion Flores<br>Clayton Floyd<br>Bonnie Floyd, doctora en medicina.<br>Angela Fontana<br>Marena Gault<br>Susan Geyer<\/p>\n\n\n\n<p class=\"has-text-align-center\"><br><br><br><\/p>\n<\/div>\n\n\n\n<div class=\"wp-block-column is-layout-flow wp-block-column-is-layout-flow\">\n<p class=\"has-text-align-center\">Kizuwanda Grant<br>Kristin Hallam<br>Marsha Halloran<br>Maisie Heiken<br>Paul Hendershot<br>Kim Hext<br>James Hogue<br>Dan Hoverman<br>Laree Hulshoff<br>T.D. Jakes<br>Angela Johnson<br>Robert Kaplan<br>Kristi Kennedy<br>Jos\u00e9 Kennington<br>Stephen Kersey<br>Caroline Kohl<br>Jim LaFontaine<br>Khalil Lalani<br>Mark LaRoe<br>C.K. Lee<br>Doctor Doohi Lee<br>Craig Lentzsch<br>Michael Lindsey<br>Jani Lotz<br>Erin Mathews<br>Linda McFarland<\/p>\n<\/div>\n\n\n\n<div class=\"wp-block-column is-layout-flow wp-block-column-is-layout-flow\">\n<p class=\"has-text-align-center\">Sonja McGill<br>Victoria McGrath<br>Amenemope McKinney<br>Patrick Means<br>Andrew Nall<br>Marc Nivet<br>Steve Penrose<br>Cherryl Peterman<br>Ella Prichard<br>Betty Regard<br>Jeffrey Rich<br>John Richmond<br>Michael Rosenthal<br>Ruth Ruhl<br>Ginger Sager<br>Byron Sanders<br>Enika Schulze<br>James C. Scott<br>Anne Seanor<br>Jessica Shepherd<br>Enisha Shropshire<br>Linda VanSickle Smith<br>Gloria McCall Snead<br><\/p>\n<\/div>\n\n\n\n<div class=\"wp-block-column is-layout-flow wp-block-column-is-layout-flow\">\n<p class=\"has-text-align-center\">Paul Stafford<br>Melissa Ruman Stewart<br>Barbara Sypult<br>Wei Ling Wang<br>Crayton Webb<br>Donna Arp Weitzman<br>Martha Wells<br>Kern Wildenthal<br>Karina Woolley<br><br><strong>Los gobernantes por virtud de su posici\u00f3n<\/strong><br>Claire Catrino<br>Stefany Curtis<br>Daniel Hawkins<br>George Nickson<br>Judy y Martin Tobey<br><br><strong>Enlace de oficio<\/strong><br>Jo Trizila<br>Carol Ozlowski<br><\/p>\n<\/div>\n\n\n\n<div class=\"wp-block-column is-layout-flow wp-block-column-is-layout-flow\">\n<p class=\"has-text-align-center\"><strong>Gobernadores vitalicios<\/strong><br>Dolores Barzune<br>Harold M. Brierley<br>Howard Hallam<br>Morton H. Meyerson <em>de bendita memoria<\/em><br>Sam Self<br>W. Bradford Todd<br><strong><strong>&nbsp;&nbsp;<\/strong><\/strong><br><strong><strong>Consejo de Presidentes anteriores<\/strong><\/strong><br>Dolores Barzune<br>Harold M. Brierley<br>Robert W. Decherd<br>Ronald J. Gafford<br>Howard Hallam<br>Linda W. Hart<br>Joseph F. Hubach<br>James W. Keyes<br>A.A. Meitz<br>Blaine L. Nelson<br>William L. Schilling<br>Myrna Schlegel<br>Cece Smith<br>W. Bradford Todd Sanjiv Yajnik<\/p>\n<\/div>\n<\/div>\n\n\n\n<h3 class=\"wp-block-heading has-text-align-center\" id=\"h-dallas-symphony-foundation\">FUNDACI\u00d3N SINF\u00d3NICA DE DALLAS<\/h3>\n\n\n\n<p class=\"has-text-align-center\"><strong><strong><strong>JUNTA DIRECTIVA<\/strong><\/strong><\/strong><\/p>\n\n\n\n<div class=\"wp-block-columns is-layout-flex wp-container-core-columns-is-layout-9d6595d7 wp-block-columns-is-layout-flex\">\n<div class=\"wp-block-column is-layout-flow wp-block-column-is-layout-flow\">\n<p class=\"has-text-align-center\">Coley Clark, <em>Presidente<\/em><br>Andrew Nall, <br><em>Vicepresidente<\/em><br>Cherryl Peterman, <em>Tesorero<\/em><\/p>\n<\/div>\n\n\n\n<div class=\"wp-block-column is-layout-flow wp-block-column-is-layout-flow\">\n<p class=\"has-text-align-center\">Melissa Stewart, <em>Director asesor y en funciones<\/em> <em>Secretario<\/em><br>Gregg Ballew<br>Harold M. Brierley<\/p>\n<\/div>\n\n\n\n<div class=\"wp-block-column is-layout-flow wp-block-column-is-layout-flow\">\n<p class=\"has-text-align-center\">Key Coker<br>John Dayton<br>Steve Do<br>Marc Gineris<br>Maise Heiken<\/p>\n<\/div>\n\n\n\n<div class=\"wp-block-column is-layout-flow wp-block-column-is-layout-flow\">\n<p class=\"has-text-align-center\">Joseph F. Hubach<br>Yon Jorden<br>Marc Nivet<br>Jeffrey Robinson<br>Sam Self<\/p>\n<\/div>\n<\/div>\n\n\n\n<div class=\"wp-block-columns is-layout-flex wp-container-core-columns-is-layout-9d6595d7 wp-block-columns-is-layout-flex\">\n<div class=\"wp-block-column is-layout-flow wp-block-column-is-layout-flow\">\n<p class=\"has-text-align-center\"><strong>Directores em\u00e9ritos<\/strong><br>P. Mike McCullough<\/p>\n<\/div>\n\n\n\n<div class=\"wp-block-column is-layout-flow wp-block-column-is-layout-flow\">\n<p class=\"has-text-align-center\"><strong>Directores de oficio por virtud del cargo<br><\/strong>Michelle Miller Burns<br>Roger Gault<br>Robert E. Segert<\/p>\n<\/div>\n\n\n\n<div class=\"wp-block-column is-layout-flow wp-block-column-is-layout-flow\">\n<p class=\"has-text-align-center\"><strong>Directores de oficio<br><\/strong>David Rosenberg, <em>Secretario Adjunto<\/em>y<\/p>\n<\/div>\n<\/div>\n\n\n\n<div class=\"wp-block-columns is-layout-flex wp-container-core-columns-is-layout-9d6595d7 wp-block-columns-is-layout-flex\">\n<div class=\"wp-block-column is-layout-flow wp-block-column-is-layout-flow\"><\/div>\n\n\n\n<div class=\"wp-block-column is-layout-flow wp-block-column-is-layout-flow\">\n<p class=\"has-text-align-right\">a fecha del 5 de marzo de 2026<\/p>\n<\/div>\n<\/div>\n\n\n\t\t\t<\/div>\n\t\t<\/div>\n\t<\/div>\n\n<\/div>","protected":false},"excerpt":{"rendered":"<p>Se necesita un liderazgo voluntario excepcional para dar vida a la m\u00fasica. Conozca a los miembros de la Junta de Gobernadores de la Asociaci\u00f3n Sinf\u00f3nica de Dallas y a la Junta Directiva de la Fundaci\u00f3n Sinf\u00f3nica de Dallas.<\/p>","protected":false},"author":3,"featured_media":624,"parent":285,"menu_order":0,"comment_status":"closed","ping_status":"closed","template":"","meta":{"_acf_changed":false,"footnotes":""},"class_list":["post-288","page","type-page","status-publish","has-post-thumbnail","hentry"],"acf":[],"_links":{"self":[{"href":"https:\/\/www.dallassymphony.org\/es\/wp-json\/wp\/v2\/pages\/288","targetHints":{"allow":["GET"]}}],"collection":[{"href":"https:\/\/www.dallassymphony.org\/es\/wp-json\/wp\/v2\/pages"}],"about":[{"href":"https:\/\/www.dallassymphony.org\/es\/wp-json\/wp\/v2\/types\/page"}],"author":[{"embeddable":true,"href":"https:\/\/www.dallassymphony.org\/es\/wp-json\/wp\/v2\/users\/3"}],"replies":[{"embeddable":true,"href":"https:\/\/www.dallassymphony.org\/es\/wp-json\/wp\/v2\/comments?post=288"}],"version-history":[{"count":2,"href":"https:\/\/www.dallassymphony.org\/es\/wp-json\/wp\/v2\/pages\/288\/revisions"}],"predecessor-version":[{"id":31549,"href":"https:\/\/www.dallassymphony.org\/es\/wp-json\/wp\/v2\/pages\/288\/revisions\/31549"}],"up":[{"embeddable":true,"href":"https:\/\/www.dallassymphony.org\/es\/wp-json\/wp\/v2\/pages\/285"}],"wp:featuredmedia":[{"embeddable":true,"href":"https:\/\/www.dallassymphony.org\/es\/wp-json\/wp\/v2\/media\/624"}],"wp:attachment":[{"href":"https:\/\/www.dallassymphony.org\/es\/wp-json\/wp\/v2\/media?parent=288"}],"curies":[{"name":"wp","href":"https:\/\/api.w.org\/{rel}","templated":true}]}}