{"id":2875,"date":"2020-11-24T07:57:12","date_gmt":"2020-11-24T12:57:12","guid":{"rendered":"https:\/\/www.dallassymphony.org\/?page_id=2875"},"modified":"2025-07-08T09:40:28","modified_gmt":"2025-07-08T14:40:28","slug":"privacy-policy","status":"publish","type":"page","link":"https:\/\/www.dallassymphony.org\/es\/privacy-policy\/","title":{"rendered":"Pol\u00edtica de privacidad"},"content":{"rendered":"<div class=\"hero__no-img bg-blue-8\">\n\t<div class=\"container\">\n\t\t<div class=\"row\">\n\t\t\t<div class=\"col-md-10\">\n\n\t\t\t\t<ul class=\"breadcrumbs\">\n    \t<li class=\"breadcrumb__link\">\n\t\t<a class=\"a-hover\" href=\"https:\/\/www.dallassymphony.org\/es\/\">Inicio<\/a>\n\t<\/li>\n    <\/ul>\n\n                \t\t\t\t<h1>\n                    <span >Pol\u00edtica de privacidad<\/span>\n                <\/h1>\n                \t\t\t<\/div>\n\t\t<\/div>\n\t<\/div>\n<\/div>\n\n\n<div class=\"richtext m-spacer\">\n\t<div class=\"container\">\n\t\t<div class=\"row\">\n\t\t\t<div class=\"col-10\">\n\t\t\t\t\n\n<div id=\"VEdOdGVuQTVPRVl3TTFvdllYYzlQUT09\" class=\"policy_embed_div\" width=\"640\" height=\"480\"> \nPor favor, espere mientras se carga la pol\u00edtica. Si no se carga, por favor <a rel=\"nofollow noopener\" href=\"https:\/\/policies.termageddon.com\/api\/policy\/VEdOdGVuQTVPRVl3TTFvdllYYzlQUT09\" target=\"_blank\">pulse aqu\u00ed<\/a> para ver la pol\u00edtica.<\/div>\n<script src=\"https:\/\/policies.termageddon.com\/api\/embed\/VEdOdGVuQTVPRVl3TTFvdllYYzlQUT09.js\"><\/script>\n\n\n\n<div style=\"height:34px\" aria-hidden=\"true\" class=\"wp-block-spacer\"><\/div>\n\n\n\n<p>Es pol\u00edtica de la Orquesta Sinf\u00f3nica de Dallas respetar y proteger la privacidad de sus clientes, amigos y otros usuarios de este sitio web. Cuando se inscribe en nuestra lista de distribuci\u00f3n de correo electr\u00f3nico, campa\u00f1as de mensajes de texto o nos proporciona otro tipo de informaci\u00f3n en el sitio web de la Orquesta Sinf\u00f3nica de Dallas, nos est\u00e1 facilitando cierta informaci\u00f3n personal como su nombre, direcci\u00f3n, n\u00famero de tel\u00e9fono y direcci\u00f3n de correo electr\u00f3nico. La Orquesta Sinf\u00f3nica de Dallas utiliza esta informaci\u00f3n para fines internos relacionados con su uso del sitio web.<\/p>\n\n\n\n<p>La Orquesta Sinf\u00f3nica de Dallas tambi\u00e9n utiliza la informaci\u00f3n demogr\u00e1fica general de nuestros usuarios con fines de marketing y planificaci\u00f3n interna. En ocasiones, podemos compartir esta informaci\u00f3n con nuestros socios de marketing o con otros terceros.<\/p>\n\n\n\n<p>Para consultar nuestra pol\u00edtica de privacidad de contrataci\u00f3n, visite el enlace <a href=\"https:\/\/www.dallassymphony.org\/wp-content\/uploads\/2025\/05\/DSO-Recruiting-Privacy-Policy.pdf\">aqu\u00ed<\/a>.<\/p>\n\n\n\n<p>Si tiene preguntas sobre esta declaraci\u00f3n de privacidad, puede contactarnos en:&nbsp;<a href=\"mailto:customerservice@dalsym.com\" target=\"_blank\" rel=\"noreferrer noopener\">customerservice@dalsym.com<\/a>.&nbsp;<\/p>\n\n\n\t\t\t<\/div>\n\t\t<\/div>\n\t<\/div>\n\n<\/div>","protected":false},"excerpt":{"rendered":"<p>Es pol\u00edtica de la Orquesta Sinf\u00f3nica de Dallas respetar y proteger la privacidad de sus clientes, amigos y otros usuarios de este sitio web. Cuando usted opta por nuestra lista de distribuci\u00f3n de correo electr\u00f3nico o nos proporciona otra informaci\u00f3n en el sitio web de la Orquesta Sinf\u00f3nica de Dallas, nos est\u00e1 proporcionando cierta informaci\u00f3n personal como su nombre, direcci\u00f3n, n\u00famero de tel\u00e9fono y direcci\u00f3n de correo electr\u00f3nico.<\/p>","protected":false},"author":3,"featured_media":4698,"parent":0,"menu_order":0,"comment_status":"closed","ping_status":"closed","template":"","meta":{"_acf_changed":false,"footnotes":""},"class_list":["post-2875","page","type-page","status-publish","has-post-thumbnail","hentry"],"acf":[],"_links":{"self":[{"href":"https:\/\/www.dallassymphony.org\/es\/wp-json\/wp\/v2\/pages\/2875","targetHints":{"allow":["GET"]}}],"collection":[{"href":"https:\/\/www.dallassymphony.org\/es\/wp-json\/wp\/v2\/pages"}],"about":[{"href":"https:\/\/www.dallassymphony.org\/es\/wp-json\/wp\/v2\/types\/page"}],"author":[{"embeddable":true,"href":"https:\/\/www.dallassymphony.org\/es\/wp-json\/wp\/v2\/users\/3"}],"replies":[{"embeddable":true,"href":"https:\/\/www.dallassymphony.org\/es\/wp-json\/wp\/v2\/comments?post=2875"}],"version-history":[{"count":0,"href":"https:\/\/www.dallassymphony.org\/es\/wp-json\/wp\/v2\/pages\/2875\/revisions"}],"wp:featuredmedia":[{"embeddable":true,"href":"https:\/\/www.dallassymphony.org\/es\/wp-json\/wp\/v2\/media\/4698"}],"wp:attachment":[{"href":"https:\/\/www.dallassymphony.org\/es\/wp-json\/wp\/v2\/media?parent=2875"}],"curies":[{"name":"wp","href":"https:\/\/api.w.org\/{rel}","templated":true}]}}