{"id":287,"date":"2020-11-03T09:08:04","date_gmt":"2020-11-03T14:08:04","guid":{"rendered":"https:\/\/www.dallassymphony.org\/?page_id=287"},"modified":"2026-03-31T11:59:12","modified_gmt":"2026-03-31T16:59:12","slug":"staff","status":"publish","type":"page","link":"https:\/\/www.dallassymphony.org\/es\/about-the-dso\/people\/staff\/","title":{"rendered":"Personal"},"content":{"rendered":"<div class=\"hero__no-img bg-blue-8\">\n\t<div class=\"container\">\n\t\t<div class=\"row\">\n\t\t\t<div class=\"col-md-10\">\n\n\t\t\t\t<ul class=\"breadcrumbs\">\n    \t<li class=\"breadcrumb__link\">\n\t\t<a class=\"a-hover\" href=\"https:\/\/www.dallassymphony.org\/es\/\">Inicio<\/a>\n\t<\/li>\n    \t<li class=\"breadcrumb__link a-styles\">\n\t\t<a class=\"a-hover\" href=\"https:\/\/www.dallassymphony.org\/es\/about-the-dso\/\">Sobre el DSO<\/a>\n\t<\/li>\n    \t<li class=\"breadcrumb__link a-styles\">\n\t\t<a class=\"a-hover\" href=\"https:\/\/www.dallassymphony.org\/es\/about-the-dso\/people\/\">Gente<\/a>\n\t<\/li>\n    <\/ul>\n\n                \t\t\t\t<h1>\n                    <span >Personal<\/span>\n                <\/h1>\n                \t\t\t<\/div>\n\t\t<\/div>\n\t<\/div>\n<\/div>\n\n\n<div class=\"richtext m-spacer\">\n\t<div class=\"container\">\n\t\t<div class=\"row\">\n\t\t\t<div class=\"col-10\">\n\t\t\t\t\n\n<h2 class=\"wp-block-heading\" id=\"h-executive-office\"><strong>Oficina Ejecutiva<\/strong><\/h2>\n\n\n\n<p><strong>MICHELLE MILLER BURNS<\/strong>Ross Perot, presidente y director ejecutivo<\/p>\n\n\n\n<p><strong>QUIN PHILLIPS<\/strong>...Asistente Ejecutivo del Presidente y Director General...<br>p: 214.871.4013<\/p>\n\n\n\n<div style=\"height:20px\" aria-hidden=\"true\" class=\"wp-block-spacer\"><\/div>\n\n\n\n<h2 class=\"wp-block-heading\" id=\"h-artistic-operations\"><strong>Operaciones art\u00edsticas<\/strong><\/h2>\n\n\n\n<div class=\"wp-block-columns is-layout-flex wp-container-core-columns-is-layout-9d6595d7 wp-block-columns-is-layout-flex\">\n<div class=\"wp-block-column is-layout-flow wp-block-column-is-layout-flow\">\n<p><strong>KATIE MCGUINNESS<\/strong>, Wildenthal Families Directora Art\u00edstica<br>p: 214.871.4048<\/p>\n<\/div>\n<\/div>\n\n\n\n<div class=\"wp-block-columns is-layout-flex wp-container-core-columns-is-layout-9d6595d7 wp-block-columns-is-layout-flex\">\n<div class=\"wp-block-column is-layout-flow wp-block-column-is-layout-flow\">\n<p><strong>MADELEINE BLACK<\/strong>, Coordinador art\u00edstico y de giras<br>Tel\u00e9fono: 214-871-4029<\/p>\n\n\n\n<p><strong>TOM BREKHUS<\/strong>Director de Operaciones de Orquesta y Programaci\u00f3n Pop<br>p: 214.871.4018<\/p>\n<\/div>\n\n\n\n<div class=\"wp-block-column is-layout-flow wp-block-column-is-layout-flow\">\n<p><strong>TODD JOINER<\/strong>Directora de Administraci\u00f3n Art\u00edstica y del Coro<br>p: 214.871.4566<\/p>\n\n\n\n<p><strong>SCOTT WALZEL<\/strong>, Consultor de Desarrollo Comunitario de la Orquesta y de la Extensi\u00f3n<br>p: 214.871.4009<\/p>\n<\/div>\n<\/div>\n\n\n\n<h3 class=\"wp-block-heading\"><em>Coro Infantil de la Sinf\u00f3nica de Dallas<\/em><\/h3>\n\n\n\n<div class=\"wp-block-columns is-layout-flex wp-container-core-columns-is-layout-9d6595d7 wp-block-columns-is-layout-flex\">\n<div class=\"wp-block-column is-layout-flow wp-block-column-is-layout-flow\">\n<p><strong>ELLIE LIN<\/strong>Director art\u00edstico del Coro Infantil de la Sinf\u00f3nica de Dallas <br>p: 469.809.4120<\/p>\n\n\n\n<p><strong>EMMA JENSEN<\/strong>Directora de Operaciones del Coro Sinf\u00f3nico Infantil de Dallas<br>p: 214.393.2898<\/p>\n<\/div>\n\n\n\n<div class=\"wp-block-column is-layout-flow wp-block-column-is-layout-flow\">\n<p><strong>PAULA OLSEN<\/strong>Director art\u00edstico del Coro Infantil de la Sinf\u00f3nica de Dallas<br>p: 214.393.2896<\/p>\n<\/div>\n<\/div>\n\n\n\n<h3 class=\"wp-block-heading\"><em>Coro de la Sinf\u00f3nica de Dallas<\/em><\/h3>\n\n\n\n<div class=\"wp-block-columns is-layout-flex wp-container-core-columns-is-layout-9d6595d7 wp-block-columns-is-layout-flex\">\n<div class=\"wp-block-column is-layout-flow wp-block-column-is-layout-flow\">\n<p><strong>ANTHONY BLAKE CLARK<\/strong>Director del Coro Sinf\u00f3nico de Dallas, C\u00e1tedra Jean D. Wilson<br>p: 214.871.4542<\/p>\n\n\n\n<p><strong>MICHAEL LYSINGER<\/strong>, Administrador del Coro<br>p: 214.871.4084<\/p>\n<\/div>\n\n\n\n<div class=\"wp-block-column is-layout-flow wp-block-column-is-layout-flow\"><\/div>\n<\/div>\n\n\n\n<h3 class=\"wp-block-heading\"><em>Educaci\u00f3n<\/em><\/h3>\n\n\n\n<div class=\"wp-block-columns is-layout-flex wp-container-core-columns-is-layout-9d6595d7 wp-block-columns-is-layout-flex\">\n<div class=\"wp-block-column is-layout-flow wp-block-column-is-layout-flow\">\n<p><strong>JENNIFER GUZM\u00c1N<\/strong>, Thomas &amp; Roberta Corbett Director de Educaci\u00f3n<br>p: 214.871.4019<\/p>\n\n\n\n<p><strong>ROBERTO ZAMBRANO<\/strong>Director Art\u00edstico del Programa de J\u00f3venes M\u00fasicos.<br>p: 214.871.4088<\/p>\n\n\n\n<p><strong>ASHLEY ALARCON<\/strong>Directora de Ense\u00f1anza y Aprendizaje de Juventudes Musicales<br>p: 214.871.4544<\/p>\n<\/div>\n\n\n\n<div class=\"wp-block-column is-layout-flow wp-block-column-is-layout-flow\">\n<p><strong>SARAH HATLER<\/strong>, Director de Educaci\u00f3n<br>p: 214.871.4006<\/p>\n\n\n\n<p><strong>STEPHANIE IZAGUIRRE<\/strong>, Coordinadora del Laboratorio de Innovaci\u00f3n Musical<br>p: 214.871.4031<\/p>\n\n\n\n<p><strong>CAROLYN JABR<\/strong>, Young Strings Manager<br>p: 214.871.4083<\/p>\n<\/div>\n<\/div>\n\n\n\n<h3 class=\"wp-block-heading\"><em>Personal de la orquesta<\/em><\/h3>\n\n\n\n<div class=\"wp-block-columns is-layout-flex wp-container-core-columns-is-layout-9d6595d7 wp-block-columns-is-layout-flex\">\n<div class=\"wp-block-column is-layout-flow wp-block-column-is-layout-flow\">\n<p><strong>VICTORIA J. MOORE<\/strong>, Olga &amp; Yuri Anshelevich Director de Personal de la Orquesta<br>p: 214.871.4061<\/p>\n<\/div>\n\n\n\n<div class=\"wp-block-column is-layout-flow wp-block-column-is-layout-flow\">\n<p><\/p>\n<\/div>\n<\/div>\n\n\n\n<h3 class=\"wp-block-heading\"><em>Equipo de escenario<\/em><\/h3>\n\n\n\n<div class=\"wp-block-columns is-layout-flex wp-container-core-columns-is-layout-9d6595d7 wp-block-columns-is-layout-flex\">\n<div class=\"wp-block-column is-layout-flow wp-block-column-is-layout-flow\">\n<p><strong>KENNETH WINSTON<\/strong>, Director de escena<br>p: 214.871.4526<\/p>\n\n\n\n<p><strong>ALAN BELL<\/strong>, Asistente del director de escena<br>p: 214.871.4526<\/p>\n<\/div>\n\n\n\n<div class=\"wp-block-column is-layout-flow wp-block-column-is-layout-flow\">\n<p><strong>SARAH MCGRATH<\/strong>T\u00e9cnico de iluminaci\u00f3n<br>p: 214.871.4071<\/p>\n<\/div>\n<\/div>\n\n\n\n<h3 class=\"wp-block-heading\"><em>Biblioteca musical<\/em><\/h3>\n\n\n\n<div class=\"wp-block-columns is-layout-flex wp-container-core-columns-is-layout-9d6595d7 wp-block-columns-is-layout-flex\">\n<div class=\"wp-block-column is-layout-flow wp-block-column-is-layout-flow\">\n<p><strong>KAREN SCHNACKENBERG<\/strong>Jessie D. &amp; E. B. Godsey Bibliotecario Principal<br>p: 214.871.4069<\/p>\n\n\n\n<p><strong>MELISSA ROBASON<\/strong>, Bibliotecario de orquesta<br>p: 214.871.4074<\/p>\n<\/div>\n\n\n\n<div class=\"wp-block-column is-layout-flow wp-block-column-is-layout-flow\">\n<p><strong>ROBERT GREER<\/strong>, Bibliotecario Principal Asociado<br>p: 214.871.4073<\/p>\n\n\n\n<p><strong>MELANIE GILMORE<\/strong>, Bibliotecaria coral<br>p: 214.871.4076<\/p>\n<\/div>\n<\/div>\n\n\n\n<h2 class=\"wp-block-heading\" id=\"h-community-relations-meyerson-facilities-human-resources\"><strong>Gente y cultura&nbsp;<\/strong><\/h2>\n\n\n\n<div class=\"wp-block-columns is-layout-flex wp-container-core-columns-is-layout-9d6595d7 wp-block-columns-is-layout-flex\">\n<div class=\"wp-block-column is-layout-flow wp-block-column-is-layout-flow\">\n<p><strong>RICK WILSON-NEGRON<\/strong>, Vicepresidenta de Personas y Cultura<br>p: 214.871.4089<\/p>\n<\/div>\n<\/div>\n\n\n\n<div class=\"wp-block-columns is-layout-flex wp-container-core-columns-is-layout-9d6595d7 wp-block-columns-is-layout-flex\">\n<div class=\"wp-block-column is-layout-flow wp-block-column-is-layout-flow\">\n<p><strong>AMANDA COOK<\/strong>Director de Administraci\u00f3n de N\u00f3minas y Prestaciones<br>p: 214.871.4021<\/p>\n\n\n\n<p><strong>MARK ANTHONY GARCIA<\/strong>, Coordinador de suministros e instalaciones<br>p: 214.871.4517<\/p>\n<\/div>\n\n\n\n<div class=\"wp-block-column is-layout-flow wp-block-column-is-layout-flow\">\n<p><strong>DAWN GONZALES<\/strong>, Asistente de Administraci\u00f3n de Personas y Cultura<br>p: 214.871.4057<\/p>\n\n\n\n<p><strong>KEVA BURNS JOHANNES<\/strong>, Directora de Personas y Cultura<br>p: 214.871.4050<\/p>\n<\/div>\n<\/div>\n\n\n\n<h2 class=\"wp-block-heading\" id=\"h-meyerson-sales-ops\"><strong>Meyerson Ventas y Operaciones<\/strong><\/h2>\n\n\n\n<div class=\"wp-block-columns is-layout-flex wp-container-core-columns-is-layout-9d6595d7 wp-block-columns-is-layout-flex\">\n<div class=\"wp-block-column is-layout-flow wp-block-column-is-layout-flow\">\n<p><strong>KIMBERLY KONIECKI,<\/strong> Director de Ventas y Operaciones de Meyerson<br>p: 214.871.4058<\/p>\n\n\n\n<p><strong>EYAN CHOATE<\/strong>, T\u00e9cnico de audio<br>p: 214.871.4531<\/p>\n\n\n\n<p><strong>JAZ CLAYBORNE<\/strong>, Director de Seguridad<br>p: 214.871.4055<\/p>\n\n\n\n<p><strong>GERARDO GUERRERO<\/strong>T\u00e9cnico de iluminaci\u00f3n<br>p: 214.871.4012<\/p>\n\n\n\n<p><strong>TAMERA MALPHURS<\/strong>, Director de Operaciones de Eventos<br>p: 214.871.4093<\/p>\n<\/div>\n\n\n\n<div class=\"wp-block-column is-layout-flow wp-block-column-is-layout-flow\">\n<p><strong>LAMAR LIVINGSTON<\/strong>Director de Operaciones T\u00e9cnicas<br>p: 214.871.4059<\/p>\n\n\n\n<p><strong>SHAWN MAHAN<\/strong>, Director de la casa<br>p: 214.871.4085<\/p>\n\n\n\n<p><strong>MICHAEL MARBRY<\/strong>, T\u00e9cnico de audio<br>p: 214.871.4087<\/p>\n\n\n\n<p><strong>ROGER WILLIS<\/strong>, Asistente del Director de la Casa<br>p: 214.871.4056<\/p>\n<\/div>\n<\/div>\n\n\n\n<h2 class=\"wp-block-heading\" id=\"h-development\"><strong>Desarrollo<\/strong><\/h2>\n\n\n\n<div class=\"wp-block-columns is-layout-flex wp-container-core-columns-is-layout-9d6595d7 wp-block-columns-is-layout-flex\">\n<div class=\"wp-block-column is-layout-flow wp-block-column-is-layout-flow\">\n<p><strong>KERRI CLEGHORN LAI<\/strong>,<strong> CFRE \u00ae, CAP<\/strong>...Vicepresidenta de Desarrollo...<br>p: 214.871.4516<\/p>\n<\/div>\n<\/div>\n\n\n\n<div class=\"wp-block-columns is-layout-flex wp-container-core-columns-is-layout-9d6595d7 wp-block-columns-is-layout-flex\">\n<div class=\"wp-block-column is-layout-flow wp-block-column-is-layout-flow\">\n<p><strong>DENTON BRICKER<\/strong>Directora de Eventos y Servicios de Voluntariado<br>p: 214.871.4011<\/p>\n\n\n\n<p><strong>CLAIRE FREDRICK<\/strong>, Coordinador de donaciones individuales<br>p: 214.871.4515<\/p>\n\n\n\n<p><strong>LILIAN E. GODSEY<\/strong>...Gerente de Administraci\u00f3n de Donantes...<br>p: 214.871.4042<\/p>\n\n\n\n<p><strong>ABBY GONZ\u00c1LEZ<\/strong>, Coordinador de Desarrollo y Campa\u00f1as<br>p: 214.871.4043<\/p>\n\n\n\n<p><strong>ANGELIKA GUALBERTO<\/strong>Directora de Donaciones a Empresas<br>p: 214.871.4027<\/p>\n\n\n\n<p><strong>DENVER HOOD<\/strong>, Gerente de Eventos y Servicios de Voluntariado<br>p: 214.871.4028<\/p>\n\n\n\n<p><strong>LUNA LOPEZ<\/strong>, Gerente de Operaciones de Desarrollo<br>p: 214.871.4038<\/p>\n\n\n\n<p><strong>WHITNEY MACDONALD<\/strong>Oficial de regalos<br>p: 214.871.4047<\/p>\n<\/div>\n\n\n\n<div class=\"wp-block-column is-layout-flow wp-block-column-is-layout-flow\">\n<p><strong>ANDI MART\u00cdNEZ<\/strong>, Coordinadora de Eventos y Servicios de Voluntariado<br>p: 214-871-4090<\/p>\n\n\n\n<p><strong>TONI MILLER, CAP<sup>\u00ae<\/sup><\/strong>Directora de Campa\u00f1as y Legados<br>p: 214.871.4078<\/p>\n\n\n\n<p><strong>ALEX SMALL<\/strong>Director de Donaciones Anuales<br>p: 214.871.4077<\/p>\n\n\n\n<p><strong>STEVE SMITH<\/strong>Responsable de Campa\u00f1as y Legados<br>p: 214.871.4000<\/p>\n\n\n\n<p><strong>MARK VALENZUELA<\/strong>, Director de Investigaci\u00f3n de Prospectos y Fundaciones<br>p: 214.871.4529<\/p>\n\n\n\n<p><strong>MATTHEW ZAPATA<\/strong>Coordinadora de Desarrollo y Enlace con el Consejo<br>p: 214.871.4053<\/p>\n<\/div>\n<\/div>\n\n\n\n<h2 class=\"wp-block-heading\" id=\"h-finance-administration\"><strong>Finanzas y Tecnolog\u00eda de la Informaci\u00f3n<\/strong><\/h2>\n\n\n\n<div class=\"wp-block-columns is-layout-flex wp-container-core-columns-is-layout-9d6595d7 wp-block-columns-is-layout-flex\">\n<div class=\"wp-block-column is-layout-flow wp-block-column-is-layout-flow\">\n<p><strong>MELISSA RUTLEDGE<\/strong>, Director Financiero<br>p: 214.871.4008<\/p>\n<\/div>\n<\/div>\n\n\n\n<h3 class=\"wp-block-heading\"><em>Finanzas<\/em><\/h3>\n\n\n\n<div class=\"wp-block-columns is-layout-flex wp-container-core-columns-is-layout-9d6595d7 wp-block-columns-is-layout-flex\">\n<div class=\"wp-block-column is-layout-flow wp-block-column-is-layout-flow\">\n<p><strong>TOMMY BENNINGFIELD<\/strong>, Controlador<br>p: 214.871.4025<\/p>\n\n\n\n<p><strong>CECILIA RAUSCHUBER<\/strong>, Coordinador de cuentas por pagar<br>p: 214.871.4022<\/p>\n\n\n\n<p><strong>JULIE RIBECA<\/strong>, Administrador contable<br>p: 214.871.4015<\/p>\n<\/div>\n\n\n\n<div class=\"wp-block-column is-layout-flow wp-block-column-is-layout-flow\">\n<p><strong>DEANIE SEWELL<\/strong>, Director de Operaciones Contables<br>p: 214.871.4014<\/p>\n\n\n\n<p><strong>DANESHA VOSS<\/strong>, Contable Senior<br>p: 214.871.4064<\/p>\n<\/div>\n<\/div>\n\n\n\n<h3 class=\"wp-block-heading\"><em>Tecnolog\u00edas de la informaci\u00f3n<\/em><\/h3>\n\n\n\n<div class=\"wp-block-columns is-layout-flex wp-container-core-columns-is-layout-9d6595d7 wp-block-columns-is-layout-flex\">\n<div class=\"wp-block-column is-layout-flow wp-block-column-is-layout-flow\">\n<p><strong>DAVID LANE<\/strong>Director de Inform\u00e1tica<br>p: 214.871.4023<\/p>\n\n\n\n<p><strong>CARL BAINES<\/strong>Especialista en administraci\u00f3n de sistemas y seguridad de la informaci\u00f3n<br>p: 214.871.4026<\/p>\n<\/div>\n\n\n\n<div class=\"wp-block-column is-layout-flow wp-block-column-is-layout-flow\">\n<p><strong>JUDITH WASHINGTON<\/strong>, Asociado de Calidad de Datos<br>p: 214.871.4040<\/p>\n<\/div>\n<\/div>\n\n\n\n<h2 class=\"wp-block-heading\" id=\"h-sales-and-marketing\"><strong>Marketing, comunicaciones y servicios al cliente<\/strong><\/h2>\n\n\n\n<div class=\"wp-block-columns is-layout-flex wp-container-core-columns-is-layout-9d6595d7 wp-block-columns-is-layout-flex\">\n<div class=\"wp-block-column is-layout-flow wp-block-column-is-layout-flow\">\n<p><strong>JAMES RYAN JILLSON<\/strong>, Vicepresidente de Marketing, Comunicaciones y Servicios al Cliente<br>p: 214.871.4537<\/p>\n<\/div>\n<\/div>\n\n\n\n<h3 class=\"wp-block-heading\"><em>Comercializaci\u00f3n<\/em><\/h3>\n\n\n\n<div class=\"wp-block-columns is-layout-flex wp-container-core-columns-is-layout-9d6595d7 wp-block-columns-is-layout-flex\">\n<div class=\"wp-block-column is-layout-flow wp-block-column-is-layout-flow\">\n<p><strong>ERIC LANDRUM<\/strong>Director de Marketing<br>p: 214.871.4065<\/p>\n\n\n\n<p><strong>BOLA BRITTANI<\/strong>, Director de Marketing Digital<br>p: 214.871.4060<\/p>\n<\/div>\n\n\n\n<div class=\"wp-block-column is-layout-flow wp-block-column-is-layout-flow\">\n<p><strong>KATHRYN BARRETT<\/strong>Director de tienda y comprador de Symphony<br>p: 214.871.4066<\/p>\n\n\n\n<p><strong>STEPHANIE WATSON<\/strong>Especialista en Desarrollo de Audiencia y Ventas Directas<br>p: 214.981.2927<\/p>\n<\/div>\n<\/div>\n\n\n\n<h3 class=\"wp-block-heading\"><em>Comunicaci\u00f3n y medios de comunicaci\u00f3n<\/em><\/h3>\n\n\n\n<div class=\"wp-block-columns is-layout-flex wp-container-core-columns-is-layout-9d6595d7 wp-block-columns-is-layout-flex\">\n<div class=\"wp-block-column is-layout-flow wp-block-column-is-layout-flow\">\n<p><strong>CHELSEY NORRIS<\/strong>Director de Comunicaci\u00f3n<br>p: 214.871.4063<\/p>\n\n\n\n<p><strong>VANNESA NATES<\/strong>, Director Asociado de Contenidos Digitales<br>p: 214.871.4082<\/p>\n<\/div>\n\n\n\n<div class=\"wp-block-column is-layout-flow wp-block-column-is-layout-flow\">\n<p><strong>ANALISIS BLANCO<\/strong>, Director de Comunicaci\u00f3n y Medios de Comunicaci\u00f3n<br>p: 214.871.4081<\/p>\n<\/div>\n<\/div>\n\n\n\n<h3 class=\"wp-block-heading\"><em>Servicios Creative<\/em><\/h3>\n\n\n\n<div class=\"wp-block-columns is-layout-flex wp-container-core-columns-is-layout-9d6595d7 wp-block-columns-is-layout-flex\">\n<div class=\"wp-block-column is-layout-flow wp-block-column-is-layout-flow\">\n<p><strong>ASHLEY EISENGA<\/strong>Creative Director<br>p: 214.871.4046<\/p>\n\n\n\n<p><strong>NATALIE KREIDLER<\/strong>, Dise\u00f1ador gr\u00e1fico y de medios digitales<br>p: 214.871.4075<\/p>\n<\/div>\n\n\n\n<div class=\"wp-block-column is-layout-flow wp-block-column-is-layout-flow\">\n<p><strong>JORDAN MILLER<\/strong>Redactor y coordinador de proyectos<br>p: 214.871.4032<\/p>\n\n\n\n<p><strong>DANIELLE REEVES-CLEMENT<\/strong>, Dise\u00f1ador Gr\u00e1fico Senior<br>p: 214.871.4054<\/p>\n<\/div>\n<\/div>\n\n\n\n<h3 class=\"wp-block-heading\"><em>Servicios para los hu\u00e9spedes<\/em><\/h3>\n\n\n\n<div class=\"wp-block-columns is-layout-flex wp-container-core-columns-is-layout-9d6595d7 wp-block-columns-is-layout-flex\">\n<div class=\"wp-block-column is-layout-flow wp-block-column-is-layout-flow\">\n<p><strong>ELISA CAMPOS<\/strong>, Director de Venta de Entradas y Servicios a los Hu\u00e9spedes<br>p: 214.981.2926<\/p>\n\n\n\n<p><strong>CARLA EWING<\/strong>, Gerente de Servicios a los Hu\u00e9spedes<br>p: 214.981.2934<\/p>\n\n\n\n<p><strong>MIKE RICHARDS, <\/strong>Gerente de Servicios a los Hu\u00e9spedes<br>p: 214.871.2900<\/p>\n<\/div>\n\n\n\n<div class=\"wp-block-column is-layout-flow wp-block-column-is-layout-flow\">\n<p><strong>CHUCK RIGSBY<\/strong>, Coordinadora de Servicios a los Hu\u00e9spedes<br>p: 214.981.2911<\/p>\n\n\n\n<p><strong>PAUL TORRES<\/strong>, Director de Venta de Entradas y Servicios a los Hu\u00e9spedes<br>p: 214.981.2938<\/p>\n\n\n\n<p><strong>VINCENT TAPIA<\/strong>, Coordinadora de Servicios a los Hu\u00e9spedes<br>p: 214.981.2921<\/p>\n<\/div>\n<\/div>\n\n\n\t\t\t<\/div>\n\t\t<\/div>\n\t<\/div>\n\n<\/div>","protected":false},"excerpt":{"rendered":"<p>Conozca a las personas que trabajan entre los bastidores de la Sinf\u00f3nica. Desde la Oficina del Presidente hasta el Centro de Servicios para Hu\u00e9spedes, nos enorgullecemos de ayudar a la DSO a mantener los m\u00e1s altos est\u00e1ndares de excelencia.<\/p>","protected":false},"author":3,"featured_media":21292,"parent":285,"menu_order":0,"comment_status":"closed","ping_status":"closed","template":"","meta":{"_acf_changed":false,"footnotes":""},"class_list":["post-287","page","type-page","status-publish","has-post-thumbnail","hentry"],"acf":[],"_links":{"self":[{"href":"https:\/\/www.dallassymphony.org\/es\/wp-json\/wp\/v2\/pages\/287","targetHints":{"allow":["GET"]}}],"collection":[{"href":"https:\/\/www.dallassymphony.org\/es\/wp-json\/wp\/v2\/pages"}],"about":[{"href":"https:\/\/www.dallassymphony.org\/es\/wp-json\/wp\/v2\/types\/page"}],"author":[{"embeddable":true,"href":"https:\/\/www.dallassymphony.org\/es\/wp-json\/wp\/v2\/users\/3"}],"replies":[{"embeddable":true,"href":"https:\/\/www.dallassymphony.org\/es\/wp-json\/wp\/v2\/comments?post=287"}],"version-history":[{"count":2,"href":"https:\/\/www.dallassymphony.org\/es\/wp-json\/wp\/v2\/pages\/287\/revisions"}],"predecessor-version":[{"id":31099,"href":"https:\/\/www.dallassymphony.org\/es\/wp-json\/wp\/v2\/pages\/287\/revisions\/31099"}],"up":[{"embeddable":true,"href":"https:\/\/www.dallassymphony.org\/es\/wp-json\/wp\/v2\/pages\/285"}],"wp:featuredmedia":[{"embeddable":true,"href":"https:\/\/www.dallassymphony.org\/es\/wp-json\/wp\/v2\/media\/21292"}],"wp:attachment":[{"href":"https:\/\/www.dallassymphony.org\/es\/wp-json\/wp\/v2\/media?parent=287"}],"curies":[{"name":"wp","href":"https:\/\/api.w.org\/{rel}","templated":true}]}}