{"id":282,"date":"2020-11-03T09:05:04","date_gmt":"2020-11-03T14:05:04","guid":{"rendered":"https:\/\/www.dallassymphony.org\/?page_id=282"},"modified":"2025-08-26T08:43:57","modified_gmt":"2025-08-26T13:43:57","slug":"about-the-dso","status":"publish","type":"page","link":"https:\/\/www.dallassymphony.org\/es\/about-the-dso\/","title":{"rendered":"Sobre el DSO"},"content":{"rendered":"<div\n\tclass=\"subpage__hero bg-black\">\n\n\t<div class=\"img__wrapper d-none d-lg-block\" style=\"background: url(https:\/\/www.dallassymphony.org\/wp-content\/uploads\/2023\/01\/About-Us-1600x900-1.png) top right\/cover no-repeat\"><\/div>\n\n\n\t<div class=\"content__wrapper\">\n\n\t\t<ul class=\"breadcrumbs text-white\">\n\t\t\t<ul class=\"breadcrumbs\">\n    \t<li class=\"breadcrumb__link\">\n\t\t<a class=\"a-hover\" href=\"https:\/\/www.dallassymphony.org\/es\/\">Inicio<\/a>\n\t<\/li>\n    <\/ul>\n\t\t<\/ul>\n\n\t\t<h1 class=\"text-white\">Una piedra angular del paisaje cultural de Dallas<\/h1>\n\n\t\t<img loading=\"lazy\" decoding=\"async\" width=\"1600\" height=\"900\" src=\"https:\/\/www.dallassymphony.org\/wp-content\/uploads\/2023\/01\/About-Us-1600x900-1.png\" class=\"d-block d-lg-none w-100\" alt=\"\" srcset=\"https:\/\/www.dallassymphony.org\/wp-content\/uploads\/2023\/01\/About-Us-1600x900-1.png 1600w, https:\/\/www.dallassymphony.org\/wp-content\/uploads\/2023\/01\/About-Us-1600x900-1-300x169.png 300w, https:\/\/www.dallassymphony.org\/wp-content\/uploads\/2023\/01\/About-Us-1600x900-1-1024x576.png 1024w, https:\/\/www.dallassymphony.org\/wp-content\/uploads\/2023\/01\/About-Us-1600x900-1-768x432.png 768w, https:\/\/www.dallassymphony.org\/wp-content\/uploads\/2023\/01\/About-Us-1600x900-1-1536x864.png 1536w, https:\/\/www.dallassymphony.org\/wp-content\/uploads\/2023\/01\/About-Us-1600x900-1-18x10.png 18w, https:\/\/www.dallassymphony.org\/wp-content\/uploads\/2023\/01\/About-Us-1600x900-1-388x218.png 388w, https:\/\/www.dallassymphony.org\/wp-content\/uploads\/2023\/01\/About-Us-1600x900-1-540x303.png 540w, https:\/\/www.dallassymphony.org\/wp-content\/uploads\/2023\/01\/About-Us-1600x900-1-666x375.png 666w, https:\/\/www.dallassymphony.org\/wp-content\/uploads\/2023\/01\/About-Us-1600x900-1-735x413.png 735w\" sizes=\"auto, (max-width: 1600px) 100vw, 1600px\" \/>\n\t\t<div class=\"text-blue-3 sans__reg-18\"><p>Guiada por el director musical de renombre internacional Fabio Luisi, la Orquesta Sinf\u00f3nica de Dallas ofrece experiencias musicales estimulantes y entretenidas y oportunidades educativas innovadoras, tanto en el inspirador Morton H. Meyerson Symphony Center como en toda la comunidad.<\/p>\n<\/div>\n\n                <a href=\"\" class=\"a-hover text-white\"><\/a>\n        \t<\/div>\n<\/div>\n\n<div class=\"subpage-nav grad-to-left\">\n\t<div class=\"container\">\n\t\t<div class=\"row\">\n\t\t\t<div class=\"col-md-12\">\n\t\t\t\t<h2><\/h2>\n\t\t\t<\/div>\n\t\t\t<div class=\"col-6\">\n\t<div class=\"subpage-nav__card\">\n\t\t<a href=\"https:\/\/www.dallassymphony.org\/es\/about-the-dso\/history-of-the-dso\/\">\n\t\t\t<div class=\"subpage-nav__img-wrapper\">\n\t\t\t\t<img loading=\"lazy\" decoding=\"async\" width=\"540\" height=\"360\" src=\"https:\/\/www.dallassymphony.org\/wp-content\/uploads\/2023\/12\/dso-10.23.2023-28-540x360.jpg\" class=\"img-fluid wp-post-image\" alt=\"\" srcset=\"https:\/\/www.dallassymphony.org\/wp-content\/uploads\/2023\/12\/dso-10.23.2023-28-540x360.jpg 540w, https:\/\/www.dallassymphony.org\/wp-content\/uploads\/2023\/12\/dso-10.23.2023-28-300x200.jpg 300w, https:\/\/www.dallassymphony.org\/wp-content\/uploads\/2023\/12\/dso-10.23.2023-28-1024x683.jpg 1024w, https:\/\/www.dallassymphony.org\/wp-content\/uploads\/2023\/12\/dso-10.23.2023-28-768x512.jpg 768w, https:\/\/www.dallassymphony.org\/wp-content\/uploads\/2023\/12\/dso-10.23.2023-28-1536x1024.jpg 1536w, https:\/\/www.dallassymphony.org\/wp-content\/uploads\/2023\/12\/dso-10.23.2023-28-2048x1365.jpg 2048w, https:\/\/www.dallassymphony.org\/wp-content\/uploads\/2023\/12\/dso-10.23.2023-28-18x12.jpg 18w, https:\/\/www.dallassymphony.org\/wp-content\/uploads\/2023\/12\/dso-10.23.2023-28-309x206.jpg 309w, https:\/\/www.dallassymphony.org\/wp-content\/uploads\/2023\/12\/dso-10.23.2023-28-350x234.jpg 350w\" sizes=\"auto, (max-width: 540px) 100vw, 540px\" \/>\t\t\t<\/div>\n\n\t\t\t<div class=\"subpage-nav__text\">\n\t\t\t\t<p>Historia del DSO<\/p>\n\t\t\t<\/div>\n\t\t<\/a>\n\t<\/div>\n<\/div>\n<div class=\"col-6\">\n\t<div class=\"subpage-nav__card\">\n\t\t<a href=\"https:\/\/www.dallassymphony.org\/es\/about-the-dso\/people\/\">\n\t\t\t<div class=\"subpage-nav__img-wrapper\">\n\t\t\t\t<img loading=\"lazy\" decoding=\"async\" width=\"540\" height=\"360\" src=\"https:\/\/www.dallassymphony.org\/wp-content\/uploads\/2020\/11\/People_DSO-Musicians-1600x1076-1-540x360.jpg\" class=\"img-fluid wp-post-image\" alt=\"La orquesta y el personal de la DSO\" srcset=\"https:\/\/www.dallassymphony.org\/wp-content\/uploads\/2020\/11\/People_DSO-Musicians-1600x1076-1-540x360.jpg 540w, https:\/\/www.dallassymphony.org\/wp-content\/uploads\/2020\/11\/People_DSO-Musicians-1600x1076-1-16x12.jpg 16w, https:\/\/www.dallassymphony.org\/wp-content\/uploads\/2020\/11\/People_DSO-Musicians-1600x1076-1-309x206.jpg 309w\" sizes=\"auto, (max-width: 540px) 100vw, 540px\" \/>\t\t\t<\/div>\n\n\t\t\t<div class=\"subpage-nav__text\">\n\t\t\t\t<p>Gente<\/p>\n\t\t\t<\/div>\n\t\t<\/a>\n\t<\/div>\n<\/div>\n<div class=\"col-6\">\n\t<div class=\"subpage-nav__card\">\n\t\t<a href=\"https:\/\/www.dallassymphony.org\/es\/about-the-dso\/careers\/\">\n\t\t\t<div class=\"subpage-nav__img-wrapper\">\n\t\t\t\t<img loading=\"lazy\" decoding=\"async\" width=\"540\" height=\"360\" src=\"https:\/\/www.dallassymphony.org\/wp-content\/uploads\/2023\/10\/dsomcintyrepark-101-540x360.jpg\" class=\"img-fluid wp-post-image\" alt=\"\" srcset=\"https:\/\/www.dallassymphony.org\/wp-content\/uploads\/2023\/10\/dsomcintyrepark-101-540x360.jpg 540w, https:\/\/www.dallassymphony.org\/wp-content\/uploads\/2023\/10\/dsomcintyrepark-101-18x12.jpg 18w, https:\/\/www.dallassymphony.org\/wp-content\/uploads\/2023\/10\/dsomcintyrepark-101-309x206.jpg 309w, https:\/\/www.dallassymphony.org\/wp-content\/uploads\/2023\/10\/dsomcintyrepark-101-350x234.jpg 350w\" sizes=\"auto, (max-width: 540px) 100vw, 540px\" \/>\t\t\t<\/div>\n\n\t\t\t<div class=\"subpage-nav__text\">\n\t\t\t\t<p>Carreras y audiciones<\/p>\n\t\t\t<\/div>\n\t\t<\/a>\n\t<\/div>\n<\/div>\n<div class=\"col-6\">\n\t<div class=\"subpage-nav__card\">\n\t\t<a href=\"https:\/\/www.dallassymphony.org\/es\/about-the-dso\/equity-diversity-inclusion-social-impact\/\">\n\t\t\t<div class=\"subpage-nav__img-wrapper\">\n\t\t\t\t<img loading=\"lazy\" decoding=\"async\" width=\"540\" height=\"360\" src=\"https:\/\/www.dallassymphony.org\/wp-content\/uploads\/2024\/07\/dsodiversity.89-1-540x360.jpg\" class=\"img-fluid wp-post-image\" alt=\"\" srcset=\"https:\/\/www.dallassymphony.org\/wp-content\/uploads\/2024\/07\/dsodiversity.89-1-540x360.jpg 540w, https:\/\/www.dallassymphony.org\/wp-content\/uploads\/2024\/07\/dsodiversity.89-1-300x200.jpg 300w, https:\/\/www.dallassymphony.org\/wp-content\/uploads\/2024\/07\/dsodiversity.89-1-1024x683.jpg 1024w, https:\/\/www.dallassymphony.org\/wp-content\/uploads\/2024\/07\/dsodiversity.89-1-768x512.jpg 768w, https:\/\/www.dallassymphony.org\/wp-content\/uploads\/2024\/07\/dsodiversity.89-1-1536x1024.jpg 1536w, https:\/\/www.dallassymphony.org\/wp-content\/uploads\/2024\/07\/dsodiversity.89-1-2048x1365.jpg 2048w, https:\/\/www.dallassymphony.org\/wp-content\/uploads\/2024\/07\/dsodiversity.89-1-18x12.jpg 18w, https:\/\/www.dallassymphony.org\/wp-content\/uploads\/2024\/07\/dsodiversity.89-1-309x206.jpg 309w, https:\/\/www.dallassymphony.org\/wp-content\/uploads\/2024\/07\/dsodiversity.89-1-350x234.jpg 350w\" sizes=\"auto, (max-width: 540px) 100vw, 540px\" \/>\t\t\t<\/div>\n\n\t\t\t<div class=\"subpage-nav__text\">\n\t\t\t\t<p>Equidad, diversidad, inclusi\u00f3n e impacto social<\/p>\n\t\t\t<\/div>\n\t\t<\/a>\n\t<\/div>\n<\/div>\n<div class=\"col-6\">\n\t<div class=\"subpage-nav__card\">\n\t\t<a href=\"https:\/\/www.dallassymphony.org\/es\/about-the-dso\/press-room\/\">\n\t\t\t<div class=\"subpage-nav__img-wrapper\">\n\t\t\t\t<img loading=\"lazy\" decoding=\"async\" width=\"540\" height=\"360\" src=\"https:\/\/www.dallassymphony.org\/wp-content\/uploads\/2020\/11\/Press-Room_Fabio-Luisi_DSO-Musicians-1600x1076-1-540x360.jpg\" class=\"img-fluid wp-post-image\" alt=\"Fabio Luisi y los m\u00fasicos de la DSO\" srcset=\"https:\/\/www.dallassymphony.org\/wp-content\/uploads\/2020\/11\/Press-Room_Fabio-Luisi_DSO-Musicians-1600x1076-1-540x360.jpg 540w, https:\/\/www.dallassymphony.org\/wp-content\/uploads\/2020\/11\/Press-Room_Fabio-Luisi_DSO-Musicians-1600x1076-1-16x12.jpg 16w, https:\/\/www.dallassymphony.org\/wp-content\/uploads\/2020\/11\/Press-Room_Fabio-Luisi_DSO-Musicians-1600x1076-1-309x206.jpg 309w\" sizes=\"auto, (max-width: 540px) 100vw, 540px\" \/>\t\t\t<\/div>\n\n\t\t\t<div class=\"subpage-nav__text\">\n\t\t\t\t<p>Sala de prensa<\/p>\n\t\t\t<\/div>\n\t\t<\/a>\n\t<\/div>\n<\/div>\n\t\t<\/div>\n\t<\/div>\n<\/div>\n\n\n<div class=\"text-img text-img--right\">\n\t<div class=\"container\">\n\t\t<div class=\"row\">\n\t\t\t<div class=\"col-lg-12\">\n\t\t\t\t<div class=\"text-img__wrapper\">\n\t\t\t\t\t<h1>Estudio de impacto econ\u00f3mico<\/h1>\n\n                    <img loading=\"lazy\" decoding=\"async\" width=\"666\" height=\"375\" src=\"https:\/\/www.dallassymphony.org\/wp-content\/uploads\/2023\/12\/jennifer-hudson-56-666x375.jpg\" class=\"d-xl-none d-block\" alt=\"\" srcset=\"https:\/\/www.dallassymphony.org\/wp-content\/uploads\/2023\/12\/jennifer-hudson-56-666x375.jpg 666w, https:\/\/www.dallassymphony.org\/wp-content\/uploads\/2023\/12\/jennifer-hudson-56-388x218.jpg 388w, https:\/\/www.dallassymphony.org\/wp-content\/uploads\/2023\/12\/jennifer-hudson-56-540x303.jpg 540w, https:\/\/www.dallassymphony.org\/wp-content\/uploads\/2023\/12\/jennifer-hudson-56-735x413.jpg 735w, https:\/\/www.dallassymphony.org\/wp-content\/uploads\/2023\/12\/jennifer-hudson-56-768x432.jpg 768w, https:\/\/www.dallassymphony.org\/wp-content\/uploads\/2023\/12\/jennifer-hudson-56-1600x900.jpg 1600w\" sizes=\"auto, (max-width: 666px) 100vw, 666px\" \/>\n\t\t\t\t\t<p>Como la mayor organizaci\u00f3n de artes esc\u00e9nicas del suroeste de Estados Unidos, la DSO se compromete a ofrecer experiencias musicales excepcionales dentro y fuera del escenario. Pilar del panorama cultural de Dallas, la DSO atiende a m\u00e1s de 240.000 espectadores en persona y 2 millones virtualmente, y ofrece m\u00e1s de 20 programas educativos y de compromiso con la comunidad. En el \u00faltimo informe, conozca el impacto econ\u00f3mico, educativo y cultural de la DSO.<\/p>\n\n                    \t\t\t\t\t<a class=\"a-hover\" href=\"https:\/\/www.dallassymphony.org\/wp-content\/uploads\/2023\/12\/Economic-Impact-Study-March-2023-Final.pdf\" >Aprende m\u00e1s<\/a>\n                    \n                <\/div>\n                <img loading=\"lazy\" decoding=\"async\" width=\"1600\" height=\"900\" src=\"https:\/\/www.dallassymphony.org\/wp-content\/uploads\/2023\/12\/jennifer-hudson-56-1600x900.jpg\" class=\"d-none d-xl-block ml-auto\" alt=\"\" srcset=\"https:\/\/www.dallassymphony.org\/wp-content\/uploads\/2023\/12\/jennifer-hudson-56-1600x900.jpg 1600w, https:\/\/www.dallassymphony.org\/wp-content\/uploads\/2023\/12\/jennifer-hudson-56-388x218.jpg 388w, https:\/\/www.dallassymphony.org\/wp-content\/uploads\/2023\/12\/jennifer-hudson-56-540x303.jpg 540w, https:\/\/www.dallassymphony.org\/wp-content\/uploads\/2023\/12\/jennifer-hudson-56-666x375.jpg 666w, https:\/\/www.dallassymphony.org\/wp-content\/uploads\/2023\/12\/jennifer-hudson-56-735x413.jpg 735w, https:\/\/www.dallassymphony.org\/wp-content\/uploads\/2023\/12\/jennifer-hudson-56-768x432.jpg 768w\" sizes=\"auto, (max-width: 1600px) 100vw, 1600px\" \/>\t\t\t<\/div>\n\t\t<\/div>\n\t<\/div>\n<\/div>\n\n\n<div class=\"text-img text-img--left\">\n\t<div class=\"container\">\n\t\t<div class=\"row\">\n\t\t\t<div class=\"col-lg-12\">\n\t\t\t\t<div class=\"text-img__wrapper\">\n\t\t\t\t\t<h1>Calendario de conciertos<\/h1>\n\n                    <img loading=\"lazy\" decoding=\"async\" width=\"666\" height=\"375\" src=\"https:\/\/www.dallassymphony.org\/wp-content\/uploads\/2023\/12\/preview-10-1-666x375.jpg\" class=\"d-xl-none d-block\" alt=\"\" srcset=\"https:\/\/www.dallassymphony.org\/wp-content\/uploads\/2023\/12\/preview-10-1-666x375.jpg 666w, https:\/\/www.dallassymphony.org\/wp-content\/uploads\/2023\/12\/preview-10-1-388x218.jpg 388w, https:\/\/www.dallassymphony.org\/wp-content\/uploads\/2023\/12\/preview-10-1-540x303.jpg 540w, https:\/\/www.dallassymphony.org\/wp-content\/uploads\/2023\/12\/preview-10-1-735x413.jpg 735w, https:\/\/www.dallassymphony.org\/wp-content\/uploads\/2023\/12\/preview-10-1-768x432.jpg 768w, https:\/\/www.dallassymphony.org\/wp-content\/uploads\/2023\/12\/preview-10-1-1600x900.jpg 1600w\" sizes=\"auto, (max-width: 666px) 100vw, 666px\" \/>\n\t\t\t\t\t<p>Consulte nuestras pr\u00f3ximas actuaciones y eventos.<\/p>\n\n                    \t\t\t\t\t<a class=\"a-hover\" href=\"https:\/\/www.dallassymphony.org\/es\/concerts-and-events\/calendar\/\" >Aprende m\u00e1s<\/a>\n                    \n                <\/div>\n                <img loading=\"lazy\" decoding=\"async\" width=\"1600\" height=\"900\" src=\"https:\/\/www.dallassymphony.org\/wp-content\/uploads\/2023\/12\/preview-10-1-1600x900.jpg\" class=\"d-none d-xl-block\" alt=\"\" srcset=\"https:\/\/www.dallassymphony.org\/wp-content\/uploads\/2023\/12\/preview-10-1-1600x900.jpg 1600w, https:\/\/www.dallassymphony.org\/wp-content\/uploads\/2023\/12\/preview-10-1-388x218.jpg 388w, https:\/\/www.dallassymphony.org\/wp-content\/uploads\/2023\/12\/preview-10-1-540x303.jpg 540w, https:\/\/www.dallassymphony.org\/wp-content\/uploads\/2023\/12\/preview-10-1-666x375.jpg 666w, https:\/\/www.dallassymphony.org\/wp-content\/uploads\/2023\/12\/preview-10-1-735x413.jpg 735w, https:\/\/www.dallassymphony.org\/wp-content\/uploads\/2023\/12\/preview-10-1-768x432.jpg 768w\" sizes=\"auto, (max-width: 1600px) 100vw, 1600px\" \/>\t\t\t<\/div>\n\t\t<\/div>\n\t<\/div>\n<\/div>\n\n\n\n<div style=\"height:50px\" aria-hidden=\"true\" class=\"wp-block-spacer\"><\/div>\n\n\n<div class=\"cta-content-highlight\">\n    <img loading=\"lazy\" decoding=\"async\" width=\"2560\" height=\"1707\" src=\"https:\/\/www.dallassymphony.org\/wp-content\/uploads\/2024\/04\/dso-young-musicians-208-scaled.jpg\" class=\"cta__bg-img\" alt=\"\" srcset=\"https:\/\/www.dallassymphony.org\/wp-content\/uploads\/2024\/04\/dso-young-musicians-208-scaled.jpg 2560w, https:\/\/www.dallassymphony.org\/wp-content\/uploads\/2024\/04\/dso-young-musicians-208-300x200.jpg 300w, https:\/\/www.dallassymphony.org\/wp-content\/uploads\/2024\/04\/dso-young-musicians-208-1024x683.jpg 1024w, https:\/\/www.dallassymphony.org\/wp-content\/uploads\/2024\/04\/dso-young-musicians-208-768x512.jpg 768w, https:\/\/www.dallassymphony.org\/wp-content\/uploads\/2024\/04\/dso-young-musicians-208-1536x1024.jpg 1536w, https:\/\/www.dallassymphony.org\/wp-content\/uploads\/2024\/04\/dso-young-musicians-208-2048x1365.jpg 2048w, https:\/\/www.dallassymphony.org\/wp-content\/uploads\/2024\/04\/dso-young-musicians-208-18x12.jpg 18w, https:\/\/www.dallassymphony.org\/wp-content\/uploads\/2024\/04\/dso-young-musicians-208-309x206.jpg 309w, https:\/\/www.dallassymphony.org\/wp-content\/uploads\/2024\/04\/dso-young-musicians-208-350x234.jpg 350w, https:\/\/www.dallassymphony.org\/wp-content\/uploads\/2024\/04\/dso-young-musicians-208-540x360.jpg 540w\" sizes=\"auto, (max-width: 2560px) 100vw, 2560px\" \/>\n\t<div class=\"container bottom-container\">\n\t\t<div class=\"row no-gutters\">\n\t\t\t\n\t\t\t<div class=\"col-md-7 offset-md-1\">\n\t\t\t\t<div class=\"cta__text-overlay\">\n\t\t\t\t\t<h4>Apoyar el DSO<\/h4>\n\n\t\t\t\t\t<p>Haga una donaci\u00f3n \u00fanica para apoyar nuestras iniciativas comunitarias y educativas a trav\u00e9s de nuestra sencilla herramienta de donaci\u00f3n con un solo clic.<\/p>\n\n                    \t\t\t\t\t<a class=\"a-hover\" href=\"https:\/\/secure.dallassymphony.org\/donate\/q\/donate-now\">Haga un regalo ahora<\/a>\n                    \t\t\t\t<\/div>\n\t\t\t<\/div>\n\t\t\t\t\t\t<div class=\"col-md-3  d-sm-none d-md-flex\">\n\t\t\t\t<div class=\"blk-bg-grad-left\"><\/div>\n\t\t\t<\/div>\n\t\t\t\t\t<\/div>\n\t<\/div>\n<\/div>\n\n\n<div class=\"cross-link m-spacer\">\n\t<div class=\"top-bg\"><\/div>\n\t<div class=\"container\">\n\t\t<div class=\"row\">\n\t\t\t<div class=\"col-lg-12\">\n\t\t\t\t<h1><\/h1>\n\t\t\t<\/div>\n\t\t<\/div>\n\t\t<div class=\"row\">\n\t\t\t<div class=\"col-md-3 col-6\">\n\t<div class=\"cl-card\">\n\t\t<a href=\"https:\/\/www.dallassymphony.org\/es\/plan-your-visit\/guest-services\/guest-services-contact-us-form\/\">\n\t\t\t<div class=\"cl-card__img-wrapper\">\n                <img loading=\"lazy\" decoding=\"async\" width=\"266\" height=\"169\" src=\"https:\/\/www.dallassymphony.org\/wp-content\/uploads\/2020\/11\/Guest-Services_Patrons-in-Line-1600x1076-1-266x169.jpg\" class=\"d-block w-100 wp-post-image\" alt=\"Patrones de la DSO en la l\u00ednea\" \/>\t\t\t<\/div>\n\n\t\t\t<div class=\"cl-card__text\">\n\t\t\t\t<p>Formulario de contacto de Servicios de Hu\u00e9spedes<\/p>\n\t\t\t<\/div>\n\t\t<\/a>\n\t<\/div>\n<\/div>\n<div class=\"col-md-3 col-6\">\n\t<div class=\"cl-card\">\n\t\t<a href=\"https:\/\/www.dallassymphony.org\/es\/plan-your-visit\/\">\n\t\t\t<div class=\"cl-card__img-wrapper\">\n                <img loading=\"lazy\" decoding=\"async\" width=\"266\" height=\"169\" src=\"https:\/\/www.dallassymphony.org\/wp-content\/uploads\/2023\/08\/Plan-your-visit-266x169.png\" class=\"d-block w-100 wp-post-image\" alt=\"\" srcset=\"https:\/\/www.dallassymphony.org\/wp-content\/uploads\/2023\/08\/Plan-your-visit-266x169.png 266w, https:\/\/www.dallassymphony.org\/wp-content\/uploads\/2023\/08\/Plan-your-visit-18x12.png 18w\" sizes=\"auto, (max-width: 266px) 100vw, 266px\" \/>\t\t\t<\/div>\n\n\t\t\t<div class=\"cl-card__text\">\n\t\t\t\t<p>Planifica tu visita<\/p>\n\t\t\t<\/div>\n\t\t<\/a>\n\t<\/div>\n<\/div>\n<div class=\"col-md-3 col-6\">\n\t<div class=\"cl-card\">\n\t\t<a href=\"https:\/\/www.dallassymphony.org\/es\/discover-connect\/dso-media-vault\/view\/meyerson-virtual-tour\/\">\n\t\t\t<div class=\"cl-card__img-wrapper\">\n                <img loading=\"lazy\" decoding=\"async\" width=\"266\" height=\"169\" src=\"https:\/\/www.dallassymphony.org\/wp-content\/uploads\/2020\/11\/Meyerson-virtual-tour-1600-x-1076-266x169.jpg\" class=\"d-block w-100 wp-post-image\" alt=\"Visita virtual entre bastidores del Centro Sinf\u00f3nico Morton H Meyerson\" \/>\t\t\t<\/div>\n\n\t\t\t<div class=\"cl-card__text\">\n\t\t\t\t<p>Visita virtual de Meyerson<\/p>\n\t\t\t<\/div>\n\t\t<\/a>\n\t<\/div>\n<\/div>\n<div class=\"col-md-3 col-6\">\n\t<div class=\"cl-card\">\n\t\t<a href=\"https:\/\/www.dallassymphony.org\/es\/support-volunteer\/volunteer\/\">\n\t\t\t<div class=\"cl-card__img-wrapper\">\n                <img loading=\"lazy\" decoding=\"async\" width=\"266\" height=\"169\" src=\"https:\/\/www.dallassymphony.org\/wp-content\/uploads\/2020\/11\/Volunteers_DSO-Youth-Concert-1600x1076-1-266x169.jpg\" class=\"d-block w-100 wp-post-image\" alt=\"Voluntarios de la DSO en el Concierto Juvenil\" \/>\t\t\t<\/div>\n\n\t\t\t<div class=\"cl-card__text\">\n\t\t\t\t<p>Voluntario<\/p>\n\t\t\t<\/div>\n\t\t<\/a>\n\t<\/div>\n<\/div>\n\t\t<\/div>\n\t<\/div>\n<\/div>\n\n\n<div class=\"cta-content-highlight\">\n    <img loading=\"lazy\" decoding=\"async\" width=\"1600\" height=\"1076\" src=\"https:\/\/www.dallassymphony.org\/wp-content\/uploads\/2020\/11\/Virtual-Tour_Meyerson-Lower-Lobby-1600x1076-1.jpg\" class=\"cta__bg-img\" alt=\"\" srcset=\"https:\/\/www.dallassymphony.org\/wp-content\/uploads\/2020\/11\/Virtual-Tour_Meyerson-Lower-Lobby-1600x1076-1.jpg 1600w, https:\/\/www.dallassymphony.org\/wp-content\/uploads\/2020\/11\/Virtual-Tour_Meyerson-Lower-Lobby-1600x1076-1-300x202.jpg 300w, https:\/\/www.dallassymphony.org\/wp-content\/uploads\/2020\/11\/Virtual-Tour_Meyerson-Lower-Lobby-1600x1076-1-1024x689.jpg 1024w, https:\/\/www.dallassymphony.org\/wp-content\/uploads\/2020\/11\/Virtual-Tour_Meyerson-Lower-Lobby-1600x1076-1-768x516.jpg 768w, https:\/\/www.dallassymphony.org\/wp-content\/uploads\/2020\/11\/Virtual-Tour_Meyerson-Lower-Lobby-1600x1076-1-1536x1033.jpg 1536w, https:\/\/www.dallassymphony.org\/wp-content\/uploads\/2020\/11\/Virtual-Tour_Meyerson-Lower-Lobby-1600x1076-1-16x12.jpg 16w\" sizes=\"auto, (max-width: 1600px) 100vw, 1600px\" \/>\n\t<div class=\"container bottom-container\">\n\t\t<div class=\"row no-gutters\">\n\t\t\t\n\t\t\t<div class=\"col-md-7 offset-md-1\">\n\t\t\t\t<div class=\"cta__text-overlay\">\n\t\t\t\t\t<h4>Suscr\u00edbase a nuestra lista de correo electr\u00f3nico<\/h4>\n\n\t\t\t\t\t<p>Inscr\u00edbete para recibir las \u00faltimas noticias, actualizaciones del calendario, contenido digital gratuito y ofertas especiales de la DSO!<\/p>\n\n                    \t\t\t\t\t<a class=\"a-hover\" href=\"https:\/\/www.dallassymphony.org\/es\/discover-connect\/follow-the-dso\/email-sign-up\/\">Inscr\u00edbete<\/a>\n                    \t\t\t\t<\/div>\n\t\t\t<\/div>\n\t\t\t\t\t\t<div class=\"col-md-3  d-sm-none d-md-flex\">\n\t\t\t\t<div class=\"blk-bg-grad-left\"><\/div>\n\t\t\t<\/div>\n\t\t\t\t\t<\/div>\n\t<\/div>\n<\/div>","protected":false},"excerpt":{"rendered":"<p>Guiada por el director musical de renombre internacional Fabio Luisi, la Orquesta Sinf\u00f3nica de Dallas ofrece experiencias musicales estimulantes y entretenidas y oportunidades educativas innovadoras, tanto en el inspirador Morton H. Meyerson Symphony Center como en toda la comunidad.<\/p>","protected":false},"author":3,"featured_media":10500,"parent":0,"menu_order":0,"comment_status":"closed","ping_status":"closed","template":"","meta":{"_acf_changed":false,"footnotes":""},"class_list":["post-282","page","type-page","status-publish","has-post-thumbnail","hentry"],"acf":[],"_links":{"self":[{"href":"https:\/\/www.dallassymphony.org\/es\/wp-json\/wp\/v2\/pages\/282","targetHints":{"allow":["GET"]}}],"collection":[{"href":"https:\/\/www.dallassymphony.org\/es\/wp-json\/wp\/v2\/pages"}],"about":[{"href":"https:\/\/www.dallassymphony.org\/es\/wp-json\/wp\/v2\/types\/page"}],"author":[{"embeddable":true,"href":"https:\/\/www.dallassymphony.org\/es\/wp-json\/wp\/v2\/users\/3"}],"replies":[{"embeddable":true,"href":"https:\/\/www.dallassymphony.org\/es\/wp-json\/wp\/v2\/comments?post=282"}],"version-history":[{"count":0,"href":"https:\/\/www.dallassymphony.org\/es\/wp-json\/wp\/v2\/pages\/282\/revisions"}],"wp:featuredmedia":[{"embeddable":true,"href":"https:\/\/www.dallassymphony.org\/es\/wp-json\/wp\/v2\/media\/10500"}],"wp:attachment":[{"href":"https:\/\/www.dallassymphony.org\/es\/wp-json\/wp\/v2\/media?parent=282"}],"curies":[{"name":"wp","href":"https:\/\/api.w.org\/{rel}","templated":true}]}}