{"id":27888,"date":"2025-08-24T12:02:12","date_gmt":"2025-08-24T17:02:12","guid":{"rendered":"https:\/\/dallassymp2stg.wpenginepowered.com\/?page_id=27888"},"modified":"2025-08-26T08:41:24","modified_gmt":"2025-08-26T13:41:24","slug":"ways-to-give","status":"publish","type":"page","link":"https:\/\/www.dallassymphony.org\/es\/support-volunteer\/ways-to-give\/","title":{"rendered":"Formas de donar"},"content":{"rendered":"<div class=\"hero__no-img bg-blue-8\">\n\t<div class=\"container\">\n\t\t<div class=\"row\">\n\t\t\t<div class=\"col-md-10\">\n\n\t\t\t\t<ul class=\"breadcrumbs\">\n    \t<li class=\"breadcrumb__link\">\n\t\t<a class=\"a-hover\" href=\"https:\/\/www.dallassymphony.org\/es\/\">Inicio<\/a>\n\t<\/li>\n    \t<li class=\"breadcrumb__link a-styles\">\n\t\t<a class=\"a-hover\" href=\"https:\/\/www.dallassymphony.org\/es\/support-volunteer\/\">Apoyo y voluntariado\/participaci\u00f3n<\/a>\n\t<\/li>\n    <\/ul>\n\n                \t\t\t\t<h1>\n                    <span >Formas de donar<\/span>\n                <\/h1>\n                \t\t\t<\/div>\n\t\t<\/div>\n\t<\/div>\n<\/div>\n\n\n<div class=\"subpage-nav grad-to-left\">\n\t<div class=\"container\">\n\t\t<div class=\"row\">\n\t\t\t<div class=\"col-md-12\">\n\t\t\t\t<h2><\/h2>\n\t\t\t<\/div>\n\t\t\t<div class=\"col-6\">\n\t<div class=\"subpage-nav__card\">\n\t\t<a href=\"https:\/\/www.dallassymphony.org\/es\/support-volunteer\/ways-to-give\/friends-of-the-dso\/\">\n\t\t\t<div class=\"subpage-nav__img-wrapper\">\n\t\t\t\t<img loading=\"lazy\" decoding=\"async\" width=\"540\" height=\"360\" src=\"https:\/\/www.dallassymphony.org\/wp-content\/uploads\/2020\/11\/Donor-Dinner-with-Maestro-Luisi-1600-x-1076-e1606960181817-540x360.jpg\" class=\"img-fluid wp-post-image\" alt=\"Patrocinadores de DSO mezcl\u00e1ndose en un evento de donantes\" srcset=\"https:\/\/www.dallassymphony.org\/wp-content\/uploads\/2020\/11\/Donor-Dinner-with-Maestro-Luisi-1600-x-1076-e1606960181817-540x360.jpg 540w, https:\/\/www.dallassymphony.org\/wp-content\/uploads\/2020\/11\/Donor-Dinner-with-Maestro-Luisi-1600-x-1076-e1606960181817-309x206.jpg 309w, https:\/\/www.dallassymphony.org\/wp-content\/uploads\/2020\/11\/Donor-Dinner-with-Maestro-Luisi-1600-x-1076-e1606960181817-350x234.jpg 350w\" sizes=\"auto, (max-width: 540px) 100vw, 540px\" \/>\t\t\t<\/div>\n\n\t\t\t<div class=\"subpage-nav__text\">\n\t\t\t\t<p>La donaci\u00f3n individual<\/p>\n\t\t\t<\/div>\n\t\t<\/a>\n\t<\/div>\n<\/div>\n<div class=\"col-6\">\n\t<div class=\"subpage-nav__card\">\n\t\t<a href=\"https:\/\/www.dallassymphony.org\/es\/support-volunteer\/ways-to-give\/legacy-giving\/\">\n\t\t\t<div class=\"subpage-nav__img-wrapper\">\n\t\t\t\t<img loading=\"lazy\" decoding=\"async\" width=\"540\" height=\"360\" src=\"https:\/\/www.dallassymphony.org\/wp-content\/uploads\/2024\/07\/chairmansdinner.82-540x360.jpg\" class=\"img-fluid wp-post-image\" alt=\"\" srcset=\"https:\/\/www.dallassymphony.org\/wp-content\/uploads\/2024\/07\/chairmansdinner.82-540x360.jpg 540w, https:\/\/www.dallassymphony.org\/wp-content\/uploads\/2024\/07\/chairmansdinner.82-18x12.jpg 18w, https:\/\/www.dallassymphony.org\/wp-content\/uploads\/2024\/07\/chairmansdinner.82-309x206.jpg 309w, https:\/\/www.dallassymphony.org\/wp-content\/uploads\/2024\/07\/chairmansdinner.82-350x234.jpg 350w\" sizes=\"auto, (max-width: 540px) 100vw, 540px\" \/>\t\t\t<\/div>\n\n\t\t\t<div class=\"subpage-nav__text\">\n\t\t\t\t<p>Donaci\u00f3n de legado<\/p>\n\t\t\t<\/div>\n\t\t<\/a>\n\t<\/div>\n<\/div>\n<div class=\"col-6\">\n\t<div class=\"subpage-nav__card\">\n\t\t<a href=\"https:\/\/www.dallassymphony.org\/es\/support-volunteer\/ways-to-give\/corporate-giving\/\">\n\t\t\t<div class=\"subpage-nav__img-wrapper\">\n\t\t\t\t<img loading=\"lazy\" decoding=\"async\" width=\"540\" height=\"360\" src=\"https:\/\/www.dallassymphony.org\/wp-content\/uploads\/2023\/06\/dsohksbrunch-27-540x360.jpg\" class=\"img-fluid wp-post-image\" alt=\"\" srcset=\"https:\/\/www.dallassymphony.org\/wp-content\/uploads\/2023\/06\/dsohksbrunch-27-540x360.jpg 540w, https:\/\/www.dallassymphony.org\/wp-content\/uploads\/2023\/06\/dsohksbrunch-27-300x200.jpg 300w, https:\/\/www.dallassymphony.org\/wp-content\/uploads\/2023\/06\/dsohksbrunch-27-1024x683.jpg 1024w, https:\/\/www.dallassymphony.org\/wp-content\/uploads\/2023\/06\/dsohksbrunch-27-768x512.jpg 768w, https:\/\/www.dallassymphony.org\/wp-content\/uploads\/2023\/06\/dsohksbrunch-27-1536x1024.jpg 1536w, https:\/\/www.dallassymphony.org\/wp-content\/uploads\/2023\/06\/dsohksbrunch-27-2048x1365.jpg 2048w, https:\/\/www.dallassymphony.org\/wp-content\/uploads\/2023\/06\/dsohksbrunch-27-18x12.jpg 18w, https:\/\/www.dallassymphony.org\/wp-content\/uploads\/2023\/06\/dsohksbrunch-27-309x206.jpg 309w, https:\/\/www.dallassymphony.org\/wp-content\/uploads\/2023\/06\/dsohksbrunch-27-350x234.jpg 350w\" sizes=\"auto, (max-width: 540px) 100vw, 540px\" \/>\t\t\t<\/div>\n\n\t\t\t<div class=\"subpage-nav__text\">\n\t\t\t\t<p>Donaciones de empresas<\/p>\n\t\t\t<\/div>\n\t\t<\/a>\n\t<\/div>\n<\/div>\n<div class=\"col-6\">\n\t<div class=\"subpage-nav__card\">\n\t\t<a href=\"https:\/\/www.dallassymphony.org\/es\/support-volunteer\/ways-to-give\/foundation-government-giving\/\">\n\t\t\t<div class=\"subpage-nav__img-wrapper\">\n\t\t\t\t<img loading=\"lazy\" decoding=\"async\" width=\"540\" height=\"360\" src=\"https:\/\/www.dallassymphony.org\/wp-content\/uploads\/2020\/11\/Foundation-and-Government-Giving-540x360.jpg\" class=\"img-fluid wp-post-image\" alt=\"la actuaci\u00f3n del d\u00eda de la conmemoraci\u00f3n de la DSO en Flag Pole Hill\" srcset=\"https:\/\/www.dallassymphony.org\/wp-content\/uploads\/2020\/11\/Foundation-and-Government-Giving-540x360.jpg 540w, https:\/\/www.dallassymphony.org\/wp-content\/uploads\/2020\/11\/Foundation-and-Government-Giving-16x12.jpg 16w, https:\/\/www.dallassymphony.org\/wp-content\/uploads\/2020\/11\/Foundation-and-Government-Giving-309x206.jpg 309w\" sizes=\"auto, (max-width: 540px) 100vw, 540px\" \/>\t\t\t<\/div>\n\n\t\t\t<div class=\"subpage-nav__text\">\n\t\t\t\t<p>Fundaci\u00f3n y donaciones del gobierno<\/p>\n\t\t\t<\/div>\n\t\t<\/a>\n\t<\/div>\n<\/div>\n\t\t<\/div>\n\t<\/div>\n<\/div>\n\n\n<div class=\"text-img text-img--left\">\n\t<div class=\"container\">\n\t\t<div class=\"row\">\n\t\t\t<div class=\"col-lg-12\">\n\t\t\t\t<div class=\"text-img__wrapper\">\n\t\t\t\t\t<h1>Regalos \u00fanicos<\/h1>\n\n                    <img loading=\"lazy\" decoding=\"async\" width=\"666\" height=\"375\" src=\"https:\/\/www.dallassymphony.org\/wp-content\/uploads\/2021\/04\/Young-Musicians-Dec-2019-Concert-1600x900-1-666x375.jpg\" class=\"d-xl-none d-block\" alt=\"\" srcset=\"https:\/\/www.dallassymphony.org\/wp-content\/uploads\/2021\/04\/Young-Musicians-Dec-2019-Concert-1600x900-1-666x375.jpg 666w, https:\/\/www.dallassymphony.org\/wp-content\/uploads\/2021\/04\/Young-Musicians-Dec-2019-Concert-1600x900-1-300x169.jpg 300w, https:\/\/www.dallassymphony.org\/wp-content\/uploads\/2021\/04\/Young-Musicians-Dec-2019-Concert-1600x900-1-1024x576.jpg 1024w, https:\/\/www.dallassymphony.org\/wp-content\/uploads\/2021\/04\/Young-Musicians-Dec-2019-Concert-1600x900-1-768x432.jpg 768w, https:\/\/www.dallassymphony.org\/wp-content\/uploads\/2021\/04\/Young-Musicians-Dec-2019-Concert-1600x900-1-1536x864.jpg 1536w, https:\/\/www.dallassymphony.org\/wp-content\/uploads\/2021\/04\/Young-Musicians-Dec-2019-Concert-1600x900-1-16x9.jpg 16w, https:\/\/www.dallassymphony.org\/wp-content\/uploads\/2021\/04\/Young-Musicians-Dec-2019-Concert-1600x900-1-388x218.jpg 388w, https:\/\/www.dallassymphony.org\/wp-content\/uploads\/2021\/04\/Young-Musicians-Dec-2019-Concert-1600x900-1-540x303.jpg 540w, https:\/\/www.dallassymphony.org\/wp-content\/uploads\/2021\/04\/Young-Musicians-Dec-2019-Concert-1600x900-1-735x413.jpg 735w, https:\/\/www.dallassymphony.org\/wp-content\/uploads\/2021\/04\/Young-Musicians-Dec-2019-Concert-1600x900-1.jpg 1600w\" sizes=\"auto, (max-width: 666px) 100vw, 666px\" \/>\n\t\t\t\t\t<p>Haga una donaci\u00f3n \u00fanica para apoyar nuestras iniciativas comunitarias y educativas a trav\u00e9s de nuestra sencilla herramienta de donaci\u00f3n con un solo clic.<\/p>\n\n                    \t\t\t\t\t<a class=\"a-hover\" href=\"https:\/\/secure.dallassymphony.org\/donate\/q\/donate-now\" >Dona ahora<\/a>\n                    \n                <\/div>\n                <img loading=\"lazy\" decoding=\"async\" width=\"1600\" height=\"900\" src=\"https:\/\/www.dallassymphony.org\/wp-content\/uploads\/2021\/04\/Young-Musicians-Dec-2019-Concert-1600x900-1-1600x900.jpg\" class=\"d-none d-xl-block\" alt=\"\" srcset=\"https:\/\/www.dallassymphony.org\/wp-content\/uploads\/2021\/04\/Young-Musicians-Dec-2019-Concert-1600x900-1.jpg 1600w, https:\/\/www.dallassymphony.org\/wp-content\/uploads\/2021\/04\/Young-Musicians-Dec-2019-Concert-1600x900-1-300x169.jpg 300w, https:\/\/www.dallassymphony.org\/wp-content\/uploads\/2021\/04\/Young-Musicians-Dec-2019-Concert-1600x900-1-1024x576.jpg 1024w, https:\/\/www.dallassymphony.org\/wp-content\/uploads\/2021\/04\/Young-Musicians-Dec-2019-Concert-1600x900-1-768x432.jpg 768w, https:\/\/www.dallassymphony.org\/wp-content\/uploads\/2021\/04\/Young-Musicians-Dec-2019-Concert-1600x900-1-1536x864.jpg 1536w, https:\/\/www.dallassymphony.org\/wp-content\/uploads\/2021\/04\/Young-Musicians-Dec-2019-Concert-1600x900-1-16x9.jpg 16w, https:\/\/www.dallassymphony.org\/wp-content\/uploads\/2021\/04\/Young-Musicians-Dec-2019-Concert-1600x900-1-388x218.jpg 388w, https:\/\/www.dallassymphony.org\/wp-content\/uploads\/2021\/04\/Young-Musicians-Dec-2019-Concert-1600x900-1-540x303.jpg 540w, https:\/\/www.dallassymphony.org\/wp-content\/uploads\/2021\/04\/Young-Musicians-Dec-2019-Concert-1600x900-1-666x375.jpg 666w, https:\/\/www.dallassymphony.org\/wp-content\/uploads\/2021\/04\/Young-Musicians-Dec-2019-Concert-1600x900-1-735x413.jpg 735w\" sizes=\"auto, (max-width: 1600px) 100vw, 1600px\" \/>\t\t\t<\/div>\n\t\t<\/div>\n\t<\/div>\n<\/div>\n\n\n<div class=\"text-img text-img--right\">\n\t<div class=\"container\">\n\t\t<div class=\"row\">\n\t\t\t<div class=\"col-lg-12\">\n\t\t\t\t<div class=\"text-img__wrapper\">\n\t\t\t\t\t<h1>Regalos de homenaje<\/h1>\n\n                    <img loading=\"lazy\" decoding=\"async\" width=\"666\" height=\"375\" src=\"https:\/\/www.dallassymphony.org\/wp-content\/uploads\/2020\/11\/Tribute-Gifts-666x375.jpg\" class=\"d-xl-none d-block\" alt=\"familia en un concierto de la DSO\" srcset=\"https:\/\/www.dallassymphony.org\/wp-content\/uploads\/2020\/11\/Tribute-Gifts-666x375.jpg 666w, https:\/\/www.dallassymphony.org\/wp-content\/uploads\/2020\/11\/Tribute-Gifts-388x218.jpg 388w, https:\/\/www.dallassymphony.org\/wp-content\/uploads\/2020\/11\/Tribute-Gifts-540x303.jpg 540w, https:\/\/www.dallassymphony.org\/wp-content\/uploads\/2020\/11\/Tribute-Gifts-735x413.jpg 735w, https:\/\/www.dallassymphony.org\/wp-content\/uploads\/2020\/11\/Tribute-Gifts-768x432.jpg 768w, https:\/\/www.dallassymphony.org\/wp-content\/uploads\/2020\/11\/Tribute-Gifts-1600x900.jpg 1600w\" sizes=\"auto, (max-width: 666px) 100vw, 666px\" \/>\n\t\t\t\t\t<p>Su donaci\u00f3n se destinar\u00e1 al fondo de dotaci\u00f3n de la Orquesta Sinf\u00f3nica de Dallas, que garantizar\u00e1 que estas donaciones proporcionen una gran m\u00fasica orquestal a la pr\u00f3xima generaci\u00f3n de habitantes de Dallas.<\/p>\n\n                    \t\t\t\t\t<a class=\"a-hover\" href=\"https:\/\/secure.dallassymphony.org\/donate\/i\/tributegift\" >Aprende m\u00e1s.<\/a>\n                    \n                <\/div>\n                <img loading=\"lazy\" decoding=\"async\" width=\"1600\" height=\"900\" src=\"https:\/\/www.dallassymphony.org\/wp-content\/uploads\/2020\/11\/Tribute-Gifts-1600x900.jpg\" class=\"d-none d-xl-block ml-auto\" alt=\"familia en un concierto de la DSO\" srcset=\"https:\/\/www.dallassymphony.org\/wp-content\/uploads\/2020\/11\/Tribute-Gifts-1600x900.jpg 1600w, https:\/\/www.dallassymphony.org\/wp-content\/uploads\/2020\/11\/Tribute-Gifts-388x218.jpg 388w, https:\/\/www.dallassymphony.org\/wp-content\/uploads\/2020\/11\/Tribute-Gifts-540x303.jpg 540w, https:\/\/www.dallassymphony.org\/wp-content\/uploads\/2020\/11\/Tribute-Gifts-666x375.jpg 666w, https:\/\/www.dallassymphony.org\/wp-content\/uploads\/2020\/11\/Tribute-Gifts-735x413.jpg 735w, https:\/\/www.dallassymphony.org\/wp-content\/uploads\/2020\/11\/Tribute-Gifts-768x432.jpg 768w\" sizes=\"auto, (max-width: 1600px) 100vw, 1600px\" \/>\t\t\t<\/div>\n\t\t<\/div>\n\t<\/div>\n<\/div>\n\n\n<div class=\"video\">\n\t<div class=\"container\">\n\t\t<div class=\"row\">\n\t\t\t<div class=\"col-lg-12\">\n\t\t\t\t<div class=\"video__text-wrapper\">\n\t\t\t\t\t<h1>La perspectiva de un donante: La Comunidad DSO - Reanna Wilborn y Jacob Goodstein<\/h1>\n\t\t\t\t\t\t\t\t\t<\/div>\n\t\t\t<\/div>\n\t\t<\/div>\n\t<\/div>\n\n\t<div class=\"iframe-container\">\n\t\t<div class=\"video-overlay\">\n\t\t\t<button class=\"play-video\" data-trigger=\"video-d9f364342f6792829444c272cac6d3e6\">\n\t\t\t\t<svg xmlns=\"http:\/\/www.w3.org\/2000\/svg\" viewbox=\"0 0 23.967 23.967\">\n\t\t\t\t\t<defs>\n\t\t\t\t\t\t<style>\n\t\t\t\t\t\t\t.a {\n\t\t\t\t\t\t\t\tfill: none;\n\t\t\t\t\t\t\t}\n\t\t\t\t\t\t\t.b {\n\t\t\t\t\t\t\t\tfill: #10bff1;\n\t\t\t\t\t\t\t}\n\t\t\t\t\t\t<\/style>\n\t\t\t\t\t<\/defs>\n\t\t\t\t\t<path class=\"a\" d=\"M0,0H23.967V23.967H0Z\"\/>\n\t\t\t\t\t<path class=\"b\" d=\"M9.987,16.476l5.99-4.493L9.987,7.491ZM11.983,2a9.983,9.983,0,1,0,9.983,9.983A9.987,9.987,0,0,0,11.983,2Zm0,17.97a7.987,7.987,0,1,1,7.987-7.987A8,8,0,0,1,11.983,19.97Z\"\/>\n\n\t\t\t\t\t<g class=\"test-me\">\n\t\t\t\t\t\t<path class=\"a\" d=\"M0,0H23.967V23.967H0Z\"\/>\n\t\t\t\t\t\t<path class=\"b\" d=\"M9.987,16.476l5.99-4.493L9.987,7.491ZM11.983,2a9.983,9.983,0,1,0,9.983,9.983A9.987,9.987,0,0,0,11.983,2Zm0,17.97a7.987,7.987,0,1,1,7.987-7.987A8,8,0,0,1,11.983,19.97Z\"\/>\n\t\t\t\t\t<\/g>\n\t\t\t\t<\/svg>\n\t\t\t<\/button>\n\t\t<\/div>\n\n\t\t<iframe mozallowfullscreen webkitallowfullscreen allowfullscreen class=\"responsive-iframe\" data-target=\"video-d9f364342f6792829444c272cac6d3e6\" src=\"https:\/\/player.vimeo.com\/video\/708550411?mute=1&#038;loop=1\"><\/iframe>\n\t<\/div>\n\n    <div class=\"container\">\n        <div class=\"row\">\n            <div class=\"col-lg-12 d-flex flex-column justify-content-end\">\n                <div class=\"d-flex justify-content-end video-optional-link\">\n                    <a class=\"ml-auto\" href=\"https:\/\/www.dallassymphony.org\/es\/discover-connect\/\">\n                        <span class=\"a-styles a-hover\">NAVEGAR TODOS LOS VIDEOS<\/span>\n                    <\/a>\n                <\/div>\n                            <\/div>\n        <\/div>\n    <\/div>\n\n\t<div class=\"left-grad\"><\/div>\n\t<div class=\"right-grad\"><\/div>\n<\/div>\n\n\n<div class=\"text-img text-img--left\">\n\t<div class=\"container\">\n\t\t<div class=\"row\">\n\t\t\t<div class=\"col-lg-12\">\n\t\t\t\t<div class=\"text-img__wrapper\">\n\t\t\t\t\t<h1>Asumir un compromiso significativo<\/h1>\n\n                    <img loading=\"lazy\" decoding=\"async\" width=\"666\" height=\"375\" src=\"https:\/\/www.dallassymphony.org\/wp-content\/uploads\/2020\/11\/Planned-Gifts-666x375.jpg\" class=\"d-xl-none d-block\" alt=\"ross y margot perot\" srcset=\"https:\/\/www.dallassymphony.org\/wp-content\/uploads\/2020\/11\/Planned-Gifts-666x375.jpg 666w, https:\/\/www.dallassymphony.org\/wp-content\/uploads\/2020\/11\/Planned-Gifts-388x218.jpg 388w, https:\/\/www.dallassymphony.org\/wp-content\/uploads\/2020\/11\/Planned-Gifts-540x303.jpg 540w, https:\/\/www.dallassymphony.org\/wp-content\/uploads\/2020\/11\/Planned-Gifts-735x413.jpg 735w, https:\/\/www.dallassymphony.org\/wp-content\/uploads\/2020\/11\/Planned-Gifts-768x432.jpg 768w, https:\/\/www.dallassymphony.org\/wp-content\/uploads\/2020\/11\/Planned-Gifts-1600x900.jpg 1600w\" sizes=\"auto, (max-width: 666px) 100vw, 666px\" \/>\n\t\t\t\t\t<p>Las donaciones planificadas al DSO permiten al donante comprometerse en vida a apoyar a la orquesta de manera significativa cuando pueda disfrutar de los beneficios de esta futura inversi\u00f3n.<\/p>\n\n                    \t\t\t\t\t<a class=\"a-hover\" href=\"https:\/\/mydso.planmygift.org\/\" target=\"_blank\" rel=\"noopener\">Planificar mi regalo<\/a>\n                    \n                <\/div>\n                <img loading=\"lazy\" decoding=\"async\" width=\"1600\" height=\"900\" src=\"https:\/\/www.dallassymphony.org\/wp-content\/uploads\/2020\/11\/Planned-Gifts-1600x900.jpg\" class=\"d-none d-xl-block\" alt=\"ross y margot perot\" srcset=\"https:\/\/www.dallassymphony.org\/wp-content\/uploads\/2020\/11\/Planned-Gifts-1600x900.jpg 1600w, https:\/\/www.dallassymphony.org\/wp-content\/uploads\/2020\/11\/Planned-Gifts-388x218.jpg 388w, https:\/\/www.dallassymphony.org\/wp-content\/uploads\/2020\/11\/Planned-Gifts-540x303.jpg 540w, https:\/\/www.dallassymphony.org\/wp-content\/uploads\/2020\/11\/Planned-Gifts-666x375.jpg 666w, https:\/\/www.dallassymphony.org\/wp-content\/uploads\/2020\/11\/Planned-Gifts-735x413.jpg 735w, https:\/\/www.dallassymphony.org\/wp-content\/uploads\/2020\/11\/Planned-Gifts-768x432.jpg 768w\" sizes=\"auto, (max-width: 1600px) 100vw, 1600px\" \/>\t\t\t<\/div>\n\t\t<\/div>\n\t<\/div>\n<\/div>\n\n\n<div class=\"cta-content-highlight\">\n    <img loading=\"lazy\" decoding=\"async\" width=\"1600\" height=\"1076\" src=\"https:\/\/www.dallassymphony.org\/wp-content\/uploads\/2020\/11\/Young-Strings-Lobby-Performance-1600-x-1076-1.jpg\" class=\"cta__bg-img\" alt=\"La actuaci\u00f3n del lobby de j\u00f3venes cuerdas de la DSO\" srcset=\"https:\/\/www.dallassymphony.org\/wp-content\/uploads\/2020\/11\/Young-Strings-Lobby-Performance-1600-x-1076-1.jpg 1600w, https:\/\/www.dallassymphony.org\/wp-content\/uploads\/2020\/11\/Young-Strings-Lobby-Performance-1600-x-1076-1-300x202.jpg 300w, https:\/\/www.dallassymphony.org\/wp-content\/uploads\/2020\/11\/Young-Strings-Lobby-Performance-1600-x-1076-1-1024x689.jpg 1024w, https:\/\/www.dallassymphony.org\/wp-content\/uploads\/2020\/11\/Young-Strings-Lobby-Performance-1600-x-1076-1-768x516.jpg 768w, https:\/\/www.dallassymphony.org\/wp-content\/uploads\/2020\/11\/Young-Strings-Lobby-Performance-1600-x-1076-1-1536x1033.jpg 1536w, https:\/\/www.dallassymphony.org\/wp-content\/uploads\/2020\/11\/Young-Strings-Lobby-Performance-1600-x-1076-1-16x12.jpg 16w\" sizes=\"auto, (max-width: 1600px) 100vw, 1600px\" \/>\n\t<div class=\"container bottom-container\">\n\t\t<div class=\"row no-gutters\">\n\t\t\t\n\t\t\t<div class=\"col-md-7 offset-md-1\">\n\t\t\t\t<div class=\"cta__text-overlay\">\n\t\t\t\t\t<h4>Apoyar el DSO<\/h4>\n\n\t\t\t\t\t<p>Haga una donaci\u00f3n \u00fanica para apoyar nuestras iniciativas comunitarias y educativas a trav\u00e9s de nuestra sencilla herramienta de donaci\u00f3n con un solo clic.<\/p>\n\n                    \t\t\t\t\t<a class=\"a-hover\" href=\"https:\/\/secure.dallassymphony.org\/donate\/q\/donate-now?promo=270986\">Dona ahora<\/a>\n                    \t\t\t\t<\/div>\n\t\t\t<\/div>\n\t\t\t\t\t\t<div class=\"col-md-3  d-sm-none d-md-flex\">\n\t\t\t\t<div class=\"blk-bg-grad-left\"><\/div>\n\t\t\t<\/div>\n\t\t\t\t\t<\/div>\n\t<\/div>\n<\/div>","protected":false},"excerpt":{"rendered":"<p>Su apoyo hace posible actuaciones de primera clase, programas educativos e iniciativas de alcance comunitario. Desde donaciones individuales y corporativas a donaciones de legado y donaciones \u00fanicas, hay muchas maneras de dejar huella. <\/p>","protected":false},"author":3,"featured_media":28100,"parent":630,"menu_order":0,"comment_status":"closed","ping_status":"closed","template":"","meta":{"_acf_changed":false,"footnotes":""},"class_list":["post-27888","page","type-page","status-publish","has-post-thumbnail","hentry"],"acf":[],"_links":{"self":[{"href":"https:\/\/www.dallassymphony.org\/es\/wp-json\/wp\/v2\/pages\/27888","targetHints":{"allow":["GET"]}}],"collection":[{"href":"https:\/\/www.dallassymphony.org\/es\/wp-json\/wp\/v2\/pages"}],"about":[{"href":"https:\/\/www.dallassymphony.org\/es\/wp-json\/wp\/v2\/types\/page"}],"author":[{"embeddable":true,"href":"https:\/\/www.dallassymphony.org\/es\/wp-json\/wp\/v2\/users\/3"}],"replies":[{"embeddable":true,"href":"https:\/\/www.dallassymphony.org\/es\/wp-json\/wp\/v2\/comments?post=27888"}],"version-history":[{"count":0,"href":"https:\/\/www.dallassymphony.org\/es\/wp-json\/wp\/v2\/pages\/27888\/revisions"}],"up":[{"embeddable":true,"href":"https:\/\/www.dallassymphony.org\/es\/wp-json\/wp\/v2\/pages\/630"}],"wp:featuredmedia":[{"embeddable":true,"href":"https:\/\/www.dallassymphony.org\/es\/wp-json\/wp\/v2\/media\/28100"}],"wp:attachment":[{"href":"https:\/\/www.dallassymphony.org\/es\/wp-json\/wp\/v2\/media?parent=27888"}],"curies":[{"name":"wp","href":"https:\/\/api.w.org\/{rel}","templated":true}]}}