{"id":18969,"date":"2024-04-04T17:59:15","date_gmt":"2024-04-04T22:59:15","guid":{"rendered":"https:\/\/www.dallassymphony.org\/?page_id=18969"},"modified":"2025-06-13T10:59:47","modified_gmt":"2025-06-13T15:59:47","slug":"registration-for-young-musicians","status":"publish","type":"page","link":"https:\/\/www.dallassymphony.org\/es\/registration-for-young-musicians\/","title":{"rendered":"Inscripci\u00f3n para j\u00f3venes m\u00fasicos"},"content":{"rendered":"<div class=\"wp-block-columns are-vertically-aligned-center is-layout-flex wp-container-core-columns-is-layout-9d6595d7 wp-block-columns-is-layout-flex\">\n<div class=\"wp-block-column is-vertically-aligned-center is-layout-flow wp-block-column-is-layout-flow\"><div class=\"wp-block-image\">\n<figure class=\"aligncenter size-large is-resized\"><img loading=\"lazy\" decoding=\"async\" width=\"1024\" height=\"341\" src=\"https:\/\/www.dallassymphony.org\/wp-content\/uploads\/2024\/04\/White-Minimalist-Simple-Aesthetic-Name-Twitter-Header-1024x341.png\" alt=\"\" class=\"wp-image-20069\" style=\"width:1140px\" srcset=\"https:\/\/www.dallassymphony.org\/wp-content\/uploads\/2024\/04\/White-Minimalist-Simple-Aesthetic-Name-Twitter-Header-1024x341.png 1024w, https:\/\/www.dallassymphony.org\/wp-content\/uploads\/2024\/04\/White-Minimalist-Simple-Aesthetic-Name-Twitter-Header-300x100.png 300w, https:\/\/www.dallassymphony.org\/wp-content\/uploads\/2024\/04\/White-Minimalist-Simple-Aesthetic-Name-Twitter-Header-768x256.png 768w, https:\/\/www.dallassymphony.org\/wp-content\/uploads\/2024\/04\/White-Minimalist-Simple-Aesthetic-Name-Twitter-Header-18x6.png 18w, https:\/\/www.dallassymphony.org\/wp-content\/uploads\/2024\/04\/White-Minimalist-Simple-Aesthetic-Name-Twitter-Header.png 1500w\" sizes=\"auto, (max-width: 1024px) 100vw, 1024px\" \/><\/figure>\n<\/div><\/div>\n<\/div>\n\n\n<div class=\"richtext m-spacer\">\n\t<div class=\"container\">\n\t\t<div class=\"row\">\n\t\t\t<div class=\"col-10\">\n\t\t\t\t\n\n<h1 class=\"wp-block-heading\" style=\"font-size:43px\">\u00a1Bienvenidos, actuales y futuros J\u00f3venes M\u00fasicos!<\/h1>\n\n\n\n<p>Estamos encantados de que est\u00e9s interesado en unirte a nuestro programa. A continuaci\u00f3n encontrar\u00e1 m\u00e1s informaci\u00f3n sobre la inscripci\u00f3n, la programaci\u00f3n y las fechas importantes.<\/p>\n\n\n\t\t\t<\/div>\n\t\t<\/div>\n\t<\/div>\n\n<\/div>\n\n\n<div class=\"richtext m-spacer\">\n\t<div class=\"container\">\n\t\t<div class=\"row\">\n\t\t\t<div class=\"col-10\">\n\t\t\t\t\n\n<h3 class=\"wp-block-heading\" style=\"font-size:32px\">2025\/26 Inscripci\u00f3n J\u00f3venes M\u00fasicos<\/h3>\n\n\n\n<p>Fechas de oto\u00f1o: Martes, 26 de agosto de 2025 - Jueves, 11 de diciembre de 2025\u00a0<br>Fechas de la primavera: 6 de enero de 2026 - 7 de mayo de 2026\u00a0<\/p>\n\n\n\n<div class=\"wp-block-buttons is-layout-flex wp-block-buttons-is-layout-flex\">\n<div class=\"wp-block-button\"><a class=\"wp-block-button__link has-white-color has-text-color has-background wp-element-button\" href=\"https:\/\/airtable.com\/appOZVY6TKqzun7Ai\/pagWqFK714Sz0ZZpA\/form\" style=\"border-radius:5px;background-color:#00205b\" target=\"_blank\" rel=\"noopener\"><strong>Reg\u00edstrese aqu\u00ed<\/strong><\/a><\/div>\n<\/div>\n\n\n\n<div style=\"height:40px\" aria-hidden=\"true\" class=\"wp-block-spacer\"><\/div>\n\n\n\n<p>Si tiene preguntas, env\u00ede un correo electr\u00f3nico a <a href=\"mailto:youngmusicians@dalsym.com\">youngmusicians@dalsym.com<\/a>.<\/p>\n\n\n\t\t\t<\/div>\n\t\t<\/div>\n\t<\/div>\n\n<\/div>","protected":false},"excerpt":{"rendered":"<p>\u00a1Bienvenidos, actuales y futuros J\u00f3venes M\u00fasicos! Estamos encantados de que est\u00e9s interesado en unirte a nuestro programa. A continuaci\u00f3n encontrar\u00e1s m\u00e1s informaci\u00f3n sobre inscripciones, horarios y fechas importantes.<\/p>","protected":false},"author":16,"featured_media":0,"parent":0,"menu_order":0,"comment_status":"closed","ping_status":"closed","template":"","meta":{"_acf_changed":false,"footnotes":""},"class_list":["post-18969","page","type-page","status-publish","hentry"],"acf":[],"_links":{"self":[{"href":"https:\/\/www.dallassymphony.org\/es\/wp-json\/wp\/v2\/pages\/18969","targetHints":{"allow":["GET"]}}],"collection":[{"href":"https:\/\/www.dallassymphony.org\/es\/wp-json\/wp\/v2\/pages"}],"about":[{"href":"https:\/\/www.dallassymphony.org\/es\/wp-json\/wp\/v2\/types\/page"}],"author":[{"embeddable":true,"href":"https:\/\/www.dallassymphony.org\/es\/wp-json\/wp\/v2\/users\/16"}],"replies":[{"embeddable":true,"href":"https:\/\/www.dallassymphony.org\/es\/wp-json\/wp\/v2\/comments?post=18969"}],"version-history":[{"count":0,"href":"https:\/\/www.dallassymphony.org\/es\/wp-json\/wp\/v2\/pages\/18969\/revisions"}],"wp:attachment":[{"href":"https:\/\/www.dallassymphony.org\/es\/wp-json\/wp\/v2\/media?parent=18969"}],"curies":[{"name":"wp","href":"https:\/\/api.w.org\/{rel}","templated":true}]}}