{"id":15113,"date":"2023-10-17T18:03:02","date_gmt":"2023-10-17T23:03:02","guid":{"rendered":"https:\/\/www.dallassymphony.org\/?page_id=15113"},"modified":"2025-11-25T12:57:25","modified_gmt":"2025-11-25T18:57:25","slug":"concerts-at-the-shirley-bill-mcintyre-park","status":"publish","type":"page","link":"https:\/\/www.dallassymphony.org\/es\/community-education\/in-the-community\/concerts-at-the-shirley-bill-mcintyre-park\/","title":{"rendered":"Conciertos en el Parque Shirley &amp; Bill McIntyre"},"content":{"rendered":"<div\n\tclass=\"subpage__hero bg-black\">\n\n\t<div class=\"img__wrapper d-none d-lg-block\" style=\"background: url(https:\/\/www.dallassymphony.org\/wp-content\/uploads\/2023\/10\/dso-9.13.2021-74-scaled.jpg) top right\/cover no-repeat\"><\/div>\n\n\n\t<div class=\"content__wrapper\">\n\n\t\t<ul class=\"breadcrumbs text-white\">\n\t\t\t<ul class=\"breadcrumbs\">\n    \t<li class=\"breadcrumb__link\">\n\t\t<a class=\"a-hover\" href=\"https:\/\/www.dallassymphony.org\/es\/\">Inicio<\/a>\n\t<\/li>\n    \t<li class=\"breadcrumb__link a-styles\">\n\t\t<a class=\"a-hover\" href=\"https:\/\/www.dallassymphony.org\/es\/community-education\/\">Educaci\u00f3n y Comunidad<\/a>\n\t<\/li>\n    \t<li class=\"breadcrumb__link a-styles\">\n\t\t<a class=\"a-hover\" href=\"https:\/\/www.dallassymphony.org\/es\/community-education\/in-the-community\/\">Participaci\u00f3n comunitaria<\/a>\n\t<\/li>\n    <\/ul>\n\t\t<\/ul>\n\n\t\t<h1 class=\"text-white\">Conciertos en el Parque Shirley &amp; Bill McIntyre<\/h1>\n\n\t\t<img loading=\"lazy\" decoding=\"async\" width=\"2560\" height=\"1707\" src=\"https:\/\/www.dallassymphony.org\/wp-content\/uploads\/2023\/10\/dso-9.13.2021-74-scaled.jpg\" class=\"d-block d-lg-none w-100\" alt=\"\" srcset=\"https:\/\/www.dallassymphony.org\/wp-content\/uploads\/2023\/10\/dso-9.13.2021-74-scaled.jpg 2560w, https:\/\/www.dallassymphony.org\/wp-content\/uploads\/2023\/10\/dso-9.13.2021-74-300x200.jpg 300w, https:\/\/www.dallassymphony.org\/wp-content\/uploads\/2023\/10\/dso-9.13.2021-74-1024x683.jpg 1024w, https:\/\/www.dallassymphony.org\/wp-content\/uploads\/2023\/10\/dso-9.13.2021-74-768x512.jpg 768w, https:\/\/www.dallassymphony.org\/wp-content\/uploads\/2023\/10\/dso-9.13.2021-74-1536x1024.jpg 1536w, https:\/\/www.dallassymphony.org\/wp-content\/uploads\/2023\/10\/dso-9.13.2021-74-2048x1365.jpg 2048w, https:\/\/www.dallassymphony.org\/wp-content\/uploads\/2023\/10\/dso-9.13.2021-74-18x12.jpg 18w, https:\/\/www.dallassymphony.org\/wp-content\/uploads\/2023\/10\/dso-9.13.2021-74-309x206.jpg 309w, https:\/\/www.dallassymphony.org\/wp-content\/uploads\/2023\/10\/dso-9.13.2021-74-350x234.jpg 350w, https:\/\/www.dallassymphony.org\/wp-content\/uploads\/2023\/10\/dso-9.13.2021-74-540x360.jpg 540w\" sizes=\"auto, (max-width: 2560px) 100vw, 2560px\" \/>\n\t\t<div class=\"text-blue-3 sans__reg-18\"><p>Los habitantes de Dallas podr\u00e1n disfrutar de m\u00fasica cl\u00e1sica y experiencias educativas en McIntyre Park durante todo el a\u00f1o.<\/p>\n<\/div>\n\n                <a href=\"\" class=\"a-hover text-white\"><\/a>\n        \t<\/div>\n<\/div>\n\n<div class=\"richtext m-spacer\">\n\t<div class=\"container\">\n\t\t<div class=\"row\">\n\t\t\t<div class=\"col-10\">\n\t\t\t\t\n\n<p>La DSO ofrecer\u00e1 conciertos de m\u00fasica de c\u00e1mara en el parque, as\u00ed como actividades educativas pr\u00e1cticas, como zool\u00f3gicos interactivos con instrumentos y otras demostraciones. Busque a la DSO en McIntyre Park el tercer jueves y domingo de cada mes. En caso de inclemencias meteorol\u00f3gicas, los conciertos se trasladan al vest\u00edbulo del Meyerson Symphony Center.<\/p>\n\n\n\n<p><strong>Los conciertos en el Parque Shirley &amp; Bill McIntyre cuentan con el generoso apoyo de Paula Lambert<\/strong>.<\/p>\n\n\n<div class=\"dso__accordion m-spacer\">\n    <div class=\"container\">\n        <div class=\"row\">\n            <div class=\"col-lg-12\">\n                <div class=\"accordion__intro-wrapper\">\n                    <h1>Programar<\/h1>\n                    <p><\/p>\n                <\/div>\n            <\/div>\n        <\/div>\n\t\t<div class=\"row\">\n\t\t\t<div class=\"col-md-10 offset-md-1\">\n\t\t\t\t<div class=\"accordion\" id=\"accordion-d41d8cd98f00b204e9800998ecf8427e\">\n\t\t\t\t\t<div class=\"card\">\n\t<button id=\"heading429a1ba4aebb9e4ef51daea118e4f7c4\" class=\"dso__accordion-toggle\" type=\"button\" data-toggle=\"collapse\" data-target=\"#collapse429a1ba4aebb9e4ef51daea118e4f7c4\" aria-expanded=\"false\" aria-controls=\"collapse429a1ba4aebb9e4ef51daea118e4f7c4\">\n\t\tJueves, 18 de septiembre de 2025 | 17.00-18.00 horas\t\t<span class=\"plus-sign\">\n            <svg xmlns=\"http:\/\/www.w3.org\/2000\/svg\" width=\"25\" height=\"25\" viewbox=\"0 0 25 25\">\n                <g transform=\"translate(211.054 -145.186) rotate(135)\"><rect width=\"25\" height=\"3\" transform=\"translate(242.001 36.678) rotate(-45)\"\/><rect width=\"25\" height=\"3\" transform=\"translate(244.12 19) rotate(45)\"\/><\/g>\n            <\/svg>\n        <\/span>\n\t<\/button>\n\n\t<div id=\"collapse429a1ba4aebb9e4ef51daea118e4f7c4\" class=\"collapse\" aria-labelledby=\"heading429a1ba4aebb9e4ef51daea118e4f7c4\" data-parent=\"#accordion-d41d8cd98f00b204e9800998ecf8427e\">\n\t\t<div class=\"card-body\">\n\t\t\t<p><strong>Programa<\/strong>: Concierto de c\u00e1mara<\/p>\n\t\t<\/div>\n\t<\/div>\n<\/div><div class=\"card\">\n\t<button id=\"headingac58bee2325e1a9571fc1dfd7bb3095e\" class=\"dso__accordion-toggle\" type=\"button\" data-toggle=\"collapse\" data-target=\"#collapseac58bee2325e1a9571fc1dfd7bb3095e\" aria-expanded=\"false\" aria-controls=\"collapseac58bee2325e1a9571fc1dfd7bb3095e\">\n\t\tDomingo, 21 de septiembre de 2025 | 10.00-12.00 horas\t\t<span class=\"plus-sign\">\n            <svg xmlns=\"http:\/\/www.w3.org\/2000\/svg\" width=\"25\" height=\"25\" viewbox=\"0 0 25 25\">\n                <g transform=\"translate(211.054 -145.186) rotate(135)\"><rect width=\"25\" height=\"3\" transform=\"translate(242.001 36.678) rotate(-45)\"\/><rect width=\"25\" height=\"3\" transform=\"translate(244.12 19) rotate(45)\"\/><\/g>\n            <\/svg>\n        <\/span>\n\t<\/button>\n\n\t<div id=\"collapseac58bee2325e1a9571fc1dfd7bb3095e\" class=\"collapse\" aria-labelledby=\"headingac58bee2325e1a9571fc1dfd7bb3095e\" data-parent=\"#accordion-d41d8cd98f00b204e9800998ecf8427e\">\n\t\t<div class=\"card-body\">\n\t\t\t<p><strong>Programa:\u00a0<\/strong>Parque zool\u00f3gico de instrumentos<\/p>\n\t\t<\/div>\n\t<\/div>\n<\/div><div class=\"card\">\n\t<button id=\"heading3bd21c22204125bda9c22892d5c73189\" class=\"dso__accordion-toggle\" type=\"button\" data-toggle=\"collapse\" data-target=\"#collapse3bd21c22204125bda9c22892d5c73189\" aria-expanded=\"false\" aria-controls=\"collapse3bd21c22204125bda9c22892d5c73189\">\n\t\tJueves, 16 de octubre de 2025 | 17.00-18.00 horas\t\t<span class=\"plus-sign\">\n            <svg xmlns=\"http:\/\/www.w3.org\/2000\/svg\" width=\"25\" height=\"25\" viewbox=\"0 0 25 25\">\n                <g transform=\"translate(211.054 -145.186) rotate(135)\"><rect width=\"25\" height=\"3\" transform=\"translate(242.001 36.678) rotate(-45)\"\/><rect width=\"25\" height=\"3\" transform=\"translate(244.12 19) rotate(45)\"\/><\/g>\n            <\/svg>\n        <\/span>\n\t<\/button>\n\n\t<div id=\"collapse3bd21c22204125bda9c22892d5c73189\" class=\"collapse\" aria-labelledby=\"heading3bd21c22204125bda9c22892d5c73189\" data-parent=\"#accordion-d41d8cd98f00b204e9800998ecf8427e\">\n\t\t<div class=\"card-body\">\n\t\t\t<p><strong>Programa<\/strong>: Concierto de c\u00e1mara<\/p>\n\t\t<\/div>\n\t<\/div>\n<\/div><div class=\"card\">\n\t<button id=\"heading605f0cdd09f689543f20c968df58f989\" class=\"dso__accordion-toggle\" type=\"button\" data-toggle=\"collapse\" data-target=\"#collapse605f0cdd09f689543f20c968df58f989\" aria-expanded=\"false\" aria-controls=\"collapse605f0cdd09f689543f20c968df58f989\">\n\t\tDomingo, 19 de octubre de 2025 | 10h-12h\t\t<span class=\"plus-sign\">\n            <svg xmlns=\"http:\/\/www.w3.org\/2000\/svg\" width=\"25\" height=\"25\" viewbox=\"0 0 25 25\">\n                <g transform=\"translate(211.054 -145.186) rotate(135)\"><rect width=\"25\" height=\"3\" transform=\"translate(242.001 36.678) rotate(-45)\"\/><rect width=\"25\" height=\"3\" transform=\"translate(244.12 19) rotate(45)\"\/><\/g>\n            <\/svg>\n        <\/span>\n\t<\/button>\n\n\t<div id=\"collapse605f0cdd09f689543f20c968df58f989\" class=\"collapse\" aria-labelledby=\"heading605f0cdd09f689543f20c968df58f989\" data-parent=\"#accordion-d41d8cd98f00b204e9800998ecf8427e\">\n\t\t<div class=\"card-body\">\n\t\t\t<p><strong>Programa:\u00a0<\/strong>Parque zool\u00f3gico de instrumentos<\/p>\n\t\t<\/div>\n\t<\/div>\n<\/div><div class=\"card\">\n\t<button id=\"headingb13de25b0e817752f28c1558f8d4d1d0\" class=\"dso__accordion-toggle\" type=\"button\" data-toggle=\"collapse\" data-target=\"#collapseb13de25b0e817752f28c1558f8d4d1d0\" aria-expanded=\"false\" aria-controls=\"collapseb13de25b0e817752f28c1558f8d4d1d0\">\n\t\tDomingo, 16 de noviembre de 2025 | 10.00-12.00 horas\t\t<span class=\"plus-sign\">\n            <svg xmlns=\"http:\/\/www.w3.org\/2000\/svg\" width=\"25\" height=\"25\" viewbox=\"0 0 25 25\">\n                <g transform=\"translate(211.054 -145.186) rotate(135)\"><rect width=\"25\" height=\"3\" transform=\"translate(242.001 36.678) rotate(-45)\"\/><rect width=\"25\" height=\"3\" transform=\"translate(244.12 19) rotate(45)\"\/><\/g>\n            <\/svg>\n        <\/span>\n\t<\/button>\n\n\t<div id=\"collapseb13de25b0e817752f28c1558f8d4d1d0\" class=\"collapse\" aria-labelledby=\"headingb13de25b0e817752f28c1558f8d4d1d0\" data-parent=\"#accordion-d41d8cd98f00b204e9800998ecf8427e\">\n\t\t<div class=\"card-body\">\n\t\t\t<p><strong>Programa:\u00a0<\/strong>Parque zool\u00f3gico de instrumentos<\/p>\n\t\t<\/div>\n\t<\/div>\n<\/div><div class=\"card\">\n\t<button id=\"headingc3743e1ed3db2d85d5b90ec5522245d8\" class=\"dso__accordion-toggle\" type=\"button\" data-toggle=\"collapse\" data-target=\"#collapsec3743e1ed3db2d85d5b90ec5522245d8\" aria-expanded=\"false\" aria-controls=\"collapsec3743e1ed3db2d85d5b90ec5522245d8\">\n\t\tJueves, 20 de noviembre de 2025 | 17.00-18.00 horas\t\t<span class=\"plus-sign\">\n            <svg xmlns=\"http:\/\/www.w3.org\/2000\/svg\" width=\"25\" height=\"25\" viewbox=\"0 0 25 25\">\n                <g transform=\"translate(211.054 -145.186) rotate(135)\"><rect width=\"25\" height=\"3\" transform=\"translate(242.001 36.678) rotate(-45)\"\/><rect width=\"25\" height=\"3\" transform=\"translate(244.12 19) rotate(45)\"\/><\/g>\n            <\/svg>\n        <\/span>\n\t<\/button>\n\n\t<div id=\"collapsec3743e1ed3db2d85d5b90ec5522245d8\" class=\"collapse\" aria-labelledby=\"headingc3743e1ed3db2d85d5b90ec5522245d8\" data-parent=\"#accordion-d41d8cd98f00b204e9800998ecf8427e\">\n\t\t<div class=\"card-body\">\n\t\t\t<p><strong>Programa<\/strong>: Concierto de c\u00e1mara<\/p>\n\t\t<\/div>\n\t<\/div>\n<\/div><div class=\"card\">\n\t<button id=\"headingf831a02c6b2f3f67a13069fa67d13721\" class=\"dso__accordion-toggle\" type=\"button\" data-toggle=\"collapse\" data-target=\"#collapsef831a02c6b2f3f67a13069fa67d13721\" aria-expanded=\"false\" aria-controls=\"collapsef831a02c6b2f3f67a13069fa67d13721\">\n\t\tJueves, 18 de diciembre de 2025 | 17.00-18.00 horas\t\t<span class=\"plus-sign\">\n            <svg xmlns=\"http:\/\/www.w3.org\/2000\/svg\" width=\"25\" height=\"25\" viewbox=\"0 0 25 25\">\n                <g transform=\"translate(211.054 -145.186) rotate(135)\"><rect width=\"25\" height=\"3\" transform=\"translate(242.001 36.678) rotate(-45)\"\/><rect width=\"25\" height=\"3\" transform=\"translate(244.12 19) rotate(45)\"\/><\/g>\n            <\/svg>\n        <\/span>\n\t<\/button>\n\n\t<div id=\"collapsef831a02c6b2f3f67a13069fa67d13721\" class=\"collapse\" aria-labelledby=\"headingf831a02c6b2f3f67a13069fa67d13721\" data-parent=\"#accordion-d41d8cd98f00b204e9800998ecf8427e\">\n\t\t<div class=\"card-body\">\n\t\t\t<p><strong>Programa<\/strong>: Concierto de c\u00e1mara<\/p>\n\t\t<\/div>\n\t<\/div>\n<\/div><div class=\"card\">\n\t<button id=\"headinge5bb9fdcafece262a72d730c96067ae1\" class=\"dso__accordion-toggle\" type=\"button\" data-toggle=\"collapse\" data-target=\"#collapsee5bb9fdcafece262a72d730c96067ae1\" aria-expanded=\"false\" aria-controls=\"collapsee5bb9fdcafece262a72d730c96067ae1\">\n\t\tDomingo, 15 de marzo de 2026 | 10.00-12.00 horas\t\t<span class=\"plus-sign\">\n            <svg xmlns=\"http:\/\/www.w3.org\/2000\/svg\" width=\"25\" height=\"25\" viewbox=\"0 0 25 25\">\n                <g transform=\"translate(211.054 -145.186) rotate(135)\"><rect width=\"25\" height=\"3\" transform=\"translate(242.001 36.678) rotate(-45)\"\/><rect width=\"25\" height=\"3\" transform=\"translate(244.12 19) rotate(45)\"\/><\/g>\n            <\/svg>\n        <\/span>\n\t<\/button>\n\n\t<div id=\"collapsee5bb9fdcafece262a72d730c96067ae1\" class=\"collapse\" aria-labelledby=\"headinge5bb9fdcafece262a72d730c96067ae1\" data-parent=\"#accordion-d41d8cd98f00b204e9800998ecf8427e\">\n\t\t<div class=\"card-body\">\n\t\t\t<p><strong>Programa:\u00a0<\/strong>Parque zool\u00f3gico de instrumentos<\/p>\n\t\t<\/div>\n\t<\/div>\n<\/div><div class=\"card\">\n\t<button id=\"headingfe5d7d8c7b63c9f914fc2a6d95ba4549\" class=\"dso__accordion-toggle\" type=\"button\" data-toggle=\"collapse\" data-target=\"#collapsefe5d7d8c7b63c9f914fc2a6d95ba4549\" aria-expanded=\"false\" aria-controls=\"collapsefe5d7d8c7b63c9f914fc2a6d95ba4549\">\n\t\tJueves, 19 de marzo de 2026 | 17h-18h\t\t<span class=\"plus-sign\">\n            <svg xmlns=\"http:\/\/www.w3.org\/2000\/svg\" width=\"25\" height=\"25\" viewbox=\"0 0 25 25\">\n                <g transform=\"translate(211.054 -145.186) rotate(135)\"><rect width=\"25\" height=\"3\" transform=\"translate(242.001 36.678) rotate(-45)\"\/><rect width=\"25\" height=\"3\" transform=\"translate(244.12 19) rotate(45)\"\/><\/g>\n            <\/svg>\n        <\/span>\n\t<\/button>\n\n\t<div id=\"collapsefe5d7d8c7b63c9f914fc2a6d95ba4549\" class=\"collapse\" aria-labelledby=\"headingfe5d7d8c7b63c9f914fc2a6d95ba4549\" data-parent=\"#accordion-d41d8cd98f00b204e9800998ecf8427e\">\n\t\t<div class=\"card-body\">\n\t\t\t<p><strong>Programa<\/strong>: Concierto de c\u00e1mara<\/p>\n\t\t<\/div>\n\t<\/div>\n<\/div><div class=\"card\">\n\t<button id=\"headingd0488c75f0181c06f50dc78096a9ab16\" class=\"dso__accordion-toggle\" type=\"button\" data-toggle=\"collapse\" data-target=\"#collapsed0488c75f0181c06f50dc78096a9ab16\" aria-expanded=\"false\" aria-controls=\"collapsed0488c75f0181c06f50dc78096a9ab16\">\n\t\tJueves, 16 de abril de 2026 | 17h-18h\t\t<span class=\"plus-sign\">\n            <svg xmlns=\"http:\/\/www.w3.org\/2000\/svg\" width=\"25\" height=\"25\" viewbox=\"0 0 25 25\">\n                <g transform=\"translate(211.054 -145.186) rotate(135)\"><rect width=\"25\" height=\"3\" transform=\"translate(242.001 36.678) rotate(-45)\"\/><rect width=\"25\" height=\"3\" transform=\"translate(244.12 19) rotate(45)\"\/><\/g>\n            <\/svg>\n        <\/span>\n\t<\/button>\n\n\t<div id=\"collapsed0488c75f0181c06f50dc78096a9ab16\" class=\"collapse\" aria-labelledby=\"headingd0488c75f0181c06f50dc78096a9ab16\" data-parent=\"#accordion-d41d8cd98f00b204e9800998ecf8427e\">\n\t\t<div class=\"card-body\">\n\t\t\t<p><strong>Programa<\/strong>: Concierto de c\u00e1mara<\/p>\n\t\t<\/div>\n\t<\/div>\n<\/div><div class=\"card\">\n\t<button id=\"headingb5c96ca26a90be6ce3d199aa6075e99f\" class=\"dso__accordion-toggle\" type=\"button\" data-toggle=\"collapse\" data-target=\"#collapseb5c96ca26a90be6ce3d199aa6075e99f\" aria-expanded=\"false\" aria-controls=\"collapseb5c96ca26a90be6ce3d199aa6075e99f\">\n\t\tDomingo, 19 de abril de 2026 | 10.00-12.00 horas\t\t<span class=\"plus-sign\">\n            <svg xmlns=\"http:\/\/www.w3.org\/2000\/svg\" width=\"25\" height=\"25\" viewbox=\"0 0 25 25\">\n                <g transform=\"translate(211.054 -145.186) rotate(135)\"><rect width=\"25\" height=\"3\" transform=\"translate(242.001 36.678) rotate(-45)\"\/><rect width=\"25\" height=\"3\" transform=\"translate(244.12 19) rotate(45)\"\/><\/g>\n            <\/svg>\n        <\/span>\n\t<\/button>\n\n\t<div id=\"collapseb5c96ca26a90be6ce3d199aa6075e99f\" class=\"collapse\" aria-labelledby=\"headingb5c96ca26a90be6ce3d199aa6075e99f\" data-parent=\"#accordion-d41d8cd98f00b204e9800998ecf8427e\">\n\t\t<div class=\"card-body\">\n\t\t\t<p><strong>Programa:\u00a0<\/strong>Parque zool\u00f3gico de instrumentos<\/p>\n\t\t<\/div>\n\t<\/div>\n<\/div><div class=\"card\">\n\t<button id=\"heading019e70825acbffeaf30195573689d410\" class=\"dso__accordion-toggle\" type=\"button\" data-toggle=\"collapse\" data-target=\"#collapse019e70825acbffeaf30195573689d410\" aria-expanded=\"false\" aria-controls=\"collapse019e70825acbffeaf30195573689d410\">\n\t\tDomingo, 17 de mayo de 2026 | 10.00-12.00 horas\t\t<span class=\"plus-sign\">\n            <svg xmlns=\"http:\/\/www.w3.org\/2000\/svg\" width=\"25\" height=\"25\" viewbox=\"0 0 25 25\">\n                <g transform=\"translate(211.054 -145.186) rotate(135)\"><rect width=\"25\" height=\"3\" transform=\"translate(242.001 36.678) rotate(-45)\"\/><rect width=\"25\" height=\"3\" transform=\"translate(244.12 19) rotate(45)\"\/><\/g>\n            <\/svg>\n        <\/span>\n\t<\/button>\n\n\t<div id=\"collapse019e70825acbffeaf30195573689d410\" class=\"collapse\" aria-labelledby=\"heading019e70825acbffeaf30195573689d410\" data-parent=\"#accordion-d41d8cd98f00b204e9800998ecf8427e\">\n\t\t<div class=\"card-body\">\n\t\t\t<p><strong>Programa:\u00a0<\/strong>Parque zool\u00f3gico de instrumentos<\/p>\n\t\t<\/div>\n\t<\/div>\n<\/div><div class=\"card\">\n\t<button id=\"heading3b83406e54c82cbb4c9d7fcd5f05226b\" class=\"dso__accordion-toggle\" type=\"button\" data-toggle=\"collapse\" data-target=\"#collapse3b83406e54c82cbb4c9d7fcd5f05226b\" aria-expanded=\"false\" aria-controls=\"collapse3b83406e54c82cbb4c9d7fcd5f05226b\">\n\t\tJueves, 21 de mayo de 2026 | 17h-18h\t\t<span class=\"plus-sign\">\n            <svg xmlns=\"http:\/\/www.w3.org\/2000\/svg\" width=\"25\" height=\"25\" viewbox=\"0 0 25 25\">\n                <g transform=\"translate(211.054 -145.186) rotate(135)\"><rect width=\"25\" height=\"3\" transform=\"translate(242.001 36.678) rotate(-45)\"\/><rect width=\"25\" height=\"3\" transform=\"translate(244.12 19) rotate(45)\"\/><\/g>\n            <\/svg>\n        <\/span>\n\t<\/button>\n\n\t<div id=\"collapse3b83406e54c82cbb4c9d7fcd5f05226b\" class=\"collapse\" aria-labelledby=\"heading3b83406e54c82cbb4c9d7fcd5f05226b\" data-parent=\"#accordion-d41d8cd98f00b204e9800998ecf8427e\">\n\t\t<div class=\"card-body\">\n\t\t\t<p><strong>Programa<\/strong>: Concierto de c\u00e1mara<\/p>\n\t\t<\/div>\n\t<\/div>\n<\/div>\t\t\t\t<\/div>\n\t\t\t<\/div>\n\t\t<\/div>\n\t<\/div>\n<\/div>\n\n\n\n<h2 class=\"wp-block-heading\">Obtenga m\u00e1s informaci\u00f3n sobre las iniciativas comunitarias de la DSO y apoye hoy mismo los futuros programas de parques.<\/h2>\n\n\n\n<div class=\"wp-block-buttons is-layout-flex wp-block-buttons-is-layout-flex\">\n<div class=\"wp-block-button\"><a class=\"wp-block-button__link has-white-color has-text-color has-background wp-element-button\" href=\"https:\/\/give.dallassymphony.org\/donate\" style=\"border-radius:5px;background-color:#00205b\">DONAR AHORA<\/a><\/div>\n<\/div>\n\n\n\t\t\t<\/div>\n\t\t<\/div>\n\t<\/div>\n\n<\/div>\n\n\n<div class=\"cross-link m-spacer\">\n\t<div class=\"top-bg\"><\/div>\n\t<div class=\"container\">\n\t\t<div class=\"row\">\n\t\t\t<div class=\"col-lg-12\">\n\t\t\t\t<h1><\/h1>\n\t\t\t<\/div>\n\t\t<\/div>\n\t\t<div class=\"row\">\n\t\t\t<div class=\"col-md-3 col-6\">\n\t<div class=\"cl-card\">\n\t\t<a href=\"https:\/\/www.dallassymphony.org\/es\/community-education\/\">\n\t\t\t<div class=\"cl-card__img-wrapper\">\n                <img loading=\"lazy\" decoding=\"async\" width=\"266\" height=\"169\" src=\"https:\/\/www.dallassymphony.org\/wp-content\/uploads\/2020\/11\/my-dso-53-266x169.jpg\" class=\"d-block w-100 wp-post-image\" alt=\"La DSO ofrece educaci\u00f3n musical y programaci\u00f3n especial.\" \/>\t\t\t<\/div>\n\n\t\t\t<div class=\"cl-card__text\">\n\t\t\t\t<p>Educaci\u00f3n y Comunidad<\/p>\n\t\t\t<\/div>\n\t\t<\/a>\n\t<\/div>\n<\/div>\n<div class=\"col-md-3 col-6\">\n\t<div class=\"cl-card\">\n\t\t<a href=\"https:\/\/www.dallassymphony.org\/es\/community-education\/in-the-community\/symphony-in-the-city\/\">\n\t\t\t<div class=\"cl-card__img-wrapper\">\n                <img loading=\"lazy\" decoding=\"async\" width=\"266\" height=\"169\" src=\"https:\/\/www.dallassymphony.org\/wp-content\/uploads\/2024\/03\/Cypress-Waters-266x169.png\" class=\"d-block w-100 wp-post-image\" alt=\"\" srcset=\"https:\/\/www.dallassymphony.org\/wp-content\/uploads\/2024\/03\/Cypress-Waters-266x169.png 266w, https:\/\/www.dallassymphony.org\/wp-content\/uploads\/2024\/03\/Cypress-Waters-18x10.png 18w\" sizes=\"auto, (max-width: 266px) 100vw, 266px\" \/>\t\t\t<\/div>\n\n\t\t\t<div class=\"cl-card__text\">\n\t\t\t\t<p>Conciertos en los parques<\/p>\n\t\t\t<\/div>\n\t\t<\/a>\n\t<\/div>\n<\/div>\n<div class=\"col-md-3 col-6\">\n\t<div class=\"cl-card\">\n\t\t<a href=\"https:\/\/www.dallassymphony.org\/es\/community-education\/in-the-community\/dso-cares\/\">\n\t\t\t<div class=\"cl-card__img-wrapper\">\n                <img loading=\"lazy\" decoding=\"async\" width=\"266\" height=\"169\" src=\"https:\/\/www.dallassymphony.org\/wp-content\/uploads\/2022\/11\/IMG_5435-266x169.jpeg\" class=\"d-block w-100 wp-post-image\" alt=\"\" \/>\t\t\t<\/div>\n\n\t\t\t<div class=\"cl-card__text\">\n\t\t\t\t<p>DSO Cares<\/p>\n\t\t\t<\/div>\n\t\t<\/a>\n\t<\/div>\n<\/div>\n<div class=\"col-md-3 col-6\">\n\t<div class=\"cl-card\">\n\t\t<a href=\"https:\/\/www.dallassymphony.org\/es\/community-education\/in-the-community\/dso-on-the-go\/\">\n\t\t\t<div class=\"cl-card__img-wrapper\">\n                <img loading=\"lazy\" decoding=\"async\" width=\"266\" height=\"169\" src=\"https:\/\/www.dallassymphony.org\/wp-content\/uploads\/2020\/11\/dso-on-the-go.jpg-266x169.jpg\" class=\"d-block w-100 wp-post-image\" alt=\"Miembros de la DSO tocando en una iglesia como parte de la serie DSO On the Go\" \/>\t\t\t<\/div>\n\n\t\t\t<div class=\"cl-card__text\">\n\t\t\t\t<p>DSO en marcha<\/p>\n\t\t\t<\/div>\n\t\t<\/a>\n\t<\/div>\n<\/div>\n\t\t<\/div>\n\t<\/div>\n<\/div>","protected":false},"excerpt":{"rendered":"<p>Este oto\u00f1o, los habitantes de Dallas podr\u00e1n disfrutar de m\u00fasica cl\u00e1sica y experiencias educativas en McIntyre Park. La DSO ofrecer\u00e1 conciertos de m\u00fasica de c\u00e1mara en el parque, as\u00ed como actividades educativas pr\u00e1cticas, como zool\u00f3gicos interactivos con instrumentos y otras demostraciones.<\/p>","protected":false},"author":16,"featured_media":15115,"parent":608,"menu_order":0,"comment_status":"closed","ping_status":"closed","template":"","meta":{"_acf_changed":false,"footnotes":""},"class_list":["post-15113","page","type-page","status-publish","has-post-thumbnail","hentry"],"acf":[],"_links":{"self":[{"href":"https:\/\/www.dallassymphony.org\/es\/wp-json\/wp\/v2\/pages\/15113","targetHints":{"allow":["GET"]}}],"collection":[{"href":"https:\/\/www.dallassymphony.org\/es\/wp-json\/wp\/v2\/pages"}],"about":[{"href":"https:\/\/www.dallassymphony.org\/es\/wp-json\/wp\/v2\/types\/page"}],"author":[{"embeddable":true,"href":"https:\/\/www.dallassymphony.org\/es\/wp-json\/wp\/v2\/users\/16"}],"replies":[{"embeddable":true,"href":"https:\/\/www.dallassymphony.org\/es\/wp-json\/wp\/v2\/comments?post=15113"}],"version-history":[{"count":0,"href":"https:\/\/www.dallassymphony.org\/es\/wp-json\/wp\/v2\/pages\/15113\/revisions"}],"up":[{"embeddable":true,"href":"https:\/\/www.dallassymphony.org\/es\/wp-json\/wp\/v2\/pages\/608"}],"wp:featuredmedia":[{"embeddable":true,"href":"https:\/\/www.dallassymphony.org\/es\/wp-json\/wp\/v2\/media\/15115"}],"wp:attachment":[{"href":"https:\/\/www.dallassymphony.org\/es\/wp-json\/wp\/v2\/media?parent=15113"}],"curies":[{"name":"wp","href":"https:\/\/api.w.org\/{rel}","templated":true}]}}