{"id":14980,"date":"2023-10-09T14:44:12","date_gmt":"2023-10-09T19:44:12","guid":{"rendered":"https:\/\/www.dallassymphony.org\/?page_id=14980"},"modified":"2024-03-20T15:16:00","modified_gmt":"2024-03-20T20:16:00","slug":"symphony-sundays","status":"publish","type":"page","link":"https:\/\/www.dallassymphony.org\/es\/symphony-sundays\/","title":{"rendered":"Domingos sinf\u00f3nicos"},"content":{"rendered":"<div\n\tclass=\"subpage__hero bg-black\">\n\n\t<div class=\"img__wrapper d-none d-lg-block\" style=\"background: url(https:\/\/www.dallassymphony.org\/wp-content\/uploads\/2023\/10\/preview-4-1-scaled.jpg) top right\/cover no-repeat\"><\/div>\n\n\n\t<div class=\"content__wrapper\">\n\n\t\t<ul class=\"breadcrumbs text-white\">\n\t\t\t<ul class=\"breadcrumbs\">\n    \t<li class=\"breadcrumb__link\">\n\t\t<a class=\"a-hover\" href=\"https:\/\/www.dallassymphony.org\/es\/\">Inicio<\/a>\n\t<\/li>\n    <\/ul>\n\t\t<\/ul>\n\n\t\t<h1 class=\"text-white\">Domingos sinf\u00f3nicos en el Parque Klyde Warren<\/h1>\n\n\t\t<img loading=\"lazy\" decoding=\"async\" width=\"2560\" height=\"1707\" src=\"https:\/\/www.dallassymphony.org\/wp-content\/uploads\/2023\/10\/preview-4-1-scaled.jpg\" class=\"d-block d-lg-none w-100\" alt=\"\" srcset=\"https:\/\/www.dallassymphony.org\/wp-content\/uploads\/2023\/10\/preview-4-1-scaled.jpg 2560w, https:\/\/www.dallassymphony.org\/wp-content\/uploads\/2023\/10\/preview-4-1-300x200.jpg 300w, https:\/\/www.dallassymphony.org\/wp-content\/uploads\/2023\/10\/preview-4-1-1024x683.jpg 1024w, https:\/\/www.dallassymphony.org\/wp-content\/uploads\/2023\/10\/preview-4-1-768x512.jpg 768w, https:\/\/www.dallassymphony.org\/wp-content\/uploads\/2023\/10\/preview-4-1-1536x1024.jpg 1536w, https:\/\/www.dallassymphony.org\/wp-content\/uploads\/2023\/10\/preview-4-1-2048x1365.jpg 2048w, https:\/\/www.dallassymphony.org\/wp-content\/uploads\/2023\/10\/preview-4-1-18x12.jpg 18w, https:\/\/www.dallassymphony.org\/wp-content\/uploads\/2023\/10\/preview-4-1-309x206.jpg 309w, https:\/\/www.dallassymphony.org\/wp-content\/uploads\/2023\/10\/preview-4-1-350x234.jpg 350w, https:\/\/www.dallassymphony.org\/wp-content\/uploads\/2023\/10\/preview-4-1-540x360.jpg 540w\" sizes=\"auto, (max-width: 2560px) 100vw, 2560px\" \/>\n\t\t<div class=\"text-blue-3 sans__reg-18\"><p>\u00danase a los miembros de la Orquesta Sinf\u00f3nica de Dallas en el Parque Klyde Warren los domingos de oto\u00f1o e invierno. Disfrute de las canciones cl\u00e1sicas favoritas, los temas m\u00e1s queridos y las melod\u00edas m\u00e1s bailables en una hermosa celebraci\u00f3n musical al aire libre.<\/p>\n<\/div>\n\n                <a href=\"\" class=\"a-hover text-white\"><\/a>\n        \t<\/div>\n<\/div>\n\n<div class=\"richtext m-spacer\">\n\t<div class=\"container\">\n\t\t<div class=\"row\">\n\t\t\t<div class=\"col-10\">\n\t\t\t\t\n\n<p>La DSO se complace en presentar una nueva colaboraci\u00f3n con el Parque Klyde Warren, \"Domingos Sinf\u00f3nicos\". Durante tres domingos especiales de oto\u00f1o e invierno, la DSO interpretar\u00e1 m\u00fasica de c\u00e1mara para disfrute de los visitantes del parque.<\/p>\n\n\n\t\t\t<\/div>\n\t\t<\/div>\n\t<\/div>\n\n<\/div>\n\n\n<div class=\"dso__accordion m-spacer\">\n    <div class=\"container\">\n        <div class=\"row\">\n            <div class=\"col-lg-12\">\n                <div class=\"accordion__intro-wrapper\">\n                    <h1>Programar<\/h1>\n                    <p><\/p>\n                <\/div>\n            <\/div>\n        <\/div>\n\t\t<div class=\"row\">\n\t\t\t<div class=\"col-md-10 offset-md-1\">\n\t\t\t\t<div class=\"accordion\" id=\"accordion-d41d8cd98f00b204e9800998ecf8427e\">\n\t\t\t\t\t<div class=\"card\">\n\t<button id=\"headingb64c83a37dd346c3a164ddc3861aa9c1\" class=\"dso__accordion-toggle\" type=\"button\" data-toggle=\"collapse\" data-target=\"#collapseb64c83a37dd346c3a164ddc3861aa9c1\" aria-expanded=\"false\" aria-controls=\"collapseb64c83a37dd346c3a164ddc3861aa9c1\">\n\t\tDomingo, 21 de abril de 2024 | 13.00 horas\t\t<span class=\"plus-sign\">\n            <svg xmlns=\"http:\/\/www.w3.org\/2000\/svg\" width=\"25\" height=\"25\" viewbox=\"0 0 25 25\">\n                <g transform=\"translate(211.054 -145.186) rotate(135)\"><rect width=\"25\" height=\"3\" transform=\"translate(242.001 36.678) rotate(-45)\"\/><rect width=\"25\" height=\"3\" transform=\"translate(244.12 19) rotate(45)\"\/><\/g>\n            <\/svg>\n        <\/span>\n\t<\/button>\n\n\t<div id=\"collapseb64c83a37dd346c3a164ddc3861aa9c1\" class=\"collapse\" aria-labelledby=\"headingb64c83a37dd346c3a164ddc3861aa9c1\" data-parent=\"#accordion-d41d8cd98f00b204e9800998ecf8427e\">\n\t\t<div class=\"card-body\">\n\t\t\t<p><strong>Ubicaci\u00f3n:<\/strong> Parque Klyde Warren (Autopista Woodall Rodgers 2012)<br \/>\n<strong>Programa:<\/strong> Conjunto de percusi\u00f3n de Juventudes Musicales<\/p>\n\t\t<\/div>\n\t<\/div>\n<\/div><div class=\"card\">\n\t<button id=\"headingfada242ebe026d975a103faca8a7722c\" class=\"dso__accordion-toggle\" type=\"button\" data-toggle=\"collapse\" data-target=\"#collapsefada242ebe026d975a103faca8a7722c\" aria-expanded=\"false\" aria-controls=\"collapsefada242ebe026d975a103faca8a7722c\">\n\t\tDomingo, 21 de abril de 2024 | 18.00 horas\t\t<span class=\"plus-sign\">\n            <svg xmlns=\"http:\/\/www.w3.org\/2000\/svg\" width=\"25\" height=\"25\" viewbox=\"0 0 25 25\">\n                <g transform=\"translate(211.054 -145.186) rotate(135)\"><rect width=\"25\" height=\"3\" transform=\"translate(242.001 36.678) rotate(-45)\"\/><rect width=\"25\" height=\"3\" transform=\"translate(244.12 19) rotate(45)\"\/><\/g>\n            <\/svg>\n        <\/span>\n\t<\/button>\n\n\t<div id=\"collapsefada242ebe026d975a103faca8a7722c\" class=\"collapse\" aria-labelledby=\"headingfada242ebe026d975a103faca8a7722c\" data-parent=\"#accordion-d41d8cd98f00b204e9800998ecf8427e\">\n\t\t<div class=\"card-body\">\n\t\t\t<p><strong>Ubicaci\u00f3n:<\/strong> Parque Klyde Warren (Autopista Woodall Rodgers 2012)<br \/>\n<strong>Programa:<\/strong> Quinteto de viento de la DSO<\/p>\n\t\t<\/div>\n\t<\/div>\n<\/div><div class=\"card\">\n\t<button id=\"heading00021e0fcb3620a2ef30abe0cfc9ec35\" class=\"dso__accordion-toggle\" type=\"button\" data-toggle=\"collapse\" data-target=\"#collapse00021e0fcb3620a2ef30abe0cfc9ec35\" aria-expanded=\"false\" aria-controls=\"collapse00021e0fcb3620a2ef30abe0cfc9ec35\">\n\t\tDomingo, 19 de mayo de 2024 | 18.00 horas\t\t<span class=\"plus-sign\">\n            <svg xmlns=\"http:\/\/www.w3.org\/2000\/svg\" width=\"25\" height=\"25\" viewbox=\"0 0 25 25\">\n                <g transform=\"translate(211.054 -145.186) rotate(135)\"><rect width=\"25\" height=\"3\" transform=\"translate(242.001 36.678) rotate(-45)\"\/><rect width=\"25\" height=\"3\" transform=\"translate(244.12 19) rotate(45)\"\/><\/g>\n            <\/svg>\n        <\/span>\n\t<\/button>\n\n\t<div id=\"collapse00021e0fcb3620a2ef30abe0cfc9ec35\" class=\"collapse\" aria-labelledby=\"heading00021e0fcb3620a2ef30abe0cfc9ec35\" data-parent=\"#accordion-d41d8cd98f00b204e9800998ecf8427e\">\n\t\t<div class=\"card-body\">\n\t\t\t<p><strong>Ubicaci\u00f3n:<\/strong> Parque Klyde Warren (Autopista Woodall Rodgers 2012)<br \/>\n<strong>Programa:<\/strong> Quinteto de metales de la DSO<\/p>\n\t\t<\/div>\n\t<\/div>\n<\/div>\t\t\t\t<\/div>\n\t\t\t<\/div>\n\t\t<\/div>\n\t<\/div>\n<\/div>","protected":false},"excerpt":{"rendered":"<p>\u00danase a los miembros de la Orquesta Sinf\u00f3nica de Dallas en el Parque Klyde Warren los domingos de oto\u00f1o e invierno. Disfrute de las canciones cl\u00e1sicas favoritas, los temas m\u00e1s queridos y las melod\u00edas m\u00e1s bailables en una hermosa celebraci\u00f3n musical al aire libre.<\/p>","protected":false},"author":16,"featured_media":14816,"parent":0,"menu_order":0,"comment_status":"closed","ping_status":"closed","template":"","meta":{"_acf_changed":false,"footnotes":""},"class_list":["post-14980","page","type-page","status-publish","has-post-thumbnail","hentry"],"acf":[],"_links":{"self":[{"href":"https:\/\/www.dallassymphony.org\/es\/wp-json\/wp\/v2\/pages\/14980","targetHints":{"allow":["GET"]}}],"collection":[{"href":"https:\/\/www.dallassymphony.org\/es\/wp-json\/wp\/v2\/pages"}],"about":[{"href":"https:\/\/www.dallassymphony.org\/es\/wp-json\/wp\/v2\/types\/page"}],"author":[{"embeddable":true,"href":"https:\/\/www.dallassymphony.org\/es\/wp-json\/wp\/v2\/users\/16"}],"replies":[{"embeddable":true,"href":"https:\/\/www.dallassymphony.org\/es\/wp-json\/wp\/v2\/comments?post=14980"}],"version-history":[{"count":0,"href":"https:\/\/www.dallassymphony.org\/es\/wp-json\/wp\/v2\/pages\/14980\/revisions"}],"wp:featuredmedia":[{"embeddable":true,"href":"https:\/\/www.dallassymphony.org\/es\/wp-json\/wp\/v2\/media\/14816"}],"wp:attachment":[{"href":"https:\/\/www.dallassymphony.org\/es\/wp-json\/wp\/v2\/media?parent=14980"}],"curies":[{"name":"wp","href":"https:\/\/api.w.org\/{rel}","templated":true}]}}