{"id":14678,"date":"2023-09-26T13:34:29","date_gmt":"2023-09-26T18:34:29","guid":{"rendered":"https:\/\/www.dallassymphony.org\/?page_id=14678"},"modified":"2023-09-26T13:34:33","modified_gmt":"2023-09-26T18:34:33","slug":"coleridge-taylor-perkinson","status":"publish","type":"page","link":"https:\/\/www.dallassymphony.org\/es\/coleridge-taylor-perkinson\/","title":{"rendered":"Coleridge-Taylor Perkinson"},"content":{"rendered":"<div class=\"hero__no-img bg-blue-8\">\n\t<div class=\"container\">\n\t\t<div class=\"row\">\n\t\t\t<div class=\"col-md-10\">\n\n\t\t\t\t<ul class=\"breadcrumbs\">\n    \t<li class=\"breadcrumb__link\">\n\t\t<a class=\"a-hover\" href=\"https:\/\/www.dallassymphony.org\/es\/\">Inicio<\/a>\n\t<\/li>\n    <\/ul>\n\n                \t\t\t\t<h1>\n                    <span >Coleridge-Taylor Perkinson<\/span>\n                <\/h1>\n                \t\t\t<\/div>\n\t\t<\/div>\n\t<\/div>\n<\/div>\n\n\n<div class=\"text-img text-img--left\">\n\t<div class=\"container\">\n\t\t<div class=\"row\">\n\t\t\t<div class=\"col-lg-12\">\n\t\t\t\t<div class=\"text-img__wrapper\">\n\t\t\t\t\t<h1><\/h1>\n\n                    <img loading=\"lazy\" decoding=\"async\" width=\"666\" height=\"375\" src=\"https:\/\/www.dallassymphony.org\/wp-content\/uploads\/2023\/09\/Untitled-design-666x375.png\" class=\"d-xl-none d-block\" alt=\"\" srcset=\"https:\/\/www.dallassymphony.org\/wp-content\/uploads\/2023\/09\/Untitled-design-666x375.png 666w, https:\/\/www.dallassymphony.org\/wp-content\/uploads\/2023\/09\/Untitled-design-300x169.png 300w, https:\/\/www.dallassymphony.org\/wp-content\/uploads\/2023\/09\/Untitled-design-1024x576.png 1024w, https:\/\/www.dallassymphony.org\/wp-content\/uploads\/2023\/09\/Untitled-design-768x432.png 768w, https:\/\/www.dallassymphony.org\/wp-content\/uploads\/2023\/09\/Untitled-design-1536x864.png 1536w, https:\/\/www.dallassymphony.org\/wp-content\/uploads\/2023\/09\/Untitled-design-18x10.png 18w, https:\/\/www.dallassymphony.org\/wp-content\/uploads\/2023\/09\/Untitled-design-388x218.png 388w, https:\/\/www.dallassymphony.org\/wp-content\/uploads\/2023\/09\/Untitled-design-540x303.png 540w, https:\/\/www.dallassymphony.org\/wp-content\/uploads\/2023\/09\/Untitled-design-735x413.png 735w, https:\/\/www.dallassymphony.org\/wp-content\/uploads\/2023\/09\/Untitled-design.png 1600w\" sizes=\"auto, (max-width: 666px) 100vw, 666px\" \/>\n\t\t\t\t\t<h5><!-- wp:heading {\"level\":5} --><\/h5>\n<h5 id=\"h-dates\">FECHAS<\/h5>\n<p>Nacido en Manhattan, Nueva York, o (sin confirmar) en Winston-Salem, Carolina del Norte, el 14 de junio de 1932.<\/p>\n<h5 id=\"h-nationality\">NACIONALIDAD<\/h5>\n<p>Americano<\/p>\n<h5 id=\"h-style-period\">ESTILO\/PERIODO<\/h5>\n<p>Moderno 1920-Presente<\/p>\n<h5 id=\"h-famous-works\">OBRAS FAMOSAS<\/h5>\n<p><em>Louisiana Blues Strut, Sinfonietta no. 1 para cuerdas, Movimiento para tr\u00edo de cuerdas, The Junkies, Flashbulb<\/em><\/p>\n<p><!-- \/wp:heading --><\/p>\n\n                    \n                <\/div>\n                <img loading=\"lazy\" decoding=\"async\" width=\"1600\" height=\"900\" src=\"https:\/\/www.dallassymphony.org\/wp-content\/uploads\/2023\/09\/Untitled-design.png\" class=\"d-none d-xl-block\" alt=\"\" srcset=\"https:\/\/www.dallassymphony.org\/wp-content\/uploads\/2023\/09\/Untitled-design.png 1600w, https:\/\/www.dallassymphony.org\/wp-content\/uploads\/2023\/09\/Untitled-design-300x169.png 300w, https:\/\/www.dallassymphony.org\/wp-content\/uploads\/2023\/09\/Untitled-design-1024x576.png 1024w, https:\/\/www.dallassymphony.org\/wp-content\/uploads\/2023\/09\/Untitled-design-768x432.png 768w, https:\/\/www.dallassymphony.org\/wp-content\/uploads\/2023\/09\/Untitled-design-1536x864.png 1536w, https:\/\/www.dallassymphony.org\/wp-content\/uploads\/2023\/09\/Untitled-design-18x10.png 18w, https:\/\/www.dallassymphony.org\/wp-content\/uploads\/2023\/09\/Untitled-design-388x218.png 388w, https:\/\/www.dallassymphony.org\/wp-content\/uploads\/2023\/09\/Untitled-design-540x303.png 540w, https:\/\/www.dallassymphony.org\/wp-content\/uploads\/2023\/09\/Untitled-design-666x375.png 666w, https:\/\/www.dallassymphony.org\/wp-content\/uploads\/2023\/09\/Untitled-design-735x413.png 735w\" sizes=\"auto, (max-width: 1600px) 100vw, 1600px\" \/>\t\t\t<\/div>\n\t\t<\/div>\n\t<\/div>\n<\/div>\n\n\n\n<div style=\"height:100px\" aria-hidden=\"true\" class=\"wp-block-spacer\"><\/div>\n\n\n<div class=\"richtext m-spacer\">\n\t<div class=\"container\">\n\t\t<div class=\"row\">\n\t\t\t<div class=\"col-10\">\n\t\t\t\t\n\n<hr class=\"wp-block-separator has-css-opacity\"\/>\n\n\n\n<h3 class=\"wp-block-heading\" id=\"h-biography\">BIOGRAF\u00cdA<\/h3>\n\n\n\n<hr class=\"wp-block-separator has-css-opacity\"\/>\n\n\n\n<p>Coleridge-Taylor Perkinson (14 de junio de 1932, Manhattan, Nueva York o posiblemente (sin confirmar) Winston-Salem, Carolina del Norte - 9 de marzo de 2004, Chicago) naci\u00f3 de una madre musicalmente activa que le puso el nombre del compositor brit\u00e1nico negro Samuel Coleridge-Taylor. Estudi\u00f3 en la High School of Music and Art de Nueva York y prosigui\u00f3 sus estudios de composici\u00f3n en la Manhattan School of Music, donde obtuvo la licenciatura y el m\u00e1ster. All\u00ed comenz\u00f3 su inter\u00e9s por el jazz y la m\u00fasica popular fuera del mundo de la m\u00fasica cl\u00e1sica. Fue cofundador de la Sinfon\u00eda del Nuevo Mundo en 1965 y m\u00e1s tarde se convirti\u00f3 en su director musical. Sigui\u00f3 componiendo ballets y otras piezas que combinaban elementos del contrapunto cl\u00e1sico y del jazz y el blues mientras era director musical del Alvin Ailey American Dance Theater y del American Theater Lab de Jerome Robbins. Tambi\u00e9n compuso y dirigi\u00f3 m\u00fasica para televisi\u00f3n, teatro y documentales. <\/p>\n\n\n\t\t\t<\/div>\n\t\t<\/div>\n\t<\/div>\n\n<\/div>","protected":false},"excerpt":{"rendered":"<p>Coleridge-Taylor Perkinson (14 de junio de 1932, Manhattan, Nueva York o posiblemente (sin confirmar) Winston-Salem, Carolina del Norte - 9 de marzo de 2004, Chicago) naci\u00f3 de una madre musicalmente activa que le puso el nombre del compositor brit\u00e1nico negro Samuel Coleridge-Taylor. Estudi\u00f3 en la High School of Music and Art de Nueva York y prosigui\u00f3 sus estudios de composici\u00f3n en la Manhattan School of Music, donde obtuvo la licenciatura y el m\u00e1ster. All\u00ed comenz\u00f3 su inter\u00e9s por el jazz y la m\u00fasica popular fuera del mundo de la m\u00fasica cl\u00e1sica. <\/p>","protected":false},"author":38,"featured_media":14679,"parent":0,"menu_order":0,"comment_status":"closed","ping_status":"closed","template":"","meta":{"_acf_changed":false,"footnotes":""},"class_list":["post-14678","page","type-page","status-publish","has-post-thumbnail","hentry"],"acf":[],"_links":{"self":[{"href":"https:\/\/www.dallassymphony.org\/es\/wp-json\/wp\/v2\/pages\/14678","targetHints":{"allow":["GET"]}}],"collection":[{"href":"https:\/\/www.dallassymphony.org\/es\/wp-json\/wp\/v2\/pages"}],"about":[{"href":"https:\/\/www.dallassymphony.org\/es\/wp-json\/wp\/v2\/types\/page"}],"author":[{"embeddable":true,"href":"https:\/\/www.dallassymphony.org\/es\/wp-json\/wp\/v2\/users\/38"}],"replies":[{"embeddable":true,"href":"https:\/\/www.dallassymphony.org\/es\/wp-json\/wp\/v2\/comments?post=14678"}],"version-history":[{"count":0,"href":"https:\/\/www.dallassymphony.org\/es\/wp-json\/wp\/v2\/pages\/14678\/revisions"}],"wp:featuredmedia":[{"embeddable":true,"href":"https:\/\/www.dallassymphony.org\/es\/wp-json\/wp\/v2\/media\/14679"}],"wp:attachment":[{"href":"https:\/\/www.dallassymphony.org\/es\/wp-json\/wp\/v2\/media?parent=14678"}],"curies":[{"name":"wp","href":"https:\/\/api.w.org\/{rel}","templated":true}]}}