{"id":14670,"date":"2023-09-26T12:07:09","date_gmt":"2023-09-26T17:07:09","guid":{"rendered":"https:\/\/www.dallassymphony.org\/?page_id=14670"},"modified":"2023-09-26T12:07:12","modified_gmt":"2023-09-26T17:07:12","slug":"astor-piazzolla","status":"publish","type":"page","link":"https:\/\/www.dallassymphony.org\/es\/astor-piazzolla\/","title":{"rendered":"Astor Piazzolla"},"content":{"rendered":"<div class=\"hero__no-img bg-blue-8\">\n\t<div class=\"container\">\n\t\t<div class=\"row\">\n\t\t\t<div class=\"col-md-10\">\n\n\t\t\t\t<ul class=\"breadcrumbs\">\n    \t<li class=\"breadcrumb__link\">\n\t\t<a class=\"a-hover\" href=\"https:\/\/www.dallassymphony.org\/es\/\">Inicio<\/a>\n\t<\/li>\n    <\/ul>\n\n                \t\t\t\t<h1>\n                    <span >Astor Piazzolla<\/span>\n                <\/h1>\n                \t\t\t<\/div>\n\t\t<\/div>\n\t<\/div>\n<\/div>\n\n\n<div class=\"text-img text-img--left\">\n\t<div class=\"container\">\n\t\t<div class=\"row\">\n\t\t\t<div class=\"col-lg-12\">\n\t\t\t\t<div class=\"text-img__wrapper\">\n\t\t\t\t\t<h1><\/h1>\n\n                    <img loading=\"lazy\" decoding=\"async\" width=\"666\" height=\"375\" src=\"https:\/\/www.dallassymphony.org\/wp-content\/uploads\/2023\/09\/Astor-Piazolla-666x375.png\" class=\"d-xl-none d-block\" alt=\"\" srcset=\"https:\/\/www.dallassymphony.org\/wp-content\/uploads\/2023\/09\/Astor-Piazolla-666x375.png 666w, https:\/\/www.dallassymphony.org\/wp-content\/uploads\/2023\/09\/Astor-Piazolla-300x169.png 300w, https:\/\/www.dallassymphony.org\/wp-content\/uploads\/2023\/09\/Astor-Piazolla-1024x576.png 1024w, https:\/\/www.dallassymphony.org\/wp-content\/uploads\/2023\/09\/Astor-Piazolla-768x432.png 768w, https:\/\/www.dallassymphony.org\/wp-content\/uploads\/2023\/09\/Astor-Piazolla-1536x864.png 1536w, https:\/\/www.dallassymphony.org\/wp-content\/uploads\/2023\/09\/Astor-Piazolla-18x10.png 18w, https:\/\/www.dallassymphony.org\/wp-content\/uploads\/2023\/09\/Astor-Piazolla-388x218.png 388w, https:\/\/www.dallassymphony.org\/wp-content\/uploads\/2023\/09\/Astor-Piazolla-540x303.png 540w, https:\/\/www.dallassymphony.org\/wp-content\/uploads\/2023\/09\/Astor-Piazolla-735x413.png 735w, https:\/\/www.dallassymphony.org\/wp-content\/uploads\/2023\/09\/Astor-Piazolla.png 1600w\" sizes=\"auto, (max-width: 666px) 100vw, 666px\" \/>\n\t\t\t\t\t<h5><!-- wp:heading {\"level\":5} --><\/h5>\n<h5 id=\"h-dates\">FECHAS<\/h5>\n<p>Nacido en Argentina, 1921<\/p>\n<h5 id=\"h-nationality\">NACIONALIDAD<\/h5>\n<p>Argentina<\/p>\n<h5 id=\"h-style-period\">ESTILO\/PERIODO<\/h5>\n<p>Moderno 1920-Presente<\/p>\n<h5 id=\"h-famous-works\">OBRAS FAMOSAS<\/h5>\n<p><i>Libertango, Milonga Del Angel, Oblivion, Adi\u00f3s Nonino<\/i><\/p>\n<p><!-- \/wp:heading --><\/p>\n\n                    \n                <\/div>\n                <img loading=\"lazy\" decoding=\"async\" width=\"1600\" height=\"900\" src=\"https:\/\/www.dallassymphony.org\/wp-content\/uploads\/2023\/09\/Astor-Piazolla.png\" class=\"d-none d-xl-block\" alt=\"\" srcset=\"https:\/\/www.dallassymphony.org\/wp-content\/uploads\/2023\/09\/Astor-Piazolla.png 1600w, https:\/\/www.dallassymphony.org\/wp-content\/uploads\/2023\/09\/Astor-Piazolla-300x169.png 300w, https:\/\/www.dallassymphony.org\/wp-content\/uploads\/2023\/09\/Astor-Piazolla-1024x576.png 1024w, https:\/\/www.dallassymphony.org\/wp-content\/uploads\/2023\/09\/Astor-Piazolla-768x432.png 768w, https:\/\/www.dallassymphony.org\/wp-content\/uploads\/2023\/09\/Astor-Piazolla-1536x864.png 1536w, https:\/\/www.dallassymphony.org\/wp-content\/uploads\/2023\/09\/Astor-Piazolla-18x10.png 18w, https:\/\/www.dallassymphony.org\/wp-content\/uploads\/2023\/09\/Astor-Piazolla-388x218.png 388w, https:\/\/www.dallassymphony.org\/wp-content\/uploads\/2023\/09\/Astor-Piazolla-540x303.png 540w, https:\/\/www.dallassymphony.org\/wp-content\/uploads\/2023\/09\/Astor-Piazolla-666x375.png 666w, https:\/\/www.dallassymphony.org\/wp-content\/uploads\/2023\/09\/Astor-Piazolla-735x413.png 735w\" sizes=\"auto, (max-width: 1600px) 100vw, 1600px\" \/>\t\t\t<\/div>\n\t\t<\/div>\n\t<\/div>\n<\/div>\n\n\n<div class=\"richtext m-spacer\">\n\t<div class=\"container\">\n\t\t<div class=\"row\">\n\t\t\t<div class=\"col-10\">\n\t\t\t\t\n\n<hr class=\"wp-block-separator has-css-opacity\"\/>\n\n\n\n<h3 class=\"wp-block-heading\" id=\"h-biography\">BIOGRAF\u00cdA<\/h3>\n\n\n\n<hr class=\"wp-block-separator has-css-opacity\"\/>\n\n\n\n<p>Astor Piazzolla (1921-1992) naci\u00f3 en Argentina de padres inmigrantes italianos. Pas\u00f3 gran parte de su infancia en Nueva York y aprendi\u00f3 a cuidar de s\u00ed mismo en las peligrosas calles mientras sus padres trabajaban duro para mantenerle. Conoci\u00f3 la m\u00fasica cl\u00e1sica y el jazz, y de ni\u00f1o disfrutaba escuchando los discos de tango de su padre. Piazzolla compuso su primer tango en 1932 y empez\u00f3 a tomar clases de m\u00fasica ese mismo a\u00f1o. A los 17 a\u00f1os se traslad\u00f3 a Argentina y toc\u00f3 el bandone\u00f3n, un instrumento similar al acorde\u00f3n que se encuentra en los t\u00edpicos conjuntos de tango, en lo que se convertir\u00eda en una de las orquestas de tango m\u00e1s famosas del pa\u00eds. Continu\u00f3 haciendo arreglos y tocando el bandone\u00f3n o el piano en varias orquestas de tango, y estudi\u00f3 composici\u00f3n y orquestaci\u00f3n con Alberto Ginastera durante cinco a\u00f1os. Piazzolla gan\u00f3 un concurso de composici\u00f3n en 1953 en Buenos Aires que le permiti\u00f3 estudiar becado por el gobierno franc\u00e9s con la famosa compositora Nadia Boulanger en Par\u00eds. Al a\u00f1o siguiente, \u00e9l y su mujer dejaron a sus dos hijos en Argentina con sus padres y se trasladaron a Par\u00eds, donde estudi\u00f3 composici\u00f3n y contrapunto con Boulanger, una gran influencia en sus posteriores escritos sobre el tango. Se traslad\u00f3 entre Nueva York y Buenos Aires durante toda su vida adulta y cre\u00f3 varios conjuntos de tango all\u00e1 donde fue, entre los que se incluyen el Octeto Buenos Aires, el Jazz Tango Quintet, el Nuevo Octeto y el Conjunto9. Hoy es famoso por su estilo \u00fanico de composici\u00f3n, el Nuevo Tango, que es una fusi\u00f3n del tango tradicional con elementos del jazz, como armon\u00edas extendidas e improvisaci\u00f3n, y de la m\u00fasica cl\u00e1sica, como el uso de pasacalles o l\u00edneas de bajo repetidas.<\/p>\n\n\n\t\t\t<\/div>\n\t\t<\/div>\n\t<\/div>\n\n<\/div>","protected":false},"excerpt":{"rendered":"<p>Astor Piazzolla (1921-1992) naci\u00f3 en Argentina de padres inmigrantes italianos. Conoci\u00f3 la m\u00fasica cl\u00e1sica y el jazz, y de ni\u00f1o le gustaba escuchar los discos de tango de su padre. Piazzolla compuso su primer tango en 1932 y empez\u00f3 a tomar clases de m\u00fasica ese mismo a\u00f1o.<\/p>","protected":false},"author":16,"featured_media":14671,"parent":0,"menu_order":0,"comment_status":"closed","ping_status":"closed","template":"","meta":{"_acf_changed":false,"footnotes":""},"class_list":["post-14670","page","type-page","status-publish","has-post-thumbnail","hentry"],"acf":[],"_links":{"self":[{"href":"https:\/\/www.dallassymphony.org\/es\/wp-json\/wp\/v2\/pages\/14670","targetHints":{"allow":["GET"]}}],"collection":[{"href":"https:\/\/www.dallassymphony.org\/es\/wp-json\/wp\/v2\/pages"}],"about":[{"href":"https:\/\/www.dallassymphony.org\/es\/wp-json\/wp\/v2\/types\/page"}],"author":[{"embeddable":true,"href":"https:\/\/www.dallassymphony.org\/es\/wp-json\/wp\/v2\/users\/16"}],"replies":[{"embeddable":true,"href":"https:\/\/www.dallassymphony.org\/es\/wp-json\/wp\/v2\/comments?post=14670"}],"version-history":[{"count":0,"href":"https:\/\/www.dallassymphony.org\/es\/wp-json\/wp\/v2\/pages\/14670\/revisions"}],"wp:featuredmedia":[{"embeddable":true,"href":"https:\/\/www.dallassymphony.org\/es\/wp-json\/wp\/v2\/media\/14671"}],"wp:attachment":[{"href":"https:\/\/www.dallassymphony.org\/es\/wp-json\/wp\/v2\/media?parent=14670"}],"curies":[{"name":"wp","href":"https:\/\/api.w.org\/{rel}","templated":true}]}}