{"id":14112,"date":"2023-08-29T11:51:30","date_gmt":"2023-08-29T16:51:30","guid":{"rendered":"https:\/\/www.dallassymphony.org\/?page_id=14112"},"modified":"2023-09-27T17:45:43","modified_gmt":"2023-09-27T22:45:43","slug":"a-fireside-chat-with-adrian-anantawan-rsvp","status":"publish","type":"page","link":"https:\/\/www.dallassymphony.org\/es\/a-fireside-chat-with-adrian-anantawan-rsvp\/","title":{"rendered":"Charla con Adrian Anantawan RSVP"},"content":{"rendered":"<div class=\"hero__no-img bg-blue-8\">\n\t<div class=\"container\">\n\t\t<div class=\"row\">\n\t\t\t<div class=\"col-md-10\">\n\n\t\t\t\t<ul class=\"breadcrumbs\">\n    \t<li class=\"breadcrumb__link\">\n\t\t<a class=\"a-hover\" href=\"https:\/\/www.dallassymphony.org\/es\/\">Inicio<\/a>\n\t<\/li>\n    <\/ul>\n\n                \t\t\t\t<h1>\n                    <span >Charla con Adrian Anantawan RSVP<\/span>\n                <\/h1>\n                \t\t\t<\/div>\n\t\t<\/div>\n\t<\/div>\n<\/div>\n\n\n<div class=\"richtext m-spacer\">\n\t<div class=\"container\">\n\t\t<div class=\"row\">\n\t\t\t<div class=\"col-10\">\n\t\t\t\t\n\n<div class=\"wp-block-columns is-layout-flex wp-container-core-columns-is-layout-9d6595d7 wp-block-columns-is-layout-flex\">\n<div class=\"wp-block-column is-layout-flow wp-block-column-is-layout-flow\" style=\"flex-basis:45%\">\n<figure class=\"wp-block-image size-large is-style-default\"><img loading=\"lazy\" decoding=\"async\" width=\"721\" height=\"1024\" src=\"https:\/\/www.dallassymphony.org\/wp-content\/uploads\/2023\/09\/Fermata-Series-Email_Oct-2023-v05-09-18_1710x2430px-1-721x1024.jpg\" alt=\"\" class=\"wp-image-14628\" srcset=\"https:\/\/www.dallassymphony.org\/wp-content\/uploads\/2023\/09\/Fermata-Series-Email_Oct-2023-v05-09-18_1710x2430px-1-721x1024.jpg 721w, https:\/\/www.dallassymphony.org\/wp-content\/uploads\/2023\/09\/Fermata-Series-Email_Oct-2023-v05-09-18_1710x2430px-1-211x300.jpg 211w, https:\/\/www.dallassymphony.org\/wp-content\/uploads\/2023\/09\/Fermata-Series-Email_Oct-2023-v05-09-18_1710x2430px-1-768x1091.jpg 768w, https:\/\/www.dallassymphony.org\/wp-content\/uploads\/2023\/09\/Fermata-Series-Email_Oct-2023-v05-09-18_1710x2430px-1-1081x1536.jpg 1081w, https:\/\/www.dallassymphony.org\/wp-content\/uploads\/2023\/09\/Fermata-Series-Email_Oct-2023-v05-09-18_1710x2430px-1-1441x2048.jpg 1441w, https:\/\/www.dallassymphony.org\/wp-content\/uploads\/2023\/09\/Fermata-Series-Email_Oct-2023-v05-09-18_1710x2430px-1-8x12.jpg 8w, https:\/\/www.dallassymphony.org\/wp-content\/uploads\/2023\/09\/Fermata-Series-Email_Oct-2023-v05-09-18_1710x2430px-1-scaled.jpg 1802w\" sizes=\"auto, (max-width: 721px) 100vw, 721px\" \/><\/figure>\n<\/div>\n\n\n\n<div class=\"wp-block-column is-layout-flow wp-block-column-is-layout-flow\" style=\"flex-basis:66.66%\">\n<hr class=\"wp-block-separator has-alpha-channel-opacity\"\/>\n\n\n\n<h4 class=\"wp-block-heading\" id=\"h-the-fermata-speaker-series\">CICLO DE CONFERENCIAS FERMATA<\/h4>\n\n\n\n<h1 class=\"wp-block-heading\" id=\"h-a-fireside-chat-with-terence-blanchard\">Charla con Adrian Anantawan<\/h1>\n\n\n\n<hr class=\"wp-block-separator has-alpha-channel-opacity\"\/>\n\n\n\n<p><strong>6 de octubre | 17:30-18:30<\/strong><br>Centro Sinf\u00f3nico Meyerson<br>2301 Flora Street | Dallas, TX 75201<\/p>\n\n\n\n<p>\u00danase a la DSO en una edici\u00f3n especial de nuestro ciclo de conferencias Fermata para celebrar el Mes Nacional de Concienciaci\u00f3n sobre el Empleo de Discapacitados con el violinista invitado y defensor de los discapacitados Adrian Anantawan.<\/p>\n\n\n\n<p>Anantawan hablar\u00e1 de su trayectoria como discapacitado y compartir\u00e1 sus ideas sobre equidad, diversidad e inclusi\u00f3n con la moderadora Amy Bishop, presentadora de mediod\u00eda de WRR Classical 101.1 FM. Anantawan tambi\u00e9n interpretar\u00e1 algunos temas.<\/p>\n\n\n\n<p>Se trata de un acto gratuito y abierto a la comunidad.<\/p>\n\n\n\n<p>Para asistir, por favor, confirme su asistencia a trav\u00e9s del siguiente formulario.<\/p>\n<\/div>\n<\/div>\n\n\n\n\n\t\t\t<\/div>\n\t\t<\/div>\n\t<\/div>\n\n<\/div>","protected":false},"excerpt":{"rendered":"<p>\u00danase a la DSO para celebrar el Mes nacional de concienciaci\u00f3n sobre la discapacidad de los empleados. Este ciclo de conferencias de Fermata contar\u00e1 con la presencia del violinista Adrian Anantawan, que tiene una discapacidad f\u00edsica y es un defensor de los discapacitados. Hablar\u00e1 y actuar\u00e1.<\/p>","protected":false},"author":16,"featured_media":14628,"parent":0,"menu_order":0,"comment_status":"closed","ping_status":"closed","template":"","meta":{"_acf_changed":false,"footnotes":""},"class_list":["post-14112","page","type-page","status-publish","has-post-thumbnail","hentry"],"acf":[],"_links":{"self":[{"href":"https:\/\/www.dallassymphony.org\/es\/wp-json\/wp\/v2\/pages\/14112","targetHints":{"allow":["GET"]}}],"collection":[{"href":"https:\/\/www.dallassymphony.org\/es\/wp-json\/wp\/v2\/pages"}],"about":[{"href":"https:\/\/www.dallassymphony.org\/es\/wp-json\/wp\/v2\/types\/page"}],"author":[{"embeddable":true,"href":"https:\/\/www.dallassymphony.org\/es\/wp-json\/wp\/v2\/users\/16"}],"replies":[{"embeddable":true,"href":"https:\/\/www.dallassymphony.org\/es\/wp-json\/wp\/v2\/comments?post=14112"}],"version-history":[{"count":0,"href":"https:\/\/www.dallassymphony.org\/es\/wp-json\/wp\/v2\/pages\/14112\/revisions"}],"wp:featuredmedia":[{"embeddable":true,"href":"https:\/\/www.dallassymphony.org\/es\/wp-json\/wp\/v2\/media\/14628"}],"wp:attachment":[{"href":"https:\/\/www.dallassymphony.org\/es\/wp-json\/wp\/v2\/media?parent=14112"}],"curies":[{"name":"wp","href":"https:\/\/api.w.org\/{rel}","templated":true}]}}