{"id":13015,"date":"2023-06-23T00:44:35","date_gmt":"2023-06-23T05:44:35","guid":{"rendered":"https:\/\/www.dallassymphony.org\/?page_id=13015"},"modified":"2023-11-09T10:57:13","modified_gmt":"2023-11-09T16:57:13","slug":"pops","status":"publish","type":"page","link":"https:\/\/www.dallassymphony.org\/es\/pops\/","title":{"rendered":"Pops"},"content":{"rendered":"<div class=\"hero__no-img bg-blue-8\">\n\t<div class=\"container\">\n\t\t<div class=\"row\">\n\t\t\t<div class=\"col-md-10\">\n\n\t\t\t\t<ul class=\"breadcrumbs\">\n    \t<li class=\"breadcrumb__link\">\n\t\t<a class=\"a-hover\" href=\"https:\/\/www.dallassymphony.org\/es\/\">Inicio<\/a>\n\t<\/li>\n    <\/ul>\n\n                \t\t\t\t<h1>\n                    <span >Pops<\/span>\n                <\/h1>\n                \t\t\t<\/div>\n\t\t<\/div>\n\t<\/div>\n<\/div>\n\n\n    <div class=\"featured-concerts grad-to-left m-spacer\">\n        <div class=\"container-fluid\">\n            <div class=\"row\">\n                <div class=\"col-md-7 col-7 offset-md-1\">\n                    <h1 class=\"serif__elight-58-italic\"><\/h1>\n                <\/div>\n                <div class=\"col-md-4 col-5\">\n                    <div class=\"controls__wrapper\">\n                        <div class=\"slideshow__controls d-none d-lg-block\">\n                            <button class=\"controls__prev\"  data-button-id=\"71dacdc1058cee610f1cf1173b983ae4\">\n                                <svg xmlns=\"http:\/\/www.w3.org\/2000\/svg\" enable-background=\"new 0 0 24 24\" height=\"24\" viewbox=\"0 0 24 24\" width=\"24\">\n                                    <g><rect fill=\"none\" height=\"24\" width=\"24\"\/><path d=\"M12,4c4.41,0,8,3.59,8,8s-3.59,8-8,8s-8-3.59-8-8S7.59,4,12,4 M12,2C6.48,2,2,6.48,2,12c0,5.52,4.48,10,10,10 c5.52,0,10-4.48,10-10C22,6.48,17.52,2,12,2L12,2z M13,12l0-4h-2l0,4H8l4,4l4-4H13z\"\/><\/g>\n                                <\/svg>\n                            <\/button>\n                            <button class=\"controls__next\" data-button-id=\"71dacdc1058cee610f1cf1173b983ae4\">\n                                <svg xmlns=\"http:\/\/www.w3.org\/2000\/svg\" enable-background=\"new 0 0 24 24\" height=\"24\" viewbox=\"0 0 24 24\" width=\"24\">\n                                    <g><rect fill=\"none\" height=\"24\" width=\"24\"\/><path d=\"M12,4c4.41,0,8,3.59,8,8s-3.59,8-8,8s-8-3.59-8-8S7.59,4,12,4 M12,2C6.48,2,2,6.48,2,12c0,5.52,4.48,10,10,10 c5.52,0,10-4.48,10-10C22,6.48,17.52,2,12,2L12,2z M13,12l0-4h-2l0,4H8l4,4l4-4H13z\"\/><\/g>\n                                <\/svg>\n                            <\/button>\n                        <\/div>\n\n\t                                        <\/div>\n                <\/div>\n            <\/div>\n            <div class=\"row\">\n                <div class=\"col-md-11 offset-md-1\">\n                    <div class=\"slideshow\">\n                        <div class=\"dso__slides\" data-button-id=\"71dacdc1058cee610f1cf1173b983ae4\">\n                            <div class=\"concert__card\" style=\"margin-right: 15px\">\n    <a href=\"https:\/\/www.dallassymphony.org\/es\/?post_type=dso_prod_season&amp;p=11093\">\n        <div class=\"img__wrapper\">\n\t        <img loading=\"lazy\" decoding=\"async\" width=\"388\" height=\"218\" src=\"https:\/\/www.dallassymphony.org\/wp-content\/uploads\/2023\/03\/Prohibition-Digital-v02-07-19_1600-x-900-Web-Hero-388x218.jpg\" class=\"attachment-388x218 size-388x218 wp-post-image\" alt=\"\" srcset=\"https:\/\/www.dallassymphony.org\/wp-content\/uploads\/2023\/03\/Prohibition-Digital-v02-07-19_1600-x-900-Web-Hero-388x218.jpg 388w, https:\/\/www.dallassymphony.org\/wp-content\/uploads\/2023\/03\/Prohibition-Digital-v02-07-19_1600-x-900-Web-Hero-300x169.jpg 300w, https:\/\/www.dallassymphony.org\/wp-content\/uploads\/2023\/03\/Prohibition-Digital-v02-07-19_1600-x-900-Web-Hero-1024x576.jpg 1024w, https:\/\/www.dallassymphony.org\/wp-content\/uploads\/2023\/03\/Prohibition-Digital-v02-07-19_1600-x-900-Web-Hero-768x432.jpg 768w, https:\/\/www.dallassymphony.org\/wp-content\/uploads\/2023\/03\/Prohibition-Digital-v02-07-19_1600-x-900-Web-Hero-1536x864.jpg 1536w, https:\/\/www.dallassymphony.org\/wp-content\/uploads\/2023\/03\/Prohibition-Digital-v02-07-19_1600-x-900-Web-Hero-18x10.jpg 18w, https:\/\/www.dallassymphony.org\/wp-content\/uploads\/2023\/03\/Prohibition-Digital-v02-07-19_1600-x-900-Web-Hero-540x303.jpg 540w, https:\/\/www.dallassymphony.org\/wp-content\/uploads\/2023\/03\/Prohibition-Digital-v02-07-19_1600-x-900-Web-Hero-666x375.jpg 666w, https:\/\/www.dallassymphony.org\/wp-content\/uploads\/2023\/03\/Prohibition-Digital-v02-07-19_1600-x-900-Web-Hero-735x413.jpg 735w, https:\/\/www.dallassymphony.org\/wp-content\/uploads\/2023\/03\/Prohibition-Digital-v02-07-19_1600-x-900-Web-Hero.jpg 1600w\" sizes=\"auto, (max-width: 388px) 100vw, 388px\" \/>        <\/div>\n        <div class=\"content__wrapper\">\n            <h4 class=\"serif__light-22\">\n                Prohibici\u00f3n: La m\u00fasica de Moulin Rouge, Boardwalk Empire y mucho m\u00e1s.            <\/h4>\n            <p class=\"serif__light-16-italic\">8 - 10 septiembre 2023<\/p>\n            <p class=\"sans-cond__med-14\">M\u00e1s informaci\u00f3n y compra de entradas<\/p>\n        <\/div>\n    <\/a>\n<\/div>\n\n<div class=\"concert__card\" style=\"margin-right: 15px\">\n    <a href=\"https:\/\/www.dallassymphony.org\/es\/?post_type=dso_prod_season&amp;p=11094\">\n        <div class=\"img__wrapper\">\n\t        <img loading=\"lazy\" decoding=\"async\" width=\"388\" height=\"218\" src=\"https:\/\/www.dallassymphony.org\/wp-content\/uploads\/2023\/03\/Great-American-Songbook-No-Color_Web-B-1600-x-900-v01-09-15-388x218.jpg\" class=\"attachment-388x218 size-388x218 wp-post-image\" alt=\"\" srcset=\"https:\/\/www.dallassymphony.org\/wp-content\/uploads\/2023\/03\/Great-American-Songbook-No-Color_Web-B-1600-x-900-v01-09-15-388x218.jpg 388w, https:\/\/www.dallassymphony.org\/wp-content\/uploads\/2023\/03\/Great-American-Songbook-No-Color_Web-B-1600-x-900-v01-09-15-300x169.jpg 300w, https:\/\/www.dallassymphony.org\/wp-content\/uploads\/2023\/03\/Great-American-Songbook-No-Color_Web-B-1600-x-900-v01-09-15-1024x576.jpg 1024w, https:\/\/www.dallassymphony.org\/wp-content\/uploads\/2023\/03\/Great-American-Songbook-No-Color_Web-B-1600-x-900-v01-09-15-768x432.jpg 768w, https:\/\/www.dallassymphony.org\/wp-content\/uploads\/2023\/03\/Great-American-Songbook-No-Color_Web-B-1600-x-900-v01-09-15-1536x864.jpg 1536w, https:\/\/www.dallassymphony.org\/wp-content\/uploads\/2023\/03\/Great-American-Songbook-No-Color_Web-B-1600-x-900-v01-09-15-18x10.jpg 18w, https:\/\/www.dallassymphony.org\/wp-content\/uploads\/2023\/03\/Great-American-Songbook-No-Color_Web-B-1600-x-900-v01-09-15-540x303.jpg 540w, https:\/\/www.dallassymphony.org\/wp-content\/uploads\/2023\/03\/Great-American-Songbook-No-Color_Web-B-1600-x-900-v01-09-15-666x375.jpg 666w, https:\/\/www.dallassymphony.org\/wp-content\/uploads\/2023\/03\/Great-American-Songbook-No-Color_Web-B-1600-x-900-v01-09-15-735x413.jpg 735w, https:\/\/www.dallassymphony.org\/wp-content\/uploads\/2023\/03\/Great-American-Songbook-No-Color_Web-B-1600-x-900-v01-09-15.jpg 1600w\" sizes=\"auto, (max-width: 388px) 100vw, 388px\" \/>        <\/div>\n        <div class=\"content__wrapper\">\n            <h4 class=\"serif__light-22\">\n                Selecciones del Gran Cancionero Americano            <\/h4>\n            <p class=\"serif__light-16-italic\">22 - 24 septiembre 2023<\/p>\n            <p class=\"sans-cond__med-14\">M\u00e1s informaci\u00f3n y compra de entradas<\/p>\n        <\/div>\n    <\/a>\n<\/div>\n\n<div class=\"concert__card\" style=\"margin-right: 15px\">\n    <a href=\"https:\/\/www.dallassymphony.org\/es\/?post_type=dso_prod_season&amp;p=10917\">\n        <div class=\"img__wrapper\">\n\t        <img loading=\"lazy\" decoding=\"async\" width=\"388\" height=\"218\" src=\"https:\/\/www.dallassymphony.org\/wp-content\/uploads\/2023\/03\/MicrosoftTeams-image-7-388x218.jpg\" class=\"attachment-388x218 size-388x218 wp-post-image\" alt=\"\" srcset=\"https:\/\/www.dallassymphony.org\/wp-content\/uploads\/2023\/03\/MicrosoftTeams-image-7-388x218.jpg 388w, https:\/\/www.dallassymphony.org\/wp-content\/uploads\/2023\/03\/MicrosoftTeams-image-7-300x169.jpg 300w, https:\/\/www.dallassymphony.org\/wp-content\/uploads\/2023\/03\/MicrosoftTeams-image-7-1024x576.jpg 1024w, https:\/\/www.dallassymphony.org\/wp-content\/uploads\/2023\/03\/MicrosoftTeams-image-7-768x432.jpg 768w, https:\/\/www.dallassymphony.org\/wp-content\/uploads\/2023\/03\/MicrosoftTeams-image-7-1536x864.jpg 1536w, https:\/\/www.dallassymphony.org\/wp-content\/uploads\/2023\/03\/MicrosoftTeams-image-7-18x10.jpg 18w, https:\/\/www.dallassymphony.org\/wp-content\/uploads\/2023\/03\/MicrosoftTeams-image-7-540x303.jpg 540w, https:\/\/www.dallassymphony.org\/wp-content\/uploads\/2023\/03\/MicrosoftTeams-image-7-666x375.jpg 666w, https:\/\/www.dallassymphony.org\/wp-content\/uploads\/2023\/03\/MicrosoftTeams-image-7-735x413.jpg 735w, https:\/\/www.dallassymphony.org\/wp-content\/uploads\/2023\/03\/MicrosoftTeams-image-7.jpg 1600w\" sizes=\"auto, (max-width: 388px) 100vw, 388px\" \/>        <\/div>\n        <div class=\"content__wrapper\">\n            <h4 class=\"serif__light-22\">\n                Harry Potter y el prisionero de Azkaban\u2122 en concierto            <\/h4>\n            <p class=\"serif__light-16-italic\">27 - 29 octubre 2023<\/p>\n            <p class=\"sans-cond__med-14\">M\u00e1s informaci\u00f3n y compra de entradas<\/p>\n        <\/div>\n    <\/a>\n<\/div>\n\n<div class=\"concert__card\" style=\"margin-right: 15px\">\n    <a href=\"https:\/\/www.dallassymphony.org\/es\/?post_type=dso_prod_season&amp;p=11095\">\n        <div class=\"img__wrapper\">\n\t        <img loading=\"lazy\" decoding=\"async\" width=\"388\" height=\"218\" src=\"https:\/\/www.dallassymphony.org\/wp-content\/uploads\/2023\/03\/Christmas-Pops_1600x900-1-388x218.jpg\" class=\"attachment-388x218 size-388x218 wp-post-image\" alt=\"\" srcset=\"https:\/\/www.dallassymphony.org\/wp-content\/uploads\/2023\/03\/Christmas-Pops_1600x900-1-388x218.jpg 388w, https:\/\/www.dallassymphony.org\/wp-content\/uploads\/2023\/03\/Christmas-Pops_1600x900-1-300x169.jpg 300w, https:\/\/www.dallassymphony.org\/wp-content\/uploads\/2023\/03\/Christmas-Pops_1600x900-1-1024x576.jpg 1024w, https:\/\/www.dallassymphony.org\/wp-content\/uploads\/2023\/03\/Christmas-Pops_1600x900-1-768x432.jpg 768w, https:\/\/www.dallassymphony.org\/wp-content\/uploads\/2023\/03\/Christmas-Pops_1600x900-1-1536x864.jpg 1536w, https:\/\/www.dallassymphony.org\/wp-content\/uploads\/2023\/03\/Christmas-Pops_1600x900-1-18x10.jpg 18w, https:\/\/www.dallassymphony.org\/wp-content\/uploads\/2023\/03\/Christmas-Pops_1600x900-1-540x303.jpg 540w, https:\/\/www.dallassymphony.org\/wp-content\/uploads\/2023\/03\/Christmas-Pops_1600x900-1-666x375.jpg 666w, https:\/\/www.dallassymphony.org\/wp-content\/uploads\/2023\/03\/Christmas-Pops_1600x900-1-735x413.jpg 735w, https:\/\/www.dallassymphony.org\/wp-content\/uploads\/2023\/03\/Christmas-Pops_1600x900-1.jpg 1600w\" sizes=\"auto, (max-width: 388px) 100vw, 388px\" \/>        <\/div>\n        <div class=\"content__wrapper\">\n            <h4 class=\"serif__light-22\">\n                Pops de Navidad 2023            <\/h4>\n            <p class=\"serif__light-16-italic\">del 1 al 10 de diciembre de 2023<\/p>\n            <p class=\"sans-cond__med-14\">M\u00e1s informaci\u00f3n y compra de entradas<\/p>\n        <\/div>\n    <\/a>\n<\/div>\n\n<div class=\"concert__card\" style=\"margin-right: 15px\">\n    <a href=\"https:\/\/www.dallassymphony.org\/es\/?post_type=dso_prod_season&amp;p=11096\">\n        <div class=\"img__wrapper\">\n\t        <img loading=\"lazy\" decoding=\"async\" width=\"388\" height=\"218\" src=\"https:\/\/www.dallassymphony.org\/wp-content\/uploads\/2023\/03\/1600-X-900-22-388x218.png\" class=\"attachment-388x218 size-388x218 wp-post-image\" alt=\"\" srcset=\"https:\/\/www.dallassymphony.org\/wp-content\/uploads\/2023\/03\/1600-X-900-22-388x218.png 388w, https:\/\/www.dallassymphony.org\/wp-content\/uploads\/2023\/03\/1600-X-900-22-300x169.png 300w, https:\/\/www.dallassymphony.org\/wp-content\/uploads\/2023\/03\/1600-X-900-22-1024x576.png 1024w, https:\/\/www.dallassymphony.org\/wp-content\/uploads\/2023\/03\/1600-X-900-22-768x432.png 768w, https:\/\/www.dallassymphony.org\/wp-content\/uploads\/2023\/03\/1600-X-900-22-1536x864.png 1536w, https:\/\/www.dallassymphony.org\/wp-content\/uploads\/2023\/03\/1600-X-900-22-18x10.png 18w, https:\/\/www.dallassymphony.org\/wp-content\/uploads\/2023\/03\/1600-X-900-22-540x303.png 540w, https:\/\/www.dallassymphony.org\/wp-content\/uploads\/2023\/03\/1600-X-900-22-666x375.png 666w, https:\/\/www.dallassymphony.org\/wp-content\/uploads\/2023\/03\/1600-X-900-22-735x413.png 735w, https:\/\/www.dallassymphony.org\/wp-content\/uploads\/2023\/03\/1600-X-900-22.png 1600w\" sizes=\"auto, (max-width: 388px) 100vw, 388px\" \/>        <\/div>\n        <div class=\"content__wrapper\">\n            <h4 class=\"serif__light-22\">\n                Rajaton canta Queen            <\/h4>\n            <p class=\"serif__light-16-italic\">26 - 28 de enero de 2024<\/p>\n            <p class=\"sans-cond__med-14\">M\u00e1s informaci\u00f3n y compra de entradas<\/p>\n        <\/div>\n    <\/a>\n<\/div>\n\n<div class=\"concert__card\" style=\"margin-right: 15px\">\n    <a href=\"https:\/\/www.dallassymphony.org\/es\/?post_type=dso_prod_season&amp;p=11097\">\n        <div class=\"img__wrapper\">\n\t        <img loading=\"lazy\" decoding=\"async\" width=\"388\" height=\"218\" src=\"https:\/\/www.dallassymphony.org\/wp-content\/uploads\/2023\/03\/Uptown-Nights_1600x900-388x218.jpg\" class=\"attachment-388x218 size-388x218 wp-post-image\" alt=\"\" srcset=\"https:\/\/www.dallassymphony.org\/wp-content\/uploads\/2023\/03\/Uptown-Nights_1600x900-388x218.jpg 388w, https:\/\/www.dallassymphony.org\/wp-content\/uploads\/2023\/03\/Uptown-Nights_1600x900-300x169.jpg 300w, https:\/\/www.dallassymphony.org\/wp-content\/uploads\/2023\/03\/Uptown-Nights_1600x900-1024x576.jpg 1024w, https:\/\/www.dallassymphony.org\/wp-content\/uploads\/2023\/03\/Uptown-Nights_1600x900-768x432.jpg 768w, https:\/\/www.dallassymphony.org\/wp-content\/uploads\/2023\/03\/Uptown-Nights_1600x900-1536x864.jpg 1536w, https:\/\/www.dallassymphony.org\/wp-content\/uploads\/2023\/03\/Uptown-Nights_1600x900-18x10.jpg 18w, https:\/\/www.dallassymphony.org\/wp-content\/uploads\/2023\/03\/Uptown-Nights_1600x900-540x303.jpg 540w, https:\/\/www.dallassymphony.org\/wp-content\/uploads\/2023\/03\/Uptown-Nights_1600x900-666x375.jpg 666w, https:\/\/www.dallassymphony.org\/wp-content\/uploads\/2023\/03\/Uptown-Nights_1600x900-735x413.jpg 735w, https:\/\/www.dallassymphony.org\/wp-content\/uploads\/2023\/03\/Uptown-Nights_1600x900.jpg 1600w\" sizes=\"auto, (max-width: 388px) 100vw, 388px\" \/>        <\/div>\n        <div class=\"content__wrapper\">\n            <h4 class=\"serif__light-22\">\n                Uptown Nights: It Don't Mean a Thing If It Ain't Got That Swing            <\/h4>\n            <p class=\"serif__light-16-italic\">16 - 18 febrero 2024<\/p>\n            <p class=\"sans-cond__med-14\">M\u00e1s informaci\u00f3n y compra de entradas<\/p>\n        <\/div>\n    <\/a>\n<\/div>\n\n<div class=\"concert__card\" style=\"margin-right: 15px\">\n    <a href=\"https:\/\/www.dallassymphony.org\/es\/?post_type=dso_prod_season&amp;p=11099\">\n        <div class=\"img__wrapper\">\n\t                <\/div>\n        <div class=\"content__wrapper\">\n            <h4 class=\"serif__light-22\">\n                Troupe V\u00e9rtigo            <\/h4>\n            <p class=\"serif__light-16-italic\">19 - 21 abril 2024<\/p>\n            <p class=\"sans-cond__med-14\">M\u00e1s informaci\u00f3n y compra de entradas<\/p>\n        <\/div>\n    <\/a>\n<\/div>\n\n<div class=\"concert__card\" style=\"margin-right: 15px\">\n    <a href=\"https:\/\/www.dallassymphony.org\/es\/?post_type=dso_prod_season&amp;p=11100\">\n        <div class=\"img__wrapper\">\n\t        <img loading=\"lazy\" decoding=\"async\" width=\"388\" height=\"218\" src=\"https:\/\/www.dallassymphony.org\/wp-content\/uploads\/2023\/03\/Country-Hits_1600x900-388x218.jpg\" class=\"attachment-388x218 size-388x218 wp-post-image\" alt=\"\" srcset=\"https:\/\/www.dallassymphony.org\/wp-content\/uploads\/2023\/03\/Country-Hits_1600x900-388x218.jpg 388w, https:\/\/www.dallassymphony.org\/wp-content\/uploads\/2023\/03\/Country-Hits_1600x900-300x169.jpg 300w, https:\/\/www.dallassymphony.org\/wp-content\/uploads\/2023\/03\/Country-Hits_1600x900-1024x576.jpg 1024w, https:\/\/www.dallassymphony.org\/wp-content\/uploads\/2023\/03\/Country-Hits_1600x900-768x432.jpg 768w, https:\/\/www.dallassymphony.org\/wp-content\/uploads\/2023\/03\/Country-Hits_1600x900-1536x864.jpg 1536w, https:\/\/www.dallassymphony.org\/wp-content\/uploads\/2023\/03\/Country-Hits_1600x900-18x10.jpg 18w, https:\/\/www.dallassymphony.org\/wp-content\/uploads\/2023\/03\/Country-Hits_1600x900-540x303.jpg 540w, https:\/\/www.dallassymphony.org\/wp-content\/uploads\/2023\/03\/Country-Hits_1600x900-666x375.jpg 666w, https:\/\/www.dallassymphony.org\/wp-content\/uploads\/2023\/03\/Country-Hits_1600x900-735x413.jpg 735w, https:\/\/www.dallassymphony.org\/wp-content\/uploads\/2023\/03\/Country-Hits_1600x900.jpg 1600w\" sizes=\"auto, (max-width: 388px) 100vw, 388px\" \/>        <\/div>\n        <div class=\"content__wrapper\">\n            <h4 class=\"serif__light-22\">\n                \u00c9xitos Country: Canciones de Nashville            <\/h4>\n            <p class=\"serif__light-16-italic\">10 - 12 de mayo de 2024<\/p>\n            <p class=\"sans-cond__med-14\">M\u00e1s informaci\u00f3n y compra de entradas<\/p>\n        <\/div>\n    <\/a>\n<\/div>\n\n                        <\/div>\n                    <\/div>\n                <\/div>\n            <\/div>\n            <div class=\"row\">\n                <div class=\"col-11 offset-1\">\n                    <div class=\"slideshow__controls d-lg-none\">\n                        <button class=\"controls__prev\" data-prev=\"#\" data-button-id=\"71dacdc1058cee610f1cf1173b983ae4\">\n                            <svg xmlns=\"http:\/\/www.w3.org\/2000\/svg\" enable-background=\"new 0 0 24 24\" height=\"24\" viewbox=\"0 0 24 24\" width=\"24\">\n                                <g><rect fill=\"none\" height=\"24\" width=\"24\"\/><path d=\"M12,4c4.41,0,8,3.59,8,8s-3.59,8-8,8s-8-3.59-8-8S7.59,4,12,4 M12,2C6.48,2,2,6.48,2,12c0,5.52,4.48,10,10,10 c5.52,0,10-4.48,10-10C22,6.48,17.52,2,12,2L12,2z M13,12l0-4h-2l0,4H8l4,4l4-4H13z\"\/><\/g>\n                            <\/svg>\n                        <\/button>\n                        <button class=\"controls__next\" data-next=\"#\" data-button-id=\"71dacdc1058cee610f1cf1173b983ae4\">\n                            <svg xmlns=\"http:\/\/www.w3.org\/2000\/svg\" enable-background=\"new 0 0 24 24\" height=\"24\" viewbox=\"0 0 24 24\" width=\"24\">\n                                <g><rect fill=\"none\" height=\"24\" width=\"24\"\/><path d=\"M12,4c4.41,0,8,3.59,8,8s-3.59,8-8,8s-8-3.59-8-8S7.59,4,12,4 M12,2C6.48,2,2,6.48,2,12c0,5.52,4.48,10,10,10 c5.52,0,10-4.48,10-10C22,6.48,17.52,2,12,2L12,2z M13,12l0-4h-2l0,4H8l4,4l4-4H13z\"\/><\/g>\n                            <\/svg>\n                        <\/button>\n                    <\/div>\n\n                <\/div>\n\n            <\/div>\n        <\/div>\n    <\/div>","protected":false},"excerpt":{"rendered":"<p>Experimente una mezcla ecl\u00e9ctica y din\u00e1mica de g\u00e9neros musicales interpretados por la Orquesta Sinf\u00f3nica de Dallas y con estrellas invitadas ganadoras de premios Tony, artistas de Broadway y pel\u00edculas presentadas por Capital One.<\/p>","protected":false},"author":16,"featured_media":13008,"parent":0,"menu_order":0,"comment_status":"closed","ping_status":"closed","template":"","meta":{"_acf_changed":false,"footnotes":""},"class_list":["post-13015","page","type-page","status-publish","has-post-thumbnail","hentry"],"acf":[],"_links":{"self":[{"href":"https:\/\/www.dallassymphony.org\/es\/wp-json\/wp\/v2\/pages\/13015","targetHints":{"allow":["GET"]}}],"collection":[{"href":"https:\/\/www.dallassymphony.org\/es\/wp-json\/wp\/v2\/pages"}],"about":[{"href":"https:\/\/www.dallassymphony.org\/es\/wp-json\/wp\/v2\/types\/page"}],"author":[{"embeddable":true,"href":"https:\/\/www.dallassymphony.org\/es\/wp-json\/wp\/v2\/users\/16"}],"replies":[{"embeddable":true,"href":"https:\/\/www.dallassymphony.org\/es\/wp-json\/wp\/v2\/comments?post=13015"}],"version-history":[{"count":0,"href":"https:\/\/www.dallassymphony.org\/es\/wp-json\/wp\/v2\/pages\/13015\/revisions"}],"wp:featuredmedia":[{"embeddable":true,"href":"https:\/\/www.dallassymphony.org\/es\/wp-json\/wp\/v2\/media\/13008"}],"wp:attachment":[{"href":"https:\/\/www.dallassymphony.org\/es\/wp-json\/wp\/v2\/media?parent=13015"}],"curies":[{"name":"wp","href":"https:\/\/api.w.org\/{rel}","templated":true}]}}