{"id":11525,"date":"2023-04-21T12:19:05","date_gmt":"2023-04-21T17:19:05","guid":{"rendered":"https:\/\/www.dallassymphony.org\/?page_id=11525"},"modified":"2023-04-25T16:19:01","modified_gmt":"2023-04-25T21:19:01","slug":"instruments-for-change","status":"publish","type":"page","link":"https:\/\/www.dallassymphony.org\/es\/instruments-for-change\/","title":{"rendered":"Instrumentos para el cambio"},"content":{"rendered":"<div class=\"hero__no-img bg-blue-8\">\n\t<div class=\"container\">\n\t\t<div class=\"row\">\n\t\t\t<div class=\"col-md-10\">\n\n\t\t\t\t<ul class=\"breadcrumbs\">\n    \t<li class=\"breadcrumb__link\">\n\t\t<a class=\"a-hover\" href=\"https:\/\/www.dallassymphony.org\/es\/\">Inicio<\/a>\n\t<\/li>\n    <\/ul>\n\n                \t\t\t\t<h1>\n                    <span >Instrumentos para el cambio<\/span>\n                <\/h1>\n                \t\t\t<\/div>\n\t\t<\/div>\n\t<\/div>\n<\/div>\n\n\n<div class=\"richtext m-spacer\">\n\t<div class=\"container\">\n\t\t<div class=\"row\">\n\t\t\t<div class=\"col-10\">\n\t\t\t\t\n\n<div class=\"wp-block-columns is-layout-flex wp-container-core-columns-is-layout-9d6595d7 wp-block-columns-is-layout-flex\">\n<div class=\"wp-block-column is-vertically-aligned-center is-layout-flow wp-block-column-is-layout-flow\" style=\"flex-basis:33.33%\">\n<figure class=\"wp-block-image size-large\"><img loading=\"lazy\" decoding=\"async\" width=\"1024\" height=\"786\" src=\"https:\/\/www.dallassymphony.org\/wp-content\/uploads\/2023\/04\/DSO-WOG23-Logo-Web_Join-us-Color-1024x786.png\" alt=\"\" class=\"wp-image-11360\" srcset=\"https:\/\/www.dallassymphony.org\/wp-content\/uploads\/2023\/04\/DSO-WOG23-Logo-Web_Join-us-Color-1024x786.png 1024w, https:\/\/www.dallassymphony.org\/wp-content\/uploads\/2023\/04\/DSO-WOG23-Logo-Web_Join-us-Color-300x230.png 300w, https:\/\/www.dallassymphony.org\/wp-content\/uploads\/2023\/04\/DSO-WOG23-Logo-Web_Join-us-Color-768x589.png 768w, https:\/\/www.dallassymphony.org\/wp-content\/uploads\/2023\/04\/DSO-WOG23-Logo-Web_Join-us-Color-1536x1178.png 1536w, https:\/\/www.dallassymphony.org\/wp-content\/uploads\/2023\/04\/DSO-WOG23-Logo-Web_Join-us-Color-2048x1571.png 2048w, https:\/\/www.dallassymphony.org\/wp-content\/uploads\/2023\/04\/DSO-WOG23-Logo-Web_Join-us-Color-16x12.png 16w\" sizes=\"auto, (max-width: 1024px) 100vw, 1024px\" \/><\/figure>\n<\/div>\n\n\n\n<div class=\"wp-block-column is-vertically-aligned-center is-layout-flow wp-block-column-is-layout-flow\" style=\"flex-basis:66.66%\">\n<h2 class=\"wp-block-heading\">$2.000 para toda una vida de impacto<\/h2>\n\n\n\n<p>Durante la Semana de Donaciones de la Sinf\u00f3nica de Dallas, la ayuda de su empresa proporciona un a\u00f1o de instrumentos gratuitos, clases de m\u00fasica y tutor\u00eda a un ni\u00f1o del programa de J\u00f3venes M\u00fasicos de la Sinf\u00f3nica de Dallas. Esto supone m\u00e1s de 300 horas anuales de instrucci\u00f3n.<\/p>\n\n\n\n<p>Como agradecimiento por su apoyo, su empresa recibir\u00e1 oportunidades de voluntariado para sus empleados, reconocimiento como patrocinador y entradas para el concierto de la DSO.<\/p>\n\n\n\n<div class=\"wp-block-buttons is-layout-flex wp-block-buttons-is-layout-flex\">\n<div class=\"wp-block-button\"><a class=\"wp-block-button__link has-background wp-element-button\" href=\"https:\/\/fundraise.givesmart.com\/form\/S1PTdA?vid=yg027\" style=\"border-radius:5px;background-color:#00205b\" target=\"_blank\" rel=\"noreferrer noopener\"><strong>DONAR AHORA<\/strong><\/a><\/div>\n<\/div>\n<\/div>\n<\/div>\n\n\n\t\t\t<\/div>\n\t\t<\/div>\n\t<\/div>\n\n<\/div>\n\n\n<div class=\"video m-spacer fixed-width\">\n    <div class=\"container\">\n        <div class=\"row\">\n            <div class=\"col-lg-12\">\n                <div class=\"video__text-wrapper\">\n                    <h2>Instrumentos para el cambio<\/h2>\n                                    <\/div>\n            <\/div>\n        <\/div>\n    <\/div>\n\n\n    <div class=\"container\">\n        <div class=\"row\">\n            <div class=\"col-lg-12\">\n                <div class=\"iframe-container\">\n                    <div class=\"video-overlay\">\n                        <button class=\"play-video\" data-trigger=\"video-7d3389abcfd440c19180bd8b0e9487ed\">\n                            <svg xmlns=\"http:\/\/www.w3.org\/2000\/svg\" viewbox=\"0 0 23.967 23.967\">\n                                <defs>\n                                    <style>\n                                        .a {\n                                            fill: none;\n                                        }\n                                        .b {\n                                            fill: #10bff1;\n                                        }\n                                    <\/style>\n                                <\/defs>\n                                <path class=\"a\" d=\"M0,0H23.967V23.967H0Z\"\/>\n                                <path class=\"b\" d=\"M9.987,16.476l5.99-4.493L9.987,7.491ZM11.983,2a9.983,9.983,0,1,0,9.983,9.983A9.987,9.987,0,0,0,11.983,2Zm0,17.97a7.987,7.987,0,1,1,7.987-7.987A8,8,0,0,1,11.983,19.97Z\"\/>\n\n                                <g class=\"test-me\">\n                                    <path class=\"a\" d=\"M0,0H23.967V23.967H0Z\"\/>\n                                    <path class=\"b\" d=\"M9.987,16.476l5.99-4.493L9.987,7.491ZM11.983,2a9.983,9.983,0,1,0,9.983,9.983A9.987,9.987,0,0,0,11.983,2Zm0,17.97a7.987,7.987,0,1,1,7.987-7.987A8,8,0,0,1,11.983,19.97Z\"\/>\n                                <\/g>\n                            <\/svg>\n                        <\/button>\n\n                    <\/div>\n\n                    <iframe mozallowfullscreen webkitallowfullscreen allowfullscreen class=\"responsive-iframe\" data-target=\"video-7d3389abcfd440c19180bd8b0e9487ed\" src=\"https:\/\/www.youtube.com\/embed\/\/LCxu3-z72_Y?mute=1&#038;loop=1\"><\/iframe>\n                <\/div>\n            <\/div>\n        <\/div>\n    <\/div>\n\n    <div class=\"container\">\n        <div class=\"row\">\n            <div class=\"col-lg-12 d-flex flex-column justify-content-end\">\n                <div class=\"d-flex justify-content-end video-optional-link\">\n                    <a class=\"ml-auto\" href=\"https:\/\/www.dallassymphony.org\/es\/discover-connect\/dso-media-vault\/view\/\">\n                        <span class=\"a-styles a-hover\">NAVEGAR TODOS LOS VIDEOS<\/span>\n                    <\/a>\n                <\/div>\n                            <\/div>\n        <\/div>\n    <\/div>\n\n    <div class=\"left-grad\"><\/div>\n    <div class=\"right-grad\"><\/div>\n<\/div>","protected":false},"excerpt":{"rendered":"<p>Durante la Semana de Donaciones de la Sinf\u00f3nica de Dallas, la ayuda de su empresa proporciona un a\u00f1o de instrumentos gratuitos, clases de m\u00fasica y tutor\u00eda a un ni\u00f1o del programa de J\u00f3venes M\u00fasicos de la Sinf\u00f3nica de Dallas. Esto supone m\u00e1s de 300 horas anuales de instrucci\u00f3n.<\/p>","protected":false},"author":16,"featured_media":5064,"parent":0,"menu_order":0,"comment_status":"closed","ping_status":"closed","template":"","meta":{"_acf_changed":false,"footnotes":""},"class_list":["post-11525","page","type-page","status-publish","has-post-thumbnail","hentry"],"acf":[],"_links":{"self":[{"href":"https:\/\/www.dallassymphony.org\/es\/wp-json\/wp\/v2\/pages\/11525","targetHints":{"allow":["GET"]}}],"collection":[{"href":"https:\/\/www.dallassymphony.org\/es\/wp-json\/wp\/v2\/pages"}],"about":[{"href":"https:\/\/www.dallassymphony.org\/es\/wp-json\/wp\/v2\/types\/page"}],"author":[{"embeddable":true,"href":"https:\/\/www.dallassymphony.org\/es\/wp-json\/wp\/v2\/users\/16"}],"replies":[{"embeddable":true,"href":"https:\/\/www.dallassymphony.org\/es\/wp-json\/wp\/v2\/comments?post=11525"}],"version-history":[{"count":0,"href":"https:\/\/www.dallassymphony.org\/es\/wp-json\/wp\/v2\/pages\/11525\/revisions"}],"wp:featuredmedia":[{"embeddable":true,"href":"https:\/\/www.dallassymphony.org\/es\/wp-json\/wp\/v2\/media\/5064"}],"wp:attachment":[{"href":"https:\/\/www.dallassymphony.org\/es\/wp-json\/wp\/v2\/media?parent=11525"}],"curies":[{"name":"wp","href":"https:\/\/api.w.org\/{rel}","templated":true}]}}