{"id":1097,"date":"2020-11-17T11:16:35","date_gmt":"2020-11-17T16:16:35","guid":{"rendered":"https:\/\/www.dallassymphony.org\/?page_id=1097"},"modified":"2022-05-18T14:16:42","modified_gmt":"2022-05-18T19:16:42","slug":"john-williams","status":"publish","type":"page","link":"https:\/\/www.dallassymphony.org\/es\/community-education\/dso-kids\/listen-watch\/composers\/john-williams\/","title":{"rendered":"John Williams"},"content":{"rendered":"<div class=\"hero__no-img bg-blue-8\">\n\t<div class=\"container\">\n\t\t<div class=\"row\">\n\t\t\t<div class=\"col-md-10\">\n\n\t\t\t\t<ul class=\"breadcrumbs\">\n    \t<li class=\"breadcrumb__link\">\n\t\t<a class=\"a-hover\" href=\"https:\/\/www.dallassymphony.org\/es\/\">Inicio<\/a>\n\t<\/li>\n    \t<li class=\"breadcrumb__link a-styles\">\n\t\t<a class=\"a-hover\" href=\"https:\/\/www.dallassymphony.org\/es\/community-education\/\">Educaci\u00f3n y Comunidad<\/a>\n\t<\/li>\n    \t<li class=\"breadcrumb__link a-styles\">\n\t\t<a class=\"a-hover\" href=\"https:\/\/www.dallassymphony.org\/es\/community-education\/dso-kids\/\">Para escuelas y profesores<\/a>\n\t<\/li>\n    \t<li class=\"breadcrumb__link a-styles\">\n\t\t<a class=\"a-hover\" href=\"https:\/\/www.dallassymphony.org\/es\/community-education\/dso-kids\/listen-watch\/\">Escuchar y ver<\/a>\n\t<\/li>\n    \t<li class=\"breadcrumb__link a-styles\">\n\t\t<a class=\"a-hover\" href=\"https:\/\/www.dallassymphony.org\/es\/community-education\/dso-kids\/listen-watch\/composers\/\">Compositores<\/a>\n\t<\/li>\n    <\/ul>\n\n                \t\t\t\t<h1>\n                    <span >John Williams<\/span>\n                <\/h1>\n                \t\t\t<\/div>\n\t\t<\/div>\n\t<\/div>\n<\/div>\n\n\n<div class=\"text-img text-img--left\">\n\t<div class=\"container\">\n\t\t<div class=\"row\">\n\t\t\t<div class=\"col-lg-12\">\n\t\t\t\t<div class=\"text-img__wrapper\">\n\t\t\t\t\t<h1><\/h1>\n\n                    <img loading=\"lazy\" decoding=\"async\" width=\"666\" height=\"375\" src=\"https:\/\/www.dallassymphony.org\/wp-content\/uploads\/2021\/08\/Dallas-Winds-_-John-Williams-666x375.jpg\" class=\"d-xl-none d-block\" alt=\"John Williams\" srcset=\"https:\/\/www.dallassymphony.org\/wp-content\/uploads\/2021\/08\/Dallas-Winds-_-John-Williams-666x375.jpg 666w, https:\/\/www.dallassymphony.org\/wp-content\/uploads\/2021\/08\/Dallas-Winds-_-John-Williams-300x169.jpg 300w, https:\/\/www.dallassymphony.org\/wp-content\/uploads\/2021\/08\/Dallas-Winds-_-John-Williams-1024x576.jpg 1024w, https:\/\/www.dallassymphony.org\/wp-content\/uploads\/2021\/08\/Dallas-Winds-_-John-Williams-768x432.jpg 768w, https:\/\/www.dallassymphony.org\/wp-content\/uploads\/2021\/08\/Dallas-Winds-_-John-Williams-1536x864.jpg 1536w, https:\/\/www.dallassymphony.org\/wp-content\/uploads\/2021\/08\/Dallas-Winds-_-John-Williams-18x10.jpg 18w, https:\/\/www.dallassymphony.org\/wp-content\/uploads\/2021\/08\/Dallas-Winds-_-John-Williams-388x218.jpg 388w, https:\/\/www.dallassymphony.org\/wp-content\/uploads\/2021\/08\/Dallas-Winds-_-John-Williams-540x303.jpg 540w, https:\/\/www.dallassymphony.org\/wp-content\/uploads\/2021\/08\/Dallas-Winds-_-John-Williams-735x413.jpg 735w, https:\/\/www.dallassymphony.org\/wp-content\/uploads\/2021\/08\/Dallas-Winds-_-John-Williams.jpg 1600w\" sizes=\"auto, (max-width: 666px) 100vw, 666px\" \/>\n\t\t\t\t\t<h5><!-- wp:heading {\"level\":5} --><\/h5>\n<h5 id=\"h-dates\">FECHAS<\/h5>\n<p>Nacido el 8 de febrero de 1932, Long Island, Nueva York<\/p>\n<h5 id=\"h-nationality\">NACIONALIDAD<\/h5>\n<p>Americano<\/p>\n<h5 id=\"h-style-period\">ESTILO\/PERIODO<\/h5>\n<p>Moderno 1920-Presente<\/p>\n<h5 id=\"h-famous-works\">OBRAS FAMOSAS<\/h5>\n<p>Partituras de las siguientes pel\u00edculas: Harry Potter, Tibur\u00f3n, Encuentros cercanos del tercer tipo, ET - el extraterrestre, Parque Jur\u00e1sico, la precuela y la trilog\u00eda de La guerra de las galaxias, Las cenizas de \u00c1ngela, la trilog\u00eda de Indiana Jones y Superman... \u00a1por nombrar s\u00f3lo algunas!<\/p>\n<p><!-- \/wp:heading --><\/p>\n\n                    \n                <\/div>\n                <img loading=\"lazy\" decoding=\"async\" width=\"1600\" height=\"900\" src=\"https:\/\/www.dallassymphony.org\/wp-content\/uploads\/2021\/08\/Dallas-Winds-_-John-Williams-1600x900.jpg\" class=\"d-none d-xl-block\" alt=\"John Williams\" srcset=\"https:\/\/www.dallassymphony.org\/wp-content\/uploads\/2021\/08\/Dallas-Winds-_-John-Williams.jpg 1600w, https:\/\/www.dallassymphony.org\/wp-content\/uploads\/2021\/08\/Dallas-Winds-_-John-Williams-300x169.jpg 300w, https:\/\/www.dallassymphony.org\/wp-content\/uploads\/2021\/08\/Dallas-Winds-_-John-Williams-1024x576.jpg 1024w, https:\/\/www.dallassymphony.org\/wp-content\/uploads\/2021\/08\/Dallas-Winds-_-John-Williams-768x432.jpg 768w, https:\/\/www.dallassymphony.org\/wp-content\/uploads\/2021\/08\/Dallas-Winds-_-John-Williams-1536x864.jpg 1536w, https:\/\/www.dallassymphony.org\/wp-content\/uploads\/2021\/08\/Dallas-Winds-_-John-Williams-18x10.jpg 18w, https:\/\/www.dallassymphony.org\/wp-content\/uploads\/2021\/08\/Dallas-Winds-_-John-Williams-388x218.jpg 388w, https:\/\/www.dallassymphony.org\/wp-content\/uploads\/2021\/08\/Dallas-Winds-_-John-Williams-540x303.jpg 540w, https:\/\/www.dallassymphony.org\/wp-content\/uploads\/2021\/08\/Dallas-Winds-_-John-Williams-666x375.jpg 666w, https:\/\/www.dallassymphony.org\/wp-content\/uploads\/2021\/08\/Dallas-Winds-_-John-Williams-735x413.jpg 735w\" sizes=\"auto, (max-width: 1600px) 100vw, 1600px\" \/>\t\t\t<\/div>\n\t\t<\/div>\n\t<\/div>\n<\/div>\n\n\n<div class=\"richtext m-spacer\">\n\t<div class=\"container\">\n\t\t<div class=\"row\">\n\t\t\t<div class=\"col-10\">\n\t\t\t\t\n\n<iframe loading=\"lazy\" width=\"50%\" height=\"20\" scrolling=\"no\" frameborder=\"no\" allow=\"autoplay\" src=\"https:\/\/w.soundcloud.com\/player\/?url=https%3A\/\/api.soundcloud.com\/tracks\/296733680&amp;color=%23ff5500&amp;inverse=false&amp;auto_play=false&amp;show_user=true\"><\/iframe>\n\n\n\n<div style=\"height:50px\" aria-hidden=\"true\" class=\"wp-block-spacer\"><\/div>\n\n\n\t\t\t<\/div>\n\t\t<\/div>\n\t<\/div>\n\n<\/div>\n\n\n<div class=\"richtext m-spacer\">\n\t<div class=\"container\">\n\t\t<div class=\"row\">\n\t\t\t<div class=\"col-10\">\n\t\t\t\t\n\n<hr class=\"wp-block-separator\"\/>\n\n\n\n<h3 class=\"wp-block-heading\" id=\"h-biography\">BIOGRAF\u00cdA<\/h3>\n\n\n\n<hr class=\"wp-block-separator\"\/>\n\n\n\n<p>John Williams naci\u00f3 en 1932 en Long Island, Nueva York, y m\u00e1s tarde se traslad\u00f3 con su familia a Los \u00c1ngeles en 1948. Estudi\u00f3 composici\u00f3n en la UCLA. Despu\u00e9s de servir en la Fuerza A\u00e9rea, Williams regres\u00f3 a Nueva York para estudiar&nbsp;<strong><a href=\"https:\/\/www.dallassymphony.org\/es\/community-education\/dso-kids\/listen-watch\/instruments\/piano\/\">piano<\/a><\/strong>&nbsp;en la Escuela de M\u00fasica de Juilliard. Trabaj\u00f3 en el jazz&nbsp;<strong><a href=\"https:\/\/www.dallassymphony.org\/es\/community-education\/dso-kids\/listen-watch\/instruments\/piano\/\">pianista<\/a><\/strong>&nbsp;por un tiempo antes de volver a Los \u00c1ngeles para comenzar su carrera en los estudios de cine.<\/p>\n\n\n\n<p>El Sr. Williams ha compuesto la m\u00fasica para cerca de ochenta pel\u00edculas y ha compuesto algunos de los temas m\u00e1s famosos jam\u00e1s escritos para el cine. Algunos de ellos incluyen&nbsp;<em>Harry Potter<\/em>,&nbsp;<em>Tibur\u00f3n<\/em>,&nbsp;<em>Encuentros cercanos del tercer tipo<\/em>,&nbsp;<em>ET - el Extraterrestre<\/em>,&nbsp;<em>Parque Jur\u00e1sico<\/em>el&nbsp;<em>Pre-episodio de La Guerra de las Galaxias<\/em>&nbsp;y&nbsp;<em>Trilog\u00eda<\/em>el<em>&nbsp;Indiana Jones<\/em>&nbsp;Trilog\u00eda,<em>&nbsp;Solo en casa<\/em>...y...&nbsp;<em>Imperio del Sol<\/em>. Recibiendo 45 nominaciones a los Premios de la Academia, Williams ha sido galardonado con cinco Oscars, siete Premios de la Academia Brit\u00e1nica, veinti\u00fan Grammys y cuatro Globos de Oro. Tambi\u00e9n tiene varias grabaciones de oro y platino. Su m\u00fasica para la pel\u00edcula<em>&nbsp;La lista de Schindler&nbsp;<\/em>le hizo ganar un Oscar y un Grammy.  Con 45 nominaciones a los premios de la Academia, John Williams tiene la mayor cantidad de nominaciones de cualquier persona viva, y est\u00e1 empatado en segundo lugar despu\u00e9s de Walt Disney!&nbsp;<\/p>\n\n\n\n<p>El Sr. Williams fue nombrado el 19\u00ba director de la Boston Pops Orchestra en 1980, retir\u00e1ndose en 1993. Ha aparecido como director invitado en muchas orquestas importantes, incluyendo la Orquesta Sinf\u00f3nica de Dallas, y tambi\u00e9n ha escrito muchas piezas de concierto. Sus composiciones de concierto incluyen:&nbsp;<em>Cinco \u00e1rboles sagrados<\/em>, a&nbsp;<strong><a href=\"https:\/\/www.dallassymphony.org\/es\/community-education\/dso-kids\/listen-watch\/instruments\/bassoon\/\">fagot<\/a><\/strong>&nbsp;concierto estrenado por la Filarm\u00f3nica de Nueva York en 1995, un&nbsp;<strong><a href=\"https:\/\/www.dallassymphony.org\/es\/community-education\/dso-kids\/listen-watch\/instruments\/cello\/\">cello<\/a><\/strong>&nbsp;estrenado en 1994 por Yo-Yo Ma y la Orquesta Sinf\u00f3nica de Boston, y varios conciertos para&nbsp;<strong><a href=\"https:\/\/www.dallassymphony.org\/es\/community-education\/dso-kids\/listen-watch\/instruments\/flute\/\">flauta<\/a><\/strong>,&nbsp;<strong><a href=\"https:\/\/www.dallassymphony.org\/es\/community-education\/dso-kids\/listen-watch\/instruments\/violin\/\">viol\u00edn<\/a><\/strong>,&nbsp;<strong><a href=\"https:\/\/www.dallassymphony.org\/es\/community-education\/dso-kids\/listen-watch\/instruments\/clarinet\/\">clarinete<\/a><\/strong>...y...&nbsp;<strong><a href=\"https:\/\/www.dallassymphony.org\/es\/community-education\/dso-kids\/listen-watch\/instruments\/tuba\/\">tuba<\/a><\/strong>. Su&nbsp;<strong><a href=\"https:\/\/www.dallassymphony.org\/es\/community-education\/dso-kids\/listen-watch\/instruments\/trumpet\/\">trompeta<\/a><\/strong>&nbsp;El concierto se estren\u00f3 en 1996 con la Orquesta de Cleveland. Adem\u00e1s, el Sr. Williams compuso los temas para el NBC News, las Olimpiadas Especiales Internacionales de 1987 y los Juegos Ol\u00edmpicos de Verano de 1984, 1988 y 1996.<\/p>\n\n\n\t\t\t<\/div>\n\t\t<\/div>\n\t<\/div>\n\n<\/div>\n\n\n<div class=\"richtext m-spacer\">\n\t<div class=\"container\">\n\t\t<div class=\"row\">\n\t\t\t<div class=\"col-10\">\n\t\t\t\t\n\n<div class=\"wp-block-columns is-layout-flex wp-container-core-columns-is-layout-9d6595d7 wp-block-columns-is-layout-flex\">\n<div class=\"wp-block-column is-layout-flow wp-block-column-is-layout-flow\">\n<iframe loading=\"lazy\" width=\"100%\" height=\"166\" scrolling=\"no\" frameborder=\"no\" allow=\"autoplay\" src=\"https:\/\/w.soundcloud.com\/player\/?url=https%3A\/\/api.soundcloud.com\/tracks\/296733678&amp;color=%23ff5500&amp;auto_play=false&amp;hide_related=true&amp;show_comments=false&amp;show_user=true&amp;show_reposts=false&amp;show_teaser=false\"><\/iframe>\n<\/div>\n<\/div>\n\n\n\t\t\t<\/div>\n\t\t<\/div>\n\t<\/div>\n\n<\/div>\n\n\n<div class=\"richtext m-spacer\">\n\t<div class=\"container\">\n\t\t<div class=\"row\">\n\t\t\t<div class=\"col-10\">\n\t\t\t\t\n<div class=\"richtext m-spacer\">\n\t<div class=\"container\">\n\t\t<div class=\"row\">\n\t\t\t<div class=\"col-10\">\n\t\t\t\t\n\t\t\t<\/div>\n\t\t<\/div>\n\t<\/div>\n\n<\/div>\n\n\n\t\t\t<\/div>\n\t\t<\/div>\n\t<\/div>\n\n<\/div>\n\n\n<p><!-- \/wp:post-content --><br>\n<!-- \/wp:acf\/dso-rich-text --><br>\n<!-- \/wp:acf\/dso-rich-text --><\/p>","protected":false},"excerpt":{"rendered":"<p>John Williams naci\u00f3 en 1932 en Long Island, Nueva York, y m\u00e1s tarde se traslad\u00f3 con su familia a Los \u00c1ngeles en 1948. Estudi\u00f3 composici\u00f3n en la UCLA.<\/p>","protected":false},"author":3,"featured_media":6960,"parent":592,"menu_order":0,"comment_status":"closed","ping_status":"closed","template":"","meta":{"_acf_changed":false,"footnotes":""},"class_list":["post-1097","page","type-page","status-publish","has-post-thumbnail","hentry"],"acf":[],"_links":{"self":[{"href":"https:\/\/www.dallassymphony.org\/es\/wp-json\/wp\/v2\/pages\/1097","targetHints":{"allow":["GET"]}}],"collection":[{"href":"https:\/\/www.dallassymphony.org\/es\/wp-json\/wp\/v2\/pages"}],"about":[{"href":"https:\/\/www.dallassymphony.org\/es\/wp-json\/wp\/v2\/types\/page"}],"author":[{"embeddable":true,"href":"https:\/\/www.dallassymphony.org\/es\/wp-json\/wp\/v2\/users\/3"}],"replies":[{"embeddable":true,"href":"https:\/\/www.dallassymphony.org\/es\/wp-json\/wp\/v2\/comments?post=1097"}],"version-history":[{"count":0,"href":"https:\/\/www.dallassymphony.org\/es\/wp-json\/wp\/v2\/pages\/1097\/revisions"}],"up":[{"embeddable":true,"href":"https:\/\/www.dallassymphony.org\/es\/wp-json\/wp\/v2\/pages\/592"}],"wp:featuredmedia":[{"embeddable":true,"href":"https:\/\/www.dallassymphony.org\/es\/wp-json\/wp\/v2\/media\/6960"}],"wp:attachment":[{"href":"https:\/\/www.dallassymphony.org\/es\/wp-json\/wp\/v2\/media?parent=1097"}],"curies":[{"name":"wp","href":"https:\/\/api.w.org\/{rel}","templated":true}]}}