{"id":1096,"date":"2020-11-17T11:16:21","date_gmt":"2020-11-17T16:16:21","guid":{"rendered":"https:\/\/www.dallassymphony.org\/?page_id=1096"},"modified":"2022-05-18T14:14:09","modified_gmt":"2022-05-18T19:14:09","slug":"heitor-villa-lobos","status":"publish","type":"page","link":"https:\/\/www.dallassymphony.org\/es\/community-education\/dso-kids\/listen-watch\/composers\/heitor-villa-lobos\/","title":{"rendered":"Heitor Villa-Lobos"},"content":{"rendered":"<div class=\"hero__no-img bg-blue-8\">\n\t<div class=\"container\">\n\t\t<div class=\"row\">\n\t\t\t<div class=\"col-md-10\">\n\n\t\t\t\t<ul class=\"breadcrumbs\">\n    \t<li class=\"breadcrumb__link\">\n\t\t<a class=\"a-hover\" href=\"https:\/\/www.dallassymphony.org\/es\/\">Inicio<\/a>\n\t<\/li>\n    \t<li class=\"breadcrumb__link a-styles\">\n\t\t<a class=\"a-hover\" href=\"https:\/\/www.dallassymphony.org\/es\/community-education\/\">Educaci\u00f3n y Comunidad<\/a>\n\t<\/li>\n    \t<li class=\"breadcrumb__link a-styles\">\n\t\t<a class=\"a-hover\" href=\"https:\/\/www.dallassymphony.org\/es\/community-education\/dso-kids\/\">Para escuelas y profesores<\/a>\n\t<\/li>\n    \t<li class=\"breadcrumb__link a-styles\">\n\t\t<a class=\"a-hover\" href=\"https:\/\/www.dallassymphony.org\/es\/community-education\/dso-kids\/listen-watch\/\">Escuchar y ver<\/a>\n\t<\/li>\n    \t<li class=\"breadcrumb__link a-styles\">\n\t\t<a class=\"a-hover\" href=\"https:\/\/www.dallassymphony.org\/es\/community-education\/dso-kids\/listen-watch\/composers\/\">Compositores<\/a>\n\t<\/li>\n    <\/ul>\n\n                \t\t\t\t<h1>\n                    <span >Heitor Villa-Lobos<\/span>\n                <\/h1>\n                \t\t\t<\/div>\n\t\t<\/div>\n\t<\/div>\n<\/div>\n\n\n<div class=\"text-img text-img--left\">\n\t<div class=\"container\">\n\t\t<div class=\"row\">\n\t\t\t<div class=\"col-lg-12\">\n\t\t\t\t<div class=\"text-img__wrapper\">\n\t\t\t\t\t<h1><\/h1>\n\n                    <img loading=\"lazy\" decoding=\"async\" width=\"666\" height=\"375\" src=\"https:\/\/www.dallassymphony.org\/wp-content\/uploads\/2022\/05\/Heitor-Villa-Lobos-666x375.jpg\" class=\"d-xl-none d-block\" alt=\"Heitor Villa-Lobos\" srcset=\"https:\/\/www.dallassymphony.org\/wp-content\/uploads\/2022\/05\/Heitor-Villa-Lobos-666x375.jpg 666w, https:\/\/www.dallassymphony.org\/wp-content\/uploads\/2022\/05\/Heitor-Villa-Lobos-300x169.jpg 300w, https:\/\/www.dallassymphony.org\/wp-content\/uploads\/2022\/05\/Heitor-Villa-Lobos-1024x576.jpg 1024w, https:\/\/www.dallassymphony.org\/wp-content\/uploads\/2022\/05\/Heitor-Villa-Lobos-768x432.jpg 768w, https:\/\/www.dallassymphony.org\/wp-content\/uploads\/2022\/05\/Heitor-Villa-Lobos-1536x864.jpg 1536w, https:\/\/www.dallassymphony.org\/wp-content\/uploads\/2022\/05\/Heitor-Villa-Lobos-18x10.jpg 18w, https:\/\/www.dallassymphony.org\/wp-content\/uploads\/2022\/05\/Heitor-Villa-Lobos-388x218.jpg 388w, https:\/\/www.dallassymphony.org\/wp-content\/uploads\/2022\/05\/Heitor-Villa-Lobos-540x303.jpg 540w, https:\/\/www.dallassymphony.org\/wp-content\/uploads\/2022\/05\/Heitor-Villa-Lobos-735x413.jpg 735w, https:\/\/www.dallassymphony.org\/wp-content\/uploads\/2022\/05\/Heitor-Villa-Lobos.jpg 1600w\" sizes=\"auto, (max-width: 666px) 100vw, 666px\" \/>\n\t\t\t\t\t<h5><!-- wp:heading {\"level\":5} --><\/h5>\n<h5 id=\"h-dates\">FECHAS<\/h5>\n<p>Nacido el 5 de marzo de 1887 en R\u00edo de Janeiro, Brasil<br \/>\nFalleci\u00f3 el 17 de noviembre de 1959 en R\u00edo de Janeiro, Brasil<\/p>\n<h5 id=\"h-nationality\">NACIONALIDAD<\/h5>\n<p>Brasile\u00f1o<\/p>\n<h5 id=\"h-style-period\">ESTILO\/PERIODO<\/h5>\n<p>Moderno 1920-Presente<\/p>\n<p><!-- \/wp:heading --><\/p>\n\n                    \n                <\/div>\n                <img loading=\"lazy\" decoding=\"async\" width=\"1600\" height=\"900\" src=\"https:\/\/www.dallassymphony.org\/wp-content\/uploads\/2022\/05\/Heitor-Villa-Lobos-1600x900.jpg\" class=\"d-none d-xl-block\" alt=\"Heitor Villa-Lobos\" srcset=\"https:\/\/www.dallassymphony.org\/wp-content\/uploads\/2022\/05\/Heitor-Villa-Lobos.jpg 1600w, https:\/\/www.dallassymphony.org\/wp-content\/uploads\/2022\/05\/Heitor-Villa-Lobos-300x169.jpg 300w, https:\/\/www.dallassymphony.org\/wp-content\/uploads\/2022\/05\/Heitor-Villa-Lobos-1024x576.jpg 1024w, https:\/\/www.dallassymphony.org\/wp-content\/uploads\/2022\/05\/Heitor-Villa-Lobos-768x432.jpg 768w, https:\/\/www.dallassymphony.org\/wp-content\/uploads\/2022\/05\/Heitor-Villa-Lobos-1536x864.jpg 1536w, https:\/\/www.dallassymphony.org\/wp-content\/uploads\/2022\/05\/Heitor-Villa-Lobos-18x10.jpg 18w, https:\/\/www.dallassymphony.org\/wp-content\/uploads\/2022\/05\/Heitor-Villa-Lobos-388x218.jpg 388w, https:\/\/www.dallassymphony.org\/wp-content\/uploads\/2022\/05\/Heitor-Villa-Lobos-540x303.jpg 540w, https:\/\/www.dallassymphony.org\/wp-content\/uploads\/2022\/05\/Heitor-Villa-Lobos-666x375.jpg 666w, https:\/\/www.dallassymphony.org\/wp-content\/uploads\/2022\/05\/Heitor-Villa-Lobos-735x413.jpg 735w\" sizes=\"auto, (max-width: 1600px) 100vw, 1600px\" \/>\t\t\t<\/div>\n\t\t<\/div>\n\t<\/div>\n<\/div>\n\n\n<div class=\"richtext m-spacer\">\n\t<div class=\"container\">\n\t\t<div class=\"row\">\n\t\t\t<div class=\"col-10\">\n\t\t\t\t\n\n<iframe loading=\"lazy\" width=\"50%\" height=\"20\" scrolling=\"no\" frameborder=\"no\" allow=\"autoplay\" src=\"https:\/\/w.soundcloud.com\/player\/?url=https%3A\/\/api.soundcloud.com\/tracks\/296398818&amp;color=%23ff5500&amp;inverse=false&amp;auto_play=false&amp;show_user=true\"><\/iframe>\n\n\n\n<div style=\"height:50px\" aria-hidden=\"true\" class=\"wp-block-spacer\"><\/div>\n\n\n\t\t\t<\/div>\n\t\t<\/div>\n\t<\/div>\n\n<\/div>\n\n\n<div class=\"richtext m-spacer\">\n\t<div class=\"container\">\n\t\t<div class=\"row\">\n\t\t\t<div class=\"col-10\">\n\t\t\t\t\n\n<hr class=\"wp-block-separator\"\/>\n\n\n\n<h3 class=\"wp-block-heading\" id=\"h-biography\">BIOGRAF\u00cdA<\/h3>\n\n\n\n<hr class=\"wp-block-separator\"\/>\n\n\n\n<p>Heitor Villa-Lobos es uno de los compositores sudamericanos m\u00e1s c\u00e9lebres de la historia de la m\u00fasica. Como compositor, es conocido por escribir m\u00fasica que representa las muchas influencias musicales y el folclore de su native Brasil. Tambi\u00e9n es conocido por el trabajo que hizo en Brasil para reformar la educaci\u00f3n musical en las escuelas locales.<\/p>\n\n\n\n<p>Villa-Lobos creci\u00f3 como parte de una familia musical que invitaba a los m\u00fasicos a su casa todos los s\u00e1bados por la noche para tocar m\u00fasica hasta altas horas de la noche. Mientras su familia esperaba que no creciera para ser m\u00fasico sino para entrar en el campo de la medicina, Villa-Lobos estaba decidido a no convertirse en m\u00e9dico, y pas\u00f3 tiempo de ni\u00f1o practicando la&nbsp;<strong><a href=\"https:\/\/www.dallassymphony.org\/es\/community-education\/dso-kids\/listen-watch\/instruments\/cello\/\">cello<\/a><\/strong>,&nbsp;<strong><a href=\"https:\/\/www.dallassymphony.org\/es\/community-education\/dso-kids\/listen-watch\/instruments\/clarinet\/\">clarinete<\/a><\/strong>&nbsp;y guitarra y tocando m\u00fasica para la gente en los caf\u00e9s, en la calle y en las fiestas. (Su madre y su padre le ense\u00f1aron a tocar la&nbsp;<a href=\"https:\/\/www.dallassymphony.org\/es\/community-education\/dso-kids\/listen-watch\/instruments\/cello\/\"><strong>cello<\/strong>&nbsp;<\/a>y&nbsp;<strong><a href=\"https:\/\/www.dallassymphony.org\/es\/community-education\/dso-kids\/listen-watch\/instruments\/clarinet\/\">clarinete<\/a><\/strong>!) Mientras crec\u00eda, viaj\u00f3 por Brasil y absorbi\u00f3 las muchas influencias musicales del pa\u00eds. Las principales influencias culturales de la m\u00fasica brasile\u00f1a en ese momento fueron las culturas portuguesa, africana y amerindia. Villa-Lobos absorbi\u00f3 sus rasgos \u00fanicos y cuando empez\u00f3 a componer a los 14 a\u00f1os, junt\u00f3 todos sus elementos para producir un sonido como nunca antes se hab\u00eda o\u00eddo en el mundo de la m\u00fasica cl\u00e1sica. Incluso viaj\u00f3 al Amazonas cuando ten\u00eda 18 a\u00f1os en un peligroso viaje para acercarse a la m\u00fasica primitiva de los native de esa regi\u00f3n, incorporando esos sonidos en sus composiciones.<\/p>\n\n\n\n<p>Las piezas de Villa-Lobos se interpretaron en Brasil, pero recibieron reacciones dispares por parte de los lugare\u00f1os; algunas personas no sab\u00edan qu\u00e9 hacer con el sonido \"mezclado\" de sus obras, mientras que otras las disfrutaron inmediatamente. Mientras trabajaba en sus composiciones, se cas\u00f3 con una&nbsp;<strong><a href=\"https:\/\/www.dallassymphony.org\/es\/community-education\/dso-kids\/listen-watch\/instruments\/piano\/\">pianista<\/a><\/strong>&nbsp;llamada Lucilia Guimaraes y se ganaba la vida tocando el&nbsp;<strong><a href=\"https:\/\/www.dallassymphony.org\/es\/community-education\/dso-kids\/listen-watch\/instruments\/cello\/\">cello<\/a><\/strong>&nbsp;en orquestas de toda la ciudad. Villa-Lobos decidi\u00f3 trasladarse a Par\u00eds cuando ten\u00eda 30 a\u00f1os, con la esperanza de probar su habilidad en la composici\u00f3n en el centro cultural de Europa en ese momento. \u00c9l y su m\u00fasica fueron bien recibidos en Francia. Los sonidos de sus composiciones eran muy coloridos y no se parec\u00edan al tipo de m\u00fasica que los europeos estaban acostumbrados a escuchar, por lo que sus creaciones fascinaban a los oyentes. Villa-Lobos compuso m\u00e1s de 1.000 obras musicales, y es especialmente conocido por escribir d\u00faos que emparejaban un instrumento de voz alta (como un&nbsp;<strong><a href=\"https:\/\/www.dallassymphony.org\/es\/community-education\/dso-kids\/listen-watch\/instruments\/flute\/\">flauta<\/a><\/strong>) con un instrumento de voz baja (como un&nbsp;<strong><a href=\"https:\/\/www.dallassymphony.org\/es\/community-education\/dso-kids\/listen-watch\/instruments\/cello\/\">cello<\/a><\/strong>).<\/p>\n\n\n\n<p>Finalmente, Villa-Lobos regres\u00f3 a Brasil para dejar su huella en la educaci\u00f3n musical. Organiz\u00f3 un gran grupo coral compuesto por gente de todas las clases sociales en la ciudad de Sao Paulo. Tambi\u00e9n fue invitado por el gobierno de R\u00edo de Janeiro para organizar el estudio de la m\u00fasica en las escuelas de la ciudad.<\/p>\n\n\n\t\t\t<\/div>\n\t\t<\/div>\n\t<\/div>\n\n<\/div>\n\n\n<div class=\"richtext m-spacer\">\n\t<div class=\"container\">\n\t\t<div class=\"row\">\n\t\t\t<div class=\"col-10\">\n\t\t\t\t\n\n<div class=\"wp-block-columns is-layout-flex wp-container-core-columns-is-layout-9d6595d7 wp-block-columns-is-layout-flex\">\n<div class=\"wp-block-column is-layout-flow wp-block-column-is-layout-flow\">\n<iframe loading=\"lazy\" width=\"100%\" height=\"166\" scrolling=\"no\" frameborder=\"no\" allow=\"autoplay\" src=\"https:\/\/w.soundcloud.com\/player\/?url=https%3A\/\/api.soundcloud.com\/tracks\/304636725&amp;color=%23ff5500&amp;auto_play=false&amp;hide_related=true&amp;show_comments=false&amp;show_user=true&amp;show_reposts=false&amp;show_teaser=false\"><\/iframe>\n<\/div>\n<\/div>\n\n\n\t\t\t<\/div>\n\t\t<\/div>\n\t<\/div>\n\n<\/div>\n\n\n<div class=\"richtext m-spacer\">\n\t<div class=\"container\">\n\t\t<div class=\"row\">\n\t\t\t<div class=\"col-10\">\n\t\t\t\t\n<div class=\"richtext m-spacer\">\n\t<div class=\"container\">\n\t\t<div class=\"row\">\n\t\t\t<div class=\"col-10\">\n\t\t\t\t\n\t\t\t<\/div>\n\t\t<\/div>\n\t<\/div>\n\n<\/div>\n\n\n\t\t\t<\/div>\n\t\t<\/div>\n\t<\/div>\n\n<\/div>\n\n\n<p><!-- \/wp:post-content --><br>\n<!-- \/wp:acf\/dso-rich-text --><\/p>","protected":false},"excerpt":{"rendered":"<p>Heitor Villa-Lobos es uno de los compositores sudamericanos m\u00e1s c\u00e9lebres de la historia de la m\u00fasica. Como compositor, es conocido por escribir m\u00fasica que representa las muchas influencias musicales y el folclore de su native Brasil.<\/p>","protected":false},"author":3,"featured_media":9063,"parent":592,"menu_order":0,"comment_status":"closed","ping_status":"closed","template":"","meta":{"_acf_changed":false,"footnotes":""},"class_list":["post-1096","page","type-page","status-publish","has-post-thumbnail","hentry"],"acf":[],"_links":{"self":[{"href":"https:\/\/www.dallassymphony.org\/es\/wp-json\/wp\/v2\/pages\/1096","targetHints":{"allow":["GET"]}}],"collection":[{"href":"https:\/\/www.dallassymphony.org\/es\/wp-json\/wp\/v2\/pages"}],"about":[{"href":"https:\/\/www.dallassymphony.org\/es\/wp-json\/wp\/v2\/types\/page"}],"author":[{"embeddable":true,"href":"https:\/\/www.dallassymphony.org\/es\/wp-json\/wp\/v2\/users\/3"}],"replies":[{"embeddable":true,"href":"https:\/\/www.dallassymphony.org\/es\/wp-json\/wp\/v2\/comments?post=1096"}],"version-history":[{"count":0,"href":"https:\/\/www.dallassymphony.org\/es\/wp-json\/wp\/v2\/pages\/1096\/revisions"}],"up":[{"embeddable":true,"href":"https:\/\/www.dallassymphony.org\/es\/wp-json\/wp\/v2\/pages\/592"}],"wp:featuredmedia":[{"embeddable":true,"href":"https:\/\/www.dallassymphony.org\/es\/wp-json\/wp\/v2\/media\/9063"}],"wp:attachment":[{"href":"https:\/\/www.dallassymphony.org\/es\/wp-json\/wp\/v2\/media?parent=1096"}],"curies":[{"name":"wp","href":"https:\/\/api.w.org\/{rel}","templated":true}]}}