{"id":1093,"date":"2020-11-17T11:15:39","date_gmt":"2020-11-17T16:15:39","guid":{"rendered":"https:\/\/www.dallassymphony.org\/?page_id=1093"},"modified":"2022-05-18T14:04:39","modified_gmt":"2022-05-18T19:04:39","slug":"william-grant-still","status":"publish","type":"page","link":"https:\/\/www.dallassymphony.org\/es\/community-education\/dso-kids\/listen-watch\/composers\/william-grant-still\/","title":{"rendered":"William Grant Still"},"content":{"rendered":"<div class=\"hero__no-img bg-blue-8\">\n\t<div class=\"container\">\n\t\t<div class=\"row\">\n\t\t\t<div class=\"col-md-10\">\n\n\t\t\t\t<ul class=\"breadcrumbs\">\n    \t<li class=\"breadcrumb__link\">\n\t\t<a class=\"a-hover\" href=\"https:\/\/www.dallassymphony.org\/es\/\">Inicio<\/a>\n\t<\/li>\n    \t<li class=\"breadcrumb__link a-styles\">\n\t\t<a class=\"a-hover\" href=\"https:\/\/www.dallassymphony.org\/es\/community-education\/\">Educaci\u00f3n y Comunidad<\/a>\n\t<\/li>\n    \t<li class=\"breadcrumb__link a-styles\">\n\t\t<a class=\"a-hover\" href=\"https:\/\/www.dallassymphony.org\/es\/community-education\/dso-kids\/\">Para escuelas y profesores<\/a>\n\t<\/li>\n    \t<li class=\"breadcrumb__link a-styles\">\n\t\t<a class=\"a-hover\" href=\"https:\/\/www.dallassymphony.org\/es\/community-education\/dso-kids\/listen-watch\/\">Escuchar y ver<\/a>\n\t<\/li>\n    \t<li class=\"breadcrumb__link a-styles\">\n\t\t<a class=\"a-hover\" href=\"https:\/\/www.dallassymphony.org\/es\/community-education\/dso-kids\/listen-watch\/composers\/\">Compositores<\/a>\n\t<\/li>\n    <\/ul>\n\n                \t\t\t\t<h1>\n                    <span >William Grant Still<\/span>\n                <\/h1>\n                \t\t\t<\/div>\n\t\t<\/div>\n\t<\/div>\n<\/div>\n\n\n<div class=\"text-img text-img--left\">\n\t<div class=\"container\">\n\t\t<div class=\"row\">\n\t\t\t<div class=\"col-lg-12\">\n\t\t\t\t<div class=\"text-img__wrapper\">\n\t\t\t\t\t<h1><\/h1>\n\n                    <img loading=\"lazy\" decoding=\"async\" width=\"666\" height=\"375\" src=\"https:\/\/www.dallassymphony.org\/wp-content\/uploads\/2022\/05\/William-Grant-Still-666x375.jpg\" class=\"d-xl-none d-block\" alt=\"William Grant Still\" srcset=\"https:\/\/www.dallassymphony.org\/wp-content\/uploads\/2022\/05\/William-Grant-Still-666x375.jpg 666w, https:\/\/www.dallassymphony.org\/wp-content\/uploads\/2022\/05\/William-Grant-Still-300x169.jpg 300w, https:\/\/www.dallassymphony.org\/wp-content\/uploads\/2022\/05\/William-Grant-Still-1024x576.jpg 1024w, https:\/\/www.dallassymphony.org\/wp-content\/uploads\/2022\/05\/William-Grant-Still-768x432.jpg 768w, https:\/\/www.dallassymphony.org\/wp-content\/uploads\/2022\/05\/William-Grant-Still-1536x864.jpg 1536w, https:\/\/www.dallassymphony.org\/wp-content\/uploads\/2022\/05\/William-Grant-Still-18x10.jpg 18w, https:\/\/www.dallassymphony.org\/wp-content\/uploads\/2022\/05\/William-Grant-Still-388x218.jpg 388w, https:\/\/www.dallassymphony.org\/wp-content\/uploads\/2022\/05\/William-Grant-Still-540x303.jpg 540w, https:\/\/www.dallassymphony.org\/wp-content\/uploads\/2022\/05\/William-Grant-Still-735x413.jpg 735w, https:\/\/www.dallassymphony.org\/wp-content\/uploads\/2022\/05\/William-Grant-Still.jpg 1600w\" sizes=\"auto, (max-width: 666px) 100vw, 666px\" \/>\n\t\t\t\t\t<h5><!-- wp:heading {\"level\":5} --><\/h5>\n<h5 id=\"h-dates\">FECHAS<\/h5>\n<p>Nacido el 11 de mayo de 1895 en Woodville, Mississippi<br \/>\nFalleci\u00f3 el 3 de diciembre de 1978 en Los Angeles, California<\/p>\n<h5 id=\"h-nationality\">NACIONALIDAD<\/h5>\n<p>Americano<\/p>\n<h5 id=\"h-style-period\">ESTILO\/PERIODO<\/h5>\n<p>Moderno 1920-Presente<\/p>\n<h5 id=\"h-famous-works\">OBRAS FAMOSAS<\/h5>\n<p>Sinfon\u00eda afroamericana<\/p>\n<p><!-- \/wp:heading --><\/p>\n\n                    \n                <\/div>\n                <img loading=\"lazy\" decoding=\"async\" width=\"1600\" height=\"900\" src=\"https:\/\/www.dallassymphony.org\/wp-content\/uploads\/2022\/05\/William-Grant-Still-1600x900.jpg\" class=\"d-none d-xl-block\" alt=\"William Grant Still\" srcset=\"https:\/\/www.dallassymphony.org\/wp-content\/uploads\/2022\/05\/William-Grant-Still.jpg 1600w, https:\/\/www.dallassymphony.org\/wp-content\/uploads\/2022\/05\/William-Grant-Still-300x169.jpg 300w, https:\/\/www.dallassymphony.org\/wp-content\/uploads\/2022\/05\/William-Grant-Still-1024x576.jpg 1024w, https:\/\/www.dallassymphony.org\/wp-content\/uploads\/2022\/05\/William-Grant-Still-768x432.jpg 768w, https:\/\/www.dallassymphony.org\/wp-content\/uploads\/2022\/05\/William-Grant-Still-1536x864.jpg 1536w, https:\/\/www.dallassymphony.org\/wp-content\/uploads\/2022\/05\/William-Grant-Still-18x10.jpg 18w, https:\/\/www.dallassymphony.org\/wp-content\/uploads\/2022\/05\/William-Grant-Still-388x218.jpg 388w, https:\/\/www.dallassymphony.org\/wp-content\/uploads\/2022\/05\/William-Grant-Still-540x303.jpg 540w, https:\/\/www.dallassymphony.org\/wp-content\/uploads\/2022\/05\/William-Grant-Still-666x375.jpg 666w, https:\/\/www.dallassymphony.org\/wp-content\/uploads\/2022\/05\/William-Grant-Still-735x413.jpg 735w\" sizes=\"auto, (max-width: 1600px) 100vw, 1600px\" \/>\t\t\t<\/div>\n\t\t<\/div>\n\t<\/div>\n<\/div>\n\n\n<div class=\"richtext m-spacer\">\n\t<div class=\"container\">\n\t\t<div class=\"row\">\n\t\t\t<div class=\"col-10\">\n\t\t\t\t\n\n<iframe loading=\"lazy\" width=\"50%\" height=\"20\" scrolling=\"no\" frameborder=\"no\" allow=\"autoplay\" src=\"https:\/\/w.soundcloud.com\/player\/?url=https%3A\/\/api.soundcloud.com\/tracks\/296395922&amp;color=%23ff5500&amp;inverse=false&amp;auto_play=false&amp;show_user=true\"><\/iframe>\n\n\n\n<div style=\"height:50px\" aria-hidden=\"true\" class=\"wp-block-spacer\"><\/div>\n\n\n\t\t\t<\/div>\n\t\t<\/div>\n\t<\/div>\n\n<\/div>\n\n\n<div class=\"richtext m-spacer\">\n\t<div class=\"container\">\n\t\t<div class=\"row\">\n\t\t\t<div class=\"col-10\">\n\t\t\t\t\n\n<hr class=\"wp-block-separator\"\/>\n\n\n\n<h3 class=\"wp-block-heading\" id=\"h-biography\">BIOGRAF\u00cdA<\/h3>\n\n\n\n<hr class=\"wp-block-separator\"\/>\n\n\n\n<p>William Grant Still era el hijo de dos profesores.  Su padre (William Grant Still, Sr.) tambi\u00e9n era socio de una tienda de comestibles y actuaba como director de una banda local. Cuando el beb\u00e9 William ten\u00eda s\u00f3lo 3 meses de edad, su padre muri\u00f3, y su madre se mud\u00f3 con la familia a Little Rock, Arkansas. William tuvo un temprano inter\u00e9s en la m\u00fasica, que fue alentado por su madre.  Estudi\u00f3 el&nbsp;<strong><a href=\"https:\/\/www.dallassymphony.org\/es\/community-education\/dso-kids\/listen-watch\/instruments\/violin\/\">viol\u00edn<\/a><\/strong>y le encantaba ir a los conciertos. A medida que crec\u00eda, aprendi\u00f3 a tocar todos los dem\u00e1s instrumentos de la familia de la cuerda, as\u00ed como el&nbsp;<strong><a href=\"https:\/\/www.dallassymphony.org\/es\/community-education\/dso-kids\/listen-watch\/instruments\/oboe\/\">oboe<\/a><\/strong>el&nbsp;<strong><a href=\"https:\/\/www.dallassymphony.org\/es\/community-education\/dso-kids\/listen-watch\/instruments\/clarinet\/\">clarinete<\/a><\/strong>y el&nbsp;<strong><a href=\"https:\/\/www.dallassymphony.org\/es\/community-education\/dso-kids\/listen-watch\/instruments\/saxophone\/\">saxof\u00f3n<\/a><\/strong>. Despu\u00e9s de graduarse de la escuela secundaria, William entr\u00f3 en la Universidad de Wilberforce y comenz\u00f3 a componer y arreglar en serio.  De Wilberforce, fue al Conservatorio de M\u00fasica de Oberlin y estudi\u00f3 con algunos de los m\u00e1s famosos compositores de su tiempo.<\/p>\n\n\n\n<p>En 1918, Still se uni\u00f3 a la Marina de los Estados Unidos para servir en la Primera Guerra Mundial. En 1919, empez\u00f3 a escribir arreglos para bandas y a tocar en orquestas de boxes en Broadway. En los a\u00f1os 30, Still arregl\u00f3 mucha m\u00fasica para programas de radio populares. En 1936, Still dirigi\u00f3 la Orquesta Filarm\u00f3nica de Los \u00c1ngeles como el primer afroamericano en dirigir una gran orquesta americana.  Se qued\u00f3 en Los \u00c1ngeles, y escribi\u00f3 o arregl\u00f3 m\u00fasica para muchas pel\u00edculas, incluyendo&nbsp;<em>Centavos del cielo<\/em>&nbsp;y&nbsp;<em>Horizonte perdido<\/em>.<\/p>\n\n\n\n<p>En 1949, su \u00f3pera&nbsp;<em>Isla Problem\u00e1tica<\/em>&nbsp;fue representada por la \u00d3pera de Nueva York. Fue la primera \u00f3pera de un afroamericano representada por una gran compa\u00f1\u00eda.  En los a\u00f1os 50, las obras de Still fueron interpretadas internacionalmente por las principales orquestas de Alemania, Inglaterra y Jap\u00f3n.<\/p>\n\n\n\n<p>Su&nbsp;<em>Sinfon\u00eda afroamericana<\/em>una de sus obras m\u00e1s famosas, incorpor\u00f3 melod\u00edas de canciones populares afroamericanas, blues y jazz, e incluso pide un banjo para unirse a la orquesta!&nbsp;<\/p>\n\n\n\t\t\t<\/div>\n\t\t<\/div>\n\t<\/div>\n\n<\/div>\n\n\n<div class=\"richtext m-spacer\">\n\t<div class=\"container\">\n\t\t<div class=\"row\">\n\t\t\t<div class=\"col-10\">\n\t\t\t\t\n\n<div class=\"wp-block-columns is-layout-flex wp-container-core-columns-is-layout-9d6595d7 wp-block-columns-is-layout-flex\">\n<div class=\"wp-block-column is-layout-flow wp-block-column-is-layout-flow\">\n<iframe loading=\"lazy\" width=\"100%\" height=\"166\" scrolling=\"no\" frameborder=\"no\" allow=\"autoplay\" src=\"https:\/\/w.soundcloud.com\/player\/?url=https%3A\/\/api.soundcloud.com\/tracks\/296395924&amp;color=%23ff5500&amp;auto_play=false&amp;hide_related=true&amp;show_comments=false&amp;show_user=true&amp;show_reposts=false&amp;show_teaser=false\"><\/iframe>\n<\/div>\n<\/div>\n\n\n\t\t\t<\/div>\n\t\t<\/div>\n\t<\/div>\n\n<\/div>\n\n\n<div class=\"richtext m-spacer\">\n\t<div class=\"container\">\n\t\t<div class=\"row\">\n\t\t\t<div class=\"col-10\">\n\t\t\t\t\n<div class=\"richtext m-spacer\">\n\t<div class=\"container\">\n\t\t<div class=\"row\">\n\t\t\t<div class=\"col-10\">\n\t\t\t\t\n\t\t\t<\/div>\n\t\t<\/div>\n\t<\/div>\n\n<\/div>\n\n\n\t\t\t<\/div>\n\t\t<\/div>\n\t<\/div>\n\n<\/div>\n\n\n<p><!-- \/wp:post-content --><br>\n<!-- \/wp:acf\/dso-rich-text --><\/p>","protected":false},"excerpt":{"rendered":"<p>William Grant Still era hijo de dos maestros.  Su padre (William Grant Still, Sr.) era tambi\u00e9n socio de una tienda de comestibles y actuaba como director de una banda local. Cuando el beb\u00e9 William ten\u00eda s\u00f3lo 3 meses, su padre muri\u00f3, y su madre traslad\u00f3 a la familia a Little Rock, Arkansas. William tuvo un temprano inter\u00e9s por la m\u00fasica, que fue alentado por su madre.<\/p>","protected":false},"author":3,"featured_media":9061,"parent":592,"menu_order":0,"comment_status":"closed","ping_status":"closed","template":"","meta":{"_acf_changed":false,"footnotes":""},"class_list":["post-1093","page","type-page","status-publish","has-post-thumbnail","hentry"],"acf":[],"_links":{"self":[{"href":"https:\/\/www.dallassymphony.org\/es\/wp-json\/wp\/v2\/pages\/1093","targetHints":{"allow":["GET"]}}],"collection":[{"href":"https:\/\/www.dallassymphony.org\/es\/wp-json\/wp\/v2\/pages"}],"about":[{"href":"https:\/\/www.dallassymphony.org\/es\/wp-json\/wp\/v2\/types\/page"}],"author":[{"embeddable":true,"href":"https:\/\/www.dallassymphony.org\/es\/wp-json\/wp\/v2\/users\/3"}],"replies":[{"embeddable":true,"href":"https:\/\/www.dallassymphony.org\/es\/wp-json\/wp\/v2\/comments?post=1093"}],"version-history":[{"count":0,"href":"https:\/\/www.dallassymphony.org\/es\/wp-json\/wp\/v2\/pages\/1093\/revisions"}],"up":[{"embeddable":true,"href":"https:\/\/www.dallassymphony.org\/es\/wp-json\/wp\/v2\/pages\/592"}],"wp:featuredmedia":[{"embeddable":true,"href":"https:\/\/www.dallassymphony.org\/es\/wp-json\/wp\/v2\/media\/9061"}],"wp:attachment":[{"href":"https:\/\/www.dallassymphony.org\/es\/wp-json\/wp\/v2\/media?parent=1093"}],"curies":[{"name":"wp","href":"https:\/\/api.w.org\/{rel}","templated":true}]}}