{"id":1089,"date":"2020-11-17T11:15:13","date_gmt":"2020-11-17T16:15:13","guid":{"rendered":"https:\/\/www.dallassymphony.org\/?page_id=1089"},"modified":"2022-05-18T13:57:36","modified_gmt":"2022-05-18T18:57:36","slug":"william-schuman","status":"publish","type":"page","link":"https:\/\/www.dallassymphony.org\/es\/community-education\/dso-kids\/listen-watch\/composers\/william-schuman\/","title":{"rendered":"William Schuman"},"content":{"rendered":"<div class=\"hero__no-img bg-blue-8\">\n\t<div class=\"container\">\n\t\t<div class=\"row\">\n\t\t\t<div class=\"col-md-10\">\n\n\t\t\t\t<ul class=\"breadcrumbs\">\n    \t<li class=\"breadcrumb__link\">\n\t\t<a class=\"a-hover\" href=\"https:\/\/www.dallassymphony.org\/es\/\">Inicio<\/a>\n\t<\/li>\n    \t<li class=\"breadcrumb__link a-styles\">\n\t\t<a class=\"a-hover\" href=\"https:\/\/www.dallassymphony.org\/es\/community-education\/\">Educaci\u00f3n y Comunidad<\/a>\n\t<\/li>\n    \t<li class=\"breadcrumb__link a-styles\">\n\t\t<a class=\"a-hover\" href=\"https:\/\/www.dallassymphony.org\/es\/community-education\/dso-kids\/\">Para escuelas y profesores<\/a>\n\t<\/li>\n    \t<li class=\"breadcrumb__link a-styles\">\n\t\t<a class=\"a-hover\" href=\"https:\/\/www.dallassymphony.org\/es\/community-education\/dso-kids\/listen-watch\/\">Escuchar y ver<\/a>\n\t<\/li>\n    \t<li class=\"breadcrumb__link a-styles\">\n\t\t<a class=\"a-hover\" href=\"https:\/\/www.dallassymphony.org\/es\/community-education\/dso-kids\/listen-watch\/composers\/\">Compositores<\/a>\n\t<\/li>\n    <\/ul>\n\n                \t\t\t\t<h1>\n                    <span >William Schuman<\/span>\n                <\/h1>\n                \t\t\t<\/div>\n\t\t<\/div>\n\t<\/div>\n<\/div>\n\n\n<div class=\"text-img text-img--left\">\n\t<div class=\"container\">\n\t\t<div class=\"row\">\n\t\t\t<div class=\"col-lg-12\">\n\t\t\t\t<div class=\"text-img__wrapper\">\n\t\t\t\t\t<h1><\/h1>\n\n                    <img loading=\"lazy\" decoding=\"async\" width=\"666\" height=\"375\" src=\"https:\/\/www.dallassymphony.org\/wp-content\/uploads\/2022\/05\/William-Schuman-666x375.jpg\" class=\"d-xl-none d-block\" alt=\"William Schuman\" srcset=\"https:\/\/www.dallassymphony.org\/wp-content\/uploads\/2022\/05\/William-Schuman-666x375.jpg 666w, https:\/\/www.dallassymphony.org\/wp-content\/uploads\/2022\/05\/William-Schuman-300x169.jpg 300w, https:\/\/www.dallassymphony.org\/wp-content\/uploads\/2022\/05\/William-Schuman-1024x576.jpg 1024w, https:\/\/www.dallassymphony.org\/wp-content\/uploads\/2022\/05\/William-Schuman-768x432.jpg 768w, https:\/\/www.dallassymphony.org\/wp-content\/uploads\/2022\/05\/William-Schuman-1536x864.jpg 1536w, https:\/\/www.dallassymphony.org\/wp-content\/uploads\/2022\/05\/William-Schuman-18x10.jpg 18w, https:\/\/www.dallassymphony.org\/wp-content\/uploads\/2022\/05\/William-Schuman-388x218.jpg 388w, https:\/\/www.dallassymphony.org\/wp-content\/uploads\/2022\/05\/William-Schuman-540x303.jpg 540w, https:\/\/www.dallassymphony.org\/wp-content\/uploads\/2022\/05\/William-Schuman-735x413.jpg 735w, https:\/\/www.dallassymphony.org\/wp-content\/uploads\/2022\/05\/William-Schuman.jpg 1600w\" sizes=\"auto, (max-width: 666px) 100vw, 666px\" \/>\n\t\t\t\t\t<h5><!-- wp:heading {\"level\":5} --><\/h5>\n<h5 id=\"h-dates\">FECHAS<\/h5>\n<p>Nacido el 4 de agosto de 1910 en Nueva York, Nueva York<br \/>\nMuri\u00f3 el 15 de febrero de 1992 EE.UU.<\/p>\n<h5 id=\"h-nationality\">NACIONALIDAD<\/h5>\n<p>Americano<\/p>\n<h5 id=\"h-style-period\">ESTILO\/PERIODO<\/h5>\n<p>Moderno 1920-Presente<\/p>\n<h5 id=\"h-famous-works\">OBRAS FAMOSAS<\/h5>\n<p>Sinfon\u00eda para Cuerdas<\/p>\n<p><!-- \/wp:heading --><\/p>\n\n                    \n                <\/div>\n                <img loading=\"lazy\" decoding=\"async\" width=\"1600\" height=\"900\" src=\"https:\/\/www.dallassymphony.org\/wp-content\/uploads\/2022\/05\/William-Schuman-1600x900.jpg\" class=\"d-none d-xl-block\" alt=\"William Schuman\" srcset=\"https:\/\/www.dallassymphony.org\/wp-content\/uploads\/2022\/05\/William-Schuman.jpg 1600w, https:\/\/www.dallassymphony.org\/wp-content\/uploads\/2022\/05\/William-Schuman-300x169.jpg 300w, https:\/\/www.dallassymphony.org\/wp-content\/uploads\/2022\/05\/William-Schuman-1024x576.jpg 1024w, https:\/\/www.dallassymphony.org\/wp-content\/uploads\/2022\/05\/William-Schuman-768x432.jpg 768w, https:\/\/www.dallassymphony.org\/wp-content\/uploads\/2022\/05\/William-Schuman-1536x864.jpg 1536w, https:\/\/www.dallassymphony.org\/wp-content\/uploads\/2022\/05\/William-Schuman-18x10.jpg 18w, https:\/\/www.dallassymphony.org\/wp-content\/uploads\/2022\/05\/William-Schuman-388x218.jpg 388w, https:\/\/www.dallassymphony.org\/wp-content\/uploads\/2022\/05\/William-Schuman-540x303.jpg 540w, https:\/\/www.dallassymphony.org\/wp-content\/uploads\/2022\/05\/William-Schuman-666x375.jpg 666w, https:\/\/www.dallassymphony.org\/wp-content\/uploads\/2022\/05\/William-Schuman-735x413.jpg 735w\" sizes=\"auto, (max-width: 1600px) 100vw, 1600px\" \/>\t\t\t<\/div>\n\t\t<\/div>\n\t<\/div>\n<\/div>\n\n\n<div class=\"richtext m-spacer\">\n\t<div class=\"container\">\n\t\t<div class=\"row\">\n\t\t\t<div class=\"col-10\">\n\t\t\t\t\n\n<iframe loading=\"lazy\" width=\"50%\" height=\"20\" scrolling=\"no\" frameborder=\"no\" allow=\"autoplay\" src=\"https:\/\/w.soundcloud.com\/player\/?url=https%3A\/\/api.soundcloud.com\/tracks\/296394582&amp;color=%23ff5500&amp;inverse=false&amp;auto_play=false&amp;show_user=true\"><\/iframe>\n\n\n\n<div style=\"height:50px\" aria-hidden=\"true\" class=\"wp-block-spacer\"><\/div>\n\n\n\t\t\t<\/div>\n\t\t<\/div>\n\t<\/div>\n\n<\/div>\n\n\n<div class=\"richtext m-spacer\">\n\t<div class=\"container\">\n\t\t<div class=\"row\">\n\t\t\t<div class=\"col-10\">\n\t\t\t\t\n\n<hr class=\"wp-block-separator\"\/>\n\n\n\n<h3 class=\"wp-block-heading\" id=\"h-biography\">BIOGRAF\u00cdA<\/h3>\n\n\n\n<hr class=\"wp-block-separator\"\/>\n\n\n\n<p>Nacido en Nueva York el 4 de agosto de 1910, William Schuman empez\u00f3 a componer cuando a\u00fan estaba en el instituto. Obtuvo una licenciatura y un m\u00e1ster en el Teachers College de la Universidad de Columbia, y posteriormente estudi\u00f3 con el compositor Roy Harris en Juilliard. Fue Roy Harris quien present\u00f3 al joven Schuman al director de orquesta Serge Koussevitzky. El maestro Koussevitzky dirigi\u00f3 la primera interpretaci\u00f3n de la Obertura del Festival Americano escrita por Schuman en 1939. Schuman recibi\u00f3 el primer premio del C\u00edrculo de Cr\u00edticos Musicales de Nueva York por su Sinfon\u00eda n\u00ba 3. A Schuman le gustaba incluir en sus obras melod\u00edas de canciones populares americanas y melod\u00edas de jazz, pero segu\u00eda experimentando con sonidos modernos y disonancias. Su cantata,&nbsp;<em>Una canci\u00f3n gratis<\/em>compuesta en 1943, recibi\u00f3 el premio Pulitzer.<\/p>\n\n\n\n<p>Nombrado presidente de la Juilliard School of Music en 1945, Schuman ampli\u00f3 el plan de estudios para incluir el arte de la danza. Tambi\u00e9n fue el fundador del Cuarteto de Cuerda de Julliard y desarroll\u00f3 el ampliamente utilizado \"Enfoque de la literatura y los materiales musicales para el estudio de la m\u00fasica\". . En 1962, Schuman se convirti\u00f3 en Presidente del Lincoln Center for the Performing Arts de Nueva York. Su distinguida carrera incluy\u00f3 los siguientes cargos: Director de la Fundaci\u00f3n Musical Koussevitzky, de la Sociedad Cinematogr\u00e1fica del Lincoln Center, de la Sociedad de M\u00fasica de C\u00e1mara de Londres y de la National Educational Television. La Medalla Nacional de las Artes fue concedida a Schuman en 1987. Schuman tambi\u00e9n fue elegido miembro de la Real Academia de M\u00fasica de Inglaterra y de la Academia Americana de las Artes y las Ciencias. Schuman falleci\u00f3 el 15 de febrero de 1992, como compositor y l\u00edder musical de nuestro tiempo.<\/p>\n\n\n\t\t\t<\/div>\n\t\t<\/div>\n\t<\/div>\n\n<\/div>","protected":false},"excerpt":{"rendered":"<p>Nacido en Nueva York el 4 de agosto de 1910, William Schuman empez\u00f3 a componer cuando a\u00fan estaba en el instituto. Obtuvo una licenciatura y un m\u00e1ster en el Teachers College de la Universidad de Columbia, y posteriormente estudi\u00f3 con el compositor Roy Harris en Juilliard.<\/p>","protected":false},"author":3,"featured_media":9059,"parent":592,"menu_order":0,"comment_status":"closed","ping_status":"closed","template":"","meta":{"_acf_changed":false,"footnotes":""},"class_list":["post-1089","page","type-page","status-publish","has-post-thumbnail","hentry"],"acf":[],"_links":{"self":[{"href":"https:\/\/www.dallassymphony.org\/es\/wp-json\/wp\/v2\/pages\/1089","targetHints":{"allow":["GET"]}}],"collection":[{"href":"https:\/\/www.dallassymphony.org\/es\/wp-json\/wp\/v2\/pages"}],"about":[{"href":"https:\/\/www.dallassymphony.org\/es\/wp-json\/wp\/v2\/types\/page"}],"author":[{"embeddable":true,"href":"https:\/\/www.dallassymphony.org\/es\/wp-json\/wp\/v2\/users\/3"}],"replies":[{"embeddable":true,"href":"https:\/\/www.dallassymphony.org\/es\/wp-json\/wp\/v2\/comments?post=1089"}],"version-history":[{"count":0,"href":"https:\/\/www.dallassymphony.org\/es\/wp-json\/wp\/v2\/pages\/1089\/revisions"}],"up":[{"embeddable":true,"href":"https:\/\/www.dallassymphony.org\/es\/wp-json\/wp\/v2\/pages\/592"}],"wp:featuredmedia":[{"embeddable":true,"href":"https:\/\/www.dallassymphony.org\/es\/wp-json\/wp\/v2\/media\/9059"}],"wp:attachment":[{"href":"https:\/\/www.dallassymphony.org\/es\/wp-json\/wp\/v2\/media?parent=1089"}],"curies":[{"name":"wp","href":"https:\/\/api.w.org\/{rel}","templated":true}]}}