{"id":1088,"date":"2020-11-17T11:14:58","date_gmt":"2020-11-17T16:14:58","guid":{"rendered":"https:\/\/www.dallassymphony.org\/?page_id=1088"},"modified":"2022-05-18T13:54:59","modified_gmt":"2022-05-18T18:54:59","slug":"ottorino-respighi","status":"publish","type":"page","link":"https:\/\/www.dallassymphony.org\/es\/community-education\/dso-kids\/listen-watch\/composers\/ottorino-respighi\/","title":{"rendered":"Ottorino Respighi"},"content":{"rendered":"<div class=\"hero__no-img bg-blue-8\">\n\t<div class=\"container\">\n\t\t<div class=\"row\">\n\t\t\t<div class=\"col-md-10\">\n\n\t\t\t\t<ul class=\"breadcrumbs\">\n    \t<li class=\"breadcrumb__link\">\n\t\t<a class=\"a-hover\" href=\"https:\/\/www.dallassymphony.org\/es\/\">Inicio<\/a>\n\t<\/li>\n    \t<li class=\"breadcrumb__link a-styles\">\n\t\t<a class=\"a-hover\" href=\"https:\/\/www.dallassymphony.org\/es\/community-education\/\">Educaci\u00f3n y Comunidad<\/a>\n\t<\/li>\n    \t<li class=\"breadcrumb__link a-styles\">\n\t\t<a class=\"a-hover\" href=\"https:\/\/www.dallassymphony.org\/es\/community-education\/dso-kids\/\">Para escuelas y profesores<\/a>\n\t<\/li>\n    \t<li class=\"breadcrumb__link a-styles\">\n\t\t<a class=\"a-hover\" href=\"https:\/\/www.dallassymphony.org\/es\/community-education\/dso-kids\/listen-watch\/\">Escuchar y ver<\/a>\n\t<\/li>\n    \t<li class=\"breadcrumb__link a-styles\">\n\t\t<a class=\"a-hover\" href=\"https:\/\/www.dallassymphony.org\/es\/community-education\/dso-kids\/listen-watch\/composers\/\">Compositores<\/a>\n\t<\/li>\n    <\/ul>\n\n                \t\t\t\t<h1>\n                    <span >Ottorino Respighi<\/span>\n                <\/h1>\n                \t\t\t<\/div>\n\t\t<\/div>\n\t<\/div>\n<\/div>\n\n\n<div class=\"text-img text-img--left\">\n\t<div class=\"container\">\n\t\t<div class=\"row\">\n\t\t\t<div class=\"col-lg-12\">\n\t\t\t\t<div class=\"text-img__wrapper\">\n\t\t\t\t\t<h1><\/h1>\n\n                    <img loading=\"lazy\" decoding=\"async\" width=\"666\" height=\"375\" src=\"https:\/\/www.dallassymphony.org\/wp-content\/uploads\/2022\/05\/Ottorino-Respighi-666x375.jpg\" class=\"d-xl-none d-block\" alt=\"Ottorino Respighi\" srcset=\"https:\/\/www.dallassymphony.org\/wp-content\/uploads\/2022\/05\/Ottorino-Respighi-666x375.jpg 666w, https:\/\/www.dallassymphony.org\/wp-content\/uploads\/2022\/05\/Ottorino-Respighi-300x169.jpg 300w, https:\/\/www.dallassymphony.org\/wp-content\/uploads\/2022\/05\/Ottorino-Respighi-1024x576.jpg 1024w, https:\/\/www.dallassymphony.org\/wp-content\/uploads\/2022\/05\/Ottorino-Respighi-768x432.jpg 768w, https:\/\/www.dallassymphony.org\/wp-content\/uploads\/2022\/05\/Ottorino-Respighi-1536x864.jpg 1536w, https:\/\/www.dallassymphony.org\/wp-content\/uploads\/2022\/05\/Ottorino-Respighi-18x10.jpg 18w, https:\/\/www.dallassymphony.org\/wp-content\/uploads\/2022\/05\/Ottorino-Respighi-388x218.jpg 388w, https:\/\/www.dallassymphony.org\/wp-content\/uploads\/2022\/05\/Ottorino-Respighi-540x303.jpg 540w, https:\/\/www.dallassymphony.org\/wp-content\/uploads\/2022\/05\/Ottorino-Respighi-735x413.jpg 735w, https:\/\/www.dallassymphony.org\/wp-content\/uploads\/2022\/05\/Ottorino-Respighi.jpg 1600w\" sizes=\"auto, (max-width: 666px) 100vw, 666px\" \/>\n\t\t\t\t\t<h5><!-- wp:heading {\"level\":5} --><\/h5>\n<h5 id=\"h-dates\">FECHAS<\/h5>\n<p>Nacido el 9 de julio de 1879 en Bolonia, Italia<br \/>\nFalleci\u00f3 el 18 de abril de 1936 en Roma, Italia<\/p>\n<h5 id=\"h-nationality\">NACIONALIDAD<\/h5>\n<p>Italiano<\/p>\n<h5 id=\"h-style-period\">ESTILO\/PERIODO<\/h5>\n<p>Moderno 1920-Presente<\/p>\n<h5 id=\"h-famous-works\">OBRAS DE FAMOUOS<\/h5>\n<p>Las fuentes de Roma, los pinos de Roma<\/p>\n<p><!-- \/wp:heading --><\/p>\n\n                    \n                <\/div>\n                <img loading=\"lazy\" decoding=\"async\" width=\"1600\" height=\"900\" src=\"https:\/\/www.dallassymphony.org\/wp-content\/uploads\/2022\/05\/Ottorino-Respighi-1600x900.jpg\" class=\"d-none d-xl-block\" alt=\"Ottorino Respighi\" srcset=\"https:\/\/www.dallassymphony.org\/wp-content\/uploads\/2022\/05\/Ottorino-Respighi.jpg 1600w, https:\/\/www.dallassymphony.org\/wp-content\/uploads\/2022\/05\/Ottorino-Respighi-300x169.jpg 300w, https:\/\/www.dallassymphony.org\/wp-content\/uploads\/2022\/05\/Ottorino-Respighi-1024x576.jpg 1024w, https:\/\/www.dallassymphony.org\/wp-content\/uploads\/2022\/05\/Ottorino-Respighi-768x432.jpg 768w, https:\/\/www.dallassymphony.org\/wp-content\/uploads\/2022\/05\/Ottorino-Respighi-1536x864.jpg 1536w, https:\/\/www.dallassymphony.org\/wp-content\/uploads\/2022\/05\/Ottorino-Respighi-18x10.jpg 18w, https:\/\/www.dallassymphony.org\/wp-content\/uploads\/2022\/05\/Ottorino-Respighi-388x218.jpg 388w, https:\/\/www.dallassymphony.org\/wp-content\/uploads\/2022\/05\/Ottorino-Respighi-540x303.jpg 540w, https:\/\/www.dallassymphony.org\/wp-content\/uploads\/2022\/05\/Ottorino-Respighi-666x375.jpg 666w, https:\/\/www.dallassymphony.org\/wp-content\/uploads\/2022\/05\/Ottorino-Respighi-735x413.jpg 735w\" sizes=\"auto, (max-width: 1600px) 100vw, 1600px\" \/>\t\t\t<\/div>\n\t\t<\/div>\n\t<\/div>\n<\/div>\n\n\n<div class=\"richtext m-spacer\">\n\t<div class=\"container\">\n\t\t<div class=\"row\">\n\t\t\t<div class=\"col-10\">\n\t\t\t\t\n\n<iframe loading=\"lazy\" width=\"50%\" height=\"20\" scrolling=\"no\" frameborder=\"no\" allow=\"autoplay\" src=\"https:\/\/w.soundcloud.com\/player\/?url=https%3A\/\/api.soundcloud.com\/tracks\/296393891&amp;color=%23ff5500&amp;inverse=false&amp;auto_play=false&amp;show_user=true\"><\/iframe>\n\n\n\n<div style=\"height:50px\" aria-hidden=\"true\" class=\"wp-block-spacer\"><\/div>\n\n\n\t\t\t<\/div>\n\t\t<\/div>\n\t<\/div>\n\n<\/div>\n\n\n<div class=\"richtext m-spacer\">\n\t<div class=\"container\">\n\t\t<div class=\"row\">\n\t\t\t<div class=\"col-10\">\n\t\t\t\t\n\n<hr class=\"wp-block-separator\"\/>\n\n\n\n<h3 class=\"wp-block-heading\" id=\"h-biography\">BIOGRAF\u00cdA<\/h3>\n\n\n\n<hr class=\"wp-block-separator\"\/>\n\n\n\n<p>Ottorino Respighi naci\u00f3 en Bolonia en 1870. Estudi\u00f3&nbsp;<strong><a href=\"https:\/\/www.dallassymphony.org\/es\/violin_strings-2-2\/\">viol\u00edn<\/a><\/strong>,&nbsp;<strong><a href=\"https:\/\/www.dallassymphony.org\/es\/community-education\/dso-kids\/listen-watch\/instruments\/viola\/\">viola<\/a><\/strong>y la composici\u00f3n en el Liceo Musical. En 1900 tom\u00f3 un puesto como primer violista en la Orquesta de la \u00d3pera de San Petersburgo, Rusia, donde tambi\u00e9n estudi\u00f3 composici\u00f3n con Rimsky-Korsakov.<\/p>\n\n\n\n<p>Se le conoc\u00eda sobre todo como solista y no fue hasta 1908, despu\u00e9s de la representaci\u00f3n de sus obras oper\u00edsticas, que fue nombrado profesor de composici\u00f3n en el Conservatorio Santa Cecilia de Roma. M\u00e1s tarde se convirti\u00f3 en director de la escuela, pero renunci\u00f3 en 1923 para dedicarse a escribir m\u00fasica y dar conciertos.<\/p>\n\n\n\n<p>Aunque escribi\u00f3 \u00f3peras, es m\u00e1s conocido por sus dos poemas sinf\u00f3nicos&nbsp;<em>Las fuentes de Roma<\/em>&nbsp;y&nbsp;<em>Los Pinos de Roma<\/em>.<\/p>\n\n\n\t\t\t<\/div>\n\t\t<\/div>\n\t<\/div>\n\n<\/div>","protected":false},"excerpt":{"rendered":"<p>Ottorino Respighi naci\u00f3 en Bolonia en 1870. Estudi\u00f3 viol\u00edn, viola y composici\u00f3n en el Liceo Musical. En 1900 tom\u00f3 un puesto como primer violista en la Orquesta de la \u00d3pera de San Petersburgo, Rusia, donde tambi\u00e9n estudi\u00f3 composici\u00f3n con Rimsky-Korsakov.<\/p>","protected":false},"author":3,"featured_media":9058,"parent":592,"menu_order":0,"comment_status":"closed","ping_status":"closed","template":"","meta":{"_acf_changed":false,"footnotes":""},"class_list":["post-1088","page","type-page","status-publish","has-post-thumbnail","hentry"],"acf":[],"_links":{"self":[{"href":"https:\/\/www.dallassymphony.org\/es\/wp-json\/wp\/v2\/pages\/1088","targetHints":{"allow":["GET"]}}],"collection":[{"href":"https:\/\/www.dallassymphony.org\/es\/wp-json\/wp\/v2\/pages"}],"about":[{"href":"https:\/\/www.dallassymphony.org\/es\/wp-json\/wp\/v2\/types\/page"}],"author":[{"embeddable":true,"href":"https:\/\/www.dallassymphony.org\/es\/wp-json\/wp\/v2\/users\/3"}],"replies":[{"embeddable":true,"href":"https:\/\/www.dallassymphony.org\/es\/wp-json\/wp\/v2\/comments?post=1088"}],"version-history":[{"count":0,"href":"https:\/\/www.dallassymphony.org\/es\/wp-json\/wp\/v2\/pages\/1088\/revisions"}],"up":[{"embeddable":true,"href":"https:\/\/www.dallassymphony.org\/es\/wp-json\/wp\/v2\/pages\/592"}],"wp:featuredmedia":[{"embeddable":true,"href":"https:\/\/www.dallassymphony.org\/es\/wp-json\/wp\/v2\/media\/9058"}],"wp:attachment":[{"href":"https:\/\/www.dallassymphony.org\/es\/wp-json\/wp\/v2\/media?parent=1088"}],"curies":[{"name":"wp","href":"https:\/\/api.w.org\/{rel}","templated":true}]}}