{"id":10875,"date":"2023-02-28T11:55:44","date_gmt":"2023-02-28T17:55:44","guid":{"rendered":"https:\/\/www.dallassymphony.org\/?page_id=10875"},"modified":"2025-08-24T14:00:53","modified_gmt":"2025-08-24T19:00:53","slug":"equity-diversity-inclusion-social-impact","status":"publish","type":"page","link":"https:\/\/www.dallassymphony.org\/es\/about-the-dso\/equity-diversity-inclusion-social-impact\/","title":{"rendered":"Equidad, diversidad, inclusi\u00f3n e impacto social"},"content":{"rendered":"<div class=\"wp-block-columns is-layout-flex wp-container-core-columns-is-layout-9d6595d7 wp-block-columns-is-layout-flex\">\n<div class=\"wp-block-column is-layout-flow wp-block-column-is-layout-flow\"><div class=\"wp-block-image\">\n<figure class=\"aligncenter size-large is-resized\"><img loading=\"lazy\" decoding=\"async\" width=\"1024\" height=\"295\" src=\"https:\/\/www.dallassymphony.org\/wp-content\/uploads\/2024\/07\/214.849.4376-1024x295.png\" alt=\"\" class=\"wp-image-21607\" style=\"width:1140px\" srcset=\"https:\/\/www.dallassymphony.org\/wp-content\/uploads\/2024\/07\/214.849.4376-1024x295.png 1024w, https:\/\/www.dallassymphony.org\/wp-content\/uploads\/2024\/07\/214.849.4376-300x86.png 300w, https:\/\/www.dallassymphony.org\/wp-content\/uploads\/2024\/07\/214.849.4376-768x221.png 768w, https:\/\/www.dallassymphony.org\/wp-content\/uploads\/2024\/07\/214.849.4376-18x5.png 18w, https:\/\/www.dallassymphony.org\/wp-content\/uploads\/2024\/07\/214.849.4376.png 1536w\" sizes=\"auto, (max-width: 1024px) 100vw, 1024px\" \/><\/figure>\n<\/div><\/div>\n<\/div>\n\n\n<div class=\"richtext m-spacer\">\n\t<div class=\"container\">\n\t\t<div class=\"row\">\n\t\t\t<div class=\"col-10\">\n\t\t\t\t\n\n<h1 class=\"wp-block-heading has-large-font-size\">Equidad, Diversidad, Inclusi\u00f3n e Impacto Social<\/h1>\n\n\n\n<p>La Orquesta Sinf\u00f3nica de Dallas se mantiene firme en su compromiso con la equidad, la diversidad, la inclusi\u00f3n y el impacto social porque, colectivamente, estos principios aportan a la organizaci\u00f3n una profundidad, un prop\u00f3sito y una riqueza que de otro modo ser\u00edan inalcanzables. <\/p>\n\n\n\t\t\t<\/div>\n\t\t<\/div>\n\t<\/div>\n\n<\/div>\n\n\n<div class=\"subpage-nav grad-to-left\">\n\t<div class=\"container\">\n\t\t<div class=\"row\">\n\t\t\t<div class=\"col-md-12\">\n\t\t\t\t<h2><\/h2>\n\t\t\t<\/div>\n\t\t\t<div class=\"col-6\">\n\t<div class=\"subpage-nav__card\">\n\t\t<a href=\"https:\/\/www.dallassymphony.org\/es\/about-the-dso\/equity-diversity-inclusion-social-impact\/equity-diversity-inclusion-statement\/\">\n\t\t\t<div class=\"subpage-nav__img-wrapper\">\n\t\t\t\t<img loading=\"lazy\" decoding=\"async\" width=\"540\" height=\"360\" src=\"https:\/\/www.dallassymphony.org\/wp-content\/uploads\/2023\/04\/EDI-Statement-1600x900-1-540x360.png\" class=\"img-fluid wp-post-image\" alt=\"\" srcset=\"https:\/\/www.dallassymphony.org\/wp-content\/uploads\/2023\/04\/EDI-Statement-1600x900-1-540x360.png 540w, https:\/\/www.dallassymphony.org\/wp-content\/uploads\/2023\/04\/EDI-Statement-1600x900-1-309x206.png 309w, https:\/\/www.dallassymphony.org\/wp-content\/uploads\/2023\/04\/EDI-Statement-1600x900-1-350x234.png 350w\" sizes=\"auto, (max-width: 540px) 100vw, 540px\" \/>\t\t\t<\/div>\n\n\t\t\t<div class=\"subpage-nav__text\">\n\t\t\t\t<p>Declaraci\u00f3n de Equidad, Diversidad e Inclusi\u00f3n<\/p>\n\t\t\t<\/div>\n\t\t<\/a>\n\t<\/div>\n<\/div>\n<div class=\"col-6\">\n\t<div class=\"subpage-nav__card\">\n\t\t<a href=\"https:\/\/www.dallassymphony.org\/es\/about-the-dso\/equity-diversity-inclusion-social-impact\/dallas-symphony-community-groups-ergs\/\">\n\t\t\t<div class=\"subpage-nav__img-wrapper\">\n\t\t\t\t<img loading=\"lazy\" decoding=\"async\" width=\"540\" height=\"360\" src=\"https:\/\/www.dallassymphony.org\/wp-content\/uploads\/2024\/07\/1600-X-900-47-540x360.png\" class=\"img-fluid wp-post-image\" alt=\"\" srcset=\"https:\/\/www.dallassymphony.org\/wp-content\/uploads\/2024\/07\/1600-X-900-47-540x360.png 540w, https:\/\/www.dallassymphony.org\/wp-content\/uploads\/2024\/07\/1600-X-900-47-309x206.png 309w, https:\/\/www.dallassymphony.org\/wp-content\/uploads\/2024\/07\/1600-X-900-47-350x234.png 350w\" sizes=\"auto, (max-width: 540px) 100vw, 540px\" \/>\t\t\t<\/div>\n\n\t\t\t<div class=\"subpage-nav__text\">\n\t\t\t\t<p>Grupos Comunitarios Sinf\u00f3nicos de Dallas (ERG)<\/p>\n\t\t\t<\/div>\n\t\t<\/a>\n\t<\/div>\n<\/div>\n<div class=\"col-6\">\n\t<div class=\"subpage-nav__card\">\n\t\t<a href=\"https:\/\/www.dallassymphony.org\/es\/about-the-dso\/equity-diversity-inclusion-social-impact\/the-fermata-speaker-series\/\">\n\t\t\t<div class=\"subpage-nav__img-wrapper\">\n\t\t\t\t<img loading=\"lazy\" decoding=\"async\" width=\"540\" height=\"360\" src=\"https:\/\/www.dallassymphony.org\/wp-content\/uploads\/2023\/04\/Fermata-1600x900-1-540x360.png\" class=\"img-fluid wp-post-image\" alt=\"\" srcset=\"https:\/\/www.dallassymphony.org\/wp-content\/uploads\/2023\/04\/Fermata-1600x900-1-540x360.png 540w, https:\/\/www.dallassymphony.org\/wp-content\/uploads\/2023\/04\/Fermata-1600x900-1-309x206.png 309w, https:\/\/www.dallassymphony.org\/wp-content\/uploads\/2023\/04\/Fermata-1600x900-1-350x234.png 350w\" sizes=\"auto, (max-width: 540px) 100vw, 540px\" \/>\t\t\t<\/div>\n\n\t\t\t<div class=\"subpage-nav__text\">\n\t\t\t\t<p>Ciclo de conferencias Fermata<\/p>\n\t\t\t<\/div>\n\t\t<\/a>\n\t<\/div>\n<\/div>\n<div class=\"col-6\">\n\t<div class=\"subpage-nav__card\">\n\t\t<a href=\"https:\/\/www.dallassymphony.org\/es\/about-the-dso\/equity-diversity-inclusion-social-impact\/dallas-symphony-orchestra-diversity-fellowship\/\">\n\t\t\t<div class=\"subpage-nav__img-wrapper\">\n\t\t\t\t<img loading=\"lazy\" decoding=\"async\" width=\"540\" height=\"360\" src=\"https:\/\/www.dallassymphony.org\/wp-content\/uploads\/2024\/07\/preview-8-7-540x360.jpg\" class=\"img-fluid wp-post-image\" alt=\"\" srcset=\"https:\/\/www.dallassymphony.org\/wp-content\/uploads\/2024\/07\/preview-8-7-540x360.jpg 540w, https:\/\/www.dallassymphony.org\/wp-content\/uploads\/2024\/07\/preview-8-7-18x12.jpg 18w, https:\/\/www.dallassymphony.org\/wp-content\/uploads\/2024\/07\/preview-8-7-309x206.jpg 309w, https:\/\/www.dallassymphony.org\/wp-content\/uploads\/2024\/07\/preview-8-7-350x234.jpg 350w\" sizes=\"auto, (max-width: 540px) 100vw, 540px\" \/>\t\t\t<\/div>\n\n\t\t\t<div class=\"subpage-nav__text\">\n\t\t\t\t<p>Beca de diversidad de la Orquesta Sinf\u00f3nica de Dallas<\/p>\n\t\t\t<\/div>\n\t\t<\/a>\n\t<\/div>\n<\/div>\n<div class=\"col-6\">\n\t<div class=\"subpage-nav__card\">\n\t\t<a href=\"https:\/\/www.dallassymphony.org\/es\/community-education\/dso-music-programs\/young-musicians\/\">\n\t\t\t<div class=\"subpage-nav__img-wrapper\">\n\t\t\t\t<img loading=\"lazy\" decoding=\"async\" width=\"540\" height=\"360\" src=\"https:\/\/www.dallassymphony.org\/wp-content\/uploads\/2020\/11\/Young-Musicians_Meyerson-Concert.jpg-540x360.jpg\" class=\"img-fluid wp-post-image\" alt=\"Los j\u00f3venes m\u00fasicos realizan un concierto\" srcset=\"https:\/\/www.dallassymphony.org\/wp-content\/uploads\/2020\/11\/Young-Musicians_Meyerson-Concert.jpg-540x360.jpg 540w, https:\/\/www.dallassymphony.org\/wp-content\/uploads\/2020\/11\/Young-Musicians_Meyerson-Concert.jpg-16x12.jpg 16w, https:\/\/www.dallassymphony.org\/wp-content\/uploads\/2020\/11\/Young-Musicians_Meyerson-Concert.jpg-309x206.jpg 309w\" sizes=\"auto, (max-width: 540px) 100vw, 540px\" \/>\t\t\t<\/div>\n\n\t\t\t<div class=\"subpage-nav__text\">\n\t\t\t\t<p>Programa de J\u00f3venes M\u00fasicos Kim Noltemy<\/p>\n\t\t\t<\/div>\n\t\t<\/a>\n\t<\/div>\n<\/div>\n<div class=\"col-6\">\n\t<div class=\"subpage-nav__card\">\n\t\t<a href=\"https:\/\/www.dallassymphony.org\/es\/community-education\/dso-music-programs\/young-strings\/\">\n\t\t\t<div class=\"subpage-nav__img-wrapper\">\n\t\t\t\t<img loading=\"lazy\" decoding=\"async\" width=\"540\" height=\"360\" src=\"https:\/\/www.dallassymphony.org\/wp-content\/uploads\/2020\/11\/Young-Strings.jpg-540x360.jpg\" class=\"img-fluid wp-post-image\" alt=\"Concierto de cuerdas j\u00f3venes de la DSO\" srcset=\"https:\/\/www.dallassymphony.org\/wp-content\/uploads\/2020\/11\/Young-Strings.jpg-540x360.jpg 540w, https:\/\/www.dallassymphony.org\/wp-content\/uploads\/2020\/11\/Young-Strings.jpg-16x12.jpg 16w, https:\/\/www.dallassymphony.org\/wp-content\/uploads\/2020\/11\/Young-Strings.jpg-309x206.jpg 309w\" sizes=\"auto, (max-width: 540px) 100vw, 540px\" \/>\t\t\t<\/div>\n\n\t\t\t<div class=\"subpage-nav__text\">\n\t\t\t\t<p>Cuerdas j\u00f3venes<\/p>\n\t\t\t<\/div>\n\t\t<\/a>\n\t<\/div>\n<\/div>\n<div class=\"col-6\">\n\t<div class=\"subpage-nav__card\">\n\t\t<a href=\"https:\/\/www.dallassymphony.org\/es\/about-the-dso\/equity-diversity-inclusion-social-impact\/women-in-classical-music\/\">\n\t\t\t<div class=\"subpage-nav__img-wrapper\">\n\t\t\t\t<img loading=\"lazy\" decoding=\"async\" width=\"540\" height=\"360\" src=\"https:\/\/www.dallassymphony.org\/wp-content\/uploads\/2023\/04\/WICM-1600x900-1-540x360.png\" class=\"img-fluid wp-post-image\" alt=\"\" srcset=\"https:\/\/www.dallassymphony.org\/wp-content\/uploads\/2023\/04\/WICM-1600x900-1-540x360.png 540w, https:\/\/www.dallassymphony.org\/wp-content\/uploads\/2023\/04\/WICM-1600x900-1-309x206.png 309w, https:\/\/www.dallassymphony.org\/wp-content\/uploads\/2023\/04\/WICM-1600x900-1-350x234.png 350w\" sizes=\"auto, (max-width: 540px) 100vw, 540px\" \/>\t\t\t<\/div>\n\n\t\t\t<div class=\"subpage-nav__text\">\n\t\t\t\t<p>Las mujeres en la m\u00fasica cl\u00e1sica<\/p>\n\t\t\t<\/div>\n\t\t<\/a>\n\t<\/div>\n<\/div>\n<div class=\"col-6\">\n\t<div class=\"subpage-nav__card\">\n\t\t<a href=\"https:\/\/www.dallassymphony.org\/es\/community-education\/in-the-community\/dso-cares\/\">\n\t\t\t<div class=\"subpage-nav__img-wrapper\">\n\t\t\t\t<img loading=\"lazy\" decoding=\"async\" width=\"540\" height=\"360\" src=\"https:\/\/www.dallassymphony.org\/wp-content\/uploads\/2022\/11\/IMG_5435-540x360.jpeg\" class=\"img-fluid wp-post-image\" alt=\"\" srcset=\"https:\/\/www.dallassymphony.org\/wp-content\/uploads\/2022\/11\/IMG_5435-540x360.jpeg 540w, https:\/\/www.dallassymphony.org\/wp-content\/uploads\/2022\/11\/IMG_5435-16x12.jpeg 16w, https:\/\/www.dallassymphony.org\/wp-content\/uploads\/2022\/11\/IMG_5435-309x206.jpeg 309w, https:\/\/www.dallassymphony.org\/wp-content\/uploads\/2022\/11\/IMG_5435-350x234.jpeg 350w\" sizes=\"auto, (max-width: 540px) 100vw, 540px\" \/>\t\t\t<\/div>\n\n\t\t\t<div class=\"subpage-nav__text\">\n\t\t\t\t<p>DSO Cares<\/p>\n\t\t\t<\/div>\n\t\t<\/a>\n\t<\/div>\n<\/div>\n\t\t<\/div>\n\t<\/div>\n<\/div>","protected":false},"excerpt":{"rendered":"<p>La Orquesta Sinf\u00f3nica de Dallas se mantiene firme en su compromiso con la equidad, la diversidad, la inclusi\u00f3n y el impacto social porque, colectivamente, estos principios aportan a la organizaci\u00f3n una profundidad, un prop\u00f3sito y una riqueza que de otro modo ser\u00edan inalcanzables.<\/p>","protected":false},"author":16,"featured_media":21597,"parent":282,"menu_order":0,"comment_status":"closed","ping_status":"closed","template":"","meta":{"_acf_changed":false,"footnotes":""},"class_list":["post-10875","page","type-page","status-publish","has-post-thumbnail","hentry"],"acf":[],"_links":{"self":[{"href":"https:\/\/www.dallassymphony.org\/es\/wp-json\/wp\/v2\/pages\/10875","targetHints":{"allow":["GET"]}}],"collection":[{"href":"https:\/\/www.dallassymphony.org\/es\/wp-json\/wp\/v2\/pages"}],"about":[{"href":"https:\/\/www.dallassymphony.org\/es\/wp-json\/wp\/v2\/types\/page"}],"author":[{"embeddable":true,"href":"https:\/\/www.dallassymphony.org\/es\/wp-json\/wp\/v2\/users\/16"}],"replies":[{"embeddable":true,"href":"https:\/\/www.dallassymphony.org\/es\/wp-json\/wp\/v2\/comments?post=10875"}],"version-history":[{"count":0,"href":"https:\/\/www.dallassymphony.org\/es\/wp-json\/wp\/v2\/pages\/10875\/revisions"}],"up":[{"embeddable":true,"href":"https:\/\/www.dallassymphony.org\/es\/wp-json\/wp\/v2\/pages\/282"}],"wp:featuredmedia":[{"embeddable":true,"href":"https:\/\/www.dallassymphony.org\/es\/wp-json\/wp\/v2\/media\/21597"}],"wp:attachment":[{"href":"https:\/\/www.dallassymphony.org\/es\/wp-json\/wp\/v2\/media?parent=10875"}],"curies":[{"name":"wp","href":"https:\/\/api.w.org\/{rel}","templated":true}]}}