{"id":10874,"date":"2023-04-10T12:22:16","date_gmt":"2023-04-10T17:22:16","guid":{"rendered":"https:\/\/www.dallassymphony.org\/?page_id=10874"},"modified":"2023-04-14T14:08:55","modified_gmt":"2023-04-14T19:08:55","slug":"women-in-classical-music","status":"publish","type":"page","link":"https:\/\/www.dallassymphony.org\/es\/about-the-dso\/equity-diversity-inclusion-social-impact\/women-in-classical-music\/","title":{"rendered":"Las mujeres en la m\u00fasica cl\u00e1sica"},"content":{"rendered":"<div class=\"hero__no-img bg-blue-8\">\n\t<div class=\"container\">\n\t\t<div class=\"row\">\n\t\t\t<div class=\"col-md-10\">\n\n\t\t\t\t<ul class=\"breadcrumbs\">\n    \t<li class=\"breadcrumb__link\">\n\t\t<a class=\"a-hover\" href=\"https:\/\/www.dallassymphony.org\/es\/\">Inicio<\/a>\n\t<\/li>\n    \t<li class=\"breadcrumb__link a-styles\">\n\t\t<a class=\"a-hover\" href=\"https:\/\/www.dallassymphony.org\/es\/about-the-dso\/\">Sobre el DSO<\/a>\n\t<\/li>\n    \t<li class=\"breadcrumb__link a-styles\">\n\t\t<a class=\"a-hover\" href=\"https:\/\/www.dallassymphony.org\/es\/about-the-dso\/equity-diversity-inclusion-social-impact\/\">Equidad, diversidad, inclusi\u00f3n e impacto social<\/a>\n\t<\/li>\n    <\/ul>\n\n                \t\t\t\t<h1>\n                    <span >Las mujeres en la m\u00fasica cl\u00e1sica<\/span>\n                <\/h1>\n                \t\t\t<\/div>\n\t\t<\/div>\n\t<\/div>\n<\/div>\n\n\n<div class=\"richtext m-spacer\">\n\t<div class=\"container\">\n\t\t<div class=\"row\">\n\t\t\t<div class=\"col-10\">\n\t\t\t\t\n\n<p>Dise\u00f1ado para elevar el papel de la mujer en la m\u00fasica cl\u00e1sica y aumentar la representaci\u00f3n femenina en este campo, el programa Mujeres en la M\u00fasica Cl\u00e1sica de la Sinf\u00f3nica de Dallas pretende crear un di\u00e1logo y oportunidades para las mujeres m\u00fasicas en todas las etapas de sus carreras.\u00a0<\/p>\n\n\n\n<p>Para m\u00e1s informaci\u00f3n, visite nuestra p\u00e1gina completa <a href=\"https:\/\/www.womeninclassicalmusic.com\/\" target=\"_blank\" rel=\"noreferrer noopener\">Sitio web de Mujeres en la M\u00fasica Cl\u00e1sica<\/a>.<\/p>\n\n\n\t\t\t<\/div>\n\t\t<\/div>\n\t<\/div>\n\n<\/div>","protected":false},"excerpt":{"rendered":"<p>Dise\u00f1ado para elevar el papel de la mujer en la m\u00fasica cl\u00e1sica y aumentar la representaci\u00f3n femenina en este campo, el programa Mujeres en la M\u00fasica Cl\u00e1sica de la Sinf\u00f3nica de Dallas pretende crear un di\u00e1logo y oportunidades para las mujeres m\u00fasicas en todas las etapas de sus carreras. <\/p>","protected":false},"author":16,"featured_media":11301,"parent":10875,"menu_order":0,"comment_status":"closed","ping_status":"closed","template":"","meta":{"_acf_changed":false,"footnotes":""},"class_list":["post-10874","page","type-page","status-publish","has-post-thumbnail","hentry"],"acf":[],"_links":{"self":[{"href":"https:\/\/www.dallassymphony.org\/es\/wp-json\/wp\/v2\/pages\/10874","targetHints":{"allow":["GET"]}}],"collection":[{"href":"https:\/\/www.dallassymphony.org\/es\/wp-json\/wp\/v2\/pages"}],"about":[{"href":"https:\/\/www.dallassymphony.org\/es\/wp-json\/wp\/v2\/types\/page"}],"author":[{"embeddable":true,"href":"https:\/\/www.dallassymphony.org\/es\/wp-json\/wp\/v2\/users\/16"}],"replies":[{"embeddable":true,"href":"https:\/\/www.dallassymphony.org\/es\/wp-json\/wp\/v2\/comments?post=10874"}],"version-history":[{"count":0,"href":"https:\/\/www.dallassymphony.org\/es\/wp-json\/wp\/v2\/pages\/10874\/revisions"}],"up":[{"embeddable":true,"href":"https:\/\/www.dallassymphony.org\/es\/wp-json\/wp\/v2\/pages\/10875"}],"wp:featuredmedia":[{"embeddable":true,"href":"https:\/\/www.dallassymphony.org\/es\/wp-json\/wp\/v2\/media\/11301"}],"wp:attachment":[{"href":"https:\/\/www.dallassymphony.org\/es\/wp-json\/wp\/v2\/media?parent=10874"}],"curies":[{"name":"wp","href":"https:\/\/api.w.org\/{rel}","templated":true}]}}