{"id":10869,"date":"2023-04-10T12:39:08","date_gmt":"2023-04-10T17:39:08","guid":{"rendered":"https:\/\/www.dallassymphony.org\/?page_id=10869"},"modified":"2025-08-13T17:11:48","modified_gmt":"2025-08-13T22:11:48","slug":"dallas-symphony-community-groups-ergs","status":"publish","type":"page","link":"https:\/\/www.dallassymphony.org\/es\/about-the-dso\/equity-diversity-inclusion-social-impact\/dallas-symphony-community-groups-ergs\/","title":{"rendered":"Grupos Comunitarios Sinf\u00f3nicos de Dallas (ERG)"},"content":{"rendered":"<div class=\"hero__no-img bg-blue-8\">\n\t<div class=\"container\">\n\t\t<div class=\"row\">\n\t\t\t<div class=\"col-md-10\">\n\n\t\t\t\t<ul class=\"breadcrumbs\">\n    \t<li class=\"breadcrumb__link\">\n\t\t<a class=\"a-hover\" href=\"https:\/\/www.dallassymphony.org\/es\/\">Inicio<\/a>\n\t<\/li>\n    \t<li class=\"breadcrumb__link a-styles\">\n\t\t<a class=\"a-hover\" href=\"https:\/\/www.dallassymphony.org\/es\/about-the-dso\/\">Sobre el DSO<\/a>\n\t<\/li>\n    \t<li class=\"breadcrumb__link a-styles\">\n\t\t<a class=\"a-hover\" href=\"https:\/\/www.dallassymphony.org\/es\/about-the-dso\/equity-diversity-inclusion-social-impact\/\">Equidad, diversidad, inclusi\u00f3n e impacto social<\/a>\n\t<\/li>\n    <\/ul>\n\n                \t\t\t\t<h1>\n                    <span >Grupos Comunitarios Sinf\u00f3nicos de Dallas (ERG)<\/span>\n                <\/h1>\n                \t\t\t<\/div>\n\t\t<\/div>\n\t<\/div>\n<\/div>\n\n\n<div class=\"richtext m-spacer\">\n\t<div class=\"container\">\n\t\t<div class=\"row\">\n\t\t\t<div class=\"col-10\">\n\t\t\t\t\n\n<p>Nos referimos a nuestros grupos de recursos para empleados (ERG) como Grupos Comunitarios de la Sinf\u00f3nica de Dallas, y desempe\u00f1an un papel importante en la concienciaci\u00f3n cultural, fomentando un sentido de pertenencia y promoviendo el compromiso de la DSO con la equidad, la diversidad, la inclusi\u00f3n y el impacto social. Nuestros Grupos Comunitarios est\u00e1n dirigidos por extraordinarios miembros del personal y est\u00e1n abiertos a los miembros de toda la comunidad de la Sinf\u00f3nica de Dallas (es decir, personal, m\u00fasicos, coro, etc.).&nbsp;<\/p>\n\n\n\n<p><strong>Nuestros grupos comunitarios de la Sinf\u00f3nica de Dallas incluyen:<\/strong><\/p>\n\n\n\n<div style=\"height:25px\" aria-hidden=\"true\" class=\"wp-block-spacer\"><\/div>\n\n\n\n<div class=\"wp-block-columns is-layout-flex wp-container-core-columns-is-layout-9d6595d7 wp-block-columns-is-layout-flex\">\n<div class=\"wp-block-column is-vertically-aligned-center is-layout-flow wp-block-column-is-layout-flow\" style=\"flex-basis:33.33%\"><div class=\"wp-block-image\">\n<figure class=\"aligncenter size-large\"><img loading=\"lazy\" decoding=\"async\" width=\"1024\" height=\"270\" src=\"https:\/\/www.dallassymphony.org\/wp-content\/uploads\/2023\/02\/ERG-Logos_Ability-e1677604104359-1024x270.png\" alt=\"\" class=\"wp-image-10870\" srcset=\"https:\/\/www.dallassymphony.org\/wp-content\/uploads\/2023\/02\/ERG-Logos_Ability-e1677604104359-1024x270.png 1024w, https:\/\/www.dallassymphony.org\/wp-content\/uploads\/2023\/02\/ERG-Logos_Ability-e1677604104359-300x79.png 300w, https:\/\/www.dallassymphony.org\/wp-content\/uploads\/2023\/02\/ERG-Logos_Ability-e1677604104359-768x202.png 768w, https:\/\/www.dallassymphony.org\/wp-content\/uploads\/2023\/02\/ERG-Logos_Ability-e1677604104359-1536x405.png 1536w, https:\/\/www.dallassymphony.org\/wp-content\/uploads\/2023\/02\/ERG-Logos_Ability-e1677604104359-2048x540.png 2048w, https:\/\/www.dallassymphony.org\/wp-content\/uploads\/2023\/02\/ERG-Logos_Ability-e1677604104359-18x5.png 18w\" sizes=\"auto, (max-width: 1024px) 100vw, 1024px\" \/><\/figure>\n<\/div><\/div>\n\n\n\n<div class=\"wp-block-column is-vertically-aligned-center is-layout-flow wp-block-column-is-layout-flow\" style=\"flex-basis:66.66%\">\n<p>Dedicada a proporcionar apoyo, visibilidad y empoderamiento espec\u00edficamente a los miembros de nuestra familia DSO con discapacidad y a los aliados de esta comunidad.<\/p>\n<\/div>\n<\/div>\n\n\n\n<div style=\"height:60px\" aria-hidden=\"true\" class=\"wp-block-spacer\"><\/div>\n\n\n\n<div class=\"wp-block-columns is-layout-flex wp-container-core-columns-is-layout-9d6595d7 wp-block-columns-is-layout-flex\">\n<div class=\"wp-block-column is-vertically-aligned-center is-layout-flow wp-block-column-is-layout-flow\" style=\"flex-basis:33.33%\"><div class=\"wp-block-image\">\n<figure class=\"aligncenter size-large\"><img loading=\"lazy\" decoding=\"async\" width=\"1024\" height=\"332\" src=\"https:\/\/www.dallassymphony.org\/wp-content\/uploads\/2023\/02\/ERG-Logos_Pride-e1677604628104-1024x332.png\" alt=\"\" class=\"wp-image-10872\" srcset=\"https:\/\/www.dallassymphony.org\/wp-content\/uploads\/2023\/02\/ERG-Logos_Pride-e1677604628104-1024x332.png 1024w, https:\/\/www.dallassymphony.org\/wp-content\/uploads\/2023\/02\/ERG-Logos_Pride-e1677604628104-300x97.png 300w, https:\/\/www.dallassymphony.org\/wp-content\/uploads\/2023\/02\/ERG-Logos_Pride-e1677604628104-768x249.png 768w, https:\/\/www.dallassymphony.org\/wp-content\/uploads\/2023\/02\/ERG-Logos_Pride-e1677604628104-1536x497.png 1536w, https:\/\/www.dallassymphony.org\/wp-content\/uploads\/2023\/02\/ERG-Logos_Pride-e1677604628104-18x6.png 18w, https:\/\/www.dallassymphony.org\/wp-content\/uploads\/2023\/02\/ERG-Logos_Pride-e1677604628104.png 1754w\" sizes=\"auto, (max-width: 1024px) 100vw, 1024px\" \/><\/figure>\n<\/div><\/div>\n\n\n\n<div class=\"wp-block-column is-vertically-aligned-center is-layout-flow wp-block-column-is-layout-flow\" style=\"flex-basis:66.66%\">\n<p>Dedicada a proporcionar apoyo, visibilidad y empoderamiento a los miembros de nuestra familia LGBTQIA+ DSO y a los aliados de esta comunidad.<\/p>\n<\/div>\n<\/div>\n\n\n\n<div style=\"height:60px\" aria-hidden=\"true\" class=\"wp-block-spacer\"><\/div>\n\n\n\n<div class=\"wp-block-columns is-layout-flex wp-container-core-columns-is-layout-9d6595d7 wp-block-columns-is-layout-flex\">\n<div class=\"wp-block-column is-vertically-aligned-center is-layout-flow wp-block-column-is-layout-flow\" style=\"flex-basis:33.33%\"><div class=\"wp-block-image\">\n<figure class=\"aligncenter size-large\"><img loading=\"lazy\" decoding=\"async\" width=\"1024\" height=\"291\" src=\"https:\/\/www.dallassymphony.org\/wp-content\/uploads\/2023\/02\/ERG-Logos_Mosaic-e1677604579997-1024x291.png\" alt=\"\" class=\"wp-image-10871\" srcset=\"https:\/\/www.dallassymphony.org\/wp-content\/uploads\/2023\/02\/ERG-Logos_Mosaic-e1677604579997-1024x291.png 1024w, https:\/\/www.dallassymphony.org\/wp-content\/uploads\/2023\/02\/ERG-Logos_Mosaic-e1677604579997-300x85.png 300w, https:\/\/www.dallassymphony.org\/wp-content\/uploads\/2023\/02\/ERG-Logos_Mosaic-e1677604579997-768x218.png 768w, https:\/\/www.dallassymphony.org\/wp-content\/uploads\/2023\/02\/ERG-Logos_Mosaic-e1677604579997-1536x437.png 1536w, https:\/\/www.dallassymphony.org\/wp-content\/uploads\/2023\/02\/ERG-Logos_Mosaic-e1677604579997-2048x582.png 2048w, https:\/\/www.dallassymphony.org\/wp-content\/uploads\/2023\/02\/ERG-Logos_Mosaic-e1677604579997-18x5.png 18w\" sizes=\"auto, (max-width: 1024px) 100vw, 1024px\" \/><\/figure>\n<\/div><\/div>\n\n\n\n<div class=\"wp-block-column is-vertically-aligned-center is-layout-flow wp-block-column-is-layout-flow\" style=\"flex-basis:66.66%\">\n<p>Compuesto por miembros de la familia de la DSO de diversas razas, etnias, or\u00edgenes culturales y aliados dedicados a defender la diversidad en la DSO.<\/p>\n<\/div>\n<\/div>\n\n\n\n<div style=\"height:60px\" aria-hidden=\"true\" class=\"wp-block-spacer\"><\/div>\n\n\n\n<div class=\"wp-block-columns is-layout-flex wp-container-core-columns-is-layout-9d6595d7 wp-block-columns-is-layout-flex\">\n<div class=\"wp-block-column is-vertically-aligned-center is-layout-flow wp-block-column-is-layout-flow\" style=\"flex-basis:33.33%\"><div class=\"wp-block-image\">\n<figure class=\"aligncenter size-large is-resized\"><img loading=\"lazy\" decoding=\"async\" width=\"1024\" height=\"305\" src=\"https:\/\/www.dallassymphony.org\/wp-content\/uploads\/2023\/02\/ERG-Logos_Women-e1677531409651-1024x305.png\" alt=\"\" class=\"wp-image-10859\" style=\"width:268px;height:79px\" srcset=\"https:\/\/www.dallassymphony.org\/wp-content\/uploads\/2023\/02\/ERG-Logos_Women-e1677531409651-1024x305.png 1024w, https:\/\/www.dallassymphony.org\/wp-content\/uploads\/2023\/02\/ERG-Logos_Women-e1677531409651-300x89.png 300w, https:\/\/www.dallassymphony.org\/wp-content\/uploads\/2023\/02\/ERG-Logos_Women-e1677531409651-768x229.png 768w, https:\/\/www.dallassymphony.org\/wp-content\/uploads\/2023\/02\/ERG-Logos_Women-e1677531409651-1536x458.png 1536w, https:\/\/www.dallassymphony.org\/wp-content\/uploads\/2023\/02\/ERG-Logos_Women-e1677531409651-2048x611.png 2048w, https:\/\/www.dallassymphony.org\/wp-content\/uploads\/2023\/02\/ERG-Logos_Women-e1677531409651-18x5.png 18w\" sizes=\"auto, (max-width: 1024px) 100vw, 1024px\" \/><\/figure>\n<\/div><\/div>\n\n\n\n<div class=\"wp-block-column is-vertically-aligned-center is-layout-flow wp-block-column-is-layout-flow\" style=\"flex-basis:66.66%\">\n<p>Dedicada a proporcionar apoyo, visibilidad y empoderamiento espec\u00edficamente a nuestras mujeres miembros de la familia DSO y aliadas de esta comunidad.<\/p>\n<\/div>\n<\/div>\n\n\n\t\t\t<\/div>\n\t\t<\/div>\n\t<\/div>\n\n<\/div>","protected":false},"excerpt":{"rendered":"<p>Nos referimos a nuestros grupos de recursos para empleados (ERG) como Grupos Comunitarios de la Sinf\u00f3nica de Dallas, y desempe\u00f1an un papel importante en la sensibilizaci\u00f3n cultural, el fomento del sentimiento de pertenencia y la promoci\u00f3n del compromiso de la DSO con la equidad, la diversidad, la inclusi\u00f3n y el impacto social.<\/p>","protected":false},"author":16,"featured_media":21606,"parent":10875,"menu_order":0,"comment_status":"closed","ping_status":"closed","template":"","meta":{"_acf_changed":false,"footnotes":""},"class_list":["post-10869","page","type-page","status-publish","has-post-thumbnail","hentry"],"acf":[],"_links":{"self":[{"href":"https:\/\/www.dallassymphony.org\/es\/wp-json\/wp\/v2\/pages\/10869","targetHints":{"allow":["GET"]}}],"collection":[{"href":"https:\/\/www.dallassymphony.org\/es\/wp-json\/wp\/v2\/pages"}],"about":[{"href":"https:\/\/www.dallassymphony.org\/es\/wp-json\/wp\/v2\/types\/page"}],"author":[{"embeddable":true,"href":"https:\/\/www.dallassymphony.org\/es\/wp-json\/wp\/v2\/users\/16"}],"replies":[{"embeddable":true,"href":"https:\/\/www.dallassymphony.org\/es\/wp-json\/wp\/v2\/comments?post=10869"}],"version-history":[{"count":0,"href":"https:\/\/www.dallassymphony.org\/es\/wp-json\/wp\/v2\/pages\/10869\/revisions"}],"up":[{"embeddable":true,"href":"https:\/\/www.dallassymphony.org\/es\/wp-json\/wp\/v2\/pages\/10875"}],"wp:featuredmedia":[{"embeddable":true,"href":"https:\/\/www.dallassymphony.org\/es\/wp-json\/wp\/v2\/media\/21606"}],"wp:attachment":[{"href":"https:\/\/www.dallassymphony.org\/es\/wp-json\/wp\/v2\/media?parent=10869"}],"curies":[{"name":"wp","href":"https:\/\/api.w.org\/{rel}","templated":true}]}}