{"id":10868,"date":"2023-04-10T12:39:43","date_gmt":"2023-04-10T17:39:43","guid":{"rendered":"https:\/\/www.dallassymphony.org\/?page_id=10868"},"modified":"2023-04-19T12:01:45","modified_gmt":"2023-04-19T17:01:45","slug":"equity-diversity-inclusion-statement","status":"publish","type":"page","link":"https:\/\/www.dallassymphony.org\/es\/about-the-dso\/equity-diversity-inclusion-social-impact\/equity-diversity-inclusion-statement\/","title":{"rendered":"Declaraci\u00f3n de Equidad, Diversidad e Inclusi\u00f3n"},"content":{"rendered":"<div class=\"hero__no-img bg-blue-8\">\n\t<div class=\"container\">\n\t\t<div class=\"row\">\n\t\t\t<div class=\"col-md-10\">\n\n\t\t\t\t<ul class=\"breadcrumbs\">\n    \t<li class=\"breadcrumb__link\">\n\t\t<a class=\"a-hover\" href=\"https:\/\/www.dallassymphony.org\/es\/\">Inicio<\/a>\n\t<\/li>\n    \t<li class=\"breadcrumb__link a-styles\">\n\t\t<a class=\"a-hover\" href=\"https:\/\/www.dallassymphony.org\/es\/about-the-dso\/\">Sobre el DSO<\/a>\n\t<\/li>\n    \t<li class=\"breadcrumb__link a-styles\">\n\t\t<a class=\"a-hover\" href=\"https:\/\/www.dallassymphony.org\/es\/about-the-dso\/equity-diversity-inclusion-social-impact\/\">Equidad, diversidad, inclusi\u00f3n e impacto social<\/a>\n\t<\/li>\n    <\/ul>\n\n                \t\t\t\t<h1>\n                    <span >Declaraci\u00f3n de Equidad, Diversidad e Inclusi\u00f3n<\/span>\n                <\/h1>\n                \t\t\t<\/div>\n\t\t<\/div>\n\t<\/div>\n<\/div>\n\n\n<div class=\"richtext m-spacer\">\n\t<div class=\"container\">\n\t\t<div class=\"row\">\n\t\t\t<div class=\"col-10\">\n\t\t\t\t\n\n<p>La Orquesta Sinf\u00f3nica de Dallas est\u00e1 considerada una de las principales orquestas de Estados Unidos, y nuestra misi\u00f3n es inspirar y cambiar vidas a trav\u00e9s de la excelencia musical. Esta misi\u00f3n se sustenta en unos cimientos basados en el compromiso con la equidad, la diversidad y la inclusi\u00f3n.<\/p>\n\n\n\n<p>El triple compromiso de la DSO se basa en la equidad, reconociendo d\u00f3nde existen desigualdades y dotando a las personas de lo que necesitan para garantizar la igualdad de oportunidades para que todos prosperen.<\/p>\n\n\n\n<p>La DSO defiende la diversidad, donde nuestras diferencias como seres humanos se valoran, celebran y amplifican, y nuestra gente tiene la posibilidad de ser aut\u00e9nticamente ellos mismos. Al igual que la magn\u00edfica m\u00fasica producida por la Orquesta Sinf\u00f3nica de Dallas es el resultado de arreglos complementarios de diversos instrumentos, la DSO cree que la mezcla de diversos individuos puede producir los mismos resultados armoniosos.<\/p>\n\n\n\n<p>La DSO fomenta una cultura de inclusi\u00f3n en la que las personas experimentan un sentimiento de pertenencia y saben que su presencia y sus contribuciones son bienvenidas y apreciadas. La DSO se mantiene firme en su compromiso con la equidad, la diversidad y la inclusi\u00f3n porque, colectivamente, estos tres principios aportan a la organizaci\u00f3n una profundidad, un prop\u00f3sito y una riqueza que de otro modo ser\u00edan inalcanzables.<\/p>\n\n\n\t\t\t<\/div>\n\t\t<\/div>\n\t<\/div>\n\n<\/div>","protected":false},"excerpt":{"rendered":"<p>La Asociaci\u00f3n Sinf\u00f3nica de Dallas est\u00e1 considerada una de las principales orquestas de Estados Unidos, y nuestra misi\u00f3n es inspirar y cambiar vidas a trav\u00e9s de la excelencia musical. Esta misi\u00f3n se sustenta en unos cimientos basados en el compromiso con la equidad, la diversidad y la inclusi\u00f3n.<\/p>","protected":false},"author":16,"featured_media":11306,"parent":10875,"menu_order":0,"comment_status":"closed","ping_status":"closed","template":"","meta":{"_acf_changed":false,"footnotes":""},"class_list":["post-10868","page","type-page","status-publish","has-post-thumbnail","hentry"],"acf":[],"_links":{"self":[{"href":"https:\/\/www.dallassymphony.org\/es\/wp-json\/wp\/v2\/pages\/10868","targetHints":{"allow":["GET"]}}],"collection":[{"href":"https:\/\/www.dallassymphony.org\/es\/wp-json\/wp\/v2\/pages"}],"about":[{"href":"https:\/\/www.dallassymphony.org\/es\/wp-json\/wp\/v2\/types\/page"}],"author":[{"embeddable":true,"href":"https:\/\/www.dallassymphony.org\/es\/wp-json\/wp\/v2\/users\/16"}],"replies":[{"embeddable":true,"href":"https:\/\/www.dallassymphony.org\/es\/wp-json\/wp\/v2\/comments?post=10868"}],"version-history":[{"count":0,"href":"https:\/\/www.dallassymphony.org\/es\/wp-json\/wp\/v2\/pages\/10868\/revisions"}],"up":[{"embeddable":true,"href":"https:\/\/www.dallassymphony.org\/es\/wp-json\/wp\/v2\/pages\/10875"}],"wp:featuredmedia":[{"embeddable":true,"href":"https:\/\/www.dallassymphony.org\/es\/wp-json\/wp\/v2\/media\/11306"}],"wp:attachment":[{"href":"https:\/\/www.dallassymphony.org\/es\/wp-json\/wp\/v2\/media?parent=10868"}],"curies":[{"name":"wp","href":"https:\/\/api.w.org\/{rel}","templated":true}]}}