{"id":1083,"date":"2020-11-17T11:13:49","date_gmt":"2020-11-17T16:13:49","guid":{"rendered":"https:\/\/www.dallassymphony.org\/?page_id=1083"},"modified":"2022-05-18T13:32:53","modified_gmt":"2022-05-18T18:32:53","slug":"john-lanchbery","status":"publish","type":"page","link":"https:\/\/www.dallassymphony.org\/es\/community-education\/dso-kids\/listen-watch\/composers\/john-lanchbery\/","title":{"rendered":"John Lanchbery"},"content":{"rendered":"<div class=\"hero__no-img bg-blue-8\">\n\t<div class=\"container\">\n\t\t<div class=\"row\">\n\t\t\t<div class=\"col-md-10\">\n\n\t\t\t\t<ul class=\"breadcrumbs\">\n    \t<li class=\"breadcrumb__link\">\n\t\t<a class=\"a-hover\" href=\"https:\/\/www.dallassymphony.org\/es\/\">Inicio<\/a>\n\t<\/li>\n    \t<li class=\"breadcrumb__link a-styles\">\n\t\t<a class=\"a-hover\" href=\"https:\/\/www.dallassymphony.org\/es\/community-education\/\">Educaci\u00f3n y Comunidad<\/a>\n\t<\/li>\n    \t<li class=\"breadcrumb__link a-styles\">\n\t\t<a class=\"a-hover\" href=\"https:\/\/www.dallassymphony.org\/es\/community-education\/dso-kids\/\">Para escuelas y profesores<\/a>\n\t<\/li>\n    \t<li class=\"breadcrumb__link a-styles\">\n\t\t<a class=\"a-hover\" href=\"https:\/\/www.dallassymphony.org\/es\/community-education\/dso-kids\/listen-watch\/\">Escuchar y ver<\/a>\n\t<\/li>\n    \t<li class=\"breadcrumb__link a-styles\">\n\t\t<a class=\"a-hover\" href=\"https:\/\/www.dallassymphony.org\/es\/community-education\/dso-kids\/listen-watch\/composers\/\">Compositores<\/a>\n\t<\/li>\n    <\/ul>\n\n                \t\t\t\t<h1>\n                    <span >John Lanchbery<\/span>\n                <\/h1>\n                \t\t\t<\/div>\n\t\t<\/div>\n\t<\/div>\n<\/div>\n\n\n<div class=\"text-img text-img--left\">\n\t<div class=\"container\">\n\t\t<div class=\"row\">\n\t\t\t<div class=\"col-lg-12\">\n\t\t\t\t<div class=\"text-img__wrapper\">\n\t\t\t\t\t<h1><\/h1>\n\n                    <img loading=\"lazy\" decoding=\"async\" width=\"666\" height=\"375\" src=\"https:\/\/www.dallassymphony.org\/wp-content\/uploads\/2022\/05\/John-Lanchbery-666x375.jpg\" class=\"d-xl-none d-block\" alt=\"John Lanchbery\" srcset=\"https:\/\/www.dallassymphony.org\/wp-content\/uploads\/2022\/05\/John-Lanchbery-666x375.jpg 666w, https:\/\/www.dallassymphony.org\/wp-content\/uploads\/2022\/05\/John-Lanchbery-300x169.jpg 300w, https:\/\/www.dallassymphony.org\/wp-content\/uploads\/2022\/05\/John-Lanchbery-1024x576.jpg 1024w, https:\/\/www.dallassymphony.org\/wp-content\/uploads\/2022\/05\/John-Lanchbery-768x432.jpg 768w, https:\/\/www.dallassymphony.org\/wp-content\/uploads\/2022\/05\/John-Lanchbery-1536x864.jpg 1536w, https:\/\/www.dallassymphony.org\/wp-content\/uploads\/2022\/05\/John-Lanchbery-18x10.jpg 18w, https:\/\/www.dallassymphony.org\/wp-content\/uploads\/2022\/05\/John-Lanchbery-388x218.jpg 388w, https:\/\/www.dallassymphony.org\/wp-content\/uploads\/2022\/05\/John-Lanchbery-540x303.jpg 540w, https:\/\/www.dallassymphony.org\/wp-content\/uploads\/2022\/05\/John-Lanchbery-735x413.jpg 735w, https:\/\/www.dallassymphony.org\/wp-content\/uploads\/2022\/05\/John-Lanchbery.jpg 1600w\" sizes=\"auto, (max-width: 666px) 100vw, 666px\" \/>\n\t\t\t\t\t<h5><!-- wp:heading {\"level\":5} --><\/h5>\n<h5 id=\"h-dates\">FECHAS<\/h5>\n<p>Nacido el 15 de mayo de 1923 en Londres, Inglaterra<br \/>\nFalleci\u00f3 el 27 de febrero de 2003 en Melbourne (Australia)<\/p>\n<h5 id=\"h-nationality\">NACIONALIDAD<\/h5>\n<p>Nacido en Inglaterra, inmigr\u00f3 a Australia<\/p>\n<h5 id=\"h-style-period\">ESTILO\/PERIODO<\/h5>\n<p>Moderno 1920-Presente<\/p>\n<h5 id=\"h-famous-works\">OBRAS FAMOSAS<\/h5>\n<p>Arreglos: Don Quijote, Mayerling, Los cuentos de Beatrix Potter, Los cuentos de Hoffmann, La Viuda Alegre, Die Fledermaus<\/p>\n<p><!-- \/wp:heading --><\/p>\n\n                    \n                <\/div>\n                <img loading=\"lazy\" decoding=\"async\" width=\"1600\" height=\"900\" src=\"https:\/\/www.dallassymphony.org\/wp-content\/uploads\/2022\/05\/John-Lanchbery-1600x900.jpg\" class=\"d-none d-xl-block\" alt=\"John Lanchbery\" srcset=\"https:\/\/www.dallassymphony.org\/wp-content\/uploads\/2022\/05\/John-Lanchbery.jpg 1600w, https:\/\/www.dallassymphony.org\/wp-content\/uploads\/2022\/05\/John-Lanchbery-300x169.jpg 300w, https:\/\/www.dallassymphony.org\/wp-content\/uploads\/2022\/05\/John-Lanchbery-1024x576.jpg 1024w, https:\/\/www.dallassymphony.org\/wp-content\/uploads\/2022\/05\/John-Lanchbery-768x432.jpg 768w, https:\/\/www.dallassymphony.org\/wp-content\/uploads\/2022\/05\/John-Lanchbery-1536x864.jpg 1536w, https:\/\/www.dallassymphony.org\/wp-content\/uploads\/2022\/05\/John-Lanchbery-18x10.jpg 18w, https:\/\/www.dallassymphony.org\/wp-content\/uploads\/2022\/05\/John-Lanchbery-388x218.jpg 388w, https:\/\/www.dallassymphony.org\/wp-content\/uploads\/2022\/05\/John-Lanchbery-540x303.jpg 540w, https:\/\/www.dallassymphony.org\/wp-content\/uploads\/2022\/05\/John-Lanchbery-666x375.jpg 666w, https:\/\/www.dallassymphony.org\/wp-content\/uploads\/2022\/05\/John-Lanchbery-735x413.jpg 735w\" sizes=\"auto, (max-width: 1600px) 100vw, 1600px\" \/>\t\t\t<\/div>\n\t\t<\/div>\n\t<\/div>\n<\/div>\n\n\n<div class=\"richtext m-spacer\">\n\t<div class=\"container\">\n\t\t<div class=\"row\">\n\t\t\t<div class=\"col-10\">\n\t\t\t\t\n\n<iframe loading=\"lazy\" width=\"50%\" height=\"20\" scrolling=\"no\" frameborder=\"no\" allow=\"autoplay\" src=\"https:\/\/w.soundcloud.com\/player\/?url=https%3A\/\/api.soundcloud.com\/tracks\/296390333&amp;color=%23ff5500&amp;inverse=false&amp;auto_play=false&amp;show_user=true\"><\/iframe>\n\n\n\n<div style=\"height:50px\" aria-hidden=\"true\" class=\"wp-block-spacer\"><\/div>\n\n\n\t\t\t<\/div>\n\t\t<\/div>\n\t<\/div>\n\n<\/div>\n\n\n<div class=\"richtext m-spacer\">\n\t<div class=\"container\">\n\t\t<div class=\"row\">\n\t\t\t<div class=\"col-10\">\n\t\t\t\t\n\n<hr class=\"wp-block-separator\"\/>\n\n\n\n<h3 class=\"wp-block-heading\" id=\"h-biography\">BIOGRAF\u00cdA<\/h3>\n\n\n\n<hr class=\"wp-block-separator\"\/>\n\n\n\n<p>John Lanchbery naci\u00f3 en Londres en 1923. Comenz\u00f3 a tomar&nbsp;<strong><a href=\"https:\/\/www.dallassymphony.org\/es\/community-education\/dso-kids\/listen-watch\/instruments\/violin\/\">viol\u00edn<\/a><\/strong>&nbsp;lecciones y componiendo m\u00fasica cuando s\u00f3lo ten\u00eda ocho a\u00f1os. Recibi\u00f3 una beca para estudiar en la Royal Academy of Music, pero tuvo que posponerlo hasta el final de la Segunda Guerra Mundial. Mientras estudiaba, Lanchbery trabaj\u00f3 a tiempo parcial en una editorial musical llamada Anglo Soviet Music Press. Anglo Soviet vio el potencial de Lanchbery y le anim\u00f3 a presentarse a una audici\u00f3n para el puesto de director de orquesta del Ballet Metropolitano.<\/p>\n\n\n\n<p>Lanchbery alcanz\u00f3 r\u00e1pidamente la fama como director de ballet. Consigui\u00f3 el puesto en el Metropolitan Ballet en 1948, y m\u00e1s tarde se convirti\u00f3 en director del Sadler's Wells Theatre Ballet. En 1960, Lanchbery se convirti\u00f3 en director del Royal Ballet y realiz\u00f3 giras por todo el mundo. Su \u00faltimo puesto de director comenz\u00f3 en 1972, cuando acept\u00f3 un puesto en el Ballet Australiano.<\/p>\n\n\n\n<p>El ballet era la especialidad de Lanchbery tanto en la composici\u00f3n como en la direcci\u00f3n, ya que a menudo compon\u00eda o arreglaba m\u00fasica para sus compa\u00f1\u00edas de ballet. Es m\u00e1s famoso por crear ballets a partir de m\u00fasica escrita originalmente para otro fin. Por ejemplo, fue el primer compositor que tom\u00f3 la m\u00fasica de una \u00f3pera para crear un ballet, lo que hizo para el&nbsp;<em>Cuentos de Hoffmann<\/em>,&nbsp;<em>La Viuda Alegre<\/em>...y...&nbsp;<em>Die Fledermaus<\/em>. En otro famoso trabajo llamado&nbsp;<em>Mayerling<\/em>Lanchbery tom\u00f3&nbsp;<strong><a href=\"https:\/\/www.dallassymphony.org\/es\/community-education\/dso-kids\/listen-watch\/instruments\/piano\/\">piano<\/a><\/strong>&nbsp;m\u00fasica de&nbsp;<strong><a href=\"https:\/\/www.dallassymphony.org\/es\/community-education\/dso-kids\/listen-watch\/composers\/franz-liszt\/\">Liszt<\/a><\/strong>...la orquest\u00f3 y la arregl\u00f3 para el ballet. Lanchbery tambi\u00e9n escribi\u00f3 una maravillosa m\u00fasica propia, incluyendo partes de&nbsp;<em>Cuentos de Beatrix Potter<\/em>un ballet que organiz\u00f3 para la televisi\u00f3n basado en cuentos infantiles cl\u00e1sicos como Peter Rabbit y Squirrel Nutkin.<\/p>\n\n\n\n<p>Lanchbery muri\u00f3 en su casa de Melbourne (Australia) el 27 de febrero de 2003. Se le recuerda m\u00e1s por sus numerosos arreglos para el ballet cl\u00e1sico.<\/p>\n\n\n\t\t\t<\/div>\n\t\t<\/div>\n\t<\/div>\n\n<\/div>","protected":false},"excerpt":{"rendered":"<p>John Lanchbery naci\u00f3 en Londres en 1923. Comenz\u00f3 a tomar clases de viol\u00edn y a componer m\u00fasica cuando ten\u00eda s\u00f3lo ocho a\u00f1os. Recibi\u00f3 una beca para estudiar en la Real Academia de M\u00fasica, pero tuvo que posponerla hasta el final de la Segunda Guerra Mundial.<\/p>","protected":false},"author":3,"featured_media":9053,"parent":592,"menu_order":0,"comment_status":"closed","ping_status":"closed","template":"","meta":{"_acf_changed":false,"footnotes":""},"class_list":["post-1083","page","type-page","status-publish","has-post-thumbnail","hentry"],"acf":[],"_links":{"self":[{"href":"https:\/\/www.dallassymphony.org\/es\/wp-json\/wp\/v2\/pages\/1083","targetHints":{"allow":["GET"]}}],"collection":[{"href":"https:\/\/www.dallassymphony.org\/es\/wp-json\/wp\/v2\/pages"}],"about":[{"href":"https:\/\/www.dallassymphony.org\/es\/wp-json\/wp\/v2\/types\/page"}],"author":[{"embeddable":true,"href":"https:\/\/www.dallassymphony.org\/es\/wp-json\/wp\/v2\/users\/3"}],"replies":[{"embeddable":true,"href":"https:\/\/www.dallassymphony.org\/es\/wp-json\/wp\/v2\/comments?post=1083"}],"version-history":[{"count":0,"href":"https:\/\/www.dallassymphony.org\/es\/wp-json\/wp\/v2\/pages\/1083\/revisions"}],"up":[{"embeddable":true,"href":"https:\/\/www.dallassymphony.org\/es\/wp-json\/wp\/v2\/pages\/592"}],"wp:featuredmedia":[{"embeddable":true,"href":"https:\/\/www.dallassymphony.org\/es\/wp-json\/wp\/v2\/media\/9053"}],"wp:attachment":[{"href":"https:\/\/www.dallassymphony.org\/es\/wp-json\/wp\/v2\/media?parent=1083"}],"curies":[{"name":"wp","href":"https:\/\/api.w.org\/{rel}","templated":true}]}}