{"id":1077,"date":"2020-11-17T11:12:46","date_gmt":"2020-11-17T16:12:46","guid":{"rendered":"https:\/\/www.dallassymphony.org\/?page_id=1077"},"modified":"2022-05-18T11:47:58","modified_gmt":"2022-05-18T16:47:58","slug":"dmitri-kabalevsky","status":"publish","type":"page","link":"https:\/\/www.dallassymphony.org\/es\/community-education\/dso-kids\/listen-watch\/composers\/dmitri-kabalevsky\/","title":{"rendered":"Dmitri Kabalevsky"},"content":{"rendered":"<div class=\"hero__no-img bg-blue-8\">\n\t<div class=\"container\">\n\t\t<div class=\"row\">\n\t\t\t<div class=\"col-md-10\">\n\n\t\t\t\t<ul class=\"breadcrumbs\">\n    \t<li class=\"breadcrumb__link\">\n\t\t<a class=\"a-hover\" href=\"https:\/\/www.dallassymphony.org\/es\/\">Inicio<\/a>\n\t<\/li>\n    \t<li class=\"breadcrumb__link a-styles\">\n\t\t<a class=\"a-hover\" href=\"https:\/\/www.dallassymphony.org\/es\/community-education\/\">Educaci\u00f3n y Comunidad<\/a>\n\t<\/li>\n    \t<li class=\"breadcrumb__link a-styles\">\n\t\t<a class=\"a-hover\" href=\"https:\/\/www.dallassymphony.org\/es\/community-education\/dso-kids\/\">Para escuelas y profesores<\/a>\n\t<\/li>\n    \t<li class=\"breadcrumb__link a-styles\">\n\t\t<a class=\"a-hover\" href=\"https:\/\/www.dallassymphony.org\/es\/community-education\/dso-kids\/listen-watch\/\">Escuchar y ver<\/a>\n\t<\/li>\n    \t<li class=\"breadcrumb__link a-styles\">\n\t\t<a class=\"a-hover\" href=\"https:\/\/www.dallassymphony.org\/es\/community-education\/dso-kids\/listen-watch\/composers\/\">Compositores<\/a>\n\t<\/li>\n    <\/ul>\n\n                \t\t\t\t<h1>\n                    <span >Dmitri Kabalevsky<\/span>\n                <\/h1>\n                \t\t\t<\/div>\n\t\t<\/div>\n\t<\/div>\n<\/div>\n\n\n<div class=\"text-img text-img--left\">\n\t<div class=\"container\">\n\t\t<div class=\"row\">\n\t\t\t<div class=\"col-lg-12\">\n\t\t\t\t<div class=\"text-img__wrapper\">\n\t\t\t\t\t<h1><\/h1>\n\n                    <img loading=\"lazy\" decoding=\"async\" width=\"666\" height=\"375\" src=\"https:\/\/www.dallassymphony.org\/wp-content\/uploads\/2022\/05\/Dmitri-Kabalevsky-666x375.jpg\" class=\"d-xl-none d-block\" alt=\"Dmitri Kabalevsky\" srcset=\"https:\/\/www.dallassymphony.org\/wp-content\/uploads\/2022\/05\/Dmitri-Kabalevsky-666x375.jpg 666w, https:\/\/www.dallassymphony.org\/wp-content\/uploads\/2022\/05\/Dmitri-Kabalevsky-300x169.jpg 300w, https:\/\/www.dallassymphony.org\/wp-content\/uploads\/2022\/05\/Dmitri-Kabalevsky-1024x576.jpg 1024w, https:\/\/www.dallassymphony.org\/wp-content\/uploads\/2022\/05\/Dmitri-Kabalevsky-768x432.jpg 768w, https:\/\/www.dallassymphony.org\/wp-content\/uploads\/2022\/05\/Dmitri-Kabalevsky-1536x864.jpg 1536w, https:\/\/www.dallassymphony.org\/wp-content\/uploads\/2022\/05\/Dmitri-Kabalevsky-18x10.jpg 18w, https:\/\/www.dallassymphony.org\/wp-content\/uploads\/2022\/05\/Dmitri-Kabalevsky-388x218.jpg 388w, https:\/\/www.dallassymphony.org\/wp-content\/uploads\/2022\/05\/Dmitri-Kabalevsky-540x303.jpg 540w, https:\/\/www.dallassymphony.org\/wp-content\/uploads\/2022\/05\/Dmitri-Kabalevsky-735x413.jpg 735w, https:\/\/www.dallassymphony.org\/wp-content\/uploads\/2022\/05\/Dmitri-Kabalevsky.jpg 1600w\" sizes=\"auto, (max-width: 666px) 100vw, 666px\" \/>\n\t\t\t\t\t<h5><!-- wp:heading {\"level\":5} --><\/h5>\n<h5 id=\"h-dates\">FECHAS<\/h5>\n<p>Nacido en San Petersburgo, Rusia, el 30 de diciembre de 1904<br \/>\nMuri\u00f3 en Mosc\u00fa el 18 de febrero de 1987<\/p>\n<h5 id=\"h-nationality\">NACIONALIDAD<\/h5>\n<p>Ruso<\/p>\n<h5 id=\"h-style-period\">ESTILO\/PERIODO<\/h5>\n<p>Moderno 1920-Presente<\/p>\n<h5 id=\"h-famous-works\">OBRAS FAMOSAS<\/h5>\n<p>Los comediantes<\/p>\n<p><!-- \/wp:heading --><\/p>\n\n                    \n                <\/div>\n                <img loading=\"lazy\" decoding=\"async\" width=\"1600\" height=\"900\" src=\"https:\/\/www.dallassymphony.org\/wp-content\/uploads\/2022\/05\/Dmitri-Kabalevsky-1600x900.jpg\" class=\"d-none d-xl-block\" alt=\"Dmitri Kabalevsky\" srcset=\"https:\/\/www.dallassymphony.org\/wp-content\/uploads\/2022\/05\/Dmitri-Kabalevsky.jpg 1600w, https:\/\/www.dallassymphony.org\/wp-content\/uploads\/2022\/05\/Dmitri-Kabalevsky-300x169.jpg 300w, https:\/\/www.dallassymphony.org\/wp-content\/uploads\/2022\/05\/Dmitri-Kabalevsky-1024x576.jpg 1024w, https:\/\/www.dallassymphony.org\/wp-content\/uploads\/2022\/05\/Dmitri-Kabalevsky-768x432.jpg 768w, https:\/\/www.dallassymphony.org\/wp-content\/uploads\/2022\/05\/Dmitri-Kabalevsky-1536x864.jpg 1536w, https:\/\/www.dallassymphony.org\/wp-content\/uploads\/2022\/05\/Dmitri-Kabalevsky-18x10.jpg 18w, https:\/\/www.dallassymphony.org\/wp-content\/uploads\/2022\/05\/Dmitri-Kabalevsky-388x218.jpg 388w, https:\/\/www.dallassymphony.org\/wp-content\/uploads\/2022\/05\/Dmitri-Kabalevsky-540x303.jpg 540w, https:\/\/www.dallassymphony.org\/wp-content\/uploads\/2022\/05\/Dmitri-Kabalevsky-666x375.jpg 666w, https:\/\/www.dallassymphony.org\/wp-content\/uploads\/2022\/05\/Dmitri-Kabalevsky-735x413.jpg 735w\" sizes=\"auto, (max-width: 1600px) 100vw, 1600px\" \/>\t\t\t<\/div>\n\t\t<\/div>\n\t<\/div>\n<\/div>\n\n\n<div class=\"richtext m-spacer\">\n\t<div class=\"container\">\n\t\t<div class=\"row\">\n\t\t\t<div class=\"col-10\">\n\t\t\t\t\n\n<iframe loading=\"lazy\" width=\"50%\" height=\"20\" scrolling=\"no\" frameborder=\"no\" allow=\"autoplay\" src=\"https:\/\/w.soundcloud.com\/player\/?url=https%3A\/\/api.soundcloud.com\/tracks\/296733091&amp;color=%23ff5500&amp;inverse=false&amp;auto_play=false&amp;show_user=true\"><\/iframe>\n\n\n\n<div style=\"height:50px\" aria-hidden=\"true\" class=\"wp-block-spacer\"><\/div>\n\n\n\t\t\t<\/div>\n\t\t<\/div>\n\t<\/div>\n\n<\/div>\n\n\n<div class=\"richtext m-spacer\">\n\t<div class=\"container\">\n\t\t<div class=\"row\">\n\t\t\t<div class=\"col-10\">\n\t\t\t\t\n\n<hr class=\"wp-block-separator\"\/>\n\n\n\n<h3 class=\"wp-block-heading\" id=\"h-biography\">BIOGRAF\u00cdA<\/h3>\n\n\n\n<hr class=\"wp-block-separator\"\/>\n\n\n\n<p>El hijo de un matem\u00e1tico ruso, Dmitri Kabalevsky fue animado a estudiar matem\u00e1ticas, pero estaba fascinado con la poes\u00eda, la pintura, y el&nbsp;<strong><a href=\"https:\/\/www.dallassymphony.org\/es\/community-education\/dso-kids\/listen-watch\/instruments\/piano\/\">piano<\/a><\/strong>. Un joven consumado&nbsp;<strong><a href=\"https:\/\/www.dallassymphony.org\/es\/community-education\/dso-kids\/listen-watch\/instruments\/piano\/\">pianista<\/a><\/strong>Dimitri jug\u00f3&nbsp;<strong><a href=\"https:\/\/www.dallassymphony.org\/es\/community-education\/dso-kids\/listen-watch\/instruments\/piano\/\">piano<\/a><\/strong>&nbsp;en los teatros de cine mudo. A la edad de 21 a\u00f1os, Dimitri asisti\u00f3 al Conservatorio de Mosc\u00fa en contra de los deseos de su padre. All\u00ed estudi\u00f3 composici\u00f3n musical y m\u00e1s tarde, a la edad de 28 a\u00f1os, se convirti\u00f3 en profesor del conservatorio.<\/p>\n\n\n\n<p>Como miembro del Partido Comunista durante la Segunda Guerra Mundial, Dimitri compuso muchas canciones patri\u00f3ticas, as\u00ed como escribi\u00f3 e interpret\u00f3 la m\u00fasica para espect\u00e1culos de im\u00e1genes mudas.<\/p>\n\n\n\n<p>Los esfuerzos de Kabalevsky por conectar a los ni\u00f1os con el mundo de la m\u00fasica le llevaron a componer m\u00fasica para ni\u00f1os y a ense\u00f1ar a un grupo de ni\u00f1os de 7 a\u00f1os a escuchar y verbalizar lo que escuchaban en la m\u00fasica. Escribi\u00f3 un libro titulado&nbsp;<em>M\u00fasica y Educaci\u00f3n: Un compositor escribe sobre la educaci\u00f3n musical<\/em>&nbsp;que se public\u00f3 en los Estados Unidos en 1988.<\/p>\n\n\n\n<p>Kabalevsky recibi\u00f3 muchos honores estatales por su m\u00fasica y fue elegido jefe de varias organizaciones que se ocupan de la m\u00fasica y la ense\u00f1anza de los ni\u00f1os. Tambi\u00e9n recibi\u00f3 un t\u00edtulo honor\u00edfico de presidente de la Sociedad Internacional de Educaci\u00f3n Musical. Aunque Kabalevsky escribi\u00f3 varios tipos de m\u00fasica, fue m\u00e1s conocido en Rusia por sus canciones vocales, cantatas y \u00f3peras. Aqu\u00ed en los Estados Unidos, Kabalevsky era conocido por sus obras orquestales. Viajaba frecuentemente al extranjero como miembro del Comit\u00e9 Sovi\u00e9tico de Defensa de la Paz y promov\u00eda la amistad entre la Uni\u00f3n Sovi\u00e9tica y otros pa\u00edses.<\/p>\n\n\n\n<p>Muri\u00f3 el 18 de febrero de 1987 en Mosc\u00fa.<\/p>\n\n\n\t\t\t<\/div>\n\t\t<\/div>\n\t<\/div>\n\n<\/div>","protected":false},"excerpt":{"rendered":"<p>El hijo de un matem\u00e1tico ruso, Dmitri Kabalevsky fue animado a estudiar matem\u00e1ticas, pero estaba fascinado con la poes\u00eda, la pintura y el piano. Un joven pianista consumado, Dmitri tocaba el piano en los teatros de cine mudo.<\/p>","protected":false},"author":3,"featured_media":9047,"parent":592,"menu_order":0,"comment_status":"closed","ping_status":"closed","template":"","meta":{"_acf_changed":false,"footnotes":""},"class_list":["post-1077","page","type-page","status-publish","has-post-thumbnail","hentry"],"acf":[],"_links":{"self":[{"href":"https:\/\/www.dallassymphony.org\/es\/wp-json\/wp\/v2\/pages\/1077","targetHints":{"allow":["GET"]}}],"collection":[{"href":"https:\/\/www.dallassymphony.org\/es\/wp-json\/wp\/v2\/pages"}],"about":[{"href":"https:\/\/www.dallassymphony.org\/es\/wp-json\/wp\/v2\/types\/page"}],"author":[{"embeddable":true,"href":"https:\/\/www.dallassymphony.org\/es\/wp-json\/wp\/v2\/users\/3"}],"replies":[{"embeddable":true,"href":"https:\/\/www.dallassymphony.org\/es\/wp-json\/wp\/v2\/comments?post=1077"}],"version-history":[{"count":0,"href":"https:\/\/www.dallassymphony.org\/es\/wp-json\/wp\/v2\/pages\/1077\/revisions"}],"up":[{"embeddable":true,"href":"https:\/\/www.dallassymphony.org\/es\/wp-json\/wp\/v2\/pages\/592"}],"wp:featuredmedia":[{"embeddable":true,"href":"https:\/\/www.dallassymphony.org\/es\/wp-json\/wp\/v2\/media\/9047"}],"wp:attachment":[{"href":"https:\/\/www.dallassymphony.org\/es\/wp-json\/wp\/v2\/media?parent=1077"}],"curies":[{"name":"wp","href":"https:\/\/api.w.org\/{rel}","templated":true}]}}