{"id":1076,"date":"2020-11-17T11:12:31","date_gmt":"2020-11-17T16:12:31","guid":{"rendered":"https:\/\/www.dallassymphony.org\/?page_id=1076"},"modified":"2022-05-18T11:35:25","modified_gmt":"2022-05-18T16:35:25","slug":"scott-joplin","status":"publish","type":"page","link":"https:\/\/www.dallassymphony.org\/es\/community-education\/dso-kids\/listen-watch\/composers\/scott-joplin\/","title":{"rendered":"Scott Joplin"},"content":{"rendered":"<div class=\"hero__no-img bg-blue-8\">\n\t<div class=\"container\">\n\t\t<div class=\"row\">\n\t\t\t<div class=\"col-md-10\">\n\n\t\t\t\t<ul class=\"breadcrumbs\">\n    \t<li class=\"breadcrumb__link\">\n\t\t<a class=\"a-hover\" href=\"https:\/\/www.dallassymphony.org\/es\/\">Inicio<\/a>\n\t<\/li>\n    \t<li class=\"breadcrumb__link a-styles\">\n\t\t<a class=\"a-hover\" href=\"https:\/\/www.dallassymphony.org\/es\/community-education\/\">Educaci\u00f3n y Comunidad<\/a>\n\t<\/li>\n    \t<li class=\"breadcrumb__link a-styles\">\n\t\t<a class=\"a-hover\" href=\"https:\/\/www.dallassymphony.org\/es\/community-education\/dso-kids\/\">Para escuelas y profesores<\/a>\n\t<\/li>\n    \t<li class=\"breadcrumb__link a-styles\">\n\t\t<a class=\"a-hover\" href=\"https:\/\/www.dallassymphony.org\/es\/community-education\/dso-kids\/listen-watch\/\">Escuchar y ver<\/a>\n\t<\/li>\n    \t<li class=\"breadcrumb__link a-styles\">\n\t\t<a class=\"a-hover\" href=\"https:\/\/www.dallassymphony.org\/es\/community-education\/dso-kids\/listen-watch\/composers\/\">Compositores<\/a>\n\t<\/li>\n    <\/ul>\n\n                \t\t\t\t<h1>\n                    <span >Scott Joplin<\/span>\n                <\/h1>\n                \t\t\t<\/div>\n\t\t<\/div>\n\t<\/div>\n<\/div>\n\n\n<div class=\"text-img text-img--left\">\n\t<div class=\"container\">\n\t\t<div class=\"row\">\n\t\t\t<div class=\"col-lg-12\">\n\t\t\t\t<div class=\"text-img__wrapper\">\n\t\t\t\t\t<h1><\/h1>\n\n                    <img loading=\"lazy\" decoding=\"async\" width=\"666\" height=\"375\" src=\"https:\/\/www.dallassymphony.org\/wp-content\/uploads\/2022\/05\/Scott-Joplin-666x375.jpg\" class=\"d-xl-none d-block\" alt=\"Scott Joplin\" srcset=\"https:\/\/www.dallassymphony.org\/wp-content\/uploads\/2022\/05\/Scott-Joplin-666x375.jpg 666w, https:\/\/www.dallassymphony.org\/wp-content\/uploads\/2022\/05\/Scott-Joplin-300x169.jpg 300w, https:\/\/www.dallassymphony.org\/wp-content\/uploads\/2022\/05\/Scott-Joplin-1024x576.jpg 1024w, https:\/\/www.dallassymphony.org\/wp-content\/uploads\/2022\/05\/Scott-Joplin-768x432.jpg 768w, https:\/\/www.dallassymphony.org\/wp-content\/uploads\/2022\/05\/Scott-Joplin-1536x864.jpg 1536w, https:\/\/www.dallassymphony.org\/wp-content\/uploads\/2022\/05\/Scott-Joplin-18x10.jpg 18w, https:\/\/www.dallassymphony.org\/wp-content\/uploads\/2022\/05\/Scott-Joplin-388x218.jpg 388w, https:\/\/www.dallassymphony.org\/wp-content\/uploads\/2022\/05\/Scott-Joplin-540x303.jpg 540w, https:\/\/www.dallassymphony.org\/wp-content\/uploads\/2022\/05\/Scott-Joplin-735x413.jpg 735w, https:\/\/www.dallassymphony.org\/wp-content\/uploads\/2022\/05\/Scott-Joplin.jpg 1600w\" sizes=\"auto, (max-width: 666px) 100vw, 666px\" \/>\n\t\t\t\t\t<h5><!-- wp:heading {\"level\":5} --><\/h5>\n<h5 id=\"h-dates\">FECHAS<\/h5>\n<p>Nacido cerca de Linden, Condado de Cass, Texas, el 24 de noviembre de 1868<br \/>\nMuri\u00f3 en la ciudad de Nueva York, Nueva York, el 1 de abril de 1917<\/p>\n<h5 id=\"h-nationality\">NACIONALIDAD<\/h5>\n<p>Americano<\/p>\n<h5 id=\"h-style-period\">ESTILO\/PERIODO<\/h5>\n<p>Moderno 1920-Presente<\/p>\n<h5 id=\"h-famous-works\">OBRAS FAMOSAS<\/h5>\n<p>Maple Leaf Rag, The Entertainer, la \u00f3pera Treemonisha<\/p>\n<p><!-- \/wp:heading --><\/p>\n\n                    \n                <\/div>\n                <img loading=\"lazy\" decoding=\"async\" width=\"1600\" height=\"900\" src=\"https:\/\/www.dallassymphony.org\/wp-content\/uploads\/2022\/05\/Scott-Joplin-1600x900.jpg\" class=\"d-none d-xl-block\" alt=\"Scott Joplin\" srcset=\"https:\/\/www.dallassymphony.org\/wp-content\/uploads\/2022\/05\/Scott-Joplin.jpg 1600w, https:\/\/www.dallassymphony.org\/wp-content\/uploads\/2022\/05\/Scott-Joplin-300x169.jpg 300w, https:\/\/www.dallassymphony.org\/wp-content\/uploads\/2022\/05\/Scott-Joplin-1024x576.jpg 1024w, https:\/\/www.dallassymphony.org\/wp-content\/uploads\/2022\/05\/Scott-Joplin-768x432.jpg 768w, https:\/\/www.dallassymphony.org\/wp-content\/uploads\/2022\/05\/Scott-Joplin-1536x864.jpg 1536w, https:\/\/www.dallassymphony.org\/wp-content\/uploads\/2022\/05\/Scott-Joplin-18x10.jpg 18w, https:\/\/www.dallassymphony.org\/wp-content\/uploads\/2022\/05\/Scott-Joplin-388x218.jpg 388w, https:\/\/www.dallassymphony.org\/wp-content\/uploads\/2022\/05\/Scott-Joplin-540x303.jpg 540w, https:\/\/www.dallassymphony.org\/wp-content\/uploads\/2022\/05\/Scott-Joplin-666x375.jpg 666w, https:\/\/www.dallassymphony.org\/wp-content\/uploads\/2022\/05\/Scott-Joplin-735x413.jpg 735w\" sizes=\"auto, (max-width: 1600px) 100vw, 1600px\" \/>\t\t\t<\/div>\n\t\t<\/div>\n\t<\/div>\n<\/div>\n\n\n<div class=\"richtext m-spacer\">\n\t<div class=\"container\">\n\t\t<div class=\"row\">\n\t\t\t<div class=\"col-10\">\n\t\t\t\t\n\n<iframe loading=\"lazy\" width=\"50%\" height=\"20\" scrolling=\"no\" frameborder=\"no\" allow=\"autoplay\" src=\"https:\/\/w.soundcloud.com\/player\/?url=https%3A\/\/api.soundcloud.com\/tracks\/296378010&amp;color=%23ff5500&amp;inverse=false&amp;auto_play=false&amp;show_user=true\"><\/iframe>\n\n\n\n<div style=\"height:50px\" aria-hidden=\"true\" class=\"wp-block-spacer\"><\/div>\n\n\n\t\t\t<\/div>\n\t\t<\/div>\n\t<\/div>\n\n<\/div>\n\n\n<div class=\"richtext m-spacer\">\n\t<div class=\"container\">\n\t\t<div class=\"row\">\n\t\t\t<div class=\"col-10\">\n\t\t\t\t\n\n<hr class=\"wp-block-separator\"\/>\n\n\n\n<h3 class=\"wp-block-heading\" id=\"h-biography\">BIOGRAF\u00cdA<\/h3>\n\n\n\n<hr class=\"wp-block-separator\"\/>\n\n\n\n<p> \u00a1Scott Joplin, un compositor afroamericano, era un tejano! Su familia se mud\u00f3 a Texarkana, Texas, cuando ten\u00eda unos siete a\u00f1os. A esa temprana edad, Joplin demostr\u00f3 un extraordinario talento para la m\u00fasica y sus padres le animaron a seguir la m\u00fasica como una carrera. Incluso a una edad temprana, Joplin era un excelente banjista y ya estaba empezando a tocar el&nbsp;<strong><a href=\"https:\/\/www.dallassymphony.org\/es\/community-education\/dso-kids\/listen-watch\/instruments\/piano\/\">piano<\/a><\/strong>. A los once a\u00f1os, ya estaba aprendiendo los detalles de la armon\u00eda musical y el estilo. Cuando era un joven adolescente, trabaj\u00f3 como m\u00fasico de sal\u00f3n de baile. Usando sus talentos como&nbsp;<strong><a href=\"https:\/\/www.dallassymphony.org\/es\/community-education\/dso-kids\/listen-watch\/instruments\/piano\/\">pianista<\/a><\/strong>...toc\u00f3 el&nbsp;<strong><a href=\"https:\/\/www.dallassymphony.org\/es\/community-education\/dso-kids\/listen-watch\/instruments\/piano\/\">piano<\/a><\/strong>&nbsp;en todo el medio oeste de los Estados Unidos y se asent\u00f3 en St. Louis, Missouri, alrededor de 1890.<\/p>\n\n\n\n<p>Durante su estancia en San Luis, Joplin perfeccion\u00f3 el estilo musical que ahora se conoce como Ragtime: una mezcla \u00fanica de estilos cl\u00e1sicos europeos combinados con la armon\u00eda y el ritmo afroamericanos. En 1893, Joplin toc\u00f3 el piano en estadios deportivos de Chicago (Illinois), pero al a\u00f1o siguiente regres\u00f3 a Missouri. Pronto form\u00f3 un grupo de ocho miembros llamado \"Texas Medley Quartette\" y viaj\u00f3 con el grupo hasta el este de Nueva York.<\/p>\n\n\n\n<p>A finales de la d\u00e9cada de 1890, Joplin trabaj\u00f3 en el Maple Leaf Club de Missouri. En 1899 compuso y public\u00f3 su composici\u00f3n m\u00e1s conocida, el&nbsp;<em>Trapo de la hoja de arce<\/em>. Unos a\u00f1os despu\u00e9s compuso&nbsp;<em>El animador<\/em>otra pieza muy conocida. En los siguientes quince a\u00f1os, su n\u00famero total de composiciones lleg\u00f3 a sesenta. En 1911, Scott Joplin se mud\u00f3 a la ciudad de Nueva York, donde dedic\u00f3 su talento y energ\u00eda a la producci\u00f3n de su \u00fanica obra oper\u00edstica,&nbsp;<em>Treemonisha<\/em>la primera gran \u00f3pera compuesta por un afroamericano. En ese momento, sin embargo, no fue bien recibida.<\/p>\n\n\n\n<p>Aunque su m\u00fasica era popular y recibi\u00f3 modestas regal\u00edas durante su vida, no recibi\u00f3 reconocimiento como compositor serio durante m\u00e1s de cincuenta a\u00f1os despu\u00e9s de su muerte. En 1973, su composici\u00f3n,&nbsp;<em>El animador<\/em>...fue presentada en la pel\u00edcula,&nbsp;<em>El Sting<\/em>protagonizada por Paul Newman y Robert Redford. La partitura gan\u00f3 un premio de la Academia. Tres a\u00f1os despu\u00e9s, la \u00f3pera de Joplin&nbsp;<em>Treemonisha<\/em>&nbsp;gan\u00f3 el premio Pulitzer. Despu\u00e9s de sufrir de mala salud, Scott Joplin muri\u00f3 el 1 de abril de 1917 en el Hospital Estatal de Manhattan, Nueva York.<\/p>\n\n\n\t\t\t<\/div>\n\t\t<\/div>\n\t<\/div>\n\n<\/div>\n\n\n<div class=\"richtext m-spacer\">\n\t<div class=\"container\">\n\t\t<div class=\"row\">\n\t\t\t<div class=\"col-10\">\n\t\t\t\t\n\n<div class=\"wp-block-columns is-layout-flex wp-container-core-columns-is-layout-9d6595d7 wp-block-columns-is-layout-flex\">\n<div class=\"wp-block-column is-layout-flow wp-block-column-is-layout-flow\">\n<iframe loading=\"lazy\" width=\"100%\" height=\"166\" scrolling=\"no\" frameborder=\"no\" allow=\"autoplay\" src=\"https:\/\/w.soundcloud.com\/player\/?url=https%3A\/\/api.soundcloud.com\/tracks\/304640890&amp;color=%23ff5500&amp;auto_play=false&amp;hide_related=true&amp;show_comments=false&amp;show_user=true&amp;show_reposts=false&amp;show_teaser=false\"><\/iframe>\n<\/div>\n<\/div>\n\n\n\t\t\t<\/div>\n\t\t<\/div>\n\t<\/div>\n\n<\/div>\n\n\n<div class=\"richtext m-spacer\">\n\t<div class=\"container\">\n\t\t<div class=\"row\">\n\t\t\t<div class=\"col-10\">\n\t\t\t\t\n<div class=\"richtext m-spacer\">\n\t<div class=\"container\">\n\t\t<div class=\"row\">\n\t\t\t<div class=\"col-10\">\n\t\t\t\t\n\t\t\t<\/div>\n\t\t<\/div>\n\t<\/div>\n\n<\/div>\n\n\n\t\t\t<\/div>\n\t\t<\/div>\n\t<\/div>\n\n<\/div>\n\n\n<p><!-- \/wp:post-content --><\/p>","protected":false},"excerpt":{"rendered":"<p>\u00a1Scott Joplin, un compositor afroamericano, era un tejano! Su familia se mud\u00f3 a Texarkana, Texas, cuando ten\u00eda unos siete a\u00f1os. A esa temprana edad, Joplin demostr\u00f3 un extraordinario talento para la m\u00fasica y sus padres le animaron a seguir la m\u00fasica como una carrera.<\/p>","protected":false},"author":3,"featured_media":9046,"parent":592,"menu_order":0,"comment_status":"closed","ping_status":"closed","template":"","meta":{"_acf_changed":false,"footnotes":""},"class_list":["post-1076","page","type-page","status-publish","has-post-thumbnail","hentry"],"acf":[],"_links":{"self":[{"href":"https:\/\/www.dallassymphony.org\/es\/wp-json\/wp\/v2\/pages\/1076","targetHints":{"allow":["GET"]}}],"collection":[{"href":"https:\/\/www.dallassymphony.org\/es\/wp-json\/wp\/v2\/pages"}],"about":[{"href":"https:\/\/www.dallassymphony.org\/es\/wp-json\/wp\/v2\/types\/page"}],"author":[{"embeddable":true,"href":"https:\/\/www.dallassymphony.org\/es\/wp-json\/wp\/v2\/users\/3"}],"replies":[{"embeddable":true,"href":"https:\/\/www.dallassymphony.org\/es\/wp-json\/wp\/v2\/comments?post=1076"}],"version-history":[{"count":0,"href":"https:\/\/www.dallassymphony.org\/es\/wp-json\/wp\/v2\/pages\/1076\/revisions"}],"up":[{"embeddable":true,"href":"https:\/\/www.dallassymphony.org\/es\/wp-json\/wp\/v2\/pages\/592"}],"wp:featuredmedia":[{"embeddable":true,"href":"https:\/\/www.dallassymphony.org\/es\/wp-json\/wp\/v2\/media\/9046"}],"wp:attachment":[{"href":"https:\/\/www.dallassymphony.org\/es\/wp-json\/wp\/v2\/media?parent=1076"}],"curies":[{"name":"wp","href":"https:\/\/api.w.org\/{rel}","templated":true}]}}