{"id":1070,"date":"2020-11-17T11:11:31","date_gmt":"2020-11-17T16:11:31","guid":{"rendered":"https:\/\/www.dallassymphony.org\/?page_id=1070"},"modified":"2022-05-17T15:47:36","modified_gmt":"2022-05-17T20:47:36","slug":"jennifer-higdon","status":"publish","type":"page","link":"https:\/\/www.dallassymphony.org\/es\/community-education\/dso-kids\/listen-watch\/composers\/jennifer-higdon\/","title":{"rendered":"Jennifer Higdon"},"content":{"rendered":"<div class=\"hero__no-img bg-blue-8\">\n\t<div class=\"container\">\n\t\t<div class=\"row\">\n\t\t\t<div class=\"col-md-10\">\n\n\t\t\t\t<ul class=\"breadcrumbs\">\n    \t<li class=\"breadcrumb__link\">\n\t\t<a class=\"a-hover\" href=\"https:\/\/www.dallassymphony.org\/es\/\">Inicio<\/a>\n\t<\/li>\n    \t<li class=\"breadcrumb__link a-styles\">\n\t\t<a class=\"a-hover\" href=\"https:\/\/www.dallassymphony.org\/es\/community-education\/\">Educaci\u00f3n y Comunidad<\/a>\n\t<\/li>\n    \t<li class=\"breadcrumb__link a-styles\">\n\t\t<a class=\"a-hover\" href=\"https:\/\/www.dallassymphony.org\/es\/community-education\/dso-kids\/\">Para escuelas y profesores<\/a>\n\t<\/li>\n    \t<li class=\"breadcrumb__link a-styles\">\n\t\t<a class=\"a-hover\" href=\"https:\/\/www.dallassymphony.org\/es\/community-education\/dso-kids\/listen-watch\/\">Escuchar y ver<\/a>\n\t<\/li>\n    \t<li class=\"breadcrumb__link a-styles\">\n\t\t<a class=\"a-hover\" href=\"https:\/\/www.dallassymphony.org\/es\/community-education\/dso-kids\/listen-watch\/composers\/\">Compositores<\/a>\n\t<\/li>\n    <\/ul>\n\n                \t\t\t\t<h1>\n                    <span >Jennifer Higdon<\/span>\n                <\/h1>\n                \t\t\t<\/div>\n\t\t<\/div>\n\t<\/div>\n<\/div>\n\n\n<div class=\"text-img text-img--left\">\n\t<div class=\"container\">\n\t\t<div class=\"row\">\n\t\t\t<div class=\"col-lg-12\">\n\t\t\t\t<div class=\"text-img__wrapper\">\n\t\t\t\t\t<h1><\/h1>\n\n                    <img loading=\"lazy\" decoding=\"async\" width=\"666\" height=\"375\" src=\"https:\/\/www.dallassymphony.org\/wp-content\/uploads\/2022\/05\/Jennifer-Higdon-666x375.jpg\" class=\"d-xl-none d-block\" alt=\"Jennifer Higdon\" srcset=\"https:\/\/www.dallassymphony.org\/wp-content\/uploads\/2022\/05\/Jennifer-Higdon-666x375.jpg 666w, https:\/\/www.dallassymphony.org\/wp-content\/uploads\/2022\/05\/Jennifer-Higdon-300x169.jpg 300w, https:\/\/www.dallassymphony.org\/wp-content\/uploads\/2022\/05\/Jennifer-Higdon-1024x576.jpg 1024w, https:\/\/www.dallassymphony.org\/wp-content\/uploads\/2022\/05\/Jennifer-Higdon-768x432.jpg 768w, https:\/\/www.dallassymphony.org\/wp-content\/uploads\/2022\/05\/Jennifer-Higdon-1536x864.jpg 1536w, https:\/\/www.dallassymphony.org\/wp-content\/uploads\/2022\/05\/Jennifer-Higdon-18x10.jpg 18w, https:\/\/www.dallassymphony.org\/wp-content\/uploads\/2022\/05\/Jennifer-Higdon-388x218.jpg 388w, https:\/\/www.dallassymphony.org\/wp-content\/uploads\/2022\/05\/Jennifer-Higdon-540x303.jpg 540w, https:\/\/www.dallassymphony.org\/wp-content\/uploads\/2022\/05\/Jennifer-Higdon-735x413.jpg 735w, https:\/\/www.dallassymphony.org\/wp-content\/uploads\/2022\/05\/Jennifer-Higdon.jpg 1600w\" sizes=\"auto, (max-width: 666px) 100vw, 666px\" \/>\n\t\t\t\t\t<h5><!-- wp:heading {\"level\":5} --><\/h5>\n<h5 id=\"h-dates\">FECHAS<\/h5>\n<p>Nacido el 31 de diciembre de 1962 en Brooklyn<\/p>\n<h5 id=\"h-nationality\">NACIONALIDAD<\/h5>\n<p>Americano<\/p>\n<h5 id=\"h-style-period\">ESTILO\/PERIODO<\/h5>\n<p>Moderno 1920-Presente<\/p>\n<h5 id=\"h-famous-works\">OBRAS FAMOSAS<\/h5>\n<p>catedral azul, City Scape, Concierto para orquesta, Concierto de percusi\u00f3n, Concierto para viol\u00edn<\/p>\n<p><!-- \/wp:heading --><\/p>\n\n                    \n                <\/div>\n                <img loading=\"lazy\" decoding=\"async\" width=\"1600\" height=\"900\" src=\"https:\/\/www.dallassymphony.org\/wp-content\/uploads\/2022\/05\/Jennifer-Higdon-1600x900.jpg\" class=\"d-none d-xl-block\" alt=\"Jennifer Higdon\" srcset=\"https:\/\/www.dallassymphony.org\/wp-content\/uploads\/2022\/05\/Jennifer-Higdon.jpg 1600w, https:\/\/www.dallassymphony.org\/wp-content\/uploads\/2022\/05\/Jennifer-Higdon-300x169.jpg 300w, https:\/\/www.dallassymphony.org\/wp-content\/uploads\/2022\/05\/Jennifer-Higdon-1024x576.jpg 1024w, https:\/\/www.dallassymphony.org\/wp-content\/uploads\/2022\/05\/Jennifer-Higdon-768x432.jpg 768w, https:\/\/www.dallassymphony.org\/wp-content\/uploads\/2022\/05\/Jennifer-Higdon-1536x864.jpg 1536w, https:\/\/www.dallassymphony.org\/wp-content\/uploads\/2022\/05\/Jennifer-Higdon-18x10.jpg 18w, https:\/\/www.dallassymphony.org\/wp-content\/uploads\/2022\/05\/Jennifer-Higdon-388x218.jpg 388w, https:\/\/www.dallassymphony.org\/wp-content\/uploads\/2022\/05\/Jennifer-Higdon-540x303.jpg 540w, https:\/\/www.dallassymphony.org\/wp-content\/uploads\/2022\/05\/Jennifer-Higdon-666x375.jpg 666w, https:\/\/www.dallassymphony.org\/wp-content\/uploads\/2022\/05\/Jennifer-Higdon-735x413.jpg 735w\" sizes=\"auto, (max-width: 1600px) 100vw, 1600px\" \/>\t\t\t<\/div>\n\t\t<\/div>\n\t<\/div>\n<\/div>\n\n\n<div class=\"richtext m-spacer\">\n\t<div class=\"container\">\n\t\t<div class=\"row\">\n\t\t\t<div class=\"col-10\">\n\t\t\t\t\n\n<iframe loading=\"lazy\" width=\"50%\" height=\"20\" scrolling=\"no\" frameborder=\"no\" allow=\"autoplay\" src=\"https:\/\/w.soundcloud.com\/player\/?url=https%3A\/\/api.soundcloud.com\/tracks\/296374059&amp;color=%23ff5500&amp;inverse=false&amp;auto_play=false&amp;show_user=true\"><\/iframe>\n\n\n\n<div style=\"height:50px\" aria-hidden=\"true\" class=\"wp-block-spacer\"><\/div>\n\n\n\t\t\t<\/div>\n\t\t<\/div>\n\t<\/div>\n\n<\/div>\n\n\n<div class=\"richtext m-spacer\">\n\t<div class=\"container\">\n\t\t<div class=\"row\">\n\t\t\t<div class=\"col-10\">\n\t\t\t\t\n\n<hr class=\"wp-block-separator\"\/>\n\n\n\n<h3 class=\"wp-block-heading\" id=\"h-biography\">BIOGRAF\u00cdA<\/h3>\n\n\n\n<hr class=\"wp-block-separator\"\/>\n\n\n\n<p>A diferencia de la mayor\u00eda de los compositores, Jennifer Higdon no empez\u00f3 a estudiar o a escuchar m\u00fasica cl\u00e1sica hasta que fue adolescente. Jennifer se ense\u00f1\u00f3 a s\u00ed misma&nbsp;<a href=\"https:\/\/www.dallassymphony.org\/es\/community-education\/dso-kids\/listen-watch\/instruments\/flute\/\"><strong>flauta<\/strong>&nbsp;<\/a>cuando ten\u00eda quince a\u00f1os y tocaba en la banda de conciertos de su instituto en Tennessee. Escuch\u00f3 muy poco de m\u00fasica cl\u00e1sica antes de ir a la Bowling Green State University para especializarse en interpretaci\u00f3n de flauta. No empez\u00f3 a estudiar composici\u00f3n hasta los 21 a\u00f1os.&nbsp;<br><br>Higdon afirma que su exposici\u00f3n tard\u00eda a la m\u00fasica cl\u00e1sica tuvo un efecto importante en su estilo: \"Como me acerqu\u00e9 a la m\u00fasica cl\u00e1sica de forma muy diferente a la mayor\u00eda de la gente, el material m\u00e1s nuevo ten\u00eda m\u00e1s atractivo para m\u00ed que el m\u00e1s antiguo\". La m\u00fasica de Higdon est\u00e1 claramente escrita en un estilo moderno, con interesantes combinaciones de instrumentos. Aunque est\u00e1 escrita en un estilo moderno, la m\u00fasica de Higdon se basa en gran medida en sonidos y estructuras tradicionales. La combinaci\u00f3n \u00fanica de Higdon de lo antiguo y lo nuevo es muy popular. Su m\u00fasica es lo suficientemente tradicional como para que el p\u00fablico la entienda y disfrute, pero lo suficientemente original como para que el p\u00fablico y la orquesta se expongan a algo nuevo y desafiante.&nbsp;<br><br>Con una m\u00fasica que es a la vez imaginative y accesible, no es de extra\u00f1ar que Higdon sea uno de los compositores estadounidenses m\u00e1s interpretados.&nbsp;<em>catedral azul<\/em>La obra que escribi\u00f3 sobre la muerte de su hermano por c\u00e1ncer es la pieza orquestal moderna m\u00e1s interpretada por un compositor estadounidense vivo. Su Concierto para percusi\u00f3n gan\u00f3 un Grammy a la mejor composici\u00f3n cl\u00e1sica contempor\u00e1nea, y su&nbsp;<strong><a href=\"https:\/\/www.dallassymphony.org\/es\/community-education\/dso-kids\/listen-watch\/instruments\/violin\/\">Viol\u00edn<\/a><\/strong>&nbsp;Concerto gan\u00f3 el Premio Pulitzer en 2010. A menudo se le pide que escriba m\u00fasica para orquestas de todo el pa\u00eds, \u00a1incluyendo la DSO!  Su reciente \u00f3pera&nbsp;<em>Monta\u00f1a Fr\u00eda<\/em>&nbsp;fue estrenada por la \u00d3pera de Santa Fe en 2015, y ha sido interpretada por la \u00d3pera de Filadelfia, la \u00d3pera de Carolina del Norte y la \u00d3pera de Minnesota desde entonces.<\/p>\n\n\n\n<p><br>Higdon ense\u00f1a actualmente composici\u00f3n en el Instituto Curtis, y sigue componiendo 5-10 piezas al a\u00f1o.&nbsp;<\/p>\n\n\n\t\t\t<\/div>\n\t\t<\/div>\n\t<\/div>\n\n<\/div>\n\n\n<div class=\"richtext m-spacer\">\n\t<div class=\"container\">\n\t\t<div class=\"row\">\n\t\t\t<div class=\"col-10\">\n\t\t\t\t\n\n<div class=\"wp-block-columns is-layout-flex wp-container-core-columns-is-layout-9d6595d7 wp-block-columns-is-layout-flex\">\n<div class=\"wp-block-column is-layout-flow wp-block-column-is-layout-flow\">\n<iframe loading=\"lazy\" width=\"100%\" height=\"166\" scrolling=\"no\" frameborder=\"no\" allow=\"autoplay\" src=\"https:\/\/w.soundcloud.com\/player\/?url=https%3A\/\/api.soundcloud.com\/tracks\/304641380&amp;color=%23ff5500&amp;auto_play=false&amp;hide_related=true&amp;show_comments=false&amp;show_user=true&amp;show_reposts=false&amp;show_teaser=false\"><\/iframe>\n<\/div>\n<\/div>\n\n\n\t\t\t<\/div>\n\t\t<\/div>\n\t<\/div>\n\n<\/div>\n\n\n<div class=\"richtext m-spacer\">\n\t<div class=\"container\">\n\t\t<div class=\"row\">\n\t\t\t<div class=\"col-10\">\n\t\t\t\t\n<div class=\"richtext m-spacer\">\n\t<div class=\"container\">\n\t\t<div class=\"row\">\n\t\t\t<div class=\"col-10\">\n\t\t\t\t\n\t\t\t<\/div>\n\t\t<\/div>\n\t<\/div>\n\n<\/div>\n\n\n\t\t\t<\/div>\n\t\t<\/div>\n\t<\/div>\n\n<\/div>","protected":false},"excerpt":{"rendered":"<p>A diferencia de la mayor\u00eda de los compositores, Jennifer Higdon no empez\u00f3 a estudiar ni a escuchar m\u00fasica cl\u00e1sica hasta la adolescencia. Jennifer aprendi\u00f3 a tocar la flauta por s\u00ed misma cuando ten\u00eda quince a\u00f1os y toc\u00f3 en la banda de conciertos de su instituto en Tennessee.<\/p>","protected":false},"author":3,"featured_media":9037,"parent":592,"menu_order":0,"comment_status":"closed","ping_status":"closed","template":"","meta":{"_acf_changed":false,"footnotes":""},"class_list":["post-1070","page","type-page","status-publish","has-post-thumbnail","hentry"],"acf":[],"_links":{"self":[{"href":"https:\/\/www.dallassymphony.org\/es\/wp-json\/wp\/v2\/pages\/1070","targetHints":{"allow":["GET"]}}],"collection":[{"href":"https:\/\/www.dallassymphony.org\/es\/wp-json\/wp\/v2\/pages"}],"about":[{"href":"https:\/\/www.dallassymphony.org\/es\/wp-json\/wp\/v2\/types\/page"}],"author":[{"embeddable":true,"href":"https:\/\/www.dallassymphony.org\/es\/wp-json\/wp\/v2\/users\/3"}],"replies":[{"embeddable":true,"href":"https:\/\/www.dallassymphony.org\/es\/wp-json\/wp\/v2\/comments?post=1070"}],"version-history":[{"count":0,"href":"https:\/\/www.dallassymphony.org\/es\/wp-json\/wp\/v2\/pages\/1070\/revisions"}],"up":[{"embeddable":true,"href":"https:\/\/www.dallassymphony.org\/es\/wp-json\/wp\/v2\/pages\/592"}],"wp:featuredmedia":[{"embeddable":true,"href":"https:\/\/www.dallassymphony.org\/es\/wp-json\/wp\/v2\/media\/9037"}],"wp:attachment":[{"href":"https:\/\/www.dallassymphony.org\/es\/wp-json\/wp\/v2\/media?parent=1070"}],"curies":[{"name":"wp","href":"https:\/\/api.w.org\/{rel}","templated":true}]}}