{"id":10688,"date":"2023-02-06T14:46:34","date_gmt":"2023-02-06T20:46:34","guid":{"rendered":"https:\/\/www.dallassymphony.org\/?page_id=10688"},"modified":"2023-02-22T14:39:57","modified_gmt":"2023-02-22T20:39:57","slug":"yp-x-education-support","status":"publish","type":"page","link":"https:\/\/www.dallassymphony.org\/es\/yp-x-education-support\/","title":{"rendered":"YP X Apoyo a la educaci\u00f3n"},"content":{"rendered":"<div class=\"hero__no-img bg-blue-8\">\n\t<div class=\"container\">\n\t\t<div class=\"row\">\n\t\t\t<div class=\"col-md-10\">\n\n\t\t\t\t<ul class=\"breadcrumbs\">\n    \t<li class=\"breadcrumb__link\">\n\t\t<a class=\"a-hover\" href=\"https:\/\/www.dallassymphony.org\/es\/\">Inicio<\/a>\n\t<\/li>\n    <\/ul>\n\n                \t\t\t\t<h1>\n                    <span >YP X Apoyo a la educaci\u00f3n<\/span>\n                <\/h1>\n                \t\t\t<\/div>\n\t\t<\/div>\n\t<\/div>\n<\/div>\n\n\n<div class=\"richtext m-spacer\">\n\t<div class=\"container\">\n\t\t<div class=\"row\">\n\t\t\t<div class=\"col-10\">\n\t\t\t\t\n\n<h2 class=\"wp-block-heading\" id=\"h-young-musicians-overview\">Panorama de las Juventudes Musicales<\/h2>\n\n\n\n<p>La Sinf\u00f3nica de Dallas llega cada a\u00f1o a cientos de estudiantes del sur de Dallas con instrumentos y clases de m\u00fasica gratuitas gracias a donantes y colaboradores como usted. Gracias a estos programas de educaci\u00f3n musical, la vida de los ni\u00f1os cambia.<\/p>\n\n\n\n<p><a href=\"https:\/\/fundraise.givesmart.com\/form\/vnXgfg?vid=xbdt5\" target=\"_blank\" rel=\"noopener\">Dar ahora<\/a><\/p>\n\n\n\n<div class=\"wp-block-columns is-layout-flex wp-container-core-columns-is-layout-9d6595d7 wp-block-columns-is-layout-flex\">\n<div class=\"wp-block-column is-layout-flow wp-block-column-is-layout-flow\">\n<figure class=\"wp-block-image size-large\"><img loading=\"lazy\" decoding=\"async\" width=\"1024\" height=\"683\" src=\"https:\/\/www.dallassymphony.org\/wp-content\/uploads\/2023\/02\/brassy-35-1024x683.jpg\" alt=\"\" class=\"wp-image-10790\" srcset=\"https:\/\/www.dallassymphony.org\/wp-content\/uploads\/2023\/02\/brassy-35-1024x683.jpg 1024w, https:\/\/www.dallassymphony.org\/wp-content\/uploads\/2023\/02\/brassy-35-300x200.jpg 300w, https:\/\/www.dallassymphony.org\/wp-content\/uploads\/2023\/02\/brassy-35-768x512.jpg 768w, https:\/\/www.dallassymphony.org\/wp-content\/uploads\/2023\/02\/brassy-35-1536x1024.jpg 1536w, https:\/\/www.dallassymphony.org\/wp-content\/uploads\/2023\/02\/brassy-35-2048x1365.jpg 2048w, https:\/\/www.dallassymphony.org\/wp-content\/uploads\/2023\/02\/brassy-35-18x12.jpg 18w, https:\/\/www.dallassymphony.org\/wp-content\/uploads\/2023\/02\/brassy-35-309x206.jpg 309w, https:\/\/www.dallassymphony.org\/wp-content\/uploads\/2023\/02\/brassy-35-350x234.jpg 350w, https:\/\/www.dallassymphony.org\/wp-content\/uploads\/2023\/02\/brassy-35-540x360.jpg 540w\" sizes=\"auto, (max-width: 1024px) 100vw, 1024px\" \/><\/figure>\n\n\n\n<figure class=\"wp-block-image size-large\"><img loading=\"lazy\" decoding=\"async\" width=\"1024\" height=\"695\" src=\"https:\/\/www.dallassymphony.org\/wp-content\/uploads\/2023\/02\/dso-young-musicians-125-1024x695.jpg\" alt=\"\" class=\"wp-image-10793\" srcset=\"https:\/\/www.dallassymphony.org\/wp-content\/uploads\/2023\/02\/dso-young-musicians-125-1024x695.jpg 1024w, https:\/\/www.dallassymphony.org\/wp-content\/uploads\/2023\/02\/dso-young-musicians-125-300x204.jpg 300w, https:\/\/www.dallassymphony.org\/wp-content\/uploads\/2023\/02\/dso-young-musicians-125-768x521.jpg 768w, https:\/\/www.dallassymphony.org\/wp-content\/uploads\/2023\/02\/dso-young-musicians-125-1536x1042.jpg 1536w, https:\/\/www.dallassymphony.org\/wp-content\/uploads\/2023\/02\/dso-young-musicians-125-2048x1390.jpg 2048w, https:\/\/www.dallassymphony.org\/wp-content\/uploads\/2023\/02\/dso-young-musicians-125-18x12.jpg 18w\" sizes=\"auto, (max-width: 1024px) 100vw, 1024px\" \/><\/figure>\n<\/div>\n\n\n\n<div class=\"wp-block-column is-layout-flow wp-block-column-is-layout-flow\">\n<figure class=\"wp-block-image size-large\"><img decoding=\"async\" src=\"https:\/\/www.dallassymphony.org\/wp-content\/uploads\/2023\/02\/dso-7.31.2021-25-1024x683.jpg\" alt=\"\" class=\"wp-image-10791\"\/><\/figure>\n\n\n\n<figure class=\"wp-block-image size-large\"><img loading=\"lazy\" decoding=\"async\" width=\"1024\" height=\"683\" src=\"https:\/\/www.dallassymphony.org\/wp-content\/uploads\/2023\/02\/dso-7.31.2021-161-1024x683.jpg\" alt=\"\" class=\"wp-image-10794\" srcset=\"https:\/\/www.dallassymphony.org\/wp-content\/uploads\/2023\/02\/dso-7.31.2021-161-1024x683.jpg 1024w, https:\/\/www.dallassymphony.org\/wp-content\/uploads\/2023\/02\/dso-7.31.2021-161-300x200.jpg 300w, https:\/\/www.dallassymphony.org\/wp-content\/uploads\/2023\/02\/dso-7.31.2021-161-768x512.jpg 768w, https:\/\/www.dallassymphony.org\/wp-content\/uploads\/2023\/02\/dso-7.31.2021-161-1536x1024.jpg 1536w, https:\/\/www.dallassymphony.org\/wp-content\/uploads\/2023\/02\/dso-7.31.2021-161-2048x1365.jpg 2048w, https:\/\/www.dallassymphony.org\/wp-content\/uploads\/2023\/02\/dso-7.31.2021-161-18x12.jpg 18w, https:\/\/www.dallassymphony.org\/wp-content\/uploads\/2023\/02\/dso-7.31.2021-161-309x206.jpg 309w, https:\/\/www.dallassymphony.org\/wp-content\/uploads\/2023\/02\/dso-7.31.2021-161-350x234.jpg 350w, https:\/\/www.dallassymphony.org\/wp-content\/uploads\/2023\/02\/dso-7.31.2021-161-540x360.jpg 540w\" sizes=\"auto, (max-width: 1024px) 100vw, 1024px\" \/><\/figure>\n<\/div>\n\n\n\n<div class=\"wp-block-column is-layout-flow wp-block-column-is-layout-flow\">\n<figure class=\"wp-block-image size-large\"><img loading=\"lazy\" decoding=\"async\" width=\"1024\" height=\"683\" src=\"https:\/\/www.dallassymphony.org\/wp-content\/uploads\/2023\/02\/dso-young-musicians-94-1024x683.jpg\" alt=\"\" class=\"wp-image-10792\" srcset=\"https:\/\/www.dallassymphony.org\/wp-content\/uploads\/2023\/02\/dso-young-musicians-94-1024x683.jpg 1024w, https:\/\/www.dallassymphony.org\/wp-content\/uploads\/2023\/02\/dso-young-musicians-94-300x200.jpg 300w, https:\/\/www.dallassymphony.org\/wp-content\/uploads\/2023\/02\/dso-young-musicians-94-768x512.jpg 768w, https:\/\/www.dallassymphony.org\/wp-content\/uploads\/2023\/02\/dso-young-musicians-94-1536x1024.jpg 1536w, https:\/\/www.dallassymphony.org\/wp-content\/uploads\/2023\/02\/dso-young-musicians-94-2048x1365.jpg 2048w, https:\/\/www.dallassymphony.org\/wp-content\/uploads\/2023\/02\/dso-young-musicians-94-18x12.jpg 18w, https:\/\/www.dallassymphony.org\/wp-content\/uploads\/2023\/02\/dso-young-musicians-94-309x206.jpg 309w, https:\/\/www.dallassymphony.org\/wp-content\/uploads\/2023\/02\/dso-young-musicians-94-350x234.jpg 350w, https:\/\/www.dallassymphony.org\/wp-content\/uploads\/2023\/02\/dso-young-musicians-94-540x360.jpg 540w\" sizes=\"auto, (max-width: 1024px) 100vw, 1024px\" \/><\/figure>\n\n\n\n<figure class=\"wp-block-image size-large\"><img loading=\"lazy\" decoding=\"async\" width=\"1024\" height=\"668\" src=\"https:\/\/www.dallassymphony.org\/wp-content\/uploads\/2023\/02\/dso-young-musicians-129-1024x668.jpg\" alt=\"\" class=\"wp-image-10795\" srcset=\"https:\/\/www.dallassymphony.org\/wp-content\/uploads\/2023\/02\/dso-young-musicians-129-1024x668.jpg 1024w, https:\/\/www.dallassymphony.org\/wp-content\/uploads\/2023\/02\/dso-young-musicians-129-300x196.jpg 300w, https:\/\/www.dallassymphony.org\/wp-content\/uploads\/2023\/02\/dso-young-musicians-129-768x501.jpg 768w, https:\/\/www.dallassymphony.org\/wp-content\/uploads\/2023\/02\/dso-young-musicians-129-1536x1002.jpg 1536w, https:\/\/www.dallassymphony.org\/wp-content\/uploads\/2023\/02\/dso-young-musicians-129-2048x1336.jpg 2048w, https:\/\/www.dallassymphony.org\/wp-content\/uploads\/2023\/02\/dso-young-musicians-129-18x12.jpg 18w\" sizes=\"auto, (max-width: 1024px) 100vw, 1024px\" \/><\/figure>\n<\/div>\n<\/div>\n\n\n\t\t\t<\/div>\n\t\t<\/div>\n\t<\/div>\n\n<\/div>","protected":false},"excerpt":{"rendered":"<p>La Sinf\u00f3nica de Dallas llega cada a\u00f1o a cientos de estudiantes del sur de Dallas con instrumentos y clases de m\u00fasica gratuitas gracias a donantes y colaboradores como usted. Gracias a estos programas de educaci\u00f3n musical, la vida de los ni\u00f1os cambia.<\/p>","protected":false},"author":16,"featured_media":5451,"parent":0,"menu_order":0,"comment_status":"closed","ping_status":"closed","template":"","meta":{"_acf_changed":false,"footnotes":""},"class_list":["post-10688","page","type-page","status-publish","has-post-thumbnail","hentry"],"acf":[],"_links":{"self":[{"href":"https:\/\/www.dallassymphony.org\/es\/wp-json\/wp\/v2\/pages\/10688","targetHints":{"allow":["GET"]}}],"collection":[{"href":"https:\/\/www.dallassymphony.org\/es\/wp-json\/wp\/v2\/pages"}],"about":[{"href":"https:\/\/www.dallassymphony.org\/es\/wp-json\/wp\/v2\/types\/page"}],"author":[{"embeddable":true,"href":"https:\/\/www.dallassymphony.org\/es\/wp-json\/wp\/v2\/users\/16"}],"replies":[{"embeddable":true,"href":"https:\/\/www.dallassymphony.org\/es\/wp-json\/wp\/v2\/comments?post=10688"}],"version-history":[{"count":0,"href":"https:\/\/www.dallassymphony.org\/es\/wp-json\/wp\/v2\/pages\/10688\/revisions"}],"wp:featuredmedia":[{"embeddable":true,"href":"https:\/\/www.dallassymphony.org\/es\/wp-json\/wp\/v2\/media\/5451"}],"wp:attachment":[{"href":"https:\/\/www.dallassymphony.org\/es\/wp-json\/wp\/v2\/media?parent=10688"}],"curies":[{"name":"wp","href":"https:\/\/api.w.org\/{rel}","templated":true}]}}