{"id":1062,"date":"2020-11-17T11:09:38","date_gmt":"2020-11-17T16:09:38","guid":{"rendered":"https:\/\/www.dallassymphony.org\/?page_id=1062"},"modified":"2022-05-17T15:21:46","modified_gmt":"2022-05-17T20:21:46","slug":"michael-colgrass","status":"publish","type":"page","link":"https:\/\/www.dallassymphony.org\/es\/community-education\/dso-kids\/listen-watch\/composers\/michael-colgrass\/","title":{"rendered":"Michael Colgrass"},"content":{"rendered":"<div class=\"hero__no-img bg-blue-8\">\n\t<div class=\"container\">\n\t\t<div class=\"row\">\n\t\t\t<div class=\"col-md-10\">\n\n\t\t\t\t<ul class=\"breadcrumbs\">\n    \t<li class=\"breadcrumb__link\">\n\t\t<a class=\"a-hover\" href=\"https:\/\/www.dallassymphony.org\/es\/\">Inicio<\/a>\n\t<\/li>\n    \t<li class=\"breadcrumb__link a-styles\">\n\t\t<a class=\"a-hover\" href=\"https:\/\/www.dallassymphony.org\/es\/community-education\/\">Educaci\u00f3n y Comunidad<\/a>\n\t<\/li>\n    \t<li class=\"breadcrumb__link a-styles\">\n\t\t<a class=\"a-hover\" href=\"https:\/\/www.dallassymphony.org\/es\/community-education\/dso-kids\/\">Para escuelas y profesores<\/a>\n\t<\/li>\n    \t<li class=\"breadcrumb__link a-styles\">\n\t\t<a class=\"a-hover\" href=\"https:\/\/www.dallassymphony.org\/es\/community-education\/dso-kids\/listen-watch\/\">Escuchar y ver<\/a>\n\t<\/li>\n    \t<li class=\"breadcrumb__link a-styles\">\n\t\t<a class=\"a-hover\" href=\"https:\/\/www.dallassymphony.org\/es\/community-education\/dso-kids\/listen-watch\/composers\/\">Compositores<\/a>\n\t<\/li>\n    <\/ul>\n\n                \t\t\t\t<h1>\n                    <span >Michael Colgrass<\/span>\n                <\/h1>\n                \t\t\t<\/div>\n\t\t<\/div>\n\t<\/div>\n<\/div>\n\n\n<div class=\"text-img text-img--left\">\n\t<div class=\"container\">\n\t\t<div class=\"row\">\n\t\t\t<div class=\"col-lg-12\">\n\t\t\t\t<div class=\"text-img__wrapper\">\n\t\t\t\t\t<h1><\/h1>\n\n                    <img loading=\"lazy\" decoding=\"async\" width=\"666\" height=\"375\" src=\"https:\/\/www.dallassymphony.org\/wp-content\/uploads\/2022\/05\/Michael-Colgrass-666x375.jpg\" class=\"d-xl-none d-block\" alt=\"Michael Colgrass\" srcset=\"https:\/\/www.dallassymphony.org\/wp-content\/uploads\/2022\/05\/Michael-Colgrass-666x375.jpg 666w, https:\/\/www.dallassymphony.org\/wp-content\/uploads\/2022\/05\/Michael-Colgrass-300x169.jpg 300w, https:\/\/www.dallassymphony.org\/wp-content\/uploads\/2022\/05\/Michael-Colgrass-1024x576.jpg 1024w, https:\/\/www.dallassymphony.org\/wp-content\/uploads\/2022\/05\/Michael-Colgrass-768x432.jpg 768w, https:\/\/www.dallassymphony.org\/wp-content\/uploads\/2022\/05\/Michael-Colgrass-1536x864.jpg 1536w, https:\/\/www.dallassymphony.org\/wp-content\/uploads\/2022\/05\/Michael-Colgrass-18x10.jpg 18w, https:\/\/www.dallassymphony.org\/wp-content\/uploads\/2022\/05\/Michael-Colgrass-388x218.jpg 388w, https:\/\/www.dallassymphony.org\/wp-content\/uploads\/2022\/05\/Michael-Colgrass-540x303.jpg 540w, https:\/\/www.dallassymphony.org\/wp-content\/uploads\/2022\/05\/Michael-Colgrass-735x413.jpg 735w, https:\/\/www.dallassymphony.org\/wp-content\/uploads\/2022\/05\/Michael-Colgrass.jpg 1600w\" sizes=\"auto, (max-width: 666px) 100vw, 666px\" \/>\n\t\t\t\t\t<h5><!-- wp:heading {\"level\":5} --><\/h5>\n<h5 id=\"h-dates\">FECHAS<\/h5>\n<p>Nacido el 2 de abril de 1932 en Chicago, Illinois<br \/>\nFalleci\u00f3 el 2 de julio de 2019 en Toronto, Canad\u00e1<\/p>\n<h5 id=\"h-nationality\">NACIONALIDAD<\/h5>\n<p>Americano<\/p>\n<h5 id=\"h-style-period\">ESTILO\/PERIODO<\/h5>\n<p>Moderno 1920-Presente<\/p>\n<h5 id=\"h-famous-works\">OBRAS FAMOSAS<\/h5>\n<p>D\u00e9j\u00e0 vu para cuarteto de percusi\u00f3n y orquesta, Snow Walker y Memento para dos pianos y orquesta<\/p>\n<p><!-- \/wp:heading --><\/p>\n\n                    \n                <\/div>\n                <img loading=\"lazy\" decoding=\"async\" width=\"1600\" height=\"900\" src=\"https:\/\/www.dallassymphony.org\/wp-content\/uploads\/2022\/05\/Michael-Colgrass-1600x900.jpg\" class=\"d-none d-xl-block\" alt=\"Michael Colgrass\" srcset=\"https:\/\/www.dallassymphony.org\/wp-content\/uploads\/2022\/05\/Michael-Colgrass.jpg 1600w, https:\/\/www.dallassymphony.org\/wp-content\/uploads\/2022\/05\/Michael-Colgrass-300x169.jpg 300w, https:\/\/www.dallassymphony.org\/wp-content\/uploads\/2022\/05\/Michael-Colgrass-1024x576.jpg 1024w, https:\/\/www.dallassymphony.org\/wp-content\/uploads\/2022\/05\/Michael-Colgrass-768x432.jpg 768w, https:\/\/www.dallassymphony.org\/wp-content\/uploads\/2022\/05\/Michael-Colgrass-1536x864.jpg 1536w, https:\/\/www.dallassymphony.org\/wp-content\/uploads\/2022\/05\/Michael-Colgrass-18x10.jpg 18w, https:\/\/www.dallassymphony.org\/wp-content\/uploads\/2022\/05\/Michael-Colgrass-388x218.jpg 388w, https:\/\/www.dallassymphony.org\/wp-content\/uploads\/2022\/05\/Michael-Colgrass-540x303.jpg 540w, https:\/\/www.dallassymphony.org\/wp-content\/uploads\/2022\/05\/Michael-Colgrass-666x375.jpg 666w, https:\/\/www.dallassymphony.org\/wp-content\/uploads\/2022\/05\/Michael-Colgrass-735x413.jpg 735w\" sizes=\"auto, (max-width: 1600px) 100vw, 1600px\" \/>\t\t\t<\/div>\n\t\t<\/div>\n\t<\/div>\n<\/div>\n\n\n<div class=\"richtext m-spacer\">\n\t<div class=\"container\">\n\t\t<div class=\"row\">\n\t\t\t<div class=\"col-10\">\n\t\t\t\t\n\n<iframe loading=\"lazy\" width=\"50%\" height=\"20\" scrolling=\"no\" frameborder=\"no\" allow=\"autoplay\" src=\"https:\/\/w.soundcloud.com\/player\/?url=https%3A\/\/api.soundcloud.com\/tracks\/296732859&amp;color=%23ff5500&amp;inverse=false&amp;auto_play=false&amp;show_user=true\"><\/iframe>\n\n\n\n<div style=\"height:50px\" aria-hidden=\"true\" class=\"wp-block-spacer\"><\/div>\n\n\n\t\t\t<\/div>\n\t\t<\/div>\n\t<\/div>\n\n<\/div>\n\n\n<div class=\"richtext m-spacer\">\n\t<div class=\"container\">\n\t\t<div class=\"row\">\n\t\t\t<div class=\"col-10\">\n\t\t\t\t\n\n<hr class=\"wp-block-separator\"\/>\n\n\n\n<h3 class=\"wp-block-heading\" id=\"h-biography\">BIOGRAF\u00cdA<\/h3>\n\n\n\n<hr class=\"wp-block-separator\"\/>\n\n\n\n<p>Michael Colgrass (1932-2019) comenz\u00f3 su carrera musical en Chicago, donde sus primeras experiencias profesionales fueron como baterista de jazz (1944-49). Se licenci\u00f3 en interpretaci\u00f3n y composici\u00f3n en la Universidad de Illinois en 1954 y sus estudios incluyeron la formaci\u00f3n con Darius Milhaud en el Festival de Aspen y Lukas Foss en Tanglewood. Trabaj\u00f3 dos a\u00f1os como timbalero en la S\u00e9ptima Orquesta Sinf\u00f3nica del Ej\u00e9rcito en Stuttgart, Alemania, y luego pas\u00f3 once a\u00f1os apoyando su composici\u00f3n como percusionista independiente en la ciudad de Nueva York, donde actu\u00f3, entre otros, con la Filarm\u00f3nica de Nueva York, el American Ballet Theater, Dizzy Gillespie, el Modern Jazz Quartet, la orquesta original de West Side Story en Broadway, la Columbia Recording Orchestra's&nbsp;<em>Stravinsky dirige a Stravinsky<\/em>&nbsp;y numerosos conjuntos de ballet, \u00f3pera y jazz. Organiz\u00f3 las secciones de percusi\u00f3n para las grabaciones y conciertos de Gunther Schuller, as\u00ed como para los estrenos de nuevas obras de John Cage, Elliott Carter, Edgard Varese y muchos otros. Durante este periodo neoyorquino sigui\u00f3 estudiando composici\u00f3n con Wallingford Riegger (1958) y Ben Weber (1958-60).<\/p>\n\n\n\n<p>Colgrass ha recibido encargos de la Filarm\u00f3nica de Nueva York y la Sinf\u00f3nica de Boston (dos veces). Tambi\u00e9n de las orquestas de Minnesota, Detroit, San Francisco, San Luis, Pittsburgh, Washington, Toronto (dos veces), la Orquesta del Centro Nacional de las Artes (dos veces), la Corporaci\u00f3n Canadiense de Radiodifusi\u00f3n, la Sociedad de M\u00fasica de C\u00e1mara del Lincoln Center, los cuartetos de cuerda Manhattan y Muir, el Festival de Brighton en Inglaterra, las Fundaciones Fromm y Ford, la Corporaci\u00f3n para la Radiodifusi\u00f3n P\u00fablica, y numerosas otras orquestas, grupos de c\u00e1mara, grupos corales y solistas.<\/p>\n\n\n\n<p>Gan\u00f3 el Premio Pulitzer de M\u00fasica de 1978 por&nbsp;<em>D\u00e9j\u00e0 vu<\/em>que fue encargado y estrenado por la Filarm\u00f3nica de Nueva York. Adem\u00e1s, recibi\u00f3 un premio Emmy en 1982 por el documental de la PBS \"Soundings: The Music of Michael Colgrass\". Ha recibido dos becas Guggenheim, una beca Rockefeller, el primer premio en los concursos internacionales de conjuntos de viento Barlow y Sudler, y el premio Jules Leger de m\u00fasica de c\u00e1mara de 1988.<\/p>\n\n\n\n<p>Entre sus obras recientes se encuentran&nbsp;<em>Crossworlds<\/em>&nbsp;(2002) para flauta, piano y orquesta, encargado por la Orquesta Sinf\u00f3nica de Boston y estrenado con los solistas Marina Piccinini y Andreas Heafliger.&nbsp;<em>Tr\u00edo Pan<\/em>&nbsp;fue encargado y estrenado por Soundstreams Canada en 2005 y estrenado por ellos con Liam Teague, tambores de acero, Sanya Eng, arpa y Ryan Scott, percusi\u00f3n.&nbsp;<em>Lado a Lado<\/em>&nbsp;(2007) para clave y piano alterado con Joanne Kong como solista, fue un encargo de la Orquesta Esprit, el Proyecto de Orquesta Moderna de Boston (BMOP) y la Orquesta Sinf\u00f3nica de Richmond.<\/p>\n\n\n\n<p>Como autor, Colgrass escribi\u00f3&nbsp;<em>Mis lecciones con Kumi<\/em>Un libro de narraciones y ejercicios en el que expone sus t\u00e9cnicas de actuaci\u00f3n y creatividad. Imparte talleres en todo el mundo sobre la psicolog\u00eda y la t\u00e9cnica de la actuaci\u00f3n, en los que los participantes realizan ejercicios de este libro. Su libro m\u00e1s reciente,&nbsp;<em>MICHAEL COLGRASS: Aventuras de un compositor americano<\/em>publicado por Meredith Music y distribuido por Hal Leonard Corporation, se public\u00f3 en febrero de 2010.<\/p>\n\n\n\n<p>Vivi\u00f3 en Toronto y se gan\u00f3 la vida internacionalmente como compositor. Su mujer, Ulla, es periodista y editora y escribe sobre m\u00fasica y artes.<\/p>\n\n\n\t\t\t<\/div>\n\t\t<\/div>\n\t<\/div>\n\n<\/div>\n\n\n<div class=\"richtext m-spacer\">\n\t<div class=\"container\">\n\t\t<div class=\"row\">\n\t\t\t<div class=\"col-10\">\n\t\t\t\t\n\n<div class=\"wp-block-columns is-layout-flex wp-container-core-columns-is-layout-9d6595d7 wp-block-columns-is-layout-flex\">\n<div class=\"wp-block-column is-layout-flow wp-block-column-is-layout-flow\">\n<iframe loading=\"lazy\" width=\"100%\" height=\"166\" scrolling=\"no\" frameborder=\"no\" allow=\"autoplay\" src=\"https:\/\/w.soundcloud.com\/player\/?url=https%3A\/\/api.soundcloud.com\/tracks\/296732861&amp;color=%23ff5500&amp;auto_play=false&amp;hide_related=true&amp;show_comments=false&amp;show_user=true&amp;show_reposts=false&amp;show_teaser=false\"><\/iframe>\n<\/div>\n<\/div>\n\n\n\t\t\t<\/div>\n\t\t<\/div>\n\t<\/div>\n\n<\/div>\n\n\n<div class=\"richtext m-spacer\">\n\t<div class=\"container\">\n\t\t<div class=\"row\">\n\t\t\t<div class=\"col-10\">\n\t\t\t\t\n<div class=\"richtext m-spacer\">\n\t<div class=\"container\">\n\t\t<div class=\"row\">\n\t\t\t<div class=\"col-10\">\n\t\t\t\t\n\t\t\t<\/div>\n\t\t<\/div>\n\t<\/div>\n\n<\/div>\n\n\n\t\t\t<\/div>\n\t\t<\/div>\n\t<\/div>\n\n<\/div>","protected":false},"excerpt":{"rendered":"<p>Michael Colgrass naci\u00f3 el 2 de abril de 1932 en Chicago, Illinois. Comenz\u00f3 su carrera musical en su ciudad natal, Chicago, donde obtuvo sus primeras experiencias profesionales como baterista de jazz.<\/p>","protected":false},"author":3,"featured_media":9029,"parent":592,"menu_order":0,"comment_status":"closed","ping_status":"closed","template":"","meta":{"_acf_changed":false,"footnotes":""},"class_list":["post-1062","page","type-page","status-publish","has-post-thumbnail","hentry"],"acf":[],"_links":{"self":[{"href":"https:\/\/www.dallassymphony.org\/es\/wp-json\/wp\/v2\/pages\/1062","targetHints":{"allow":["GET"]}}],"collection":[{"href":"https:\/\/www.dallassymphony.org\/es\/wp-json\/wp\/v2\/pages"}],"about":[{"href":"https:\/\/www.dallassymphony.org\/es\/wp-json\/wp\/v2\/types\/page"}],"author":[{"embeddable":true,"href":"https:\/\/www.dallassymphony.org\/es\/wp-json\/wp\/v2\/users\/3"}],"replies":[{"embeddable":true,"href":"https:\/\/www.dallassymphony.org\/es\/wp-json\/wp\/v2\/comments?post=1062"}],"version-history":[{"count":0,"href":"https:\/\/www.dallassymphony.org\/es\/wp-json\/wp\/v2\/pages\/1062\/revisions"}],"up":[{"embeddable":true,"href":"https:\/\/www.dallassymphony.org\/es\/wp-json\/wp\/v2\/pages\/592"}],"wp:featuredmedia":[{"embeddable":true,"href":"https:\/\/www.dallassymphony.org\/es\/wp-json\/wp\/v2\/media\/9029"}],"wp:attachment":[{"href":"https:\/\/www.dallassymphony.org\/es\/wp-json\/wp\/v2\/media?parent=1062"}],"curies":[{"name":"wp","href":"https:\/\/api.w.org\/{rel}","templated":true}]}}