{"id":1060,"date":"2020-11-17T11:09:10","date_gmt":"2020-11-17T16:09:10","guid":{"rendered":"https:\/\/www.dallassymphony.org\/?page_id=1060"},"modified":"2022-05-17T15:13:52","modified_gmt":"2022-05-17T20:13:52","slug":"victoria-bond","status":"publish","type":"page","link":"https:\/\/www.dallassymphony.org\/es\/community-education\/dso-kids\/listen-watch\/composers\/victoria-bond\/","title":{"rendered":"Victoria Bond"},"content":{"rendered":"<div class=\"hero__no-img bg-blue-8\">\n\t<div class=\"container\">\n\t\t<div class=\"row\">\n\t\t\t<div class=\"col-md-10\">\n\n\t\t\t\t<ul class=\"breadcrumbs\">\n    \t<li class=\"breadcrumb__link\">\n\t\t<a class=\"a-hover\" href=\"https:\/\/www.dallassymphony.org\/es\/\">Inicio<\/a>\n\t<\/li>\n    \t<li class=\"breadcrumb__link a-styles\">\n\t\t<a class=\"a-hover\" href=\"https:\/\/www.dallassymphony.org\/es\/community-education\/\">Educaci\u00f3n y Comunidad<\/a>\n\t<\/li>\n    \t<li class=\"breadcrumb__link a-styles\">\n\t\t<a class=\"a-hover\" href=\"https:\/\/www.dallassymphony.org\/es\/community-education\/dso-kids\/\">Para escuelas y profesores<\/a>\n\t<\/li>\n    \t<li class=\"breadcrumb__link a-styles\">\n\t\t<a class=\"a-hover\" href=\"https:\/\/www.dallassymphony.org\/es\/community-education\/dso-kids\/listen-watch\/\">Escuchar y ver<\/a>\n\t<\/li>\n    \t<li class=\"breadcrumb__link a-styles\">\n\t\t<a class=\"a-hover\" href=\"https:\/\/www.dallassymphony.org\/es\/community-education\/dso-kids\/listen-watch\/composers\/\">Compositores<\/a>\n\t<\/li>\n    <\/ul>\n\n                \t\t\t\t<h1>\n                    <span >Victoria Bond<\/span>\n                <\/h1>\n                \t\t\t<\/div>\n\t\t<\/div>\n\t<\/div>\n<\/div>\n\n\n<div class=\"text-img text-img--left\">\n\t<div class=\"container\">\n\t\t<div class=\"row\">\n\t\t\t<div class=\"col-lg-12\">\n\t\t\t\t<div class=\"text-img__wrapper\">\n\t\t\t\t\t<h1><\/h1>\n\n                    <img loading=\"lazy\" decoding=\"async\" width=\"666\" height=\"375\" src=\"https:\/\/www.dallassymphony.org\/wp-content\/uploads\/2022\/05\/Victoria-Bond-666x375.jpg\" class=\"d-xl-none d-block\" alt=\"Victoria Bond\" srcset=\"https:\/\/www.dallassymphony.org\/wp-content\/uploads\/2022\/05\/Victoria-Bond-666x375.jpg 666w, https:\/\/www.dallassymphony.org\/wp-content\/uploads\/2022\/05\/Victoria-Bond-300x169.jpg 300w, https:\/\/www.dallassymphony.org\/wp-content\/uploads\/2022\/05\/Victoria-Bond-1024x576.jpg 1024w, https:\/\/www.dallassymphony.org\/wp-content\/uploads\/2022\/05\/Victoria-Bond-768x432.jpg 768w, https:\/\/www.dallassymphony.org\/wp-content\/uploads\/2022\/05\/Victoria-Bond-1536x864.jpg 1536w, https:\/\/www.dallassymphony.org\/wp-content\/uploads\/2022\/05\/Victoria-Bond-18x10.jpg 18w, https:\/\/www.dallassymphony.org\/wp-content\/uploads\/2022\/05\/Victoria-Bond-388x218.jpg 388w, https:\/\/www.dallassymphony.org\/wp-content\/uploads\/2022\/05\/Victoria-Bond-540x303.jpg 540w, https:\/\/www.dallassymphony.org\/wp-content\/uploads\/2022\/05\/Victoria-Bond-735x413.jpg 735w, https:\/\/www.dallassymphony.org\/wp-content\/uploads\/2022\/05\/Victoria-Bond.jpg 1600w\" sizes=\"auto, (max-width: 666px) 100vw, 666px\" \/>\n\t\t\t\t\t<h5><!-- wp:heading {\"level\":5} --><\/h5>\n<h5 id=\"h-dates\">FECHAS<\/h5>\n<p>Naci\u00f3 en Los \u00c1ngeles, California, en 1945<\/p>\n<h5 id=\"h-nationality\">NACIONALIDAD<\/h5>\n<p>Americano<\/p>\n<h5 id=\"h-style-period\">ESTILO\/PERIODO<\/h5>\n<p>Moderno 1920-Presente<\/p>\n<h5 id=\"h-famous-works\">OBRAS FAMOSAS<\/h5>\n<p>Molly Manybloom, Sra. Presidenta, Pensando como una monta\u00f1a, todos son buenos para algo<\/p>\n<p><!-- \/wp:heading --><\/p>\n\n                    \n                <\/div>\n                <img loading=\"lazy\" decoding=\"async\" width=\"1600\" height=\"900\" src=\"https:\/\/www.dallassymphony.org\/wp-content\/uploads\/2022\/05\/Victoria-Bond-1600x900.jpg\" class=\"d-none d-xl-block\" alt=\"Victoria Bond\" srcset=\"https:\/\/www.dallassymphony.org\/wp-content\/uploads\/2022\/05\/Victoria-Bond.jpg 1600w, https:\/\/www.dallassymphony.org\/wp-content\/uploads\/2022\/05\/Victoria-Bond-300x169.jpg 300w, https:\/\/www.dallassymphony.org\/wp-content\/uploads\/2022\/05\/Victoria-Bond-1024x576.jpg 1024w, https:\/\/www.dallassymphony.org\/wp-content\/uploads\/2022\/05\/Victoria-Bond-768x432.jpg 768w, https:\/\/www.dallassymphony.org\/wp-content\/uploads\/2022\/05\/Victoria-Bond-1536x864.jpg 1536w, https:\/\/www.dallassymphony.org\/wp-content\/uploads\/2022\/05\/Victoria-Bond-18x10.jpg 18w, https:\/\/www.dallassymphony.org\/wp-content\/uploads\/2022\/05\/Victoria-Bond-388x218.jpg 388w, https:\/\/www.dallassymphony.org\/wp-content\/uploads\/2022\/05\/Victoria-Bond-540x303.jpg 540w, https:\/\/www.dallassymphony.org\/wp-content\/uploads\/2022\/05\/Victoria-Bond-666x375.jpg 666w, https:\/\/www.dallassymphony.org\/wp-content\/uploads\/2022\/05\/Victoria-Bond-735x413.jpg 735w\" sizes=\"auto, (max-width: 1600px) 100vw, 1600px\" \/>\t\t\t<\/div>\n\t\t<\/div>\n\t<\/div>\n<\/div>\n\n\n<div class=\"richtext m-spacer\">\n\t<div class=\"container\">\n\t\t<div class=\"row\">\n\t\t\t<div class=\"col-10\">\n\t\t\t\t\n\n<iframe loading=\"lazy\" width=\"50%\" height=\"20\" scrolling=\"no\" frameborder=\"no\" allow=\"autoplay\" src=\"https:\/\/w.soundcloud.com\/player\/?url=https%3A\/\/api.soundcloud.com\/tracks\/296369851&amp;color=%23ff5500&amp;inverse=false&amp;auto_play=false&amp;show_user=true\"><\/iframe>\n\n\n\n<div style=\"height:50px\" aria-hidden=\"true\" class=\"wp-block-spacer\"><\/div>\n\n\n\t\t\t<\/div>\n\t\t<\/div>\n\t<\/div>\n\n<\/div>\n\n\n<div class=\"richtext m-spacer\">\n\t<div class=\"container\">\n\t\t<div class=\"row\">\n\t\t\t<div class=\"col-10\">\n\t\t\t\t\n\n<hr class=\"wp-block-separator\"\/>\n\n\n\n<h3 class=\"wp-block-heading\" id=\"h-biography\">BIOGRAF\u00cdA<\/h3>\n\n\n\n<hr class=\"wp-block-separator\"\/>\n\n\n\n<p>Victoria Bond es la \u00fanica mujer compositora y directora de orquesta que ha recibido encargos de importantes organizaciones y que, adem\u00e1s, ha ocupado puestos de direcci\u00f3n musical en destacados conjuntos. Su extenso cat\u00e1logo incluye obras escritas para las Orquestas Sinf\u00f3nicas de Houston, Shanghai y Richmond, la Orquesta de C\u00e1mara de Saint Paul, el American Ballet Theater, el Ballet de Pensilvania, el Festival de Danzas Jacob's Pillow y el Cuarteto de Cuerda Audubon, entre otros. En todos los g\u00e9neros que emprende, desde la \u00f3pera hasta la m\u00fasica de c\u00e1mara, su consumada musicalidad sirve para enriquecer un lenguaje musical bellamente elaborado y profundamente expresivo.<\/p>\n\n\n\n<p>La primera mujer en obtener un doctorado en direcci\u00f3n de la Juilliard School, Bond fue nombrada por Andre Previn como directora de la Fundaci\u00f3n Exxon\/Arts con la Sinf\u00f3nica de Pittsburgh en 1978. En 1986, fue invitada a dirigir la Sinf\u00f3nica de Houston y a estrenar su propia composici\u00f3n para la orquesta,&nbsp;<em>Llamando a<\/em>. En ese mismo a\u00f1o, fue nombrada Directora Musical y directora de la Orquesta Sinf\u00f3nica de Roanoke, y poco despu\u00e9s se convirti\u00f3 en directora art\u00edstica de la \u00d3pera de Roanoke, ocupando ambos puestos hasta 1995. Tambi\u00e9n ha sido Directora Musical de la \u00d3pera Bel Canto, la \u00d3pera de Harrisburg y la Sinf\u00f3nica de Nueva Amsterdam, y Asesora Musical de la Sinf\u00f3nica de Wuhan en China.<\/p>\n\n\n\n<p>La formaci\u00f3n musical de Bond tambi\u00e9n incluye estudios de canto, con William Vennard en la Universidad del Sur de California. Como soprano, grab\u00f3 con Bethany Beardslee y apareci\u00f3 en la primera grabaci\u00f3n de Delusion of the Fury de Harry Partch. Ha aportado su experiencia vocal para componer obras como&nbsp;<em>Molly ManyBloom<\/em>&nbsp;para soprano y cuarteto de cuerdas, descrito por&nbsp;<em>El New York Times<\/em>&nbsp;como \"por turnos melanc\u00f3lico, furioso, c\u00e1ustico, raps\u00f3dico y nost\u00e1lgico\", y su \u00f3pera de c\u00e1mara&nbsp;<em>Sra. Presidenta<\/em>basado en la vida de Victoria Woodhull, la primera mujer que se present\u00f3 a la presidencia. Escenas de&nbsp;<em>Sra. Presidenta<\/em>&nbsp;fueron interpretadas por la \u00d3pera de la Ciudad de Nueva York en 2001 como parte de la serie de lecturas Vox de la compa\u00f1\u00eda.<\/p>\n\n\n\n<p>Victoria Bond ha sido perfilada en el&nbsp;<em>Wall Street Journal<\/em>&nbsp;y en el Today Show de la NBC, presentado en&nbsp;<em>Revista People<\/em>&nbsp;y en&nbsp;<em>El New York Times<\/em>. Su m\u00fasica est\u00e1 grabada en los sellos discogr\u00e1ficos Koch International, Albany, GEGA, Protone y Family Classic.<\/p>\n\n\n\t\t\t<\/div>\n\t\t<\/div>\n\t<\/div>\n\n<\/div>\n\n\n<div class=\"richtext m-spacer\">\n\t<div class=\"container\">\n\t\t<div class=\"row\">\n\t\t\t<div class=\"col-10\">\n\t\t\t\t\n\n<div class=\"wp-block-columns is-layout-flex wp-container-core-columns-is-layout-9d6595d7 wp-block-columns-is-layout-flex\">\n<div class=\"wp-block-column is-layout-flow wp-block-column-is-layout-flow\">\n<iframe loading=\"lazy\" width=\"100%\" height=\"166\" scrolling=\"no\" frameborder=\"no\" allow=\"autoplay\" src=\"https:\/\/w.soundcloud.com\/player\/?url=https%3A\/\/api.soundcloud.com\/tracks\/296369855&amp;color=%23ff5500&amp;auto_play=false&amp;hide_related=true&amp;show_comments=false&amp;show_user=true&amp;show_reposts=false&amp;show_teaser=false\"><\/iframe>\n<\/div>\n<\/div>\n\n\n\t\t\t<\/div>\n\t\t<\/div>\n\t<\/div>\n\n<\/div>\n\n\n<div class=\"richtext m-spacer\">\n\t<div class=\"container\">\n\t\t<div class=\"row\">\n\t\t\t<div class=\"col-10\">\n\t\t\t\t\n<div class=\"richtext m-spacer\">\n\t<div class=\"container\">\n\t\t<div class=\"row\">\n\t\t\t<div class=\"col-10\">\n\t\t\t\t\n\t\t\t<\/div>\n\t\t<\/div>\n\t<\/div>\n\n<\/div>\n\n\n\t\t\t<\/div>\n\t\t<\/div>\n\t<\/div>\n\n<\/div>","protected":false},"excerpt":{"rendered":"<p>Victoria Bond es la \u00fanica mujer compositora y directora de orquesta que ha recibido encargos de importantes organizaciones y que, adem\u00e1s, ha ocupado puestos de direcci\u00f3n musical en destacados conjuntos. Su extenso cat\u00e1logo incluye obras escritas para las Orquestas Sinf\u00f3nicas de Houston, Shanghai y Richmond, la Orquesta de C\u00e1mara de Saint Paul, el American Ballet Theater, el Ballet de Pensilvania, el Festival de Danzas Jacob's Pillow y el Cuarteto de Cuerda Audubon, entre otros.<\/p>","protected":false},"author":3,"featured_media":9027,"parent":592,"menu_order":0,"comment_status":"closed","ping_status":"closed","template":"","meta":{"_acf_changed":false,"footnotes":""},"class_list":["post-1060","page","type-page","status-publish","has-post-thumbnail","hentry"],"acf":[],"_links":{"self":[{"href":"https:\/\/www.dallassymphony.org\/es\/wp-json\/wp\/v2\/pages\/1060","targetHints":{"allow":["GET"]}}],"collection":[{"href":"https:\/\/www.dallassymphony.org\/es\/wp-json\/wp\/v2\/pages"}],"about":[{"href":"https:\/\/www.dallassymphony.org\/es\/wp-json\/wp\/v2\/types\/page"}],"author":[{"embeddable":true,"href":"https:\/\/www.dallassymphony.org\/es\/wp-json\/wp\/v2\/users\/3"}],"replies":[{"embeddable":true,"href":"https:\/\/www.dallassymphony.org\/es\/wp-json\/wp\/v2\/comments?post=1060"}],"version-history":[{"count":0,"href":"https:\/\/www.dallassymphony.org\/es\/wp-json\/wp\/v2\/pages\/1060\/revisions"}],"up":[{"embeddable":true,"href":"https:\/\/www.dallassymphony.org\/es\/wp-json\/wp\/v2\/pages\/592"}],"wp:featuredmedia":[{"embeddable":true,"href":"https:\/\/www.dallassymphony.org\/es\/wp-json\/wp\/v2\/media\/9027"}],"wp:attachment":[{"href":"https:\/\/www.dallassymphony.org\/es\/wp-json\/wp\/v2\/media?parent=1060"}],"curies":[{"name":"wp","href":"https:\/\/api.w.org\/{rel}","templated":true}]}}