{"id":1058,"date":"2020-11-17T11:08:39","date_gmt":"2020-11-17T16:08:39","guid":{"rendered":"https:\/\/www.dallassymphony.org\/?page_id=1058"},"modified":"2022-05-17T15:07:27","modified_gmt":"2022-05-17T20:07:27","slug":"bela-bartok","status":"publish","type":"page","link":"https:\/\/www.dallassymphony.org\/es\/community-education\/dso-kids\/listen-watch\/composers\/bela-bartok\/","title":{"rendered":"B\u00e9la Bart\u00f3k"},"content":{"rendered":"<div class=\"hero__no-img bg-blue-8\">\n\t<div class=\"container\">\n\t\t<div class=\"row\">\n\t\t\t<div class=\"col-md-10\">\n\n\t\t\t\t<ul class=\"breadcrumbs\">\n    \t<li class=\"breadcrumb__link\">\n\t\t<a class=\"a-hover\" href=\"https:\/\/www.dallassymphony.org\/es\/\">Inicio<\/a>\n\t<\/li>\n    \t<li class=\"breadcrumb__link a-styles\">\n\t\t<a class=\"a-hover\" href=\"https:\/\/www.dallassymphony.org\/es\/community-education\/\">Educaci\u00f3n y Comunidad<\/a>\n\t<\/li>\n    \t<li class=\"breadcrumb__link a-styles\">\n\t\t<a class=\"a-hover\" href=\"https:\/\/www.dallassymphony.org\/es\/community-education\/dso-kids\/\">Para escuelas y profesores<\/a>\n\t<\/li>\n    \t<li class=\"breadcrumb__link a-styles\">\n\t\t<a class=\"a-hover\" href=\"https:\/\/www.dallassymphony.org\/es\/community-education\/dso-kids\/listen-watch\/\">Escuchar y ver<\/a>\n\t<\/li>\n    \t<li class=\"breadcrumb__link a-styles\">\n\t\t<a class=\"a-hover\" href=\"https:\/\/www.dallassymphony.org\/es\/community-education\/dso-kids\/listen-watch\/composers\/\">Compositores<\/a>\n\t<\/li>\n    <\/ul>\n\n                \t\t\t\t<h1>\n                    <span >B\u00e9la Bart\u00f3k<\/span>\n                <\/h1>\n                \t\t\t<\/div>\n\t\t<\/div>\n\t<\/div>\n<\/div>\n\n\n<div class=\"text-img text-img--left\">\n\t<div class=\"container\">\n\t\t<div class=\"row\">\n\t\t\t<div class=\"col-lg-12\">\n\t\t\t\t<div class=\"text-img__wrapper\">\n\t\t\t\t\t<h1><\/h1>\n\n                    <img loading=\"lazy\" decoding=\"async\" width=\"666\" height=\"375\" src=\"https:\/\/www.dallassymphony.org\/wp-content\/uploads\/2022\/05\/Bela-Bartok-666x375.jpg\" class=\"d-xl-none d-block\" alt=\"B\u00e9la Bart\u00f3k\" srcset=\"https:\/\/www.dallassymphony.org\/wp-content\/uploads\/2022\/05\/Bela-Bartok-666x375.jpg 666w, https:\/\/www.dallassymphony.org\/wp-content\/uploads\/2022\/05\/Bela-Bartok-300x169.jpg 300w, https:\/\/www.dallassymphony.org\/wp-content\/uploads\/2022\/05\/Bela-Bartok-1024x576.jpg 1024w, https:\/\/www.dallassymphony.org\/wp-content\/uploads\/2022\/05\/Bela-Bartok-768x432.jpg 768w, https:\/\/www.dallassymphony.org\/wp-content\/uploads\/2022\/05\/Bela-Bartok-1536x864.jpg 1536w, https:\/\/www.dallassymphony.org\/wp-content\/uploads\/2022\/05\/Bela-Bartok-18x10.jpg 18w, https:\/\/www.dallassymphony.org\/wp-content\/uploads\/2022\/05\/Bela-Bartok-388x218.jpg 388w, https:\/\/www.dallassymphony.org\/wp-content\/uploads\/2022\/05\/Bela-Bartok-540x303.jpg 540w, https:\/\/www.dallassymphony.org\/wp-content\/uploads\/2022\/05\/Bela-Bartok-735x413.jpg 735w, https:\/\/www.dallassymphony.org\/wp-content\/uploads\/2022\/05\/Bela-Bartok.jpg 1600w\" sizes=\"auto, (max-width: 666px) 100vw, 666px\" \/>\n\t\t\t\t\t<h5><!-- wp:heading {\"level\":5} --><\/h5>\n<h5 id=\"h-dates\">FECHAS<\/h5>\n<p>Nacido el 25 de marzo de 1881 en Hungr\u00eda<br \/>\nMuri\u00f3 el 26 de septiembre de 1945<\/p>\n<h5 id=\"h-nationality\">NACIONALIDAD<\/h5>\n<p>H\u00fangaro<\/p>\n<h5 id=\"h-style-period\">ESTILO\/PERIODO<\/h5>\n<p>Moderno 1920-Presente<\/p>\n<h5 id=\"h-famous-works\">OBRAS FAMOSAS<\/h5>\n<p>Kossuth, Cuartetos de Cuerda, Concierto para Orquesta<\/p>\n<p><!-- \/wp:heading --><\/p>\n\n                    \n                <\/div>\n                <img loading=\"lazy\" decoding=\"async\" width=\"1600\" height=\"900\" src=\"https:\/\/www.dallassymphony.org\/wp-content\/uploads\/2022\/05\/Bela-Bartok-1600x900.jpg\" class=\"d-none d-xl-block\" alt=\"B\u00e9la Bart\u00f3k\" srcset=\"https:\/\/www.dallassymphony.org\/wp-content\/uploads\/2022\/05\/Bela-Bartok.jpg 1600w, https:\/\/www.dallassymphony.org\/wp-content\/uploads\/2022\/05\/Bela-Bartok-300x169.jpg 300w, https:\/\/www.dallassymphony.org\/wp-content\/uploads\/2022\/05\/Bela-Bartok-1024x576.jpg 1024w, https:\/\/www.dallassymphony.org\/wp-content\/uploads\/2022\/05\/Bela-Bartok-768x432.jpg 768w, https:\/\/www.dallassymphony.org\/wp-content\/uploads\/2022\/05\/Bela-Bartok-1536x864.jpg 1536w, https:\/\/www.dallassymphony.org\/wp-content\/uploads\/2022\/05\/Bela-Bartok-18x10.jpg 18w, https:\/\/www.dallassymphony.org\/wp-content\/uploads\/2022\/05\/Bela-Bartok-388x218.jpg 388w, https:\/\/www.dallassymphony.org\/wp-content\/uploads\/2022\/05\/Bela-Bartok-540x303.jpg 540w, https:\/\/www.dallassymphony.org\/wp-content\/uploads\/2022\/05\/Bela-Bartok-666x375.jpg 666w, https:\/\/www.dallassymphony.org\/wp-content\/uploads\/2022\/05\/Bela-Bartok-735x413.jpg 735w\" sizes=\"auto, (max-width: 1600px) 100vw, 1600px\" \/>\t\t\t<\/div>\n\t\t<\/div>\n\t<\/div>\n<\/div>\n\n\n<div class=\"richtext m-spacer\">\n\t<div class=\"container\">\n\t\t<div class=\"row\">\n\t\t\t<div class=\"col-10\">\n\t\t\t\t\n\n<iframe loading=\"lazy\" width=\"50%\" height=\"20\" scrolling=\"no\" frameborder=\"no\" allow=\"autoplay\" src=\"https:\/\/w.soundcloud.com\/player\/?url=https%3A\/\/api.soundcloud.com\/tracks\/296368365&amp;color=%23ff5500&amp;inverse=false&amp;auto_play=false&amp;show_user=true\"><\/iframe>\n\n\n\n<div style=\"height:50px\" aria-hidden=\"true\" class=\"wp-block-spacer\"><\/div>\n\n\n\t\t\t<\/div>\n\t\t<\/div>\n\t<\/div>\n\n<\/div>\n\n\n<div class=\"richtext m-spacer\">\n\t<div class=\"container\">\n\t\t<div class=\"row\">\n\t\t\t<div class=\"col-10\">\n\t\t\t\t\n\n<hr class=\"wp-block-separator\"\/>\n\n\n\n<h3 class=\"wp-block-heading\" id=\"h-biography\">BIOGRAF\u00cdA<\/h3>\n\n\n\n<hr class=\"wp-block-separator\"\/>\n\n\n\n<p>B\u00e9la Bart\u00f3k naci\u00f3 en una familia de m\u00fasicos en Hungr\u00eda en 1881. Su padre era director de una escuela de agricultura, pero tambi\u00e9n un talentoso m\u00fasico aficionado que tocaba&nbsp;<strong><a href=\"https:\/\/www.dallassymphony.org\/es\/community-education\/dso-kids\/listen-watch\/instruments\/piano\/\">piano<\/a><\/strong>&nbsp;y&nbsp;<strong><a href=\"https:\/\/www.dallassymphony.org\/es\/community-education\/dso-kids\/listen-watch\/instruments\/cello\/\">cello<\/a><\/strong>&nbsp;y compon\u00eda peque\u00f1as piezas de danza. El padre de Bart\u00f3k lleg\u00f3 a fundar una sociedad musical y una orquesta de aficionados en su ciudad. La madre de Bart\u00f3k tambi\u00e9n tocaba el&nbsp;<strong><a href=\"https:\/\/www.dallassymphony.org\/es\/community-education\/dso-kids\/listen-watch\/instruments\/piano\/\">piano<\/a><\/strong>. No es de extra\u00f1ar que B\u00e9la se convirtiera r\u00e1pidamente en m\u00fasico. Ten\u00eda grandes dotes para el ritmo y la memoria, y empez\u00f3 a tomar&nbsp;<strong><a href=\"https:\/\/www.dallassymphony.org\/es\/community-education\/dso-kids\/listen-watch\/instruments\/piano\/\">piano<\/a><\/strong>&nbsp;lecciones en su quinto cumplea\u00f1os. Bart\u00f3k comenz\u00f3 a componer a los nueve a\u00f1os, escribiendo breves piezas de danza con nombres de amigos y familiares.&nbsp;<\/p>\n\n\n\n<p>El padre de Bart\u00f3k muri\u00f3 cuando B\u00e9la ten\u00eda s\u00f3lo siete a\u00f1os, dejando a la familia en una dif\u00edcil situaci\u00f3n econ\u00f3mica. La madre de Bart\u00f3k comenz\u00f3 a dar clases&nbsp;<strong><a href=\"https:\/\/www.dallassymphony.org\/es\/community-education\/dso-kids\/listen-watch\/instruments\/piano\/\">piano<\/a><\/strong>&nbsp;lecciones para mantener a la familia, y ten\u00edan que trasladarse de un lugar a otro en funci\u00f3n de los puestos de trabajo docentes disponibles. En 1898, Bart\u00f3k comenz\u00f3 sus estudios en la Academia de M\u00fasica de Budapest. All\u00ed se gan\u00f3 la reputaci\u00f3n de ser un fant\u00e1stico&nbsp;<strong><a href=\"https:\/\/www.dallassymphony.org\/es\/community-education\/dso-kids\/listen-watch\/instruments\/piano\/\">piano<\/a><\/strong>&nbsp;jugador. Era especialmente conocido por sus extraordinarias interpretaciones de piezas para piano de Liszt. Todos en la escuela pensaban que Bart\u00f3k ser\u00eda m\u00e1s famoso por tocar&nbsp;<strong><a href=\"https:\/\/www.dallassymphony.org\/es\/community-education\/dso-kids\/listen-watch\/instruments\/piano\/\">piano<\/a><\/strong>&nbsp;y que componer ser\u00eda m\u00e1s bien un hobby.&nbsp;<\/p>\n\n\n\n<p>En 1904, Bart\u00f3k escuch\u00f3 a una joven cantar una canci\u00f3n campesina h\u00fangara. Bart\u00f3k se dio cuenta inmediatamente de que las canciones populares h\u00fangaras pod\u00edan proporcionar un material maravilloso para la m\u00fasica cl\u00e1sica. En 1905, se puso en contacto con&nbsp;<a href=\"https:\/\/www.dallassymphony.org\/es\/community-education\/dso-kids\/listen-watch\/composers\/zoltan-kodaly\/\"><strong>Zolt\u00e1n Kod\u00e1ly<\/strong><\/a>Los dos compositores empezaron a viajar por Hungr\u00eda recogiendo y publicando canciones populares. Pronto, Bart\u00f3k comenz\u00f3 a viajar por otros pa\u00edses en busca de m\u00fasica folcl\u00f3rica. Desarroll\u00f3 un sistema cient\u00edfico para recopilar y analizar la m\u00fasica folcl\u00f3rica de todo el mundo.&nbsp;<\/p>\n\n\n\n<p>En 1940, Bart\u00f3k se traslad\u00f3 a Estados Unidos para trabajar en una colecci\u00f3n folcl\u00f3rica en la Universidad de Columbia. En 1942 enferm\u00f3 de leucemia y muri\u00f3 en septiembre de 1945. Bart\u00f3k es recordado como uno de los dos grandes compositores h\u00fangaros, junto con&nbsp;<strong><a href=\"https:\/\/www.dallassymphony.org\/es\/community-education\/dso-kids\/listen-watch\/composers\/franz-liszt\/\">Franz Liszt<\/a><\/strong>. Combin\u00f3 melod\u00edas folcl\u00f3ricas tradicionales y armon\u00edas experimentales para crear m\u00fasica h\u00fangara moderna. Su clasificaci\u00f3n cient\u00edfica de la m\u00fasica folcl\u00f3rica se considera a menudo el comienzo de la etnomusicolog\u00eda.<\/p>\n\n\n\t\t\t<\/div>\n\t\t<\/div>\n\t<\/div>\n\n<\/div>","protected":false},"excerpt":{"rendered":"<p>B\u00e9la Bart\u00f3k naci\u00f3 en una familia de m\u00fasicos en Hungr\u00eda en 1881. Su padre era director de una escuela de agricultura, pero tambi\u00e9n un m\u00fasico aficionado de gran talento que tocaba el piano y el violonchelo y compon\u00eda peque\u00f1as piezas de danza. El padre de Bart\u00f3k lleg\u00f3 a fundar una sociedad musical y una orquesta de aficionados en su ciudad.<\/p>","protected":false},"author":3,"featured_media":9025,"parent":592,"menu_order":0,"comment_status":"closed","ping_status":"closed","template":"","meta":{"_acf_changed":false,"footnotes":""},"class_list":["post-1058","page","type-page","status-publish","has-post-thumbnail","hentry"],"acf":[],"_links":{"self":[{"href":"https:\/\/www.dallassymphony.org\/es\/wp-json\/wp\/v2\/pages\/1058","targetHints":{"allow":["GET"]}}],"collection":[{"href":"https:\/\/www.dallassymphony.org\/es\/wp-json\/wp\/v2\/pages"}],"about":[{"href":"https:\/\/www.dallassymphony.org\/es\/wp-json\/wp\/v2\/types\/page"}],"author":[{"embeddable":true,"href":"https:\/\/www.dallassymphony.org\/es\/wp-json\/wp\/v2\/users\/3"}],"replies":[{"embeddable":true,"href":"https:\/\/www.dallassymphony.org\/es\/wp-json\/wp\/v2\/comments?post=1058"}],"version-history":[{"count":0,"href":"https:\/\/www.dallassymphony.org\/es\/wp-json\/wp\/v2\/pages\/1058\/revisions"}],"up":[{"embeddable":true,"href":"https:\/\/www.dallassymphony.org\/es\/wp-json\/wp\/v2\/pages\/592"}],"wp:featuredmedia":[{"embeddable":true,"href":"https:\/\/www.dallassymphony.org\/es\/wp-json\/wp\/v2\/media\/9025"}],"wp:attachment":[{"href":"https:\/\/www.dallassymphony.org\/es\/wp-json\/wp\/v2\/media?parent=1058"}],"curies":[{"name":"wp","href":"https:\/\/api.w.org\/{rel}","templated":true}]}}