{"id":1056,"date":"2020-11-17T11:08:10","date_gmt":"2020-11-17T16:08:10","guid":{"rendered":"https:\/\/www.dallassymphony.org\/?page_id=1056"},"modified":"2022-05-12T17:56:29","modified_gmt":"2022-05-12T22:56:29","slug":"john-adams","status":"publish","type":"page","link":"https:\/\/www.dallassymphony.org\/es\/community-education\/dso-kids\/listen-watch\/composers\/john-adams\/","title":{"rendered":"John Adams"},"content":{"rendered":"<div class=\"hero__no-img bg-blue-8\">\n\t<div class=\"container\">\n\t\t<div class=\"row\">\n\t\t\t<div class=\"col-md-10\">\n\n\t\t\t\t<ul class=\"breadcrumbs\">\n    \t<li class=\"breadcrumb__link\">\n\t\t<a class=\"a-hover\" href=\"https:\/\/www.dallassymphony.org\/es\/\">Inicio<\/a>\n\t<\/li>\n    \t<li class=\"breadcrumb__link a-styles\">\n\t\t<a class=\"a-hover\" href=\"https:\/\/www.dallassymphony.org\/es\/community-education\/\">Educaci\u00f3n y Comunidad<\/a>\n\t<\/li>\n    \t<li class=\"breadcrumb__link a-styles\">\n\t\t<a class=\"a-hover\" href=\"https:\/\/www.dallassymphony.org\/es\/community-education\/dso-kids\/\">Para escuelas y profesores<\/a>\n\t<\/li>\n    \t<li class=\"breadcrumb__link a-styles\">\n\t\t<a class=\"a-hover\" href=\"https:\/\/www.dallassymphony.org\/es\/community-education\/dso-kids\/listen-watch\/\">Escuchar y ver<\/a>\n\t<\/li>\n    \t<li class=\"breadcrumb__link a-styles\">\n\t\t<a class=\"a-hover\" href=\"https:\/\/www.dallassymphony.org\/es\/community-education\/dso-kids\/listen-watch\/composers\/\">Compositores<\/a>\n\t<\/li>\n    <\/ul>\n\n                \t\t\t\t<h1>\n                    <span >John Adams<\/span>\n                <\/h1>\n                \t\t\t<\/div>\n\t\t<\/div>\n\t<\/div>\n<\/div>\n\n\n<div class=\"text-img text-img--left\">\n\t<div class=\"container\">\n\t\t<div class=\"row\">\n\t\t\t<div class=\"col-lg-12\">\n\t\t\t\t<div class=\"text-img__wrapper\">\n\t\t\t\t\t<h1><\/h1>\n\n                    <img loading=\"lazy\" decoding=\"async\" width=\"666\" height=\"375\" src=\"https:\/\/www.dallassymphony.org\/wp-content\/uploads\/2022\/05\/John-Adams-666x375.jpg\" class=\"d-xl-none d-block\" alt=\"John Adams\" srcset=\"https:\/\/www.dallassymphony.org\/wp-content\/uploads\/2022\/05\/John-Adams-666x375.jpg 666w, https:\/\/www.dallassymphony.org\/wp-content\/uploads\/2022\/05\/John-Adams-300x169.jpg 300w, https:\/\/www.dallassymphony.org\/wp-content\/uploads\/2022\/05\/John-Adams-1024x576.jpg 1024w, https:\/\/www.dallassymphony.org\/wp-content\/uploads\/2022\/05\/John-Adams-768x432.jpg 768w, https:\/\/www.dallassymphony.org\/wp-content\/uploads\/2022\/05\/John-Adams-1536x864.jpg 1536w, https:\/\/www.dallassymphony.org\/wp-content\/uploads\/2022\/05\/John-Adams-18x10.jpg 18w, https:\/\/www.dallassymphony.org\/wp-content\/uploads\/2022\/05\/John-Adams-388x218.jpg 388w, https:\/\/www.dallassymphony.org\/wp-content\/uploads\/2022\/05\/John-Adams-540x303.jpg 540w, https:\/\/www.dallassymphony.org\/wp-content\/uploads\/2022\/05\/John-Adams-735x413.jpg 735w, https:\/\/www.dallassymphony.org\/wp-content\/uploads\/2022\/05\/John-Adams.jpg 1600w\" sizes=\"auto, (max-width: 666px) 100vw, 666px\" \/>\n\t\t\t\t\t<h5><!-- wp:heading {\"level\":5} --><\/h5>\n<h5 id=\"h-dates\">FECHAS<\/h5>\n<p>Nacido en Worcester, Massachusetts, 1947<\/p>\n<h5 id=\"h-nationality\">NACIONALIDAD<\/h5>\n<p>Americano<\/p>\n<h5 id=\"h-style-period\">ESTILO\/PERIODO<\/h5>\n<p>Moderno 1920-Presente<\/p>\n<h5 id=\"h-famous-works\">OBRAS FAMOSAS<\/h5>\n<p><em>Un paseo corto en una m\u00e1quina r\u00e1pida, el armonio<\/em>,<em>\u00a0Nixon en China<\/em>...y...\u00a0<em>Sobre la transmigraci\u00f3n de las almas<\/em><\/p>\n<p><!-- \/wp:heading --><\/p>\n\n                    \n                <\/div>\n                <img loading=\"lazy\" decoding=\"async\" width=\"1600\" height=\"900\" src=\"https:\/\/www.dallassymphony.org\/wp-content\/uploads\/2022\/05\/John-Adams-1600x900.jpg\" class=\"d-none d-xl-block\" alt=\"John Adams\" srcset=\"https:\/\/www.dallassymphony.org\/wp-content\/uploads\/2022\/05\/John-Adams.jpg 1600w, https:\/\/www.dallassymphony.org\/wp-content\/uploads\/2022\/05\/John-Adams-300x169.jpg 300w, https:\/\/www.dallassymphony.org\/wp-content\/uploads\/2022\/05\/John-Adams-1024x576.jpg 1024w, https:\/\/www.dallassymphony.org\/wp-content\/uploads\/2022\/05\/John-Adams-768x432.jpg 768w, https:\/\/www.dallassymphony.org\/wp-content\/uploads\/2022\/05\/John-Adams-1536x864.jpg 1536w, https:\/\/www.dallassymphony.org\/wp-content\/uploads\/2022\/05\/John-Adams-18x10.jpg 18w, https:\/\/www.dallassymphony.org\/wp-content\/uploads\/2022\/05\/John-Adams-388x218.jpg 388w, https:\/\/www.dallassymphony.org\/wp-content\/uploads\/2022\/05\/John-Adams-540x303.jpg 540w, https:\/\/www.dallassymphony.org\/wp-content\/uploads\/2022\/05\/John-Adams-666x375.jpg 666w, https:\/\/www.dallassymphony.org\/wp-content\/uploads\/2022\/05\/John-Adams-735x413.jpg 735w\" sizes=\"auto, (max-width: 1600px) 100vw, 1600px\" \/>\t\t\t<\/div>\n\t\t<\/div>\n\t<\/div>\n<\/div>\n\n\n<div class=\"richtext m-spacer\">\n\t<div class=\"container\">\n\t\t<div class=\"row\">\n\t\t\t<div class=\"col-10\">\n\t\t\t\t\n\n<iframe loading=\"lazy\" width=\"50%\" height=\"20\" scrolling=\"no\" frameborder=\"no\" allow=\"autoplay\" src=\"https:\/\/w.soundcloud.com\/player\/?url=https%3A\/\/api.soundcloud.com\/tracks\/296366859&amp;color=%23ff5500&amp;inverse=false&amp;auto_play=false&amp;show_user=true\"><\/iframe>\n\n\n\n<div style=\"height:50px\" aria-hidden=\"true\" class=\"wp-block-spacer\"><\/div>\n\n\n\t\t\t<\/div>\n\t\t<\/div>\n\t<\/div>\n\n<\/div>\n\n\n<div class=\"richtext m-spacer\">\n\t<div class=\"container\">\n\t\t<div class=\"row\">\n\t\t\t<div class=\"col-10\">\n\t\t\t\t\n\n<hr class=\"wp-block-separator\"\/>\n\n\n\n<h3 class=\"wp-block-heading\" id=\"h-biography\">BIOGRAF\u00cdA<\/h3>\n\n\n\n<hr class=\"wp-block-separator\"\/>\n\n\n\n<p>John Adams, uno de los compositores m\u00e1s admirados e interpretados de Estados Unidos, gusta de utilizar la forma de manera novedosa para producir su m\u00fasica moderna, gran parte de la cual suele clasificarse como \"minimalista\", un estilo musical que se caracteriza por su extrema parquedad y simplicidad. Adams naci\u00f3 en Worcester, Massachusetts, en 1947. Se cri\u00f3 en el noreste del pa\u00eds y se licenci\u00f3 en la Universidad de Harvard, donde dirigi\u00f3 y toc\u00f3 la guitarra.&nbsp;<strong><a href=\"https:\/\/www.dallassymphony.org\/es\/community-education\/dso-kids\/listen-watch\/instruments\/clarinet\/\">clarinete<\/a><\/strong>y compon\u00eda. Tras graduarse en Harvard, Adams se traslad\u00f3 a California, donde ense\u00f1\u00f3 y dirigi\u00f3 en el Conservatorio de M\u00fasica de San Francisco durante diez a\u00f1os. En 1978 comenz\u00f3 a trabajar con la Sinf\u00f3nica de San Francisco. Muchas de las obras m\u00e1s importantes de Adams, como&nbsp;<em>Armonio<\/em>,&nbsp;<em>Harmonielehre<\/em>,&nbsp;<em>M\u00fasica de la Gran Pianola<\/em>...y...&nbsp;<em>El Ni\u00f1o<\/em>fueron comisionados (la orquesta pidi\u00f3 que la pieza fuera escrita para ellos) y estrenados (tocados por primera vez en la historia) por esa orquesta.<\/p>\n\n\n\n<p>En 1985 Adams comenz\u00f3 a escribir dos \u00f3peras,&nbsp;<em>Nixon en China<\/em>&nbsp;y&nbsp;<em>La muerte de Klinghoffer<\/em>. Su m\u00fasica tambi\u00e9n ha sido coreografiada por numerosas compa\u00f1\u00edas de danza, incluyendo el Dance Theater de Harlem y el New York City Ballet. Adams ha compuesto recientemente una pieza llamada&nbsp;<em>Siglo<\/em>&nbsp;Rollos (a&nbsp;<strong><a href=\"https:\/\/www.dallassymphony.org\/es\/community-education\/dso-kids\/listen-watch\/instruments\/piano\/\">piano<\/a><\/strong>&nbsp;concierto que escribi\u00f3 para el famoso&nbsp;<strong><a href=\"https:\/\/www.dallassymphony.org\/es\/community-education\/dso-kids\/listen-watch\/instruments\/piano\/\">pianista<\/a><\/strong>Emanuel Ax),&nbsp;<em>M\u00fasica ingenua y sentimental<\/em>&nbsp;(una sinfon\u00eda de 45 minutos para una gran orquesta), y&nbsp;<em>Gu\u00eda de lugares extra\u00f1os<\/em>&nbsp;para la orquesta.<\/p>\n\n\n\n<p>El 19 de septiembre de 2002, Adams&nbsp;<em>Sobre la transmigraci\u00f3n de las almas<\/em>abri\u00f3 la nueva temporada de la Filarm\u00f3nica de Nueva York bajo su nuevo director musical, Lorin Maazel. La pieza fue escrita por Adams para recordar las vidas de los desaparecidos el 11 de septiembre. Los textos de la pieza se han extra\u00eddo de carteles de personas desaparecidas, mensajes de Internet, llamadas de tel\u00e9fono m\u00f3vil y otros objetos personales relacionados con los acontecimientos del 11 de septiembre de 2001. La obra dura 24 minutos y est\u00e1 escrita para coro, coro de ni\u00f1os, orquesta y sonido pregrabado.<\/p>\n\n\n\n<p>Adams ha estado dirigiendo m\u00e1s y m\u00e1s su propia m\u00fasica y la de otros artistas del siglo XX. En enero y febrero de 2019, dirigi\u00f3 la Sinf\u00f3nica de Dallas en presentaciones de su Concierto para Viol\u00edn y&nbsp;<em>Un paseo corto en una m\u00e1quina r\u00e1pida<\/em>junto con las obras de&nbsp;<strong><a href=\"https:\/\/www.dallassymphony.org\/es\/community-education\/dso-kids\/listen-watch\/composers\/claude-debussy\/\">Debussy<\/a><\/strong>...y...&nbsp;<strong><a href=\"https:\/\/www.dallassymphony.org\/es\/community-education\/dso-kids\/listen-watch\/composers\/ottorino-respighi\/\">Respighi<\/a><\/strong>.<\/p>\n\n\n\t\t\t<\/div>\n\t\t<\/div>\n\t<\/div>\n\n<\/div>\n\n\n<div class=\"richtext m-spacer\">\n\t<div class=\"container\">\n\t\t<div class=\"row\">\n\t\t\t<div class=\"col-10\">\n\t\t\t\t\n\n<div class=\"wp-block-columns is-layout-flex wp-container-core-columns-is-layout-9d6595d7 wp-block-columns-is-layout-flex\">\n<div class=\"wp-block-column is-layout-flow wp-block-column-is-layout-flow\">\n<iframe loading=\"lazy\" width=\"100%\" height=\"166\" scrolling=\"no\" frameborder=\"no\" allow=\"autoplay\" src=\"https:\/\/w.soundcloud.com\/player\/?url=https%3A\/\/api.soundcloud.com\/tracks\/304648374&amp;color=%23ff5500&amp;auto_play=false&amp;hide_related=true&amp;show_comments=false&amp;show_user=true&amp;show_reposts=false&amp;show_teaser=false\"><\/iframe>\n<\/div>\n<\/div>\n\n\n\t\t\t<\/div>\n\t\t<\/div>\n\t<\/div>\n\n<\/div>\n\n\n<div class=\"richtext m-spacer\">\n\t<div class=\"container\">\n\t\t<div class=\"row\">\n\t\t\t<div class=\"col-10\">\n\t\t\t\t\n<div class=\"richtext m-spacer\">\n\t<div class=\"container\">\n\t\t<div class=\"row\">\n\t\t\t<div class=\"col-10\">\n\t\t\t\t\n\t\t\t<\/div>\n\t\t<\/div>\n\t<\/div>\n\n<\/div>\n\n\n\t\t\t<\/div>\n\t\t<\/div>\n\t<\/div>\n\n<\/div>","protected":false},"excerpt":{"rendered":"<p>John Adams, uno de los compositores m\u00e1s admirados e interpretados de Estados Unidos, gusta de utilizar la forma de manera novedosa para producir su m\u00fasica moderna, gran parte de la cual suele clasificarse como \"minimalista\", un estilo musical que se caracteriza por su extrema parquedad y simplicidad.<\/p>","protected":false},"author":3,"featured_media":9001,"parent":592,"menu_order":0,"comment_status":"closed","ping_status":"closed","template":"","meta":{"_acf_changed":false,"footnotes":""},"class_list":["post-1056","page","type-page","status-publish","has-post-thumbnail","hentry"],"acf":[],"_links":{"self":[{"href":"https:\/\/www.dallassymphony.org\/es\/wp-json\/wp\/v2\/pages\/1056","targetHints":{"allow":["GET"]}}],"collection":[{"href":"https:\/\/www.dallassymphony.org\/es\/wp-json\/wp\/v2\/pages"}],"about":[{"href":"https:\/\/www.dallassymphony.org\/es\/wp-json\/wp\/v2\/types\/page"}],"author":[{"embeddable":true,"href":"https:\/\/www.dallassymphony.org\/es\/wp-json\/wp\/v2\/users\/3"}],"replies":[{"embeddable":true,"href":"https:\/\/www.dallassymphony.org\/es\/wp-json\/wp\/v2\/comments?post=1056"}],"version-history":[{"count":0,"href":"https:\/\/www.dallassymphony.org\/es\/wp-json\/wp\/v2\/pages\/1056\/revisions"}],"up":[{"embeddable":true,"href":"https:\/\/www.dallassymphony.org\/es\/wp-json\/wp\/v2\/pages\/592"}],"wp:featuredmedia":[{"embeddable":true,"href":"https:\/\/www.dallassymphony.org\/es\/wp-json\/wp\/v2\/media\/9001"}],"wp:attachment":[{"href":"https:\/\/www.dallassymphony.org\/es\/wp-json\/wp\/v2\/media?parent=1056"}],"curies":[{"name":"wp","href":"https:\/\/api.w.org\/{rel}","templated":true}]}}