{"id":1055,"date":"2020-11-17T11:07:55","date_gmt":"2020-11-17T16:07:55","guid":{"rendered":"https:\/\/www.dallassymphony.org\/?page_id=1055"},"modified":"2022-05-05T16:56:21","modified_gmt":"2022-05-05T21:56:21","slug":"carl-maria-von-weber","status":"publish","type":"page","link":"https:\/\/www.dallassymphony.org\/es\/community-education\/dso-kids\/listen-watch\/composers\/carl-maria-von-weber\/","title":{"rendered":"Carl Maria von Weber"},"content":{"rendered":"<div class=\"hero__no-img bg-blue-8\">\n\t<div class=\"container\">\n\t\t<div class=\"row\">\n\t\t\t<div class=\"col-md-10\">\n\n\t\t\t\t<ul class=\"breadcrumbs\">\n    \t<li class=\"breadcrumb__link\">\n\t\t<a class=\"a-hover\" href=\"https:\/\/www.dallassymphony.org\/es\/\">Inicio<\/a>\n\t<\/li>\n    \t<li class=\"breadcrumb__link a-styles\">\n\t\t<a class=\"a-hover\" href=\"https:\/\/www.dallassymphony.org\/es\/community-education\/\">Educaci\u00f3n y Comunidad<\/a>\n\t<\/li>\n    \t<li class=\"breadcrumb__link a-styles\">\n\t\t<a class=\"a-hover\" href=\"https:\/\/www.dallassymphony.org\/es\/community-education\/dso-kids\/\">Para escuelas y profesores<\/a>\n\t<\/li>\n    \t<li class=\"breadcrumb__link a-styles\">\n\t\t<a class=\"a-hover\" href=\"https:\/\/www.dallassymphony.org\/es\/community-education\/dso-kids\/listen-watch\/\">Escuchar y ver<\/a>\n\t<\/li>\n    \t<li class=\"breadcrumb__link a-styles\">\n\t\t<a class=\"a-hover\" href=\"https:\/\/www.dallassymphony.org\/es\/community-education\/dso-kids\/listen-watch\/composers\/\">Compositores<\/a>\n\t<\/li>\n    <\/ul>\n\n                \t\t\t\t<h1>\n                    <span >Carl Maria von Weber<\/span>\n                <\/h1>\n                \t\t\t<\/div>\n\t\t<\/div>\n\t<\/div>\n<\/div>\n\n\n<div class=\"text-img text-img--left\">\n\t<div class=\"container\">\n\t\t<div class=\"row\">\n\t\t\t<div class=\"col-lg-12\">\n\t\t\t\t<div class=\"text-img__wrapper\">\n\t\t\t\t\t<h1><\/h1>\n\n                    <img loading=\"lazy\" decoding=\"async\" width=\"666\" height=\"375\" src=\"https:\/\/www.dallassymphony.org\/wp-content\/uploads\/2022\/05\/Carl-Maria-von-Weber-666x375.jpg\" class=\"d-xl-none d-block\" alt=\"Carl Maria von Weber\" srcset=\"https:\/\/www.dallassymphony.org\/wp-content\/uploads\/2022\/05\/Carl-Maria-von-Weber-666x375.jpg 666w, https:\/\/www.dallassymphony.org\/wp-content\/uploads\/2022\/05\/Carl-Maria-von-Weber-300x169.jpg 300w, https:\/\/www.dallassymphony.org\/wp-content\/uploads\/2022\/05\/Carl-Maria-von-Weber-1024x576.jpg 1024w, https:\/\/www.dallassymphony.org\/wp-content\/uploads\/2022\/05\/Carl-Maria-von-Weber-768x432.jpg 768w, https:\/\/www.dallassymphony.org\/wp-content\/uploads\/2022\/05\/Carl-Maria-von-Weber-1536x864.jpg 1536w, https:\/\/www.dallassymphony.org\/wp-content\/uploads\/2022\/05\/Carl-Maria-von-Weber-18x10.jpg 18w, https:\/\/www.dallassymphony.org\/wp-content\/uploads\/2022\/05\/Carl-Maria-von-Weber-388x218.jpg 388w, https:\/\/www.dallassymphony.org\/wp-content\/uploads\/2022\/05\/Carl-Maria-von-Weber-540x303.jpg 540w, https:\/\/www.dallassymphony.org\/wp-content\/uploads\/2022\/05\/Carl-Maria-von-Weber-735x413.jpg 735w, https:\/\/www.dallassymphony.org\/wp-content\/uploads\/2022\/05\/Carl-Maria-von-Weber.jpg 1600w\" sizes=\"auto, (max-width: 666px) 100vw, 666px\" \/>\n\t\t\t\t\t<h5 id=\"h-dates\">FECHAS<\/h5>\n<p>Nacido el 18 de noviembre de 1786 en Eutin, Alemania<br \/>\nFalleci\u00f3 el 5 de junio de 1826 en Londres, Inglaterra<\/p>\n<h5 id=\"h-nationality\">NACIONALIDAD<\/h5>\n<p>Alem\u00e1n<\/p>\n<h5 id=\"h-style-period\">ESTILO\/PERIODO<\/h5>\n<p>Rom\u00e1ntico 1820-1910<\/p>\n<h5 id=\"h-famous-works\">OBRAS FAMOSAS<\/h5>\n<p>\u00d3peras: Der Freisch\u00fctz, Euryanthe y Oberon<br \/>\nOrquestal: Conciertos para clarinete, Konzertst\u00fcck en fa menor para piano y orquesta<\/p>\n\n                    \n                <\/div>\n                <img loading=\"lazy\" decoding=\"async\" width=\"1600\" height=\"900\" src=\"https:\/\/www.dallassymphony.org\/wp-content\/uploads\/2022\/05\/Carl-Maria-von-Weber-1600x900.jpg\" class=\"d-none d-xl-block\" alt=\"Carl Maria von Weber\" srcset=\"https:\/\/www.dallassymphony.org\/wp-content\/uploads\/2022\/05\/Carl-Maria-von-Weber.jpg 1600w, https:\/\/www.dallassymphony.org\/wp-content\/uploads\/2022\/05\/Carl-Maria-von-Weber-300x169.jpg 300w, https:\/\/www.dallassymphony.org\/wp-content\/uploads\/2022\/05\/Carl-Maria-von-Weber-1024x576.jpg 1024w, https:\/\/www.dallassymphony.org\/wp-content\/uploads\/2022\/05\/Carl-Maria-von-Weber-768x432.jpg 768w, https:\/\/www.dallassymphony.org\/wp-content\/uploads\/2022\/05\/Carl-Maria-von-Weber-1536x864.jpg 1536w, https:\/\/www.dallassymphony.org\/wp-content\/uploads\/2022\/05\/Carl-Maria-von-Weber-18x10.jpg 18w, https:\/\/www.dallassymphony.org\/wp-content\/uploads\/2022\/05\/Carl-Maria-von-Weber-388x218.jpg 388w, https:\/\/www.dallassymphony.org\/wp-content\/uploads\/2022\/05\/Carl-Maria-von-Weber-540x303.jpg 540w, https:\/\/www.dallassymphony.org\/wp-content\/uploads\/2022\/05\/Carl-Maria-von-Weber-666x375.jpg 666w, https:\/\/www.dallassymphony.org\/wp-content\/uploads\/2022\/05\/Carl-Maria-von-Weber-735x413.jpg 735w\" sizes=\"auto, (max-width: 1600px) 100vw, 1600px\" \/>\t\t\t<\/div>\n\t\t<\/div>\n\t<\/div>\n<\/div>\n\n\n<div class=\"richtext m-spacer\">\n\t<div class=\"container\">\n\t\t<div class=\"row\">\n\t\t\t<div class=\"col-10\">\n\t\t\t\t\n\n<iframe loading=\"lazy\" width=\"50%\" height=\"20\" scrolling=\"no\" frameborder=\"no\" allow=\"autoplay\" src=\"https:\/\/w.soundcloud.com\/player\/?url=https%3A\/\/api.soundcloud.com\/tracks\/296399425&amp;color=%23ff5500&amp;inverse=false&amp;auto_play=false&amp;show_user=true\"><\/iframe>\n\n\n\n<div style=\"height:50px\" aria-hidden=\"true\" class=\"wp-block-spacer\"><\/div>\n\n\n\t\t\t<\/div>\n\t\t<\/div>\n\t<\/div>\n\n<\/div>\n\n\n<div class=\"richtext m-spacer\">\n\t<div class=\"container\">\n\t\t<div class=\"row\">\n\t\t\t<div class=\"col-10\">\n\t\t\t\t\n\n<hr class=\"wp-block-separator\"\/>\n\n\n\n<h3 class=\"wp-block-heading\" id=\"h-biography\">BIOGRAF\u00cdA<\/h3>\n\n\n\n<hr class=\"wp-block-separator\"\/>\n\n\n\n<p>Carl Maria Friedrich Ernst von Weber fue director de orquesta,&nbsp;<strong><a href=\"https:\/\/www.dallassymphony.org\/es\/community-education\/dso-kids\/listen-watch\/instruments\/piano\/\">pianista<\/a><\/strong>Es el primer compositor de la escuela rom\u00e1ntica, guitarrista, cr\u00edtico y uno de los m\u00e1s importantes. Naci\u00f3 en Alemania, en 1786, en el seno de una familia musical muy famosa. Fue un ni\u00f1o muy d\u00e9bil, que naci\u00f3 con una cadera da\u00f1ada que le har\u00eda cojear durante toda su vida. Weber aprendi\u00f3 a tocar&nbsp;<strong><a href=\"https:\/\/www.dallassymphony.org\/es\/community-education\/dso-kids\/listen-watch\/instruments\/piano\/\">piano<\/a><\/strong>&nbsp;mientras viajaba con la compa\u00f1\u00eda de teatro de su padre. Recibi\u00f3 clases de su hermanastro, Fridolin, mientras estaba de viaje, y de profesores locales all\u00ed donde la compa\u00f1\u00eda se deten\u00eda. A pesar de las inusuales lecciones, Weber se convirti\u00f3 r\u00e1pidamente en un brillante&nbsp;<strong><a href=\"https:\/\/www.dallassymphony.org\/es\/community-education\/dso-kids\/listen-watch\/instruments\/piano\/\">pianista<\/a><\/strong>. Gracias a un extra\u00f1o y largo pulgar, era capaz de tocar notas que estaban muy separadas.<\/p>\n\n\n\n<p>En 1810, a la edad de 23 a\u00f1os, Carl anunci\u00f3 que hab\u00eda \"nacido por segunda vez\". Joven inquieto y encantador, viaj\u00f3 por toda Europa, estudiando m\u00fasica con famosos maestros (entre ellos&nbsp;<strong><a href=\"https:\/\/www.dallassymphony.org\/es\/community-education\/dso-kids\/listen-watch\/composers\/joseph-haydn\/\">Joseph Haydn<\/a><\/strong>Michael, el hermano menor de la familia) dondequiera que vaya.<\/p>\n\n\n\n<p>Durante su carrera, Weber fue director musical de los teatros de \u00f3pera de Breslavia, Praga y Dresde. Se esforz\u00f3 por mejorar la calidad de la \u00f3pera en cada una de estas ciudades, empleando orquestas m\u00e1s grandes, interpretando un repertorio m\u00e1s exigente y buscando nuevos cantantes. Weber quer\u00eda que los m\u00fasicos y el p\u00fablico apreciaran la \u00f3pera alemana tanto como la italiana, y escribi\u00f3 muchas de sus propias obras, entre ellas&nbsp;<em>Der Freisch\u00fctz<\/em>,&nbsp;<em>Euryanthe<\/em>...y...&nbsp;<em>Oberon<\/em>. Las \u00f3peras de Weber, as\u00ed como sus otras obras, se distinguen por su brillante orquestaci\u00f3n. De hecho, el famoso compositor franc\u00e9s&nbsp;<strong><a href=\"https:\/\/www.dallassymphony.org\/es\/community-education\/dso-kids\/listen-watch\/composers\/claude-debussy\/\">Claude Debussy<\/a><\/strong>&nbsp;coment\u00f3 que el sonido de la orquesta de Weber se obten\u00eda \"mediante el escrutinio del alma de cada instrumento\".<\/p>\n\n\n\n<p>Weber fue uno de los primeros directores de orquesta que utiliz\u00f3 una batuta (aunque la sosten\u00eda en el centro en lugar de en el extremo, como hacen los directores de orquesta hoy en d\u00eda). Le encantaba dirigir, y el p\u00fablico a menudo comentaba lo emocionado que se pon\u00eda durante las actuaciones.<\/p>\n\n\n\n<p>Weber sufri\u00f3 de tuberculosis los tres \u00faltimos a\u00f1os de su vida, y muri\u00f3 el 5 de junio de 1826. Se le recuerda sobre todo por sus maravillosas y virtuosas composiciones para&nbsp;<strong><a href=\"https:\/\/www.dallassymphony.org\/es\/community-education\/dso-kids\/listen-watch\/instruments\/clarinet\/\">clarinete<\/a><\/strong>&nbsp;y por establecer el est\u00e1ndar de las \u00f3peras rom\u00e1nticas alemanas. Su m\u00fasica inspir\u00f3 a muchos compositores posteriores, como&nbsp;<strong><a href=\"https:\/\/www.dallassymphony.org\/es\/community-education\/dso-kids\/listen-watch\/composers\/richard-wagner\/\">Wagner<\/a><\/strong>,&nbsp;<strong><a href=\"https:\/\/www.dallassymphony.org\/es\/community-education\/dso-kids\/listen-watch\/composers\/hector-berlioz\/\">Berlioz<\/a><\/strong>,&nbsp;<strong><a href=\"https:\/\/www.dallassymphony.org\/es\/community-education\/dso-kids\/listen-watch\/composers\/gustav-mahler\/\">Mahler<\/a><\/strong>,&nbsp;<strong><a href=\"https:\/\/www.dallassymphony.org\/es\/community-education\/dso-kids\/listen-watch\/composers\/paul-hindemith\/\">Hindemith<\/a><\/strong>...y...&nbsp;<strong><a href=\"https:\/\/www.dallassymphony.org\/es\/community-education\/dso-kids\/listen-watch\/composers\/claude-debussy\/\">Debussy<\/a><\/strong>.<\/p>\n\n\n\t\t\t<\/div>\n\t\t<\/div>\n\t<\/div>\n\n<\/div>\n\n\n<div class=\"richtext m-spacer\">\n\t<div class=\"container\">\n\t\t<div class=\"row\">\n\t\t\t<div class=\"col-10\">\n\t\t\t\t\n\n<div class=\"wp-block-columns is-layout-flex wp-container-core-columns-is-layout-9d6595d7 wp-block-columns-is-layout-flex\">\n<div class=\"wp-block-column is-layout-flow wp-block-column-is-layout-flow\">\n<iframe loading=\"lazy\" width=\"100%\" height=\"166\" scrolling=\"no\" frameborder=\"no\" allow=\"autoplay\" src=\"https:\/\/w.soundcloud.com\/player\/?url=https%3A\/\/api.soundcloud.com\/tracks\/304648747&amp;color=%23ff5500&amp;auto_play=false&amp;hide_related=true&amp;show_comments=false&amp;show_user=true&amp;show_reposts=false&amp;show_teaser=false\"><\/iframe>\n<\/div>\n<\/div>\n\n\n\t\t\t<\/div>\n\t\t<\/div>\n\t<\/div>\n\n<\/div>\n\n\n<div class=\"richtext m-spacer\">\n\t<div class=\"container\">\n\t\t<div class=\"row\">\n\t\t\t<div class=\"col-10\">\n\t\t\t\t\n<div class=\"richtext m-spacer\">\n\t<div class=\"container\">\n\t\t<div class=\"row\">\n\t\t\t<div class=\"col-10\">\n\t\t\t\t\n\t\t\t<\/div>\n\t\t<\/div>\n\t<\/div>\n\n<\/div>\n\n\n\t\t\t<\/div>\n\t\t<\/div>\n\t<\/div>\n\n<\/div>","protected":false},"excerpt":{"rendered":"<p>Carl Maria Friedrich Ernst von Weber fue director de orquesta, pianista, guitarrista, cr\u00edtico y uno de los primeros compositores importantes de la escuela rom\u00e1ntica. Naci\u00f3 en Alemania, en 1786, en el seno de una familia musical muy famosa. <\/p>","protected":false},"author":3,"featured_media":8891,"parent":592,"menu_order":0,"comment_status":"closed","ping_status":"closed","template":"","meta":{"_acf_changed":false,"footnotes":""},"class_list":["post-1055","page","type-page","status-publish","has-post-thumbnail","hentry"],"acf":[],"_links":{"self":[{"href":"https:\/\/www.dallassymphony.org\/es\/wp-json\/wp\/v2\/pages\/1055","targetHints":{"allow":["GET"]}}],"collection":[{"href":"https:\/\/www.dallassymphony.org\/es\/wp-json\/wp\/v2\/pages"}],"about":[{"href":"https:\/\/www.dallassymphony.org\/es\/wp-json\/wp\/v2\/types\/page"}],"author":[{"embeddable":true,"href":"https:\/\/www.dallassymphony.org\/es\/wp-json\/wp\/v2\/users\/3"}],"replies":[{"embeddable":true,"href":"https:\/\/www.dallassymphony.org\/es\/wp-json\/wp\/v2\/comments?post=1055"}],"version-history":[{"count":0,"href":"https:\/\/www.dallassymphony.org\/es\/wp-json\/wp\/v2\/pages\/1055\/revisions"}],"up":[{"embeddable":true,"href":"https:\/\/www.dallassymphony.org\/es\/wp-json\/wp\/v2\/pages\/592"}],"wp:featuredmedia":[{"embeddable":true,"href":"https:\/\/www.dallassymphony.org\/es\/wp-json\/wp\/v2\/media\/8891"}],"wp:attachment":[{"href":"https:\/\/www.dallassymphony.org\/es\/wp-json\/wp\/v2\/media?parent=1055"}],"curies":[{"name":"wp","href":"https:\/\/api.w.org\/{rel}","templated":true}]}}