{"id":1053,"date":"2020-11-17T11:07:29","date_gmt":"2020-11-17T16:07:29","guid":{"rendered":"https:\/\/www.dallassymphony.org\/?page_id=1053"},"modified":"2022-05-06T12:48:13","modified_gmt":"2022-05-06T17:48:13","slug":"johan-wagenaar","status":"publish","type":"page","link":"https:\/\/www.dallassymphony.org\/es\/community-education\/dso-kids\/listen-watch\/composers\/johan-wagenaar\/","title":{"rendered":"Johan Wagenaar"},"content":{"rendered":"<div class=\"hero__no-img bg-blue-8\">\n\t<div class=\"container\">\n\t\t<div class=\"row\">\n\t\t\t<div class=\"col-md-10\">\n\n\t\t\t\t<ul class=\"breadcrumbs\">\n    \t<li class=\"breadcrumb__link\">\n\t\t<a class=\"a-hover\" href=\"https:\/\/www.dallassymphony.org\/es\/\">Inicio<\/a>\n\t<\/li>\n    \t<li class=\"breadcrumb__link a-styles\">\n\t\t<a class=\"a-hover\" href=\"https:\/\/www.dallassymphony.org\/es\/community-education\/\">Educaci\u00f3n y Comunidad<\/a>\n\t<\/li>\n    \t<li class=\"breadcrumb__link a-styles\">\n\t\t<a class=\"a-hover\" href=\"https:\/\/www.dallassymphony.org\/es\/community-education\/dso-kids\/\">Para escuelas y profesores<\/a>\n\t<\/li>\n    \t<li class=\"breadcrumb__link a-styles\">\n\t\t<a class=\"a-hover\" href=\"https:\/\/www.dallassymphony.org\/es\/community-education\/dso-kids\/listen-watch\/\">Escuchar y ver<\/a>\n\t<\/li>\n    \t<li class=\"breadcrumb__link a-styles\">\n\t\t<a class=\"a-hover\" href=\"https:\/\/www.dallassymphony.org\/es\/community-education\/dso-kids\/listen-watch\/composers\/\">Compositores<\/a>\n\t<\/li>\n    <\/ul>\n\n                \t\t\t\t<h1>\n                    <span >Johan Wagenaar<\/span>\n                <\/h1>\n                \t\t\t<\/div>\n\t\t<\/div>\n\t<\/div>\n<\/div>\n\n\n<div class=\"text-img text-img--left\">\n\t<div class=\"container\">\n\t\t<div class=\"row\">\n\t\t\t<div class=\"col-lg-12\">\n\t\t\t\t<div class=\"text-img__wrapper\">\n\t\t\t\t\t<h1><\/h1>\n\n                    <img loading=\"lazy\" decoding=\"async\" width=\"666\" height=\"375\" src=\"https:\/\/www.dallassymphony.org\/wp-content\/uploads\/2022\/05\/Johan-Wagenaar-666x375.jpg\" class=\"d-xl-none d-block\" alt=\"Johan Wagenaar\" srcset=\"https:\/\/www.dallassymphony.org\/wp-content\/uploads\/2022\/05\/Johan-Wagenaar-666x375.jpg 666w, https:\/\/www.dallassymphony.org\/wp-content\/uploads\/2022\/05\/Johan-Wagenaar-300x169.jpg 300w, https:\/\/www.dallassymphony.org\/wp-content\/uploads\/2022\/05\/Johan-Wagenaar-1024x576.jpg 1024w, https:\/\/www.dallassymphony.org\/wp-content\/uploads\/2022\/05\/Johan-Wagenaar-768x432.jpg 768w, https:\/\/www.dallassymphony.org\/wp-content\/uploads\/2022\/05\/Johan-Wagenaar-1536x864.jpg 1536w, https:\/\/www.dallassymphony.org\/wp-content\/uploads\/2022\/05\/Johan-Wagenaar-18x10.jpg 18w, https:\/\/www.dallassymphony.org\/wp-content\/uploads\/2022\/05\/Johan-Wagenaar-388x218.jpg 388w, https:\/\/www.dallassymphony.org\/wp-content\/uploads\/2022\/05\/Johan-Wagenaar-540x303.jpg 540w, https:\/\/www.dallassymphony.org\/wp-content\/uploads\/2022\/05\/Johan-Wagenaar-735x413.jpg 735w, https:\/\/www.dallassymphony.org\/wp-content\/uploads\/2022\/05\/Johan-Wagenaar.jpg 1600w\" sizes=\"auto, (max-width: 666px) 100vw, 666px\" \/>\n\t\t\t\t\t<h5 id=\"h-dates\">FECHAS<\/h5>\n<p>Nacido en Utrecht, Holanda, el 1 de noviembre de 1862<br \/>\nMuri\u00f3 en La Haya, Neitherlands el 17 de junio de 1941<\/p>\n<h5 id=\"h-nationality\">NACIONALIDAD<\/h5>\n<p>Holand\u00e9s<\/p>\n<h5 id=\"h-style-period\">ESTILO\/PERIODO<\/h5>\n<p>Rom\u00e1ntico 1820-1910<\/p>\n<h5 id=\"h-famous-works\">OBRAS FAMOSAS<\/h5>\n<p>Cyrano de Bergerac, Saul y David<\/p>\n\n                    \n                <\/div>\n                <img loading=\"lazy\" decoding=\"async\" width=\"1600\" height=\"900\" src=\"https:\/\/www.dallassymphony.org\/wp-content\/uploads\/2022\/05\/Johan-Wagenaar-1600x900.jpg\" class=\"d-none d-xl-block\" alt=\"Johan Wagenaar\" srcset=\"https:\/\/www.dallassymphony.org\/wp-content\/uploads\/2022\/05\/Johan-Wagenaar.jpg 1600w, https:\/\/www.dallassymphony.org\/wp-content\/uploads\/2022\/05\/Johan-Wagenaar-300x169.jpg 300w, https:\/\/www.dallassymphony.org\/wp-content\/uploads\/2022\/05\/Johan-Wagenaar-1024x576.jpg 1024w, https:\/\/www.dallassymphony.org\/wp-content\/uploads\/2022\/05\/Johan-Wagenaar-768x432.jpg 768w, https:\/\/www.dallassymphony.org\/wp-content\/uploads\/2022\/05\/Johan-Wagenaar-1536x864.jpg 1536w, https:\/\/www.dallassymphony.org\/wp-content\/uploads\/2022\/05\/Johan-Wagenaar-18x10.jpg 18w, https:\/\/www.dallassymphony.org\/wp-content\/uploads\/2022\/05\/Johan-Wagenaar-388x218.jpg 388w, https:\/\/www.dallassymphony.org\/wp-content\/uploads\/2022\/05\/Johan-Wagenaar-540x303.jpg 540w, https:\/\/www.dallassymphony.org\/wp-content\/uploads\/2022\/05\/Johan-Wagenaar-666x375.jpg 666w, https:\/\/www.dallassymphony.org\/wp-content\/uploads\/2022\/05\/Johan-Wagenaar-735x413.jpg 735w\" sizes=\"auto, (max-width: 1600px) 100vw, 1600px\" \/>\t\t\t<\/div>\n\t\t<\/div>\n\t<\/div>\n<\/div>\n\n\n<div class=\"richtext m-spacer\">\n\t<div class=\"container\">\n\t\t<div class=\"row\">\n\t\t\t<div class=\"col-10\">\n\t\t\t\t\n\n<iframe loading=\"lazy\" width=\"50%\" height=\"20\" scrolling=\"no\" frameborder=\"no\" allow=\"autoplay\" src=\"https:\/\/w.soundcloud.com\/player\/?url=https%3A\/\/api.soundcloud.com\/tracks\/296732533&amp;color=%23ff5500&amp;inverse=false&amp;auto_play=false&amp;show_user=true\"><\/iframe>\n\n\n\n<div style=\"height:50px\" aria-hidden=\"true\" class=\"wp-block-spacer\"><\/div>\n\n\n\t\t\t<\/div>\n\t\t<\/div>\n\t<\/div>\n\n<\/div>\n\n\n<div class=\"richtext m-spacer\">\n\t<div class=\"container\">\n\t\t<div class=\"row\">\n\t\t\t<div class=\"col-10\">\n\t\t\t\t\n\n<hr class=\"wp-block-separator\"\/>\n\n\n\n<h3 class=\"wp-block-heading\" id=\"h-biography\">BIOGRAF\u00cdA<\/h3>\n\n\n\n<hr class=\"wp-block-separator\"\/>\n\n\n\n<p>Johan Wagenaar era un compositor y profesor holand\u00e9s que tambi\u00e9n era un organista talentoso. Estudi\u00f3\u00a0<strong><a href=\"https:\/\/www.dallassymphony.org\/es\/community-education\/dso-kids\/listen-watch\/instruments\/piano\/\">piano<\/a><\/strong>,\u00a0<strong><a href=\"https:\/\/www.dallassymphony.org\/es\/community-education\/dso-kids\/listen-watch\/instruments\/organ\/\">\u00f3rgano<\/a><\/strong>y composici\u00f3n en los Pa\u00edses Bajos y en Berl\u00edn, Alemania, antes de regresar a su ciudad natal de Utrecht para ense\u00f1ar en la escuela de m\u00fasica y tocar\u00a0<strong><a href=\"https:\/\/www.dallassymphony.org\/es\/community-education\/dso-kids\/listen-watch\/instruments\/organ\/\">\u00f3rgano<\/a><\/strong>\u00a0para la catedral. Aunque es famoso por sus obras escritas para orquesta, tambi\u00e9n fue director de coros en Utrecht y Arnhem y compuso muchas piezas para voz. Despu\u00e9s de ense\u00f1ar en Utrecht durante 32 a\u00f1os, Wagenaar acept\u00f3 un puesto como director del Conservatorio de La Haya (tambi\u00e9n en los Pa\u00edses Bajos).<\/p>\n\n\n\n<p>Wagenaar era un profesor muy dedicado. Uno de sus estudiantes fue su hijo, Bernard, que continu\u00f3 componiendo, dirigiendo y ense\u00f1ando m\u00fasica en Am\u00e9rica. Bernard tocaba&nbsp;<strong><a href=\"https:\/\/www.dallassymphony.org\/es\/community-education\/dso-kids\/listen-watch\/instruments\/violin\/\">viol\u00edn<\/a><\/strong>&nbsp;en la Filarm\u00f3nica de Nueva York y ense\u00f1\u00f3 clases de composici\u00f3n en Julliard.<\/p>\n\n\n\n<p>Algunas de las mayores influencias de Wagenaar fueron compositores rom\u00e1nticos anteriores como&nbsp;<strong><a href=\"https:\/\/www.dallassymphony.org\/es\/community-education\/dso-kids\/listen-watch\/composers\/johannes-brahms\/\">Brahms<\/a><\/strong>&nbsp;y&nbsp;<strong><a href=\"https:\/\/www.dallassymphony.org\/es\/community-education\/dso-kids\/listen-watch\/composers\/hector-berlioz\/\">Berlioz<\/a><\/strong>.<\/p>\n\n\n\t\t\t<\/div>\n\t\t<\/div>\n\t<\/div>\n\n<\/div>\n\n\n<div class=\"richtext m-spacer\">\n\t<div class=\"container\">\n\t\t<div class=\"row\">\n\t\t\t<div class=\"col-10\">\n\t\t\t\t\n\n<div class=\"wp-block-columns is-layout-flex wp-container-core-columns-is-layout-9d6595d7 wp-block-columns-is-layout-flex\">\n<div class=\"wp-block-column is-layout-flow wp-block-column-is-layout-flow\">\n<iframe loading=\"lazy\" width=\"100%\" height=\"166\" scrolling=\"no\" frameborder=\"no\" allow=\"autoplay\" src=\"https:\/\/w.soundcloud.com\/player\/?url=https%3A\/\/api.soundcloud.com\/tracks\/296732682&amp;color=%23ff5500&amp;auto_play=false&amp;hide_related=true&amp;show_comments=false&amp;show_user=true&amp;show_reposts=false&amp;show_teaser=false\"><\/iframe>\n<\/div>\n<\/div>\n\n\n\t\t\t<\/div>\n\t\t<\/div>\n\t<\/div>\n\n<\/div>\n\n\n<div class=\"richtext m-spacer\">\n\t<div class=\"container\">\n\t\t<div class=\"row\">\n\t\t\t<div class=\"col-10\">\n\t\t\t\t\n<div class=\"richtext m-spacer\">\n\t<div class=\"container\">\n\t\t<div class=\"row\">\n\t\t\t<div class=\"col-10\">\n\t\t\t\t\n\t\t\t<\/div>\n\t\t<\/div>\n\t<\/div>\n\n<\/div>\n\n\n\t\t\t<\/div>\n\t\t<\/div>\n\t<\/div>\n\n<\/div>","protected":false},"excerpt":{"rendered":"<p>Johan Wagenaar era un compositor y profesor holand\u00e9s que tambi\u00e9n era un organista talentoso. Estudi\u00f3 piano, \u00f3rgano y composici\u00f3n tanto en los Pa\u00edses Bajos como en Berl\u00edn, Alemania, antes de regresar a su ciudad natal de Utrecht para ense\u00f1ar en la escuela de m\u00fasica y tocar el \u00f3rgano de la catedral. <\/p>","protected":false},"author":3,"featured_media":8889,"parent":592,"menu_order":0,"comment_status":"closed","ping_status":"closed","template":"","meta":{"_acf_changed":false,"footnotes":""},"class_list":["post-1053","page","type-page","status-publish","has-post-thumbnail","hentry"],"acf":[],"_links":{"self":[{"href":"https:\/\/www.dallassymphony.org\/es\/wp-json\/wp\/v2\/pages\/1053","targetHints":{"allow":["GET"]}}],"collection":[{"href":"https:\/\/www.dallassymphony.org\/es\/wp-json\/wp\/v2\/pages"}],"about":[{"href":"https:\/\/www.dallassymphony.org\/es\/wp-json\/wp\/v2\/types\/page"}],"author":[{"embeddable":true,"href":"https:\/\/www.dallassymphony.org\/es\/wp-json\/wp\/v2\/users\/3"}],"replies":[{"embeddable":true,"href":"https:\/\/www.dallassymphony.org\/es\/wp-json\/wp\/v2\/comments?post=1053"}],"version-history":[{"count":0,"href":"https:\/\/www.dallassymphony.org\/es\/wp-json\/wp\/v2\/pages\/1053\/revisions"}],"up":[{"embeddable":true,"href":"https:\/\/www.dallassymphony.org\/es\/wp-json\/wp\/v2\/pages\/592"}],"wp:featuredmedia":[{"embeddable":true,"href":"https:\/\/www.dallassymphony.org\/es\/wp-json\/wp\/v2\/media\/8889"}],"wp:attachment":[{"href":"https:\/\/www.dallassymphony.org\/es\/wp-json\/wp\/v2\/media?parent=1053"}],"curies":[{"name":"wp","href":"https:\/\/api.w.org\/{rel}","templated":true}]}}