{"id":1052,"date":"2020-11-17T11:07:16","date_gmt":"2020-11-17T16:07:16","guid":{"rendered":"https:\/\/www.dallassymphony.org\/?page_id=1052"},"modified":"2022-05-05T16:47:29","modified_gmt":"2022-05-05T21:47:29","slug":"giuseppe-verdi","status":"publish","type":"page","link":"https:\/\/www.dallassymphony.org\/es\/community-education\/dso-kids\/listen-watch\/composers\/giuseppe-verdi\/","title":{"rendered":"Giuseppe Verdi"},"content":{"rendered":"<div class=\"hero__no-img bg-blue-8\">\n\t<div class=\"container\">\n\t\t<div class=\"row\">\n\t\t\t<div class=\"col-md-10\">\n\n\t\t\t\t<ul class=\"breadcrumbs\">\n    \t<li class=\"breadcrumb__link\">\n\t\t<a class=\"a-hover\" href=\"https:\/\/www.dallassymphony.org\/es\/\">Inicio<\/a>\n\t<\/li>\n    \t<li class=\"breadcrumb__link a-styles\">\n\t\t<a class=\"a-hover\" href=\"https:\/\/www.dallassymphony.org\/es\/community-education\/\">Educaci\u00f3n y Comunidad<\/a>\n\t<\/li>\n    \t<li class=\"breadcrumb__link a-styles\">\n\t\t<a class=\"a-hover\" href=\"https:\/\/www.dallassymphony.org\/es\/community-education\/dso-kids\/\">Para escuelas y profesores<\/a>\n\t<\/li>\n    \t<li class=\"breadcrumb__link a-styles\">\n\t\t<a class=\"a-hover\" href=\"https:\/\/www.dallassymphony.org\/es\/community-education\/dso-kids\/listen-watch\/\">Escuchar y ver<\/a>\n\t<\/li>\n    \t<li class=\"breadcrumb__link a-styles\">\n\t\t<a class=\"a-hover\" href=\"https:\/\/www.dallassymphony.org\/es\/community-education\/dso-kids\/listen-watch\/composers\/\">Compositores<\/a>\n\t<\/li>\n    <\/ul>\n\n                \t\t\t\t<h1>\n                    <span >Giuseppe Verdi<\/span>\n                <\/h1>\n                \t\t\t<\/div>\n\t\t<\/div>\n\t<\/div>\n<\/div>\n\n\n<div class=\"text-img text-img--left\">\n\t<div class=\"container\">\n\t\t<div class=\"row\">\n\t\t\t<div class=\"col-lg-12\">\n\t\t\t\t<div class=\"text-img__wrapper\">\n\t\t\t\t\t<h1><\/h1>\n\n                    <img loading=\"lazy\" decoding=\"async\" width=\"666\" height=\"375\" src=\"https:\/\/www.dallassymphony.org\/wp-content\/uploads\/2022\/05\/Giuseppe-Verdi-666x375.jpg\" class=\"d-xl-none d-block\" alt=\"Giuseppe Verdi\" srcset=\"https:\/\/www.dallassymphony.org\/wp-content\/uploads\/2022\/05\/Giuseppe-Verdi-666x375.jpg 666w, https:\/\/www.dallassymphony.org\/wp-content\/uploads\/2022\/05\/Giuseppe-Verdi-300x169.jpg 300w, https:\/\/www.dallassymphony.org\/wp-content\/uploads\/2022\/05\/Giuseppe-Verdi-1024x576.jpg 1024w, https:\/\/www.dallassymphony.org\/wp-content\/uploads\/2022\/05\/Giuseppe-Verdi-768x432.jpg 768w, https:\/\/www.dallassymphony.org\/wp-content\/uploads\/2022\/05\/Giuseppe-Verdi-1536x864.jpg 1536w, https:\/\/www.dallassymphony.org\/wp-content\/uploads\/2022\/05\/Giuseppe-Verdi-18x10.jpg 18w, https:\/\/www.dallassymphony.org\/wp-content\/uploads\/2022\/05\/Giuseppe-Verdi-388x218.jpg 388w, https:\/\/www.dallassymphony.org\/wp-content\/uploads\/2022\/05\/Giuseppe-Verdi-540x303.jpg 540w, https:\/\/www.dallassymphony.org\/wp-content\/uploads\/2022\/05\/Giuseppe-Verdi-735x413.jpg 735w, https:\/\/www.dallassymphony.org\/wp-content\/uploads\/2022\/05\/Giuseppe-Verdi.jpg 1600w\" sizes=\"auto, (max-width: 666px) 100vw, 666px\" \/>\n\t\t\t\t\t<h5 id=\"h-dates\">FECHAS<\/h5>\n<p>Nacido en Roncole, Italia, el 9 o 10 de octubre de 1813<br \/>\nMuri\u00f3 en Mil\u00e1n, el 27 de enero de 1901.<\/p>\n<h5 id=\"h-nationality\">NACIONALIDAD<\/h5>\n<p>Italiano<\/p>\n<h5 id=\"h-style-period\">ESTILO\/PERIODO<\/h5>\n<p>Rom\u00e1ntico 1820-1910<\/p>\n<h5 id=\"h-famous-works\">OBRAS FAMOSAS<\/h5>\n<p>Aida, La Traviata, Falstaff<\/p>\n\n                    \n                <\/div>\n                <img loading=\"lazy\" decoding=\"async\" width=\"1600\" height=\"900\" src=\"https:\/\/www.dallassymphony.org\/wp-content\/uploads\/2022\/05\/Giuseppe-Verdi-1600x900.jpg\" class=\"d-none d-xl-block\" alt=\"Giuseppe Verdi\" srcset=\"https:\/\/www.dallassymphony.org\/wp-content\/uploads\/2022\/05\/Giuseppe-Verdi.jpg 1600w, https:\/\/www.dallassymphony.org\/wp-content\/uploads\/2022\/05\/Giuseppe-Verdi-300x169.jpg 300w, https:\/\/www.dallassymphony.org\/wp-content\/uploads\/2022\/05\/Giuseppe-Verdi-1024x576.jpg 1024w, https:\/\/www.dallassymphony.org\/wp-content\/uploads\/2022\/05\/Giuseppe-Verdi-768x432.jpg 768w, https:\/\/www.dallassymphony.org\/wp-content\/uploads\/2022\/05\/Giuseppe-Verdi-1536x864.jpg 1536w, https:\/\/www.dallassymphony.org\/wp-content\/uploads\/2022\/05\/Giuseppe-Verdi-18x10.jpg 18w, https:\/\/www.dallassymphony.org\/wp-content\/uploads\/2022\/05\/Giuseppe-Verdi-388x218.jpg 388w, https:\/\/www.dallassymphony.org\/wp-content\/uploads\/2022\/05\/Giuseppe-Verdi-540x303.jpg 540w, https:\/\/www.dallassymphony.org\/wp-content\/uploads\/2022\/05\/Giuseppe-Verdi-666x375.jpg 666w, https:\/\/www.dallassymphony.org\/wp-content\/uploads\/2022\/05\/Giuseppe-Verdi-735x413.jpg 735w\" sizes=\"auto, (max-width: 1600px) 100vw, 1600px\" \/>\t\t\t<\/div>\n\t\t<\/div>\n\t<\/div>\n<\/div>\n\n\n<div class=\"richtext m-spacer\">\n\t<div class=\"container\">\n\t\t<div class=\"row\">\n\t\t\t<div class=\"col-10\">\n\t\t\t\t\n\n<iframe loading=\"lazy\" width=\"50%\" height=\"20\" scrolling=\"no\" frameborder=\"no\" allow=\"autoplay\" src=\"https:\/\/w.soundcloud.com\/player\/?url=https%3A\/\/api.soundcloud.com\/tracks\/296398617&amp;color=%23ff5500&amp;inverse=false&amp;auto_play=false&amp;show_user=true\"><\/iframe>\n\n\n\n<div style=\"height:50px\" aria-hidden=\"true\" class=\"wp-block-spacer\"><\/div>\n\n\n\t\t\t<\/div>\n\t\t<\/div>\n\t<\/div>\n\n<\/div>\n\n\n<div class=\"richtext m-spacer\">\n\t<div class=\"container\">\n\t\t<div class=\"row\">\n\t\t\t<div class=\"col-10\">\n\t\t\t\t\n\n<hr class=\"wp-block-separator\"\/>\n\n\n\n<h3 class=\"wp-block-heading\" id=\"h-biography\">BIOGRAF\u00cdA<\/h3>\n\n\n\n<hr class=\"wp-block-separator\"\/>\n\n\n\n<p>Giuseppe Verdi (Joe Green, en ingl\u00e9s) naci\u00f3 en una familia de peque\u00f1os propietarios y taberneros. A los siete a\u00f1os ayudaba al organista de la iglesia local; a los 12 a\u00f1os estudiaba con el&nbsp;<strong><a href=\"https:\/\/www.dallassymphony.org\/es\/community-education\/dso-kids\/listen-watch\/instruments\/organ\/\">organista<\/a><\/strong>&nbsp;en la iglesia principal de un pueblo cercano y en 1829 se convirti\u00f3 en asistente. Ya ten\u00eda varias composiciones en su haber. En 1832 fue enviado a Mil\u00e1n y se le neg\u00f3 una plaza en el conservatorio, pero estudi\u00f3 con un compositor y antiguo m\u00fasico. Tambi\u00e9n podr\u00eda haber tomado un puesto como&nbsp;<strong><a href=\"https:\/\/www.dallassymphony.org\/es\/community-education\/dso-kids\/listen-watch\/instruments\/organ\/\">organista<\/a><\/strong>&nbsp;en 1835. Se convirti\u00f3 en maestro de m\u00fasica de la ciudad en 1836 y se cas\u00f3 con Margherita Barezzi, la hija de su mecenas. Sus dos hijos murieron en la infancia.<\/p>\n\n\n\n<p>Verdi compuso una \u00f3pera y trat\u00f3 de organizar una representaci\u00f3n. No tuvo \u00e9xito, pero hizo publicar algunas canciones y decidi\u00f3 instalarse en Mil\u00e1n en 1839. Su primera \u00f3pera fue bien recibida, pero la siguiente fracas\u00f3 por completo. Su mujer muri\u00f3 durante su composici\u00f3n. Verdi estuvo a punto de abandonar, pero se anim\u00f3 con una historia y en 1842 vio su exitosa producci\u00f3n, que llev\u00f3 su reputaci\u00f3n por toda Italia, Europa y el Nuevo Mundo durante los cinco a\u00f1os siguientes. Le sigui\u00f3 otra \u00f3pera tambi\u00e9n con marcados mensajes pol\u00edticos y de nuevo bien recibida. El don de Verdi para la melod\u00eda conmovedora y las situaciones tr\u00e1gicas y heroicas gust\u00f3 en Italia. El pa\u00eds luchaba por la libertad y la unidad, causas con las que \u00e9l simpatizaba; pero muchas \u00f3peras de este periodo tienen temas pol\u00edticos.<\/p>\n\n\n\n<p>Durante los siguientes a\u00f1os, Verdi comenz\u00f3 a componer una larga y exigente serie de \u00f3peras en Par\u00eds, Francia y Londres, as\u00ed como en Roma, Mil\u00e1n, N\u00e1poles, Venecia, Florencia y Trieste en Italia. (Se detuvo en su trabajo en 1846 cuando su salud cedi\u00f3.) Sus obras eran conocidas por sus historias fuertes y tristes, estilos orquestales vigorosos, escritura contundente para voces y drama serio. Sus modelos incluyeron a otros compositores italianos. Era cuidadoso en la elecci\u00f3n de los temas y en la planificaci\u00f3n detallada de sus historias. Su uso de voces masculinas era predecible, pero sus voces femeninas ten\u00edan m\u00e1s variaci\u00f3n.<\/p>\n\n\n\n<p>Muchas de sus \u00f3peras fueron censuradas. Las reescrib\u00eda y luego se convirtieron en grandes \u00e9xitos. En 1853 escribi\u00f3 una de sus \u00f3peras m\u00e1s queridas,&nbsp;<em>La Traviata<\/em>. Fue un fracaso en Venecia al principio.  Con revisiones, fue recibido favorablemente al a\u00f1o siguiente en otro teatro veneciano.<\/p>\n\n\n\n<p>M\u00e1s tarde, en 1853, fue con su prometida, que era soprano, a Par\u00eds, Francia, para preparar otra \u00f3pera, que se estren\u00f3 en 1855 con cierto \u00e9xito. Permaneci\u00f3 all\u00ed un tiempo para defenderse de los piratas del teatro (los que robaban composiciones a los compositores de \u00e9xito) y para ocuparse de las traducciones de sus \u00f3peras. La siguiente \u00f3pera nueva era muy sombr\u00eda. Se trataba de un drama sobre el amor y la pol\u00edtica en la G\u00e9nova medieval, representado en Venecia, Italia. Los planes para otra \u00f3pera en N\u00e1poles, sobre el asesinato de un rey sueco, se cancelaron a causa de la censura y se represent\u00f3 en Roma en 1859. Verdi particip\u00f3 en la actividad pol\u00edtica en esta \u00e9poca, como representanteative en el parlamento de la ciudad donde viv\u00eda; m\u00e1s tarde, fue elegido para el parlamento nacional, y finalmente lleg\u00f3 a ser senador.<\/p>\n\n\n\n<p>Verdi regres\u00f3 a Italia, a vivir en G\u00e9nova y comenz\u00f3 a trabajar en&nbsp;<em>Aida<\/em>&nbsp;en 1870. Se dio en la \u00f3pera de El Cairo, Egipto, a finales de 1871 para marcar la apertura del Canal de Suez. Verdi no estaba presente.&nbsp;<em>Aida<\/em>&nbsp;fue escrito en la tradici\u00f3n de la gran \u00f3pera, pero m\u00e1s tarde escribi\u00f3 otra \u00f3pera,<em>&nbsp;Otelo<\/em>un estudio sobre el mal y los celos, que se inaugur\u00f3 en Mil\u00e1n en 1887. Escribi\u00f3 su primera \u00f3pera c\u00f3mica, Falstaff, dos a\u00f1os despu\u00e9s.<\/p>\n\n\n\n<p>Verdi pas\u00f3 sus \u00faltimos a\u00f1os en Mil\u00e1n; rico, autoritario pero caritativo, muy visitado, venerado y honrado. Muri\u00f3 a principios de 1901. 28.000 personas llenaron las calles para su funeral.<\/p>\n\n\n\t\t\t<\/div>\n\t\t<\/div>\n\t<\/div>\n\n<\/div>\n\n\n<div class=\"richtext m-spacer\">\n\t<div class=\"container\">\n\t\t<div class=\"row\">\n\t\t\t<div class=\"col-10\">\n\t\t\t\t\n\n<div class=\"wp-block-columns is-layout-flex wp-container-core-columns-is-layout-9d6595d7 wp-block-columns-is-layout-flex\">\n<div class=\"wp-block-column is-layout-flow wp-block-column-is-layout-flow\">\n<iframe loading=\"lazy\" width=\"100%\" height=\"166\" scrolling=\"no\" frameborder=\"no\" allow=\"autoplay\" src=\"https:\/\/w.soundcloud.com\/player\/?url=https%3A\/\/api.soundcloud.com\/tracks\/304672104&amp;color=%23ff5500&amp;auto_play=false&amp;hide_related=true&amp;show_comments=false&amp;show_user=true&amp;show_reposts=false&amp;show_teaser=false\"><\/iframe>\n<\/div>\n<\/div>\n\n\n\t\t\t<\/div>\n\t\t<\/div>\n\t<\/div>\n\n<\/div>\n\n\n<div class=\"richtext m-spacer\">\n\t<div class=\"container\">\n\t\t<div class=\"row\">\n\t\t\t<div class=\"col-10\">\n\t\t\t\t\n<div class=\"richtext m-spacer\">\n\t<div class=\"container\">\n\t\t<div class=\"row\">\n\t\t\t<div class=\"col-10\">\n\t\t\t\t\n\t\t\t<\/div>\n\t\t<\/div>\n\t<\/div>\n\n<\/div>\n\n\n\t\t\t<\/div>\n\t\t<\/div>\n\t<\/div>\n\n<\/div>","protected":false},"excerpt":{"rendered":"<p>Giuseppe Verdi (Joe Green, en ingl\u00e9s) naci\u00f3 en una familia de peque\u00f1os propietarios y taberneros. A los siete a\u00f1os ayudaba al organista de la iglesia local; a los 12 a\u00f1os estudiaba con el organista de la iglesia principal de un pueblo cercano y en 1829 se convirti\u00f3 en asistente.<\/p>","protected":false},"author":3,"featured_media":8888,"parent":592,"menu_order":0,"comment_status":"closed","ping_status":"closed","template":"","meta":{"_acf_changed":false,"footnotes":""},"class_list":["post-1052","page","type-page","status-publish","has-post-thumbnail","hentry"],"acf":[],"_links":{"self":[{"href":"https:\/\/www.dallassymphony.org\/es\/wp-json\/wp\/v2\/pages\/1052","targetHints":{"allow":["GET"]}}],"collection":[{"href":"https:\/\/www.dallassymphony.org\/es\/wp-json\/wp\/v2\/pages"}],"about":[{"href":"https:\/\/www.dallassymphony.org\/es\/wp-json\/wp\/v2\/types\/page"}],"author":[{"embeddable":true,"href":"https:\/\/www.dallassymphony.org\/es\/wp-json\/wp\/v2\/users\/3"}],"replies":[{"embeddable":true,"href":"https:\/\/www.dallassymphony.org\/es\/wp-json\/wp\/v2\/comments?post=1052"}],"version-history":[{"count":0,"href":"https:\/\/www.dallassymphony.org\/es\/wp-json\/wp\/v2\/pages\/1052\/revisions"}],"up":[{"embeddable":true,"href":"https:\/\/www.dallassymphony.org\/es\/wp-json\/wp\/v2\/pages\/592"}],"wp:featuredmedia":[{"embeddable":true,"href":"https:\/\/www.dallassymphony.org\/es\/wp-json\/wp\/v2\/media\/8888"}],"wp:attachment":[{"href":"https:\/\/www.dallassymphony.org\/es\/wp-json\/wp\/v2\/media?parent=1052"}],"curies":[{"name":"wp","href":"https:\/\/api.w.org\/{rel}","templated":true}]}}