{"id":1050,"date":"2020-11-17T11:06:49","date_gmt":"2020-11-17T16:06:49","guid":{"rendered":"https:\/\/www.dallassymphony.org\/?page_id=1050"},"modified":"2022-05-05T16:42:12","modified_gmt":"2022-05-05T21:42:12","slug":"richard-strauss","status":"publish","type":"page","link":"https:\/\/www.dallassymphony.org\/es\/community-education\/dso-kids\/listen-watch\/composers\/richard-strauss\/","title":{"rendered":"Richard Strauss"},"content":{"rendered":"<div class=\"hero__no-img bg-blue-8\">\n\t<div class=\"container\">\n\t\t<div class=\"row\">\n\t\t\t<div class=\"col-md-10\">\n\n\t\t\t\t<ul class=\"breadcrumbs\">\n    \t<li class=\"breadcrumb__link\">\n\t\t<a class=\"a-hover\" href=\"https:\/\/www.dallassymphony.org\/es\/\">Inicio<\/a>\n\t<\/li>\n    \t<li class=\"breadcrumb__link a-styles\">\n\t\t<a class=\"a-hover\" href=\"https:\/\/www.dallassymphony.org\/es\/community-education\/\">Educaci\u00f3n y Comunidad<\/a>\n\t<\/li>\n    \t<li class=\"breadcrumb__link a-styles\">\n\t\t<a class=\"a-hover\" href=\"https:\/\/www.dallassymphony.org\/es\/community-education\/dso-kids\/\">Para escuelas y profesores<\/a>\n\t<\/li>\n    \t<li class=\"breadcrumb__link a-styles\">\n\t\t<a class=\"a-hover\" href=\"https:\/\/www.dallassymphony.org\/es\/community-education\/dso-kids\/listen-watch\/\">Escuchar y ver<\/a>\n\t<\/li>\n    \t<li class=\"breadcrumb__link a-styles\">\n\t\t<a class=\"a-hover\" href=\"https:\/\/www.dallassymphony.org\/es\/community-education\/dso-kids\/listen-watch\/composers\/\">Compositores<\/a>\n\t<\/li>\n    <\/ul>\n\n                \t\t\t\t<h1>\n                    <span >Richard Strauss<\/span>\n                <\/h1>\n                \t\t\t<\/div>\n\t\t<\/div>\n\t<\/div>\n<\/div>\n\n\n<div class=\"text-img text-img--left\">\n\t<div class=\"container\">\n\t\t<div class=\"row\">\n\t\t\t<div class=\"col-lg-12\">\n\t\t\t\t<div class=\"text-img__wrapper\">\n\t\t\t\t\t<h1><\/h1>\n\n                    <img loading=\"lazy\" decoding=\"async\" width=\"666\" height=\"375\" src=\"https:\/\/www.dallassymphony.org\/wp-content\/uploads\/2022\/05\/Richard-Strauss-666x375.jpg\" class=\"d-xl-none d-block\" alt=\"Richard Strauss\" srcset=\"https:\/\/www.dallassymphony.org\/wp-content\/uploads\/2022\/05\/Richard-Strauss-666x375.jpg 666w, https:\/\/www.dallassymphony.org\/wp-content\/uploads\/2022\/05\/Richard-Strauss-300x169.jpg 300w, https:\/\/www.dallassymphony.org\/wp-content\/uploads\/2022\/05\/Richard-Strauss-1024x576.jpg 1024w, https:\/\/www.dallassymphony.org\/wp-content\/uploads\/2022\/05\/Richard-Strauss-768x432.jpg 768w, https:\/\/www.dallassymphony.org\/wp-content\/uploads\/2022\/05\/Richard-Strauss-1536x864.jpg 1536w, https:\/\/www.dallassymphony.org\/wp-content\/uploads\/2022\/05\/Richard-Strauss-18x10.jpg 18w, https:\/\/www.dallassymphony.org\/wp-content\/uploads\/2022\/05\/Richard-Strauss-388x218.jpg 388w, https:\/\/www.dallassymphony.org\/wp-content\/uploads\/2022\/05\/Richard-Strauss-540x303.jpg 540w, https:\/\/www.dallassymphony.org\/wp-content\/uploads\/2022\/05\/Richard-Strauss-735x413.jpg 735w, https:\/\/www.dallassymphony.org\/wp-content\/uploads\/2022\/05\/Richard-Strauss.jpg 1600w\" sizes=\"auto, (max-width: 666px) 100vw, 666px\" \/>\n\t\t\t\t\t<h5 id=\"h-dates\">FECHAS<\/h5>\n<p>Nacido el 11 de junio de 1864 en Munich, Alemania<br \/>\nFalleci\u00f3 el 8 de septiembre de 1949 en Garmisch, Alemania<\/p>\n<h5 id=\"h-nationality\">NACIONALIDAD<\/h5>\n<p>Alem\u00e1n<\/p>\n<h5 id=\"h-style-period\">ESTILO\/PERIODO<\/h5>\n<p>Rom\u00e1ntico 1820-1910<\/p>\n<h5 id=\"h-famous-works\">OBRAS FAMOSAS<\/h5>\n<p>Don Juan, Till Eulenspiegels lustige Streiche, Also Sprach Zarathustra; Ein Heldenleben, Salome<\/p>\n\n                    \n                <\/div>\n                <img loading=\"lazy\" decoding=\"async\" width=\"1600\" height=\"900\" src=\"https:\/\/www.dallassymphony.org\/wp-content\/uploads\/2022\/05\/Richard-Strauss-1600x900.jpg\" class=\"d-none d-xl-block\" alt=\"Richard Strauss\" srcset=\"https:\/\/www.dallassymphony.org\/wp-content\/uploads\/2022\/05\/Richard-Strauss.jpg 1600w, https:\/\/www.dallassymphony.org\/wp-content\/uploads\/2022\/05\/Richard-Strauss-300x169.jpg 300w, https:\/\/www.dallassymphony.org\/wp-content\/uploads\/2022\/05\/Richard-Strauss-1024x576.jpg 1024w, https:\/\/www.dallassymphony.org\/wp-content\/uploads\/2022\/05\/Richard-Strauss-768x432.jpg 768w, https:\/\/www.dallassymphony.org\/wp-content\/uploads\/2022\/05\/Richard-Strauss-1536x864.jpg 1536w, https:\/\/www.dallassymphony.org\/wp-content\/uploads\/2022\/05\/Richard-Strauss-18x10.jpg 18w, https:\/\/www.dallassymphony.org\/wp-content\/uploads\/2022\/05\/Richard-Strauss-388x218.jpg 388w, https:\/\/www.dallassymphony.org\/wp-content\/uploads\/2022\/05\/Richard-Strauss-540x303.jpg 540w, https:\/\/www.dallassymphony.org\/wp-content\/uploads\/2022\/05\/Richard-Strauss-666x375.jpg 666w, https:\/\/www.dallassymphony.org\/wp-content\/uploads\/2022\/05\/Richard-Strauss-735x413.jpg 735w\" sizes=\"auto, (max-width: 1600px) 100vw, 1600px\" \/>\t\t\t<\/div>\n\t\t<\/div>\n\t<\/div>\n<\/div>\n\n\n<div class=\"richtext m-spacer\">\n\t<div class=\"container\">\n\t\t<div class=\"row\">\n\t\t\t<div class=\"col-10\">\n\t\t\t\t\n\n<iframe loading=\"lazy\" width=\"50%\" height=\"20\" scrolling=\"no\" frameborder=\"no\" allow=\"autoplay\" src=\"https:\/\/w.soundcloud.com\/player\/?url=https%3A\/\/api.soundcloud.com\/tracks\/296396719&amp;color=%23ff5500&amp;inverse=false&amp;auto_play=false&amp;show_user=true\"><\/iframe>\n\n\n\n<div style=\"height:50px\" aria-hidden=\"true\" class=\"wp-block-spacer\"><\/div>\n\n\n\t\t\t<\/div>\n\t\t<\/div>\n\t<\/div>\n\n<\/div>\n\n\n<div class=\"richtext m-spacer\">\n\t<div class=\"container\">\n\t\t<div class=\"row\">\n\t\t\t<div class=\"col-10\">\n\t\t\t\t\n\n<hr class=\"wp-block-separator\"\/>\n\n\n\n<h3 class=\"wp-block-heading\" id=\"h-biography\">BIOGRAF\u00cdA<\/h3>\n\n\n\n<hr class=\"wp-block-separator\"\/>\n\n\n\n<p>El padre de Richard Strauss, Franz, era un trompetista profesional que ense\u00f1\u00f3 a su hijo la m\u00fasica desde una edad muy temprana. Richard compon\u00eda a los seis a\u00f1os y su primera composici\u00f3n sinf\u00f3nica se interpret\u00f3 cuando s\u00f3lo ten\u00eda 17 a\u00f1os. A los 21 a\u00f1os, Strauss se convirti\u00f3 en director de la Orquesta de Meiningen y, m\u00e1s tarde, en director novel de la \u00d3pera de M\u00fanich.<\/p>\n\n\n\n<p>A mediados de los a\u00f1os 20, Strauss empez\u00f3 a explorar un nuevo tipo de composici\u00f3n llamado \"poema tonal\", una pieza musical que pretende contar una historia espec\u00edfica con secciones instrumentales de la orquesta que representan a determinados personajes. Los poemas sonoros como&nbsp;<em>Don Juan<\/em>&nbsp;y&nbsp;<em>Hasta que Eulenspiegels lustige Streiche (Hasta que Eulenspiegels se divierta con las bromas)<\/em>&nbsp;que le permiti\u00f3 ser reconocido en Alemania como un compositor l\u00edder y moderno. Strauss ten\u00eda un muy buen sentido del humor, y a menudo se inclu\u00eda a s\u00ed mismo en las historias que quer\u00eda que sus poemas tonales contaran. En su&nbsp;<em>Ein Heldenleben<\/em>Strauss ha inspirado la vida del \"h\u00e9roe\" de la historia en su propia vida, y la vida de los \"malos\" en la de los cr\u00edticos musicales. En su&nbsp;<em>Las alegres bromas de Till Eulenspiegel<\/em>En la actualidad, el protagonista es un travieso y curioso bromista, \u00a1como \u00e9l mismo!<\/p>\n\n\n\n<p>Strauss tambi\u00e9n escribi\u00f3 \u00f3pera y continu\u00f3 dirigiendo. Muchas de sus \u00f3peras ten\u00edan temas o personajes controvertidos, y siempre causaban gran debate cuando se representaban para el p\u00fablico. Durante la Segunda Guerra Mundial, Strauss luch\u00f3 por ser alem\u00e1n y trabajar para la Oficina Estatal de M\u00fasica de Alemania cuando no estaba de acuerdo con los nazis y sus ideas y acciones. Protegi\u00f3 a su nuera jud\u00eda durante la guerra, as\u00ed como a sus nietos parcialmente jud\u00edos. Stefan Zweig, el hombre que escribi\u00f3 la letra de sus \u00f3peras (un libretista), era jud\u00edo y no se le permiti\u00f3 trabajar con Strauss mientras la guerra crec\u00eda. Los nazis alemanes leyeron muchas de sus cartas privadas en las que expresaba su desaprobaci\u00f3n con ellos y le advert\u00edan que se esperaba que fuera fiel a la causa alemana. A\u00fan as\u00ed, Strauss no estaba de acuerdo con sus ideas, en privado. Despu\u00e9s de la guerra, escribi\u00f3&nbsp;<em>Metamorfoseado<\/em>una pieza para 23 cuerdas solistas que reflejaba la tristeza de la \u00e9poca.<\/p>\n\n\n\t\t\t<\/div>\n\t\t<\/div>\n\t<\/div>\n\n<\/div>\n\n\n<div class=\"richtext m-spacer\">\n\t<div class=\"container\">\n\t\t<div class=\"row\">\n\t\t\t<div class=\"col-10\">\n\t\t\t\t\n\n<div class=\"wp-block-columns is-layout-flex wp-container-core-columns-is-layout-9d6595d7 wp-block-columns-is-layout-flex\">\n<div class=\"wp-block-column is-layout-flow wp-block-column-is-layout-flow\">\n<iframe loading=\"lazy\" width=\"100%\" height=\"166\" scrolling=\"no\" frameborder=\"no\" allow=\"autoplay\" src=\"https:\/\/w.soundcloud.com\/player\/?url=https%3A\/\/api.soundcloud.com\/tracks\/296393480&amp;color=%23ff5500&amp;auto_play=false&amp;hide_related=true&amp;show_comments=false&amp;show_user=true&amp;show_reposts=false&amp;show_teaser=false\"><\/iframe>\n<\/div>\n<\/div>\n\n\n\t\t\t<\/div>\n\t\t<\/div>\n\t<\/div>\n\n<\/div>\n\n\n<div class=\"richtext m-spacer\">\n\t<div class=\"container\">\n\t\t<div class=\"row\">\n\t\t\t<div class=\"col-10\">\n\t\t\t\t\n<div class=\"richtext m-spacer\">\n\t<div class=\"container\">\n\t\t<div class=\"row\">\n\t\t\t<div class=\"col-10\">\n\t\t\t\t\n\t\t\t<\/div>\n\t\t<\/div>\n\t<\/div>\n\n<\/div>\n\n\n\t\t\t<\/div>\n\t\t<\/div>\n\t<\/div>\n\n<\/div>","protected":false},"excerpt":{"rendered":"<p>El padre de Richard Strauss, Franz, era un trompetista profesional que ense\u00f1\u00f3 a su hijo la m\u00fasica desde una edad muy temprana. Richard compon\u00eda a los seis a\u00f1os y su primera composici\u00f3n sinf\u00f3nica se interpret\u00f3 cuando s\u00f3lo ten\u00eda 17 a\u00f1os.<\/p>","protected":false},"author":3,"featured_media":8886,"parent":592,"menu_order":0,"comment_status":"closed","ping_status":"closed","template":"","meta":{"_acf_changed":false,"footnotes":""},"class_list":["post-1050","page","type-page","status-publish","has-post-thumbnail","hentry"],"acf":[],"_links":{"self":[{"href":"https:\/\/www.dallassymphony.org\/es\/wp-json\/wp\/v2\/pages\/1050","targetHints":{"allow":["GET"]}}],"collection":[{"href":"https:\/\/www.dallassymphony.org\/es\/wp-json\/wp\/v2\/pages"}],"about":[{"href":"https:\/\/www.dallassymphony.org\/es\/wp-json\/wp\/v2\/types\/page"}],"author":[{"embeddable":true,"href":"https:\/\/www.dallassymphony.org\/es\/wp-json\/wp\/v2\/users\/3"}],"replies":[{"embeddable":true,"href":"https:\/\/www.dallassymphony.org\/es\/wp-json\/wp\/v2\/comments?post=1050"}],"version-history":[{"count":0,"href":"https:\/\/www.dallassymphony.org\/es\/wp-json\/wp\/v2\/pages\/1050\/revisions"}],"up":[{"embeddable":true,"href":"https:\/\/www.dallassymphony.org\/es\/wp-json\/wp\/v2\/pages\/592"}],"wp:featuredmedia":[{"embeddable":true,"href":"https:\/\/www.dallassymphony.org\/es\/wp-json\/wp\/v2\/media\/8886"}],"wp:attachment":[{"href":"https:\/\/www.dallassymphony.org\/es\/wp-json\/wp\/v2\/media?parent=1050"}],"curies":[{"name":"wp","href":"https:\/\/api.w.org\/{rel}","templated":true}]}}