{"id":1049,"date":"2020-11-17T11:06:37","date_gmt":"2020-11-17T16:06:37","guid":{"rendered":"https:\/\/www.dallassymphony.org\/?page_id=1049"},"modified":"2022-05-05T16:39:42","modified_gmt":"2022-05-05T21:39:42","slug":"john-philip-sousa","status":"publish","type":"page","link":"https:\/\/www.dallassymphony.org\/es\/community-education\/dso-kids\/listen-watch\/composers\/john-philip-sousa\/","title":{"rendered":"John Philip Sousa"},"content":{"rendered":"<div class=\"hero__no-img bg-blue-8\">\n\t<div class=\"container\">\n\t\t<div class=\"row\">\n\t\t\t<div class=\"col-md-10\">\n\n\t\t\t\t<ul class=\"breadcrumbs\">\n    \t<li class=\"breadcrumb__link\">\n\t\t<a class=\"a-hover\" href=\"https:\/\/www.dallassymphony.org\/es\/\">Inicio<\/a>\n\t<\/li>\n    \t<li class=\"breadcrumb__link a-styles\">\n\t\t<a class=\"a-hover\" href=\"https:\/\/www.dallassymphony.org\/es\/community-education\/\">Educaci\u00f3n y Comunidad<\/a>\n\t<\/li>\n    \t<li class=\"breadcrumb__link a-styles\">\n\t\t<a class=\"a-hover\" href=\"https:\/\/www.dallassymphony.org\/es\/community-education\/dso-kids\/\">Para escuelas y profesores<\/a>\n\t<\/li>\n    \t<li class=\"breadcrumb__link a-styles\">\n\t\t<a class=\"a-hover\" href=\"https:\/\/www.dallassymphony.org\/es\/community-education\/dso-kids\/listen-watch\/\">Escuchar y ver<\/a>\n\t<\/li>\n    \t<li class=\"breadcrumb__link a-styles\">\n\t\t<a class=\"a-hover\" href=\"https:\/\/www.dallassymphony.org\/es\/community-education\/dso-kids\/listen-watch\/composers\/\">Compositores<\/a>\n\t<\/li>\n    <\/ul>\n\n                \t\t\t\t<h1>\n                    <span >John Philip Sousa<\/span>\n                <\/h1>\n                \t\t\t<\/div>\n\t\t<\/div>\n\t<\/div>\n<\/div>\n\n\n<div class=\"text-img text-img--left\">\n\t<div class=\"container\">\n\t\t<div class=\"row\">\n\t\t\t<div class=\"col-lg-12\">\n\t\t\t\t<div class=\"text-img__wrapper\">\n\t\t\t\t\t<h1><\/h1>\n\n                    <img loading=\"lazy\" decoding=\"async\" width=\"666\" height=\"375\" src=\"https:\/\/www.dallassymphony.org\/wp-content\/uploads\/2022\/05\/John-Philip-Sousa-666x375.jpg\" class=\"d-xl-none d-block\" alt=\"John Philip Sousa\" srcset=\"https:\/\/www.dallassymphony.org\/wp-content\/uploads\/2022\/05\/John-Philip-Sousa-666x375.jpg 666w, https:\/\/www.dallassymphony.org\/wp-content\/uploads\/2022\/05\/John-Philip-Sousa-300x169.jpg 300w, https:\/\/www.dallassymphony.org\/wp-content\/uploads\/2022\/05\/John-Philip-Sousa-1024x576.jpg 1024w, https:\/\/www.dallassymphony.org\/wp-content\/uploads\/2022\/05\/John-Philip-Sousa-768x432.jpg 768w, https:\/\/www.dallassymphony.org\/wp-content\/uploads\/2022\/05\/John-Philip-Sousa-1536x864.jpg 1536w, https:\/\/www.dallassymphony.org\/wp-content\/uploads\/2022\/05\/John-Philip-Sousa-18x10.jpg 18w, https:\/\/www.dallassymphony.org\/wp-content\/uploads\/2022\/05\/John-Philip-Sousa-388x218.jpg 388w, https:\/\/www.dallassymphony.org\/wp-content\/uploads\/2022\/05\/John-Philip-Sousa-540x303.jpg 540w, https:\/\/www.dallassymphony.org\/wp-content\/uploads\/2022\/05\/John-Philip-Sousa-735x413.jpg 735w, https:\/\/www.dallassymphony.org\/wp-content\/uploads\/2022\/05\/John-Philip-Sousa.jpg 1600w\" sizes=\"auto, (max-width: 666px) 100vw, 666px\" \/>\n\t\t\t\t\t<h5 id=\"h-dates\">FECHAS<\/h5>\n<p>Nacido: 6 de noviembre de 1854 en Washington, DC<br \/>\nMuri\u00f3: Marzo 6, 1932 en Reading, PA<\/p>\n<h5 id=\"h-nationality\">NACIONALIDAD<\/h5>\n<p>Americano<\/p>\n<h5 id=\"h-style-period\">ESTILO\/PERIODO<\/h5>\n<p>Rom\u00e1ntico 1820-1910<\/p>\n<h5 id=\"h-famous-works\">OBRAS FAMOSAS<\/h5>\n<p>Stars and Stripes Forever, Washington Post, Semper Fidelis, El Capit\u00e1n, The Thunderer<\/p>\n\n                    \n                <\/div>\n                <img loading=\"lazy\" decoding=\"async\" width=\"1600\" height=\"900\" src=\"https:\/\/www.dallassymphony.org\/wp-content\/uploads\/2022\/05\/John-Philip-Sousa-1600x900.jpg\" class=\"d-none d-xl-block\" alt=\"John Philip Sousa\" srcset=\"https:\/\/www.dallassymphony.org\/wp-content\/uploads\/2022\/05\/John-Philip-Sousa.jpg 1600w, https:\/\/www.dallassymphony.org\/wp-content\/uploads\/2022\/05\/John-Philip-Sousa-300x169.jpg 300w, https:\/\/www.dallassymphony.org\/wp-content\/uploads\/2022\/05\/John-Philip-Sousa-1024x576.jpg 1024w, https:\/\/www.dallassymphony.org\/wp-content\/uploads\/2022\/05\/John-Philip-Sousa-768x432.jpg 768w, https:\/\/www.dallassymphony.org\/wp-content\/uploads\/2022\/05\/John-Philip-Sousa-1536x864.jpg 1536w, https:\/\/www.dallassymphony.org\/wp-content\/uploads\/2022\/05\/John-Philip-Sousa-18x10.jpg 18w, https:\/\/www.dallassymphony.org\/wp-content\/uploads\/2022\/05\/John-Philip-Sousa-388x218.jpg 388w, https:\/\/www.dallassymphony.org\/wp-content\/uploads\/2022\/05\/John-Philip-Sousa-540x303.jpg 540w, https:\/\/www.dallassymphony.org\/wp-content\/uploads\/2022\/05\/John-Philip-Sousa-666x375.jpg 666w, https:\/\/www.dallassymphony.org\/wp-content\/uploads\/2022\/05\/John-Philip-Sousa-735x413.jpg 735w\" sizes=\"auto, (max-width: 1600px) 100vw, 1600px\" \/>\t\t\t<\/div>\n\t\t<\/div>\n\t<\/div>\n<\/div>\n\n\n<div class=\"richtext m-spacer\">\n\t<div class=\"container\">\n\t\t<div class=\"row\">\n\t\t\t<div class=\"col-10\">\n\t\t\t\t\n\n<iframe loading=\"lazy\" width=\"50%\" height=\"20\" scrolling=\"no\" frameborder=\"no\" allow=\"autoplay\" src=\"https:\/\/w.soundcloud.com\/player\/?url=https%3A\/\/api.soundcloud.com\/tracks\/296395706&amp;color=%23ff5500&amp;inverse=false&amp;auto_play=false&amp;show_user=true\"><\/iframe>\n\n\n\n<div style=\"height:50px\" aria-hidden=\"true\" class=\"wp-block-spacer\"><\/div>\n\n\n\t\t\t<\/div>\n\t\t<\/div>\n\t<\/div>\n\n<\/div>\n\n\n<div class=\"richtext m-spacer\">\n\t<div class=\"container\">\n\t\t<div class=\"row\">\n\t\t\t<div class=\"col-10\">\n\t\t\t\t\n\n<hr class=\"wp-block-separator\"\/>\n\n\n\n<h3 class=\"wp-block-heading\" id=\"h-biography\">BIOGRAF\u00cdA<\/h3>\n\n\n\n<hr class=\"wp-block-separator\"\/>\n\n\n\n<p>John Philip Sousa naci\u00f3 en Washington, DC el 6 de noviembre de 1854. Fue el tercero de diez hijos de John Antonio Sousa, un inmigrante portugu\u00e9s, y Maria Elizabeth Trinkhaus, una inmigrante alemana. Su padre interpret\u00f3&nbsp;<strong><a href=\"https:\/\/www.dallassymphony.org\/es\/community-education\/dso-kids\/listen-watch\/instruments\/trombone\/\">tromb\u00f3n<\/a><\/strong>&nbsp;en la Banda de los Marines de EE.UU., lo que influy\u00f3 en que John empezara a estudiar m\u00fasica cuando ten\u00eda seis a\u00f1os. Comenz\u00f3 a estudiar&nbsp;<strong><a href=\"https:\/\/www.dallassymphony.org\/es\/community-education\/dso-kids\/listen-watch\/instruments\/violin\/\">viol\u00edn<\/a><\/strong>pero finalmente aprendi\u00f3 todos los instrumentos de viento. John Philip Sousa estaba muy interesado en estar en una banda, as\u00ed que cuando ten\u00eda 13 a\u00f1os, intent\u00f3 unirse a una banda de circo. Su intento no tuvo \u00e9xito y poco despu\u00e9s, su padre reclut\u00f3 a John en la Banda de los Marines en Washington, D.C., donde permaneci\u00f3 durante 8 a\u00f1os.<\/p>\n\n\n\n<p>En 1875, Sousa comenz\u00f3 a actuar como&nbsp;<strong><a href=\"https:\/\/www.dallassymphony.org\/es\/community-education\/dso-kids\/listen-watch\/instruments\/violin\/\">violinista<\/a><\/strong>...yendo de gira y eventualmente tomando posiciones como director de orquesta de teatro. Fue en el teatro donde conoci\u00f3 a su esposa, Jane Van Middlesworth Bellis, que era cantante. Ten\u00edan tres hijos que eran m\u00fasicos: John, Jane y Helen.<\/p>\n\n\n\n<p>Sousa volvi\u00f3 a dirigir la Banda de Marines durante 12 a\u00f1os, sirviendo a 5 presidentes. Tambi\u00e9n conocida como \"The President's Own\", la Banda de Marines se convirti\u00f3 en una de las principales bandas militares bajo la tutela de Sousa, lo que le convirti\u00f3 en uno de los directores y compositores m\u00e1s respetados de Estados Unidos. Conocido como \"El Rey de la Marcha\", Sousa compuso m\u00e1s de 100 marchas, adem\u00e1s de piezas de concierto, operetas, oberturas y suites. El d\u00eda de Navidad de 1898, Sousa compuso \"The Stars and Stripes Forever\", que acab\u00f3 convirti\u00e9ndose en la marcha nacional de Estados Unidos.<\/p>\n\n\n\n<p>Organiz\u00f3 y dirigi\u00f3 su propia banda, llamada \"Sousa's New Marine Band\", que realiz\u00f3 una gira por Europa y agot\u00f3 las entradas de cada local.<\/p>\n\n\n\n<p>Durante la Primera Guerra Mundial, a la edad de 62 a\u00f1os, Sousa se uni\u00f3 a la Reserva de la Marina de los Estados Unidos como teniente para entrenar a los j\u00f3venes de la banda en el Centro de Entrenamiento de la Marina de los Grandes Lagos. Se le pagaba $1 por mes.<\/p>\n\n\n\n<p>Sousa fue un firme defensor de la educaci\u00f3n musical general en nuestras escuelas, y a menudo defendi\u00f3 los derechos de los compositores. En 1893, Sousa colabor\u00f3 con J.W. Pepper para crear una marcha&nbsp;<strong><a href=\"https:\/\/www.dallassymphony.org\/es\/community-education\/dso-kids\/listen-watch\/instruments\/tuba\/\">tuba<\/a><\/strong>. Llamado un sousaphone, este&nbsp;<strong><a href=\"https:\/\/www.dallassymphony.org\/es\/community-education\/dso-kids\/listen-watch\/instruments\/tuba\/\">tuba<\/a><\/strong>&nbsp;podr\u00eda tocarse de pie o sentado con la campana colocada para proyectar la m\u00fasica sobre la banda. En 1898, Conn cre\u00f3 un modelo que Sousa prefer\u00eda.<\/p>\n\n\n\n<p>John Philip Sousa muri\u00f3 el 6 de marzo de 1932 en su habitaci\u00f3n de hotel a la edad de 77 a\u00f1os en Reading, Pensilvania. Hab\u00eda terminado un ensayo unas horas antes. La \u00faltima pieza que dirigi\u00f3 en ese ensayo fue \"The Stars and Stripes Forever\". Ocho a\u00f1os m\u00e1s tarde, en 1940, el Servicio Postal de Estados Unidos emiti\u00f3 un sello conmemorativoative de 2 c\u00e9ntimos con la imagen de Sousa.<\/p>\n\n\n\n<p><strong>Esta p\u00e1gina ha sido aportada por los alumnos de 4\u00ba y 5\u00ba grado de la Sra. Armstrong en Hammond Elem., Laurel, MD<\/strong><\/p>\n\n\n\t\t\t<\/div>\n\t\t<\/div>\n\t<\/div>\n\n<\/div>\n\n\n<div class=\"richtext m-spacer\">\n\t<div class=\"container\">\n\t\t<div class=\"row\">\n\t\t\t<div class=\"col-10\">\n\t\t\t\t\n\n<div class=\"wp-block-columns is-layout-flex wp-container-core-columns-is-layout-9d6595d7 wp-block-columns-is-layout-flex\">\n<div class=\"wp-block-column is-layout-flow wp-block-column-is-layout-flow\">\n<iframe loading=\"lazy\" width=\"100%\" height=\"166\" scrolling=\"no\" frameborder=\"no\" allow=\"autoplay\" src=\"https:\/\/w.soundcloud.com\/player\/?url=https%3A\/\/api.soundcloud.com\/tracks\/304673009&amp;color=%23ff5500&amp;auto_play=false&amp;hide_related=true&amp;show_comments=false&amp;show_user=true&amp;show_reposts=false&amp;show_teaser=false\"><\/iframe>\n<\/div>\n<\/div>\n\n\n\t\t\t<\/div>\n\t\t<\/div>\n\t<\/div>\n\n<\/div>\n\n\n<div class=\"richtext m-spacer\">\n\t<div class=\"container\">\n\t\t<div class=\"row\">\n\t\t\t<div class=\"col-10\">\n\t\t\t\t\n<div class=\"richtext m-spacer\">\n\t<div class=\"container\">\n\t\t<div class=\"row\">\n\t\t\t<div class=\"col-10\">\n\t\t\t\t\n\t\t\t<\/div>\n\t\t<\/div>\n\t<\/div>\n\n<\/div>\n\n\n\t\t\t<\/div>\n\t\t<\/div>\n\t<\/div>\n\n<\/div>","protected":false},"excerpt":{"rendered":"<p>John Philip Sousa naci\u00f3 en Washington, DC el 6 de noviembre de 1854. Fue el tercero de diez hijos de John Antonio Sousa, un inmigrante portugu\u00e9s, y Maria Elizabeth Trinkhaus, una inmigrante alemana.<\/p>","protected":false},"author":3,"featured_media":8885,"parent":592,"menu_order":0,"comment_status":"closed","ping_status":"closed","template":"","meta":{"_acf_changed":false,"footnotes":""},"class_list":["post-1049","page","type-page","status-publish","has-post-thumbnail","hentry"],"acf":[],"_links":{"self":[{"href":"https:\/\/www.dallassymphony.org\/es\/wp-json\/wp\/v2\/pages\/1049","targetHints":{"allow":["GET"]}}],"collection":[{"href":"https:\/\/www.dallassymphony.org\/es\/wp-json\/wp\/v2\/pages"}],"about":[{"href":"https:\/\/www.dallassymphony.org\/es\/wp-json\/wp\/v2\/types\/page"}],"author":[{"embeddable":true,"href":"https:\/\/www.dallassymphony.org\/es\/wp-json\/wp\/v2\/users\/3"}],"replies":[{"embeddable":true,"href":"https:\/\/www.dallassymphony.org\/es\/wp-json\/wp\/v2\/comments?post=1049"}],"version-history":[{"count":0,"href":"https:\/\/www.dallassymphony.org\/es\/wp-json\/wp\/v2\/pages\/1049\/revisions"}],"up":[{"embeddable":true,"href":"https:\/\/www.dallassymphony.org\/es\/wp-json\/wp\/v2\/pages\/592"}],"wp:featuredmedia":[{"embeddable":true,"href":"https:\/\/www.dallassymphony.org\/es\/wp-json\/wp\/v2\/media\/8885"}],"wp:attachment":[{"href":"https:\/\/www.dallassymphony.org\/es\/wp-json\/wp\/v2\/media?parent=1049"}],"curies":[{"name":"wp","href":"https:\/\/api.w.org\/{rel}","templated":true}]}}