{"id":1041,"date":"2020-11-17T11:05:04","date_gmt":"2020-11-17T16:05:04","guid":{"rendered":"https:\/\/www.dallassymphony.org\/?page_id=1041"},"modified":"2022-05-05T15:49:51","modified_gmt":"2022-05-05T20:49:51","slug":"sergei-rachmaninoff","status":"publish","type":"page","link":"https:\/\/www.dallassymphony.org\/es\/community-education\/dso-kids\/listen-watch\/composers\/sergei-rachmaninoff\/","title":{"rendered":"Sergei Rachmaninoff"},"content":{"rendered":"<div class=\"hero__no-img bg-blue-8\">\n\t<div class=\"container\">\n\t\t<div class=\"row\">\n\t\t\t<div class=\"col-md-10\">\n\n\t\t\t\t<ul class=\"breadcrumbs\">\n    \t<li class=\"breadcrumb__link\">\n\t\t<a class=\"a-hover\" href=\"https:\/\/www.dallassymphony.org\/es\/\">Inicio<\/a>\n\t<\/li>\n    \t<li class=\"breadcrumb__link a-styles\">\n\t\t<a class=\"a-hover\" href=\"https:\/\/www.dallassymphony.org\/es\/community-education\/\">Educaci\u00f3n y Comunidad<\/a>\n\t<\/li>\n    \t<li class=\"breadcrumb__link a-styles\">\n\t\t<a class=\"a-hover\" href=\"https:\/\/www.dallassymphony.org\/es\/community-education\/dso-kids\/\">Para escuelas y profesores<\/a>\n\t<\/li>\n    \t<li class=\"breadcrumb__link a-styles\">\n\t\t<a class=\"a-hover\" href=\"https:\/\/www.dallassymphony.org\/es\/community-education\/dso-kids\/listen-watch\/\">Escuchar y ver<\/a>\n\t<\/li>\n    \t<li class=\"breadcrumb__link a-styles\">\n\t\t<a class=\"a-hover\" href=\"https:\/\/www.dallassymphony.org\/es\/community-education\/dso-kids\/listen-watch\/composers\/\">Compositores<\/a>\n\t<\/li>\n    <\/ul>\n\n                \t\t\t\t<h1>\n                    <span >Sergei Rachmaninoff<\/span>\n                <\/h1>\n                \t\t\t<\/div>\n\t\t<\/div>\n\t<\/div>\n<\/div>\n\n\n<div class=\"text-img text-img--left\">\n\t<div class=\"container\">\n\t\t<div class=\"row\">\n\t\t\t<div class=\"col-lg-12\">\n\t\t\t\t<div class=\"text-img__wrapper\">\n\t\t\t\t\t<h1><\/h1>\n\n                    <img loading=\"lazy\" decoding=\"async\" width=\"666\" height=\"375\" src=\"https:\/\/www.dallassymphony.org\/wp-content\/uploads\/2022\/05\/Sergei-Rachmaninoff-666x375.jpg\" class=\"d-xl-none d-block\" alt=\"Sergei Rachmaninoff\" srcset=\"https:\/\/www.dallassymphony.org\/wp-content\/uploads\/2022\/05\/Sergei-Rachmaninoff-666x375.jpg 666w, https:\/\/www.dallassymphony.org\/wp-content\/uploads\/2022\/05\/Sergei-Rachmaninoff-300x169.jpg 300w, https:\/\/www.dallassymphony.org\/wp-content\/uploads\/2022\/05\/Sergei-Rachmaninoff-1024x576.jpg 1024w, https:\/\/www.dallassymphony.org\/wp-content\/uploads\/2022\/05\/Sergei-Rachmaninoff-768x432.jpg 768w, https:\/\/www.dallassymphony.org\/wp-content\/uploads\/2022\/05\/Sergei-Rachmaninoff-1536x864.jpg 1536w, https:\/\/www.dallassymphony.org\/wp-content\/uploads\/2022\/05\/Sergei-Rachmaninoff-18x10.jpg 18w, https:\/\/www.dallassymphony.org\/wp-content\/uploads\/2022\/05\/Sergei-Rachmaninoff-388x218.jpg 388w, https:\/\/www.dallassymphony.org\/wp-content\/uploads\/2022\/05\/Sergei-Rachmaninoff-540x303.jpg 540w, https:\/\/www.dallassymphony.org\/wp-content\/uploads\/2022\/05\/Sergei-Rachmaninoff-735x413.jpg 735w, https:\/\/www.dallassymphony.org\/wp-content\/uploads\/2022\/05\/Sergei-Rachmaninoff.jpg 1600w\" sizes=\"auto, (max-width: 666px) 100vw, 666px\" \/>\n\t\t\t\t\t<h5 id=\"h-dates\">FECHAS<\/h5>\n<p>Nacido el 1 de abril de 1873 en Semyonovo, Rusia<br \/>\nFalleci\u00f3 el 28 de marzo de 1943 en Beverly Hills, CA, EE.UU.<\/p>\n<h5 id=\"h-nationality\">NACIONALIDAD<\/h5>\n<p>Ruso<\/p>\n<h5 id=\"h-style-period\">ESTILO\/PERIODO<\/h5>\n<p>Rom\u00e1ntico 1820-1910<\/p>\n<h5 id=\"h-famous-works\">OBRAS FAMOSAS<\/h5>\n<p>Cinco piezas, Op.3, La Roca (un poema de tono), Primera Sonata para Piano, cuatro Conciertos para Piano, Rapsodia sobre un Tema de Paganini, y Aleko, una \u00f3pera.<\/p>\n\n                    \n                <\/div>\n                <img loading=\"lazy\" decoding=\"async\" width=\"1600\" height=\"900\" src=\"https:\/\/www.dallassymphony.org\/wp-content\/uploads\/2022\/05\/Sergei-Rachmaninoff-1600x900.jpg\" class=\"d-none d-xl-block\" alt=\"Sergei Rachmaninoff\" srcset=\"https:\/\/www.dallassymphony.org\/wp-content\/uploads\/2022\/05\/Sergei-Rachmaninoff.jpg 1600w, https:\/\/www.dallassymphony.org\/wp-content\/uploads\/2022\/05\/Sergei-Rachmaninoff-300x169.jpg 300w, https:\/\/www.dallassymphony.org\/wp-content\/uploads\/2022\/05\/Sergei-Rachmaninoff-1024x576.jpg 1024w, https:\/\/www.dallassymphony.org\/wp-content\/uploads\/2022\/05\/Sergei-Rachmaninoff-768x432.jpg 768w, https:\/\/www.dallassymphony.org\/wp-content\/uploads\/2022\/05\/Sergei-Rachmaninoff-1536x864.jpg 1536w, https:\/\/www.dallassymphony.org\/wp-content\/uploads\/2022\/05\/Sergei-Rachmaninoff-18x10.jpg 18w, https:\/\/www.dallassymphony.org\/wp-content\/uploads\/2022\/05\/Sergei-Rachmaninoff-388x218.jpg 388w, https:\/\/www.dallassymphony.org\/wp-content\/uploads\/2022\/05\/Sergei-Rachmaninoff-540x303.jpg 540w, https:\/\/www.dallassymphony.org\/wp-content\/uploads\/2022\/05\/Sergei-Rachmaninoff-666x375.jpg 666w, https:\/\/www.dallassymphony.org\/wp-content\/uploads\/2022\/05\/Sergei-Rachmaninoff-735x413.jpg 735w\" sizes=\"auto, (max-width: 1600px) 100vw, 1600px\" \/>\t\t\t<\/div>\n\t\t<\/div>\n\t<\/div>\n<\/div>\n\n\n<div class=\"richtext m-spacer\">\n\t<div class=\"container\">\n\t\t<div class=\"row\">\n\t\t\t<div class=\"col-10\">\n\t\t\t\t\n\n<div style=\"height:50px\" aria-hidden=\"true\" class=\"wp-block-spacer\"><\/div>\n\n\n\t\t\t<\/div>\n\t\t<\/div>\n\t<\/div>\n\n<\/div>\n\n\n<div class=\"richtext m-spacer\">\n\t<div class=\"container\">\n\t\t<div class=\"row\">\n\t\t\t<div class=\"col-10\">\n\t\t\t\t\n\n<hr class=\"wp-block-separator\"\/>\n\n\n\n<h3 class=\"wp-block-heading\" id=\"h-biography\">BIOGRAF\u00cdA<\/h3>\n\n\n\n<hr class=\"wp-block-separator\"\/>\n\n\n\n<p>Sergei Vas\u00edlievich Rachmaninoff era el quinto hijo de una familia aristocr\u00e1tica rusa. Su madre, su padre y su abuelo jugaron a la&nbsp;<strong><a href=\"https:\/\/www.dallassymphony.org\/es\/community-education\/dso-kids\/listen-watch\/instruments\/piano\/\">piano<\/a><\/strong>...as\u00ed que no es de extra\u00f1ar que mostrara un considerable talento musical a una edad temprana. Cuando Rachmaninoff ten\u00eda 9 a\u00f1os, sus padres se separaron. La finca familiar fue vendida y se mud\u00f3 con su madre, hermanos y hermanas a San Petersburgo, Rusia. Rachmaninoff ten\u00eda 10 a\u00f1os cuando se inscribi\u00f3 en el Conservatorio de San Petersburgo. All\u00ed estudi\u00f3&nbsp;<strong><a href=\"https:\/\/www.dallassymphony.org\/es\/community-education\/dso-kids\/listen-watch\/instruments\/piano\/\">piano<\/a><\/strong>&nbsp;y la armon\u00eda. Al cumplir los 12 a\u00f1os, ingres\u00f3 en el Conservatorio de Mosc\u00fa, donde viv\u00eda en la casa de su profesor, compartiendo un dormitorio con otros tres estudiantes y turn\u00e1ndose para practicar las tres horas obligatorias de&nbsp;<strong><a href=\"https:\/\/www.dallassymphony.org\/es\/community-education\/dso-kids\/listen-watch\/instruments\/piano\/\">piano<\/a><\/strong>&nbsp;diario. En el Conservatorio de Mosc\u00fa tambi\u00e9n conoci\u00f3 a Peter Tchaikovsky. Tchaikovsky reconoci\u00f3 el talento de Rachmaninoff y le sirvi\u00f3 de mentor.<\/p>\n\n\n\n<p>Rachmaninoff se gradu\u00f3 como&nbsp;<strong><a href=\"https:\/\/www.dallassymphony.org\/es\/community-education\/dso-kids\/listen-watch\/instruments\/piano\/\">pianista<\/a><\/strong>&nbsp;en 1891. Gan\u00f3 una medalla de oro por su \u00f3pera, Aleko y pronto complet\u00f3 su primera&nbsp;<em>Concierto para piano en F# menor<\/em>. Tambi\u00e9n escribi\u00f3 un grupo de&nbsp;<em>Cinco piezas, Op. 3<\/em>&nbsp;para&nbsp;<strong><a href=\"https:\/\/www.dallassymphony.org\/es\/community-education\/dso-kids\/listen-watch\/instruments\/piano\/\">piano<\/a><\/strong>&nbsp;que inclu\u00eda su famoso&nbsp;<strong><a href=\"https:\/\/www.dallassymphony.org\/es\/community-education\/dso-kids\/listen-watch\/instruments\/piano\/\">piano<\/a><\/strong>&nbsp;trabajo:&nbsp;<em>Preludio en C# menor<\/em>. Pronto empez\u00f3 a aparecer en concierto como pianista y tambi\u00e9n empez\u00f3 a dirigir.<\/p>\n\n\n\n<p>Mientras compon\u00eda, tambi\u00e9n ense\u00f1\u00f3&nbsp;<strong><a href=\"https:\/\/www.dallassymphony.org\/es\/community-education\/dso-kids\/listen-watch\/instruments\/piano\/\">piano<\/a><\/strong>&nbsp;estudiantes y sirvi\u00f3 como acompa\u00f1ante. Cuando su Sinfon\u00eda fue estrenada el 27 de marzo de 1897, fue recibida con una gran cantidad de cr\u00edticas. Rachmaninoff perdi\u00f3 la confianza en s\u00ed mismo como compositor y en realidad vio a un psic\u00f3logo someterse a una hipnosis para ayudarle a recuperar su autoestima.<\/p>\n\n\n\n<p>Pronto, un amigo rico ofreci\u00f3 el puesto de director de la \u00d3pera de Mosc\u00fa que Rachmaninoff acept\u00f3. Este per\u00edodo como director le ayud\u00f3 mucho a recuperar su confianza en s\u00ed mismo. La Sociedad Filarm\u00f3nica de Londres, Inglaterra, le dio la oportunidad de aparecer como compositor invitado,&nbsp;<strong><a href=\"https:\/\/www.dallassymphony.org\/es\/community-education\/dso-kids\/listen-watch\/instruments\/piano\/\">pianista<\/a><\/strong>y director. Tuvo tanto \u00e9xito que lo invitaron a volver para la temporada 1899-1900.<\/p>\n\n\n\n<p>En 1902, Rachmaninoff se cas\u00f3 con Natalie Satina y comenz\u00f3 a componer regularmente. Estaba en constante demanda como director de orquesta y&nbsp;<strong><a href=\"https:\/\/www.dallassymphony.org\/es\/community-education\/dso-kids\/listen-watch\/instruments\/piano\/\">pianista<\/a><\/strong>&nbsp;y en 1906 se mud\u00f3 con su familia a Dresde, Alemania, donde compuso su segunda Sinfon\u00eda y Sonata para Piano No.1. Escribi\u00f3 su tercer Concierto para Piano para una gira de 20 conciertos por los Estados Unidos donde fue tocado dos veces en Nueva York, una vez bajo la direcci\u00f3n del compositor\/conductor&nbsp;<strong><a href=\"https:\/\/www.dallassymphony.org\/es\/community-education\/dso-kids\/listen-watch\/composers\/gustav-mahler\/\">Gustav Mahler<\/a><\/strong>. Tuvo tanto \u00e9xito en los Estados Unidos que le ofrecieron el puesto de director de la Orquesta Sinf\u00f3nica de Boston: \u00a1no una vez, sino dos! Declin\u00f3 el puesto a favor de regresar a Rusia donde acept\u00f3 el cargo de Vicepresidente de la Sociedad Imperial de M\u00fasica con la responsabilidad de desarrollar la educaci\u00f3n superior del conservatorio y tambi\u00e9n de dirigir la Filarm\u00f3nica de Mosc\u00fa.<\/p>\n\n\n\n<p>En noviembre de 1917, despu\u00e9s de una gran revoluci\u00f3n rusa, Rachmaninoff y su familia dejaron Rusia para hacer una gira por Escandinavia. Pronto se estableci\u00f3 en los Estados Unidos e inmediatamente comenz\u00f3 a dar conciertos y sesiones de grabaci\u00f3n. Regularmente hizo giras anuales por Europa y los Estados Unidos como&nbsp;<strong><a href=\"https:\/\/www.dallassymphony.org\/es\/community-education\/dso-kids\/listen-watch\/instruments\/piano\/\">pianista<\/a><\/strong>&nbsp;especializada en la interpretaci\u00f3n de la m\u00fasica de Chopin,&nbsp;<strong><a href=\"https:\/\/www.dallassymphony.org\/es\/community-education\/dso-kids\/listen-watch\/composers\/robert-schumann\/\">Schumann<\/a><\/strong>...y...&nbsp;<strong><a href=\"https:\/\/www.dallassymphony.org\/es\/community-education\/dso-kids\/listen-watch\/composers\/franz-liszt\/\">Liszt<\/a><\/strong>as\u00ed como sus propias obras. Grab\u00f3 cuatro de sus&nbsp;<strong><a href=\"https:\/\/www.dallassymphony.org\/es\/community-education\/dso-kids\/listen-watch\/instruments\/piano\/\">piano<\/a><\/strong>&nbsp;y dirigi\u00f3 conciertos grabados de su tercera Sinfon\u00eda.<\/p>\n\n\n\n<p>En 1931, Rachmaninoff compr\u00f3 una casa en Suiza situada en el lago de Lucerna. All\u00ed disfrutaba de sus vacaciones y de la navegaci\u00f3n en el lago. Fue galardonado con la Medalla de Oro de la Real Sociedad Filarm\u00f3nica Inglesa y se le invit\u00f3 a enviar sus composiciones a Rusia para su interpretaci\u00f3n. Pronto, Rachmaninoff enferm\u00f3 de c\u00e1ncer, pero sigui\u00f3 actuando. Dio su \u00faltimo recital en Knoxville, Tennessee, el 15 de febrero de 1943 y muri\u00f3 el 28 de marzo de 1943. Rachmaninoff est\u00e1 enterrado en el cementerio de Kensico, cerca de Nueva York. Aunque compuso la mayor parte de su m\u00fasica en el siglo XX, Rachmaninoff es considerado un compositor rom\u00e1ntico porque su estilo musical encaja mejor con la m\u00fasica de ese periodo.<\/p>\n\n\n\t\t\t<\/div>\n\t\t<\/div>\n\t<\/div>\n\n<\/div>\n\n\n<div class=\"richtext m-spacer\">\n\t<div class=\"container\">\n\t\t<div class=\"row\">\n\t\t\t<div class=\"col-10\">\n\t\t\t\t\n\n<div class=\"wp-block-columns is-layout-flex wp-container-core-columns-is-layout-9d6595d7 wp-block-columns-is-layout-flex\">\n<div class=\"wp-block-column is-layout-flow wp-block-column-is-layout-flow\">\n<iframe loading=\"lazy\" width=\"100%\" height=\"300\" scrolling=\"no\" frameborder=\"no\" allow=\"autoplay\" src=\"https:\/\/w.soundcloud.com\/player\/?url=https%3A\/\/api.soundcloud.com\/tracks\/296733444&amp;color=%23ff5500&amp;auto_play=false&amp;hide_related=true&amp;show_comments=false&amp;show_user=true&amp;show_reposts=false&amp;show_teaser=false&amp;visual=true\"><\/iframe>\n<\/div>\n\n\n\n<div class=\"wp-block-column is-layout-flow wp-block-column-is-layout-flow\">\n<iframe loading=\"lazy\" width=\"100%\" height=\"300\" scrolling=\"no\" frameborder=\"no\" allow=\"autoplay\" src=\"https:\/\/w.soundcloud.com\/player\/?url=https%3A\/\/api.soundcloud.com\/tracks\/296733246&amp;color=%23ff5500&amp;auto_play=false&amp;hide_related=true&amp;show_comments=false&amp;show_user=true&amp;show_reposts=false&amp;show_teaser=false&amp;visual=true\"><\/iframe>\n<\/div>\n<\/div>\n\n\n\t\t\t<\/div>\n\t\t<\/div>\n\t<\/div>\n\n<\/div>\n\n\n<div class=\"richtext m-spacer\">\n\t<div class=\"container\">\n\t\t<div class=\"row\">\n\t\t\t<div class=\"col-10\">\n\t\t\t\t\n<div class=\"richtext m-spacer\">\n\t<div class=\"container\">\n\t\t<div class=\"row\">\n\t\t\t<div class=\"col-10\">\n\t\t\t\t\n\t\t\t<\/div>\n\t\t<\/div>\n\t<\/div>\n\n<\/div>\n\n\n\t\t\t<\/div>\n\t\t<\/div>\n\t<\/div>\n\n<\/div>","protected":false},"excerpt":{"rendered":"<p>Sergei Vas\u00edlievich Rachmaninoff era el quinto hijo de una familia aristocr\u00e1tica rusa. Su madre, su padre y su abuelo tocaban el piano, as\u00ed que no es de extra\u00f1ar que mostrara un considerable talento musical a una edad temprana.<\/p>","protected":false},"author":3,"featured_media":8878,"parent":592,"menu_order":0,"comment_status":"closed","ping_status":"closed","template":"","meta":{"_acf_changed":false,"footnotes":""},"class_list":["post-1041","page","type-page","status-publish","has-post-thumbnail","hentry"],"acf":[],"_links":{"self":[{"href":"https:\/\/www.dallassymphony.org\/es\/wp-json\/wp\/v2\/pages\/1041","targetHints":{"allow":["GET"]}}],"collection":[{"href":"https:\/\/www.dallassymphony.org\/es\/wp-json\/wp\/v2\/pages"}],"about":[{"href":"https:\/\/www.dallassymphony.org\/es\/wp-json\/wp\/v2\/types\/page"}],"author":[{"embeddable":true,"href":"https:\/\/www.dallassymphony.org\/es\/wp-json\/wp\/v2\/users\/3"}],"replies":[{"embeddable":true,"href":"https:\/\/www.dallassymphony.org\/es\/wp-json\/wp\/v2\/comments?post=1041"}],"version-history":[{"count":0,"href":"https:\/\/www.dallassymphony.org\/es\/wp-json\/wp\/v2\/pages\/1041\/revisions"}],"up":[{"embeddable":true,"href":"https:\/\/www.dallassymphony.org\/es\/wp-json\/wp\/v2\/pages\/592"}],"wp:featuredmedia":[{"embeddable":true,"href":"https:\/\/www.dallassymphony.org\/es\/wp-json\/wp\/v2\/media\/8878"}],"wp:attachment":[{"href":"https:\/\/www.dallassymphony.org\/es\/wp-json\/wp\/v2\/media?parent=1041"}],"curies":[{"name":"wp","href":"https:\/\/api.w.org\/{rel}","templated":true}]}}