{"id":1040,"date":"2020-11-17T11:04:51","date_gmt":"2020-11-17T16:04:51","guid":{"rendered":"https:\/\/www.dallassymphony.org\/?page_id=1040"},"modified":"2022-05-05T15:43:03","modified_gmt":"2022-05-05T20:43:03","slug":"jacques-offenbach","status":"publish","type":"page","link":"https:\/\/www.dallassymphony.org\/es\/community-education\/dso-kids\/listen-watch\/composers\/jacques-offenbach\/","title":{"rendered":"Jacques Offenbach"},"content":{"rendered":"<div class=\"hero__no-img bg-blue-8\">\n\t<div class=\"container\">\n\t\t<div class=\"row\">\n\t\t\t<div class=\"col-md-10\">\n\n\t\t\t\t<ul class=\"breadcrumbs\">\n    \t<li class=\"breadcrumb__link\">\n\t\t<a class=\"a-hover\" href=\"https:\/\/www.dallassymphony.org\/es\/\">Inicio<\/a>\n\t<\/li>\n    \t<li class=\"breadcrumb__link a-styles\">\n\t\t<a class=\"a-hover\" href=\"https:\/\/www.dallassymphony.org\/es\/community-education\/\">Educaci\u00f3n y Comunidad<\/a>\n\t<\/li>\n    \t<li class=\"breadcrumb__link a-styles\">\n\t\t<a class=\"a-hover\" href=\"https:\/\/www.dallassymphony.org\/es\/community-education\/dso-kids\/\">Para escuelas y profesores<\/a>\n\t<\/li>\n    \t<li class=\"breadcrumb__link a-styles\">\n\t\t<a class=\"a-hover\" href=\"https:\/\/www.dallassymphony.org\/es\/community-education\/dso-kids\/listen-watch\/\">Escuchar y ver<\/a>\n\t<\/li>\n    \t<li class=\"breadcrumb__link a-styles\">\n\t\t<a class=\"a-hover\" href=\"https:\/\/www.dallassymphony.org\/es\/community-education\/dso-kids\/listen-watch\/composers\/\">Compositores<\/a>\n\t<\/li>\n    <\/ul>\n\n                \t\t\t\t<h1>\n                    <span >Jacques Offenbach<\/span>\n                <\/h1>\n                \t\t\t<\/div>\n\t\t<\/div>\n\t<\/div>\n<\/div>\n\n\n<div class=\"text-img text-img--left\">\n\t<div class=\"container\">\n\t\t<div class=\"row\">\n\t\t\t<div class=\"col-lg-12\">\n\t\t\t\t<div class=\"text-img__wrapper\">\n\t\t\t\t\t<h1><\/h1>\n\n                    <img loading=\"lazy\" decoding=\"async\" width=\"666\" height=\"375\" src=\"https:\/\/www.dallassymphony.org\/wp-content\/uploads\/2022\/05\/Jacques-Offenbach-666x375.jpg\" class=\"d-xl-none d-block\" alt=\"Jacques Offenbach\" srcset=\"https:\/\/www.dallassymphony.org\/wp-content\/uploads\/2022\/05\/Jacques-Offenbach-666x375.jpg 666w, https:\/\/www.dallassymphony.org\/wp-content\/uploads\/2022\/05\/Jacques-Offenbach-300x169.jpg 300w, https:\/\/www.dallassymphony.org\/wp-content\/uploads\/2022\/05\/Jacques-Offenbach-1024x576.jpg 1024w, https:\/\/www.dallassymphony.org\/wp-content\/uploads\/2022\/05\/Jacques-Offenbach-768x432.jpg 768w, https:\/\/www.dallassymphony.org\/wp-content\/uploads\/2022\/05\/Jacques-Offenbach-1536x864.jpg 1536w, https:\/\/www.dallassymphony.org\/wp-content\/uploads\/2022\/05\/Jacques-Offenbach-18x10.jpg 18w, https:\/\/www.dallassymphony.org\/wp-content\/uploads\/2022\/05\/Jacques-Offenbach-388x218.jpg 388w, https:\/\/www.dallassymphony.org\/wp-content\/uploads\/2022\/05\/Jacques-Offenbach-540x303.jpg 540w, https:\/\/www.dallassymphony.org\/wp-content\/uploads\/2022\/05\/Jacques-Offenbach-735x413.jpg 735w, https:\/\/www.dallassymphony.org\/wp-content\/uploads\/2022\/05\/Jacques-Offenbach.jpg 1600w\" sizes=\"auto, (max-width: 666px) 100vw, 666px\" \/>\n\t\t\t\t\t<h5 id=\"h-dates\">FECHAS<\/h5>\n<p>Nacido en Colonia, Alemania, en junio de 1819<br \/>\nMuri\u00f3 en Par\u00eds, Francia, el 5 de octubre de 1880<\/p>\n<h5 id=\"h-nationality\">NACIONALIDAD<\/h5>\n<p>Franc\u00e9s<\/p>\n<h5 id=\"h-style-period\">ESTILO\/PERIODO<\/h5>\n<p>Rom\u00e1ntico 1820-1910<\/p>\n<h5 id=\"h-famous-works\">OBRAS FAMOSAS<\/h5>\n<p>Orfeo en el Inframundo<\/p>\n\n                    \n                <\/div>\n                <img loading=\"lazy\" decoding=\"async\" width=\"1600\" height=\"900\" src=\"https:\/\/www.dallassymphony.org\/wp-content\/uploads\/2022\/05\/Jacques-Offenbach-1600x900.jpg\" class=\"d-none d-xl-block\" alt=\"Jacques Offenbach\" srcset=\"https:\/\/www.dallassymphony.org\/wp-content\/uploads\/2022\/05\/Jacques-Offenbach.jpg 1600w, https:\/\/www.dallassymphony.org\/wp-content\/uploads\/2022\/05\/Jacques-Offenbach-300x169.jpg 300w, https:\/\/www.dallassymphony.org\/wp-content\/uploads\/2022\/05\/Jacques-Offenbach-1024x576.jpg 1024w, https:\/\/www.dallassymphony.org\/wp-content\/uploads\/2022\/05\/Jacques-Offenbach-768x432.jpg 768w, https:\/\/www.dallassymphony.org\/wp-content\/uploads\/2022\/05\/Jacques-Offenbach-1536x864.jpg 1536w, https:\/\/www.dallassymphony.org\/wp-content\/uploads\/2022\/05\/Jacques-Offenbach-18x10.jpg 18w, https:\/\/www.dallassymphony.org\/wp-content\/uploads\/2022\/05\/Jacques-Offenbach-388x218.jpg 388w, https:\/\/www.dallassymphony.org\/wp-content\/uploads\/2022\/05\/Jacques-Offenbach-540x303.jpg 540w, https:\/\/www.dallassymphony.org\/wp-content\/uploads\/2022\/05\/Jacques-Offenbach-666x375.jpg 666w, https:\/\/www.dallassymphony.org\/wp-content\/uploads\/2022\/05\/Jacques-Offenbach-735x413.jpg 735w\" sizes=\"auto, (max-width: 1600px) 100vw, 1600px\" \/>\t\t\t<\/div>\n\t\t<\/div>\n\t<\/div>\n<\/div>\n\n\n<div class=\"richtext m-spacer\">\n\t<div class=\"container\">\n\t\t<div class=\"row\">\n\t\t\t<div class=\"col-10\">\n\t\t\t\t\n\n<iframe loading=\"lazy\" width=\"50%\" height=\"20\" scrolling=\"no\" frameborder=\"no\" allow=\"autoplay\" src=\"https:\/\/w.soundcloud.com\/player\/?url=https%3A\/\/api.soundcloud.com\/tracks\/296393285&amp;color=%23ff5500&amp;inverse=false&amp;auto_play=false&amp;show_user=true\"><\/iframe>\n\n\n\n<div style=\"height:50px\" aria-hidden=\"true\" class=\"wp-block-spacer\"><\/div>\n\n\n\t\t\t<\/div>\n\t\t<\/div>\n\t<\/div>\n\n<\/div>\n\n\n<div class=\"richtext m-spacer\">\n\t<div class=\"container\">\n\t\t<div class=\"row\">\n\t\t\t<div class=\"col-10\">\n\t\t\t\t\n\n<hr class=\"wp-block-separator\"\/>\n\n\n\n<h3 class=\"wp-block-heading\" id=\"h-biography\">BIOGRAF\u00cdA<\/h3>\n\n\n\n<hr class=\"wp-block-separator\"\/>\n\n\n\n<p>Offenbach era hijo de un m\u00fasico, autor y encuadernador que tambi\u00e9n sirvi\u00f3 como cantor en una sinagoga local. Era el s\u00e9ptimo hijo de su familia y tom\u00f3&nbsp;<strong><a href=\"https:\/\/www.dallassymphony.org\/es\/community-education\/dso-kids\/listen-watch\/instruments\/violin\/\">viol\u00edn<\/a><\/strong>&nbsp;lecciones de su padre. Toda la familia era musical y por la noche a menudo tocaban juntos m\u00fasica de c\u00e1mara. Offenbach pronto descubri\u00f3 que el&nbsp;<strong><a href=\"https:\/\/www.dallassymphony.org\/es\/community-education\/dso-kids\/listen-watch\/instruments\/cello\/\">cello<\/a><\/strong>&nbsp;era su instrumento favorito y comenz\u00f3 a estudiar con un profesor local. Empez\u00f3 a componer m\u00fasica a los 6 a\u00f1os y dio su primer concierto a los 12 a\u00f1os.<\/p>\n\n\n\n<p>A los 14 a\u00f1os, Offenbach fue aceptado en el Conservatorio de Par\u00eds donde estudi\u00f3&nbsp;<strong><a href=\"https:\/\/www.dallassymphony.org\/es\/community-education\/dso-kids\/listen-watch\/instruments\/cello\/\">cello<\/a><\/strong>&nbsp;durante un a\u00f1o y m\u00e1s tarde se convirti\u00f3 en un&nbsp;<strong><a href=\"https:\/\/www.dallassymphony.org\/es\/community-education\/dso-kids\/listen-watch\/instruments\/cello\/\">violonchelista<\/a><\/strong>&nbsp;en la orquesta de la Op\u00e9ra-Comique. Uno de sus trabajos consist\u00eda en copiar m\u00fasica para un joven compositor llamado Friedrich Flotow. Los dos se hicieron amigos y escribieron dos libros de&nbsp;<strong><a href=\"https:\/\/www.dallassymphony.org\/es\/community-education\/dso-kids\/listen-watch\/instruments\/cello\/\">cello<\/a><\/strong>&nbsp;piezas. Offenbach escribi\u00f3 las melod\u00edas y Friedrich escribi\u00f3 el&nbsp;<strong><a href=\"https:\/\/www.dallassymphony.org\/es\/piano\/\">piano<\/a><\/strong>&nbsp;parte. A menudo tocaban sus piezas en los recitales.<\/p>\n\n\n\n<p>Offenbach escribi\u00f3 muchas canciones, pero durante un tiempo pudo ganarse la vida como&nbsp;<strong><a href=\"https:\/\/www.dallassymphony.org\/es\/community-education\/dso-kids\/listen-watch\/instruments\/cello\/\">cello<\/a><\/strong>&nbsp;solista y viaj\u00f3 a Inglaterra donde toc\u00f3 para la Reina Victoria y el Pr\u00edncipe Alberto. La reina le regal\u00f3 un valioso anillo de diamantes. As\u00ed que cuando regres\u00f3 a Par\u00eds lo hizo como un joven m\u00fasico acomodado que finalmente pudo dedicarse a componer m\u00fasica a tiempo completo.<\/p>\n\n\n\n<p>Durante la Revoluci\u00f3n, Offenbach regres\u00f3 a Colonia donde produjo su opereta de un solo acto,&nbsp;<em>Marietta<\/em>en 1849. En 1850, fue nombrado director de la Com\u00e9die Francaise, lo que le dio la oportunidad de utilizar sus propias piezas musicales en las producciones. Una pieza, que se hizo muy famosa, fue&nbsp;<em>Chanson de Forrtunio<\/em>. Offenbach permaneci\u00f3 en este puesto durante cinco a\u00f1os y adquiri\u00f3 experiencia en la orquestaci\u00f3n de obras para el teatro.<\/p>\n\n\n\n<p>En 1855, alquil\u00f3 un peque\u00f1o teatro en los Campos El\u00edseos y produjo&nbsp;<em>Les Deux Aveugles<\/em>. En diciembre se traslad\u00f3 a otro teatro y sigui\u00f3 forjando su reputaci\u00f3n como compositor y animador. Colabor\u00f3 con escritores emergentes como Meilhac, Hal\u00e9vy, Nuitter y Scribe. Las melod\u00edas de Offenbach eran contagiosas y divertidas. Realizaba de 3 a 7 producciones al a\u00f1o, muchas de las cuales iban directamente a Londres para ser representadas all\u00ed. Su primer gran \u00e9xito lleg\u00f3 en 1858 con una versi\u00f3n en dos actos de Orph\u00e9e aux Enfers (Orfeo en los infiernos) que se burlaba de muchas de las figuras m\u00e1s prominentes de la \u00e9poca.<\/p>\n\n\n\n<p>Durante su vida, Offenbach visit\u00f3 Londres y Viena muchas veces como director invitado. Hizo un viaje a Am\u00e9rica, pero fue desastroso y el viaje casi lo mata. Muri\u00f3 de gota del coraz\u00f3n en 1880 y nunca vio su&nbsp;<em>Les Contes d'Hoffmann (Cuentos de Hoffman)<\/em>&nbsp;en la producci\u00f3n.<\/p>\n\n\n\n<p>Offenbach es conocido como el padre de la opereta y su influencia se ha extendido por todas partes. Vivi\u00f3 en un mundo en el que la m\u00fasica rom\u00e1ntica era muy popular; gran parte de su obra permanece desconocida. Todav\u00eda se le conoce por sus obsequios, algunas canciones de sus famosas operetas, y un muy famoso can-can.<\/p>\n\n\n\t\t\t<\/div>\n\t\t<\/div>\n\t<\/div>\n\n<\/div>\n\n\n<div class=\"richtext m-spacer\">\n\t<div class=\"container\">\n\t\t<div class=\"row\">\n\t\t\t<div class=\"col-10\">\n\t\t\t\t\n\n<div class=\"wp-block-columns is-layout-flex wp-container-core-columns-is-layout-9d6595d7 wp-block-columns-is-layout-flex\">\n<div class=\"wp-block-column is-layout-flow wp-block-column-is-layout-flow\">\n<iframe loading=\"lazy\" width=\"100%\" height=\"166\" scrolling=\"no\" frameborder=\"no\" allow=\"autoplay\" src=\"https:\/\/w.soundcloud.com\/player\/?url=https%3A\/\/api.soundcloud.com\/tracks\/304673455&amp;color=%23ff5500&amp;auto_play=false&amp;hide_related=true&amp;show_comments=false&amp;show_user=true&amp;show_reposts=false&amp;show_teaser=false\"><\/iframe>\n<\/div>\n<\/div>\n\n\n\t\t\t<\/div>\n\t\t<\/div>\n\t<\/div>\n\n<\/div>\n\n\n<div class=\"richtext m-spacer\">\n\t<div class=\"container\">\n\t\t<div class=\"row\">\n\t\t\t<div class=\"col-10\">\n\t\t\t\t\n<div class=\"richtext m-spacer\">\n\t<div class=\"container\">\n\t\t<div class=\"row\">\n\t\t\t<div class=\"col-10\">\n\t\t\t\t\n\t\t\t<\/div>\n\t\t<\/div>\n\t<\/div>\n\n<\/div>\n\n\n\t\t\t<\/div>\n\t\t<\/div>\n\t<\/div>\n\n<\/div>","protected":false},"excerpt":{"rendered":"<p>Offenbach era hijo de un m\u00fasico, autor y encuadernador que tambi\u00e9n sirvi\u00f3 como cantor en una sinagoga local. Era el s\u00e9ptimo hijo de su familia y tom\u00f3 lecciones de viol\u00edn de su padre. Toda la familia era musical y por la noche sol\u00edan tocar juntos m\u00fasica de c\u00e1mara.<\/p>","protected":false},"author":3,"featured_media":8877,"parent":592,"menu_order":0,"comment_status":"closed","ping_status":"closed","template":"","meta":{"_acf_changed":false,"footnotes":""},"class_list":["post-1040","page","type-page","status-publish","has-post-thumbnail","hentry"],"acf":[],"_links":{"self":[{"href":"https:\/\/www.dallassymphony.org\/es\/wp-json\/wp\/v2\/pages\/1040","targetHints":{"allow":["GET"]}}],"collection":[{"href":"https:\/\/www.dallassymphony.org\/es\/wp-json\/wp\/v2\/pages"}],"about":[{"href":"https:\/\/www.dallassymphony.org\/es\/wp-json\/wp\/v2\/types\/page"}],"author":[{"embeddable":true,"href":"https:\/\/www.dallassymphony.org\/es\/wp-json\/wp\/v2\/users\/3"}],"replies":[{"embeddable":true,"href":"https:\/\/www.dallassymphony.org\/es\/wp-json\/wp\/v2\/comments?post=1040"}],"version-history":[{"count":0,"href":"https:\/\/www.dallassymphony.org\/es\/wp-json\/wp\/v2\/pages\/1040\/revisions"}],"up":[{"embeddable":true,"href":"https:\/\/www.dallassymphony.org\/es\/wp-json\/wp\/v2\/pages\/592"}],"wp:featuredmedia":[{"embeddable":true,"href":"https:\/\/www.dallassymphony.org\/es\/wp-json\/wp\/v2\/media\/8877"}],"wp:attachment":[{"href":"https:\/\/www.dallassymphony.org\/es\/wp-json\/wp\/v2\/media?parent=1040"}],"curies":[{"name":"wp","href":"https:\/\/api.w.org\/{rel}","templated":true}]}}