{"id":1035,"date":"2020-11-17T11:04:24","date_gmt":"2020-11-17T16:04:24","guid":{"rendered":"https:\/\/www.dallassymphony.org\/?page_id=1035"},"modified":"2022-05-05T15:36:03","modified_gmt":"2022-05-05T20:36:03","slug":"felix-mendelssohn","status":"publish","type":"page","link":"https:\/\/www.dallassymphony.org\/es\/community-education\/dso-kids\/listen-watch\/composers\/felix-mendelssohn\/","title":{"rendered":"Felix Mendelssohn"},"content":{"rendered":"<div class=\"hero__no-img bg-blue-8\">\n\t<div class=\"container\">\n\t\t<div class=\"row\">\n\t\t\t<div class=\"col-md-10\">\n\n\t\t\t\t<ul class=\"breadcrumbs\">\n    \t<li class=\"breadcrumb__link\">\n\t\t<a class=\"a-hover\" href=\"https:\/\/www.dallassymphony.org\/es\/\">Inicio<\/a>\n\t<\/li>\n    \t<li class=\"breadcrumb__link a-styles\">\n\t\t<a class=\"a-hover\" href=\"https:\/\/www.dallassymphony.org\/es\/community-education\/\">Educaci\u00f3n y Comunidad<\/a>\n\t<\/li>\n    \t<li class=\"breadcrumb__link a-styles\">\n\t\t<a class=\"a-hover\" href=\"https:\/\/www.dallassymphony.org\/es\/community-education\/dso-kids\/\">Para escuelas y profesores<\/a>\n\t<\/li>\n    \t<li class=\"breadcrumb__link a-styles\">\n\t\t<a class=\"a-hover\" href=\"https:\/\/www.dallassymphony.org\/es\/community-education\/dso-kids\/listen-watch\/\">Escuchar y ver<\/a>\n\t<\/li>\n    \t<li class=\"breadcrumb__link a-styles\">\n\t\t<a class=\"a-hover\" href=\"https:\/\/www.dallassymphony.org\/es\/community-education\/dso-kids\/listen-watch\/composers\/\">Compositores<\/a>\n\t<\/li>\n    <\/ul>\n\n                \t\t\t\t<h1>\n                    <span >Felix Mendelssohn<\/span>\n                <\/h1>\n                \t\t\t<\/div>\n\t\t<\/div>\n\t<\/div>\n<\/div>\n\n\n<div class=\"text-img text-img--left\">\n\t<div class=\"container\">\n\t\t<div class=\"row\">\n\t\t\t<div class=\"col-lg-12\">\n\t\t\t\t<div class=\"text-img__wrapper\">\n\t\t\t\t\t<h1><\/h1>\n\n                    <img loading=\"lazy\" decoding=\"async\" width=\"666\" height=\"375\" src=\"https:\/\/www.dallassymphony.org\/wp-content\/uploads\/2022\/05\/Felix-Mendelssohn-666x375.jpg\" class=\"d-xl-none d-block\" alt=\"Felix Mendelssohn\" srcset=\"https:\/\/www.dallassymphony.org\/wp-content\/uploads\/2022\/05\/Felix-Mendelssohn-666x375.jpg 666w, https:\/\/www.dallassymphony.org\/wp-content\/uploads\/2022\/05\/Felix-Mendelssohn-300x169.jpg 300w, https:\/\/www.dallassymphony.org\/wp-content\/uploads\/2022\/05\/Felix-Mendelssohn-1024x576.jpg 1024w, https:\/\/www.dallassymphony.org\/wp-content\/uploads\/2022\/05\/Felix-Mendelssohn-768x432.jpg 768w, https:\/\/www.dallassymphony.org\/wp-content\/uploads\/2022\/05\/Felix-Mendelssohn-1536x864.jpg 1536w, https:\/\/www.dallassymphony.org\/wp-content\/uploads\/2022\/05\/Felix-Mendelssohn-18x10.jpg 18w, https:\/\/www.dallassymphony.org\/wp-content\/uploads\/2022\/05\/Felix-Mendelssohn-388x218.jpg 388w, https:\/\/www.dallassymphony.org\/wp-content\/uploads\/2022\/05\/Felix-Mendelssohn-540x303.jpg 540w, https:\/\/www.dallassymphony.org\/wp-content\/uploads\/2022\/05\/Felix-Mendelssohn-735x413.jpg 735w, https:\/\/www.dallassymphony.org\/wp-content\/uploads\/2022\/05\/Felix-Mendelssohn.jpg 1600w\" sizes=\"auto, (max-width: 666px) 100vw, 666px\" \/>\n\t\t\t\t\t<h5 id=\"h-dates\">FECHAS<\/h5>\n<p>1809-1847<\/p>\n<h5 id=\"h-nationality\">NACIONALIDAD<\/h5>\n<p>Alem\u00e1n<\/p>\n<h5 id=\"h-style-period\">ESTILO\/PERIODO<\/h5>\n<p>Rom\u00e1ntico 1820-1910<\/p>\n<h5 id=\"h-famous-works\">OBRAS FAMOSAS<\/h5>\n<p>Obertura de El sue\u00f1o de una noche de verano<br \/>\nSinfon\u00eda Escocesa (Sinfon\u00eda No. 3 en La menor)<br \/>\nConcierto para viol\u00edn en mi menor, Op. 64<\/p>\n\n                    \n                <\/div>\n                <img loading=\"lazy\" decoding=\"async\" width=\"1600\" height=\"900\" src=\"https:\/\/www.dallassymphony.org\/wp-content\/uploads\/2022\/05\/Felix-Mendelssohn-1600x900.jpg\" class=\"d-none d-xl-block\" alt=\"Felix Mendelssohn\" srcset=\"https:\/\/www.dallassymphony.org\/wp-content\/uploads\/2022\/05\/Felix-Mendelssohn.jpg 1600w, https:\/\/www.dallassymphony.org\/wp-content\/uploads\/2022\/05\/Felix-Mendelssohn-300x169.jpg 300w, https:\/\/www.dallassymphony.org\/wp-content\/uploads\/2022\/05\/Felix-Mendelssohn-1024x576.jpg 1024w, https:\/\/www.dallassymphony.org\/wp-content\/uploads\/2022\/05\/Felix-Mendelssohn-768x432.jpg 768w, https:\/\/www.dallassymphony.org\/wp-content\/uploads\/2022\/05\/Felix-Mendelssohn-1536x864.jpg 1536w, https:\/\/www.dallassymphony.org\/wp-content\/uploads\/2022\/05\/Felix-Mendelssohn-18x10.jpg 18w, https:\/\/www.dallassymphony.org\/wp-content\/uploads\/2022\/05\/Felix-Mendelssohn-388x218.jpg 388w, https:\/\/www.dallassymphony.org\/wp-content\/uploads\/2022\/05\/Felix-Mendelssohn-540x303.jpg 540w, https:\/\/www.dallassymphony.org\/wp-content\/uploads\/2022\/05\/Felix-Mendelssohn-666x375.jpg 666w, https:\/\/www.dallassymphony.org\/wp-content\/uploads\/2022\/05\/Felix-Mendelssohn-735x413.jpg 735w\" sizes=\"auto, (max-width: 1600px) 100vw, 1600px\" \/>\t\t\t<\/div>\n\t\t<\/div>\n\t<\/div>\n<\/div>\n\n\n<div class=\"richtext m-spacer\">\n\t<div class=\"container\">\n\t\t<div class=\"row\">\n\t\t\t<div class=\"col-10\">\n\t\t\t\t\n\n<iframe loading=\"lazy\" width=\"50%\" height=\"20\" scrolling=\"no\" frameborder=\"no\" allow=\"autoplay\" src=\"https:\/\/w.soundcloud.com\/player\/?url=https%3A\/\/api.soundcloud.com\/tracks\/296731217&amp;color=%23ff5500&amp;inverse=false&amp;auto_play=false&amp;show_user=true\"><\/iframe>\n\n\n\n<div style=\"height:50px\" aria-hidden=\"true\" class=\"wp-block-spacer\"><\/div>\n\n\n\t\t\t<\/div>\n\t\t<\/div>\n\t<\/div>\n\n<\/div>\n\n\n<div class=\"richtext m-spacer\">\n\t<div class=\"container\">\n\t\t<div class=\"row\">\n\t\t\t<div class=\"col-10\">\n\t\t\t\t\n\n<hr class=\"wp-block-separator\"\/>\n\n\n\n<h3 class=\"wp-block-heading\" id=\"h-biography\">BIOGRAF\u00cdA<\/h3>\n\n\n\n<hr class=\"wp-block-separator\"\/>\n\n\n\n<p>Como\u00a0<strong><a href=\"https:\/\/www.dallassymphony.org\/es\/community-education\/dso-kids\/listen-watch\/composers\/wolfgang-amadeus-mozart\/\">Mozart<\/a><\/strong>Felix Mendelssohn fue un ni\u00f1o prodigio.  Nacido en Alemania en 1809, dio su primer recital a los 9 a\u00f1os, y poco despu\u00e9s empez\u00f3 a componer sinfon\u00edas (obras musicales extensas para toda una orquesta). A los 15 a\u00f1os (la edad de un estudiante de segundo de bachillerato actual) ya hab\u00eda compuesto doce sinfon\u00edas.<\/p>\n\n\n\n<p>No es de extra\u00f1ar que Mendelssohn provenga de una familia muy musical. Su madre le dio su primera&nbsp;<strong><a href=\"http:\/\/piano\/\">piano<\/a><\/strong>&nbsp;lecciones, y su hermana mayor Fanny era talentosa como una&nbsp;<strong><a href=\"https:\/\/www.dallassymphony.org\/es\/community-education\/dso-kids\/listen-watch\/instruments\/piano\/\">pianista<\/a><\/strong>&nbsp;y compositor. Aunque es m\u00e1s conocido por sus numerosas composiciones conmovedoras y afinadas, como su Obertura de El sue\u00f1o de una noche de verano.<\/p>\n\n\n\n<p>Mendelssohn tambi\u00e9n es famoso por revivir la m\u00fasica de&nbsp;<strong><a href=\"https:\/\/www.dallassymphony.org\/es\/community-education\/dso-kids\/listen-watch\/composers\/johann-sebastian-bach\/\">J.S. Bach<\/a><\/strong>...que hab\u00eda sido en gran parte olvidado a principios del siglo XIX. En 1829 Mendelssohn llev\u00f3 a cabo una representaci\u00f3n de&nbsp;<a href=\"https:\/\/www.dallassymphony.org\/es\/community-education\/dso-kids\/listen-watch\/composers\/johann-sebastian-bach\/\"><strong>Bach's<\/strong><\/a>&nbsp;la magn\u00edfica Pasi\u00f3n de San Mateo, para orquesta, coro y solistas vocales. Esta actuaci\u00f3n fue tan exitosa que&nbsp;<strong><a href=\"https:\/\/www.dallassymphony.org\/es\/community-education\/dso-kids\/listen-watch\/composers\/johann-sebastian-bach\/\">Bach<\/a><\/strong>&nbsp;fue pronto reconocido como uno de los m\u00e1s grandes compositores de todos los tiempos.<\/p>\n\n\n\n<p>Mendelssohn hizo muchas giras por Europa y se inspir\u00f3 para su m\u00fasica en los lugares que visit\u00f3. Maravillosos ejemplos de esto son sus sinfon\u00edas italiana y escocesa. Desafortunadamente, termin\u00f3 con mala salud y muri\u00f3 prematuramente, a la temprana edad de 38 a\u00f1os. Sin embargo, ser\u00e1 recordado para siempre como uno de los compositores m\u00e1s queridos de la \u00e9poca rom\u00e1ntica.<\/p>\n\n\n\t\t\t<\/div>\n\t\t<\/div>\n\t<\/div>\n\n<\/div>","protected":false},"excerpt":{"rendered":"<p>Al igual que Mozart, Felix Mendelssohn fue un ni\u00f1o prodigio.  Nacido en Alemania en 1809, dio su primer recital a los 9 a\u00f1os, y poco despu\u00e9s empez\u00f3 a componer sinfon\u00edas (obras musicales extensas para toda una orquesta). A los 15 a\u00f1os (la edad de un estudiante de segundo de bachillerato actual) ya hab\u00eda compuesto doce sinfon\u00edas.<\/p>","protected":false},"author":3,"featured_media":8875,"parent":592,"menu_order":0,"comment_status":"closed","ping_status":"closed","template":"","meta":{"_acf_changed":false,"footnotes":""},"class_list":["post-1035","page","type-page","status-publish","has-post-thumbnail","hentry"],"acf":[],"_links":{"self":[{"href":"https:\/\/www.dallassymphony.org\/es\/wp-json\/wp\/v2\/pages\/1035","targetHints":{"allow":["GET"]}}],"collection":[{"href":"https:\/\/www.dallassymphony.org\/es\/wp-json\/wp\/v2\/pages"}],"about":[{"href":"https:\/\/www.dallassymphony.org\/es\/wp-json\/wp\/v2\/types\/page"}],"author":[{"embeddable":true,"href":"https:\/\/www.dallassymphony.org\/es\/wp-json\/wp\/v2\/users\/3"}],"replies":[{"embeddable":true,"href":"https:\/\/www.dallassymphony.org\/es\/wp-json\/wp\/v2\/comments?post=1035"}],"version-history":[{"count":0,"href":"https:\/\/www.dallassymphony.org\/es\/wp-json\/wp\/v2\/pages\/1035\/revisions"}],"up":[{"embeddable":true,"href":"https:\/\/www.dallassymphony.org\/es\/wp-json\/wp\/v2\/pages\/592"}],"wp:featuredmedia":[{"embeddable":true,"href":"https:\/\/www.dallassymphony.org\/es\/wp-json\/wp\/v2\/media\/8875"}],"wp:attachment":[{"href":"https:\/\/www.dallassymphony.org\/es\/wp-json\/wp\/v2\/media?parent=1035"}],"curies":[{"name":"wp","href":"https:\/\/api.w.org\/{rel}","templated":true}]}}