{"id":1023,"date":"2020-11-17T11:01:38","date_gmt":"2020-11-17T16:01:38","guid":{"rendered":"https:\/\/www.dallassymphony.org\/?page_id=1023"},"modified":"2022-05-05T14:51:16","modified_gmt":"2022-05-05T19:51:16","slug":"domenico-gaetano-maria-donizetti","status":"publish","type":"page","link":"https:\/\/www.dallassymphony.org\/es\/community-education\/dso-kids\/listen-watch\/composers\/domenico-gaetano-maria-donizetti\/","title":{"rendered":"Domenico Gaetano Maria Donizetti"},"content":{"rendered":"<div class=\"hero__no-img bg-blue-8\">\n\t<div class=\"container\">\n\t\t<div class=\"row\">\n\t\t\t<div class=\"col-md-10\">\n\n\t\t\t\t<ul class=\"breadcrumbs\">\n    \t<li class=\"breadcrumb__link\">\n\t\t<a class=\"a-hover\" href=\"https:\/\/www.dallassymphony.org\/es\/\">Inicio<\/a>\n\t<\/li>\n    \t<li class=\"breadcrumb__link a-styles\">\n\t\t<a class=\"a-hover\" href=\"https:\/\/www.dallassymphony.org\/es\/community-education\/\">Educaci\u00f3n y Comunidad<\/a>\n\t<\/li>\n    \t<li class=\"breadcrumb__link a-styles\">\n\t\t<a class=\"a-hover\" href=\"https:\/\/www.dallassymphony.org\/es\/community-education\/dso-kids\/\">Para escuelas y profesores<\/a>\n\t<\/li>\n    \t<li class=\"breadcrumb__link a-styles\">\n\t\t<a class=\"a-hover\" href=\"https:\/\/www.dallassymphony.org\/es\/community-education\/dso-kids\/listen-watch\/\">Escuchar y ver<\/a>\n\t<\/li>\n    \t<li class=\"breadcrumb__link a-styles\">\n\t\t<a class=\"a-hover\" href=\"https:\/\/www.dallassymphony.org\/es\/community-education\/dso-kids\/listen-watch\/composers\/\">Compositores<\/a>\n\t<\/li>\n    <\/ul>\n\n                \t\t\t\t<h1>\n                    <span >Domenico Gaetano Maria Donizetti<\/span>\n                <\/h1>\n                \t\t\t<\/div>\n\t\t<\/div>\n\t<\/div>\n<\/div>\n\n\n<div class=\"text-img text-img--left\">\n\t<div class=\"container\">\n\t\t<div class=\"row\">\n\t\t\t<div class=\"col-lg-12\">\n\t\t\t\t<div class=\"text-img__wrapper\">\n\t\t\t\t\t<h1><\/h1>\n\n                    <img loading=\"lazy\" decoding=\"async\" width=\"666\" height=\"375\" src=\"https:\/\/www.dallassymphony.org\/wp-content\/uploads\/2022\/05\/Domenico-Maria-Gaetano-Donizetti-666x375.jpg\" class=\"d-xl-none d-block\" alt=\"Domenico Gaetano Maria Donizetti\" srcset=\"https:\/\/www.dallassymphony.org\/wp-content\/uploads\/2022\/05\/Domenico-Maria-Gaetano-Donizetti-666x375.jpg 666w, https:\/\/www.dallassymphony.org\/wp-content\/uploads\/2022\/05\/Domenico-Maria-Gaetano-Donizetti-300x169.jpg 300w, https:\/\/www.dallassymphony.org\/wp-content\/uploads\/2022\/05\/Domenico-Maria-Gaetano-Donizetti-1024x576.jpg 1024w, https:\/\/www.dallassymphony.org\/wp-content\/uploads\/2022\/05\/Domenico-Maria-Gaetano-Donizetti-768x432.jpg 768w, https:\/\/www.dallassymphony.org\/wp-content\/uploads\/2022\/05\/Domenico-Maria-Gaetano-Donizetti-1536x864.jpg 1536w, https:\/\/www.dallassymphony.org\/wp-content\/uploads\/2022\/05\/Domenico-Maria-Gaetano-Donizetti-18x10.jpg 18w, https:\/\/www.dallassymphony.org\/wp-content\/uploads\/2022\/05\/Domenico-Maria-Gaetano-Donizetti-388x218.jpg 388w, https:\/\/www.dallassymphony.org\/wp-content\/uploads\/2022\/05\/Domenico-Maria-Gaetano-Donizetti-540x303.jpg 540w, https:\/\/www.dallassymphony.org\/wp-content\/uploads\/2022\/05\/Domenico-Maria-Gaetano-Donizetti-735x413.jpg 735w, https:\/\/www.dallassymphony.org\/wp-content\/uploads\/2022\/05\/Domenico-Maria-Gaetano-Donizetti.jpg 1600w\" sizes=\"auto, (max-width: 666px) 100vw, 666px\" \/>\n\t\t\t\t\t<h5 id=\"h-dates\">FECHAS<\/h5>\n<p>Nacido en 1797 en Bergamo, Italia<br \/>\nMuri\u00f3 en 1848 en Bergamo, Italia<\/p>\n<h5 id=\"h-nationality\">NACIONALIDAD<\/h5>\n<p>Italiano<\/p>\n<h5 id=\"h-style-period\">ESTILO\/PERIODO<\/h5>\n<p>Rom\u00e1ntico 1820-1910<\/p>\n<h5 id=\"h-famous-works\">OBRAS FAMOSAS<\/h5>\n<p>Salt\u00f3 a la fama internacional tras el \u00e9xito de su \u00f3pera Anna Bolena en 1830, y mantuvo su estrellato con las \u00f3peras L'elisir d'amore (El elixir de amor) y Lucia di Lammermoor.<\/p>\n\n                    \n                <\/div>\n                <img loading=\"lazy\" decoding=\"async\" width=\"1600\" height=\"900\" src=\"https:\/\/www.dallassymphony.org\/wp-content\/uploads\/2022\/05\/Domenico-Maria-Gaetano-Donizetti-1600x900.jpg\" class=\"d-none d-xl-block\" alt=\"Domenico Gaetano Maria Donizetti\" srcset=\"https:\/\/www.dallassymphony.org\/wp-content\/uploads\/2022\/05\/Domenico-Maria-Gaetano-Donizetti.jpg 1600w, https:\/\/www.dallassymphony.org\/wp-content\/uploads\/2022\/05\/Domenico-Maria-Gaetano-Donizetti-300x169.jpg 300w, https:\/\/www.dallassymphony.org\/wp-content\/uploads\/2022\/05\/Domenico-Maria-Gaetano-Donizetti-1024x576.jpg 1024w, https:\/\/www.dallassymphony.org\/wp-content\/uploads\/2022\/05\/Domenico-Maria-Gaetano-Donizetti-768x432.jpg 768w, https:\/\/www.dallassymphony.org\/wp-content\/uploads\/2022\/05\/Domenico-Maria-Gaetano-Donizetti-1536x864.jpg 1536w, https:\/\/www.dallassymphony.org\/wp-content\/uploads\/2022\/05\/Domenico-Maria-Gaetano-Donizetti-18x10.jpg 18w, https:\/\/www.dallassymphony.org\/wp-content\/uploads\/2022\/05\/Domenico-Maria-Gaetano-Donizetti-388x218.jpg 388w, https:\/\/www.dallassymphony.org\/wp-content\/uploads\/2022\/05\/Domenico-Maria-Gaetano-Donizetti-540x303.jpg 540w, https:\/\/www.dallassymphony.org\/wp-content\/uploads\/2022\/05\/Domenico-Maria-Gaetano-Donizetti-666x375.jpg 666w, https:\/\/www.dallassymphony.org\/wp-content\/uploads\/2022\/05\/Domenico-Maria-Gaetano-Donizetti-735x413.jpg 735w\" sizes=\"auto, (max-width: 1600px) 100vw, 1600px\" \/>\t\t\t<\/div>\n\t\t<\/div>\n\t<\/div>\n<\/div>\n\n\n<div class=\"richtext m-spacer\">\n\t<div class=\"container\">\n\t\t<div class=\"row\">\n\t\t\t<div class=\"col-10\">\n\t\t\t\t\n\n<div style=\"height:100px\" aria-hidden=\"true\" class=\"wp-block-spacer\"><\/div>\n\n\n\t\t\t<\/div>\n\t\t<\/div>\n\t<\/div>\n\n<\/div>\n\n\n<div class=\"richtext m-spacer\">\n\t<div class=\"container\">\n\t\t<div class=\"row\">\n\t\t\t<div class=\"col-10\">\n\t\t\t\t\n\n<hr class=\"wp-block-separator\"\/>\n\n\n\n<h3 class=\"wp-block-heading\" id=\"h-biography\">BIOGRAF\u00cdA<\/h3>\n\n\n\n<hr class=\"wp-block-separator\"\/>\n\n\n\n<p>Domenico Gaetano Maria Donizetti (1797-1848) naci\u00f3 en una familia pobre de no m\u00fasicos en B\u00e9rgamo, Italia. A los nueve a\u00f1os se convirti\u00f3 en aprendiz de m\u00fasica con el compositor alem\u00e1n Johann Simon Mayr. Con la ayuda de Mayr, Donizetti continu\u00f3 estudiando m\u00fasica en la famosa escuela Lezioni Caritatevoli de Bolonga en 1815.<\/p>\n\n\n\n<p>Hoy en d\u00eda, Donizetti es recordado como uno de los tres grandes l\u00edderes del estilo oper\u00edstico conocido como \"bel canto\", siendo los otros dos Rossini y Bellini. Fue capaz de componer nuevas piezas en poco tiempo, incluyendo m\u00e1s de 60 \u00f3peras en italiano y franc\u00e9s y muchas cantatas, cuartetos de cuerda y quintetos. Sus obras se inspiraron a menudo en su propia vida y experiencias. Salt\u00f3 a la fama internacional tras el \u00e9xito de su \u00f3pera Anna Bolena en 1830, y mantuvo su estrellato con las \u00f3peras L'elisir d'amore (El elixir de amor) y Lucia di Lammermoor.<\/p>\n\n\n\n<p>A la joven edad de 48 a\u00f1os, la salud de Donizetti comenz\u00f3 a declinar. Tras pasar gran parte de su carrera profesional en Par\u00eds y Viena, regres\u00f3 a su ciudad natal, B\u00e9rgamo, donde muri\u00f3 entre amigos en 1848.<\/p>\n\n\n\t\t\t<\/div>\n\t\t<\/div>\n\t<\/div>\n\n<\/div>\n\n\n<div class=\"richtext m-spacer\">\n\t<div class=\"container\">\n\t\t<div class=\"row\">\n\t\t\t<div class=\"col-10\">\n\t\t\t\t\n\t\t\t<\/div>\n\t\t<\/div>\n\t<\/div>\n\n<\/div>\n\n\n<div class=\"richtext m-spacer\">\n\t<div class=\"container\">\n\t\t<div class=\"row\">\n\t\t\t<div class=\"col-10\">\n\t\t\t\t\n\t\t\t<\/div>\n\t\t<\/div>\n\t<\/div>\n\n<\/div>","protected":false},"excerpt":{"rendered":"<p>Domenico Gaetano Maria Donizetti (1797-1848) naci\u00f3 en una familia pobre de no m\u00fasicos en B\u00e9rgamo, Italia. A los nueve a\u00f1os se convirti\u00f3 en aprendiz de m\u00fasica con el compositor alem\u00e1n Johann Simon Mayr.<\/p>","protected":false},"author":3,"featured_media":8863,"parent":592,"menu_order":0,"comment_status":"closed","ping_status":"closed","template":"","meta":{"_acf_changed":false,"footnotes":""},"class_list":["post-1023","page","type-page","status-publish","has-post-thumbnail","hentry"],"acf":[],"_links":{"self":[{"href":"https:\/\/www.dallassymphony.org\/es\/wp-json\/wp\/v2\/pages\/1023","targetHints":{"allow":["GET"]}}],"collection":[{"href":"https:\/\/www.dallassymphony.org\/es\/wp-json\/wp\/v2\/pages"}],"about":[{"href":"https:\/\/www.dallassymphony.org\/es\/wp-json\/wp\/v2\/types\/page"}],"author":[{"embeddable":true,"href":"https:\/\/www.dallassymphony.org\/es\/wp-json\/wp\/v2\/users\/3"}],"replies":[{"embeddable":true,"href":"https:\/\/www.dallassymphony.org\/es\/wp-json\/wp\/v2\/comments?post=1023"}],"version-history":[{"count":0,"href":"https:\/\/www.dallassymphony.org\/es\/wp-json\/wp\/v2\/pages\/1023\/revisions"}],"up":[{"embeddable":true,"href":"https:\/\/www.dallassymphony.org\/es\/wp-json\/wp\/v2\/pages\/592"}],"wp:featuredmedia":[{"embeddable":true,"href":"https:\/\/www.dallassymphony.org\/es\/wp-json\/wp\/v2\/media\/8863"}],"wp:attachment":[{"href":"https:\/\/www.dallassymphony.org\/es\/wp-json\/wp\/v2\/media?parent=1023"}],"curies":[{"name":"wp","href":"https:\/\/api.w.org\/{rel}","templated":true}]}}