{"id":1021,"date":"2020-11-17T11:01:05","date_gmt":"2020-11-17T16:01:05","guid":{"rendered":"https:\/\/www.dallassymphony.org\/?page_id=1021"},"modified":"2022-05-05T14:52:00","modified_gmt":"2022-05-05T19:52:00","slug":"alexander-borodin","status":"publish","type":"page","link":"https:\/\/www.dallassymphony.org\/es\/community-education\/dso-kids\/listen-watch\/composers\/alexander-borodin\/","title":{"rendered":"Alexander Borodin"},"content":{"rendered":"<div class=\"hero__no-img bg-blue-8\">\n\t<div class=\"container\">\n\t\t<div class=\"row\">\n\t\t\t<div class=\"col-md-10\">\n\n\t\t\t\t<ul class=\"breadcrumbs\">\n    \t<li class=\"breadcrumb__link\">\n\t\t<a class=\"a-hover\" href=\"https:\/\/www.dallassymphony.org\/es\/\">Inicio<\/a>\n\t<\/li>\n    \t<li class=\"breadcrumb__link a-styles\">\n\t\t<a class=\"a-hover\" href=\"https:\/\/www.dallassymphony.org\/es\/community-education\/\">Educaci\u00f3n y Comunidad<\/a>\n\t<\/li>\n    \t<li class=\"breadcrumb__link a-styles\">\n\t\t<a class=\"a-hover\" href=\"https:\/\/www.dallassymphony.org\/es\/community-education\/dso-kids\/\">Para escuelas y profesores<\/a>\n\t<\/li>\n    \t<li class=\"breadcrumb__link a-styles\">\n\t\t<a class=\"a-hover\" href=\"https:\/\/www.dallassymphony.org\/es\/community-education\/dso-kids\/listen-watch\/\">Escuchar y ver<\/a>\n\t<\/li>\n    \t<li class=\"breadcrumb__link a-styles\">\n\t\t<a class=\"a-hover\" href=\"https:\/\/www.dallassymphony.org\/es\/community-education\/dso-kids\/listen-watch\/composers\/\">Compositores<\/a>\n\t<\/li>\n    <\/ul>\n\n                \t\t\t\t<h1>\n                    <span >Alexander Borodin<\/span>\n                <\/h1>\n                \t\t\t<\/div>\n\t\t<\/div>\n\t<\/div>\n<\/div>\n\n\n<div class=\"text-img text-img--left\">\n\t<div class=\"container\">\n\t\t<div class=\"row\">\n\t\t\t<div class=\"col-lg-12\">\n\t\t\t\t<div class=\"text-img__wrapper\">\n\t\t\t\t\t<h1><\/h1>\n\n                    <img loading=\"lazy\" decoding=\"async\" width=\"666\" height=\"375\" src=\"https:\/\/www.dallassymphony.org\/wp-content\/uploads\/2022\/05\/Alexander-Borodin-666x375.jpg\" class=\"d-xl-none d-block\" alt=\"Alexander Borodin\" srcset=\"https:\/\/www.dallassymphony.org\/wp-content\/uploads\/2022\/05\/Alexander-Borodin-666x375.jpg 666w, https:\/\/www.dallassymphony.org\/wp-content\/uploads\/2022\/05\/Alexander-Borodin-300x169.jpg 300w, https:\/\/www.dallassymphony.org\/wp-content\/uploads\/2022\/05\/Alexander-Borodin-1024x576.jpg 1024w, https:\/\/www.dallassymphony.org\/wp-content\/uploads\/2022\/05\/Alexander-Borodin-768x432.jpg 768w, https:\/\/www.dallassymphony.org\/wp-content\/uploads\/2022\/05\/Alexander-Borodin-1536x864.jpg 1536w, https:\/\/www.dallassymphony.org\/wp-content\/uploads\/2022\/05\/Alexander-Borodin-18x10.jpg 18w, https:\/\/www.dallassymphony.org\/wp-content\/uploads\/2022\/05\/Alexander-Borodin-388x218.jpg 388w, https:\/\/www.dallassymphony.org\/wp-content\/uploads\/2022\/05\/Alexander-Borodin-540x303.jpg 540w, https:\/\/www.dallassymphony.org\/wp-content\/uploads\/2022\/05\/Alexander-Borodin-735x413.jpg 735w, https:\/\/www.dallassymphony.org\/wp-content\/uploads\/2022\/05\/Alexander-Borodin.jpg 1600w\" sizes=\"auto, (max-width: 666px) 100vw, 666px\" \/>\n\t\t\t\t\t<h5 id=\"h-dates\">FECHAS<\/h5>\n<p>Naci\u00f3: 12 de noviembre de 1833 en San Petersburgo<br \/>\nMuri\u00f3: 27 de febrero de 1887 en San Petersburgo<\/p>\n<h5 id=\"h-nationality\">NACIONALIDAD<\/h5>\n<p>Ruso<\/p>\n<h5 id=\"h-style-period\">ESTILO\/PERIODO<\/h5>\n<p>Rom\u00e1ntico 1820-1910<\/p>\n<h5 id=\"h-famous-works\">OBRAS FAMOSAS<\/h5>\n<p>Danzas polovtsianas (del Pr\u00edncipe Igor)<br \/>\nSinfon\u00edas No.1-3, Cuarteto de Cuerdas No.1 y 2<\/p>\n\n                    \n                <\/div>\n                <img loading=\"lazy\" decoding=\"async\" width=\"1600\" height=\"900\" src=\"https:\/\/www.dallassymphony.org\/wp-content\/uploads\/2022\/05\/Alexander-Borodin-1600x900.jpg\" class=\"d-none d-xl-block\" alt=\"Alexander Borodin\" srcset=\"https:\/\/www.dallassymphony.org\/wp-content\/uploads\/2022\/05\/Alexander-Borodin.jpg 1600w, https:\/\/www.dallassymphony.org\/wp-content\/uploads\/2022\/05\/Alexander-Borodin-300x169.jpg 300w, https:\/\/www.dallassymphony.org\/wp-content\/uploads\/2022\/05\/Alexander-Borodin-1024x576.jpg 1024w, https:\/\/www.dallassymphony.org\/wp-content\/uploads\/2022\/05\/Alexander-Borodin-768x432.jpg 768w, https:\/\/www.dallassymphony.org\/wp-content\/uploads\/2022\/05\/Alexander-Borodin-1536x864.jpg 1536w, https:\/\/www.dallassymphony.org\/wp-content\/uploads\/2022\/05\/Alexander-Borodin-18x10.jpg 18w, https:\/\/www.dallassymphony.org\/wp-content\/uploads\/2022\/05\/Alexander-Borodin-388x218.jpg 388w, https:\/\/www.dallassymphony.org\/wp-content\/uploads\/2022\/05\/Alexander-Borodin-540x303.jpg 540w, https:\/\/www.dallassymphony.org\/wp-content\/uploads\/2022\/05\/Alexander-Borodin-666x375.jpg 666w, https:\/\/www.dallassymphony.org\/wp-content\/uploads\/2022\/05\/Alexander-Borodin-735x413.jpg 735w\" sizes=\"auto, (max-width: 1600px) 100vw, 1600px\" \/>\t\t\t<\/div>\n\t\t<\/div>\n\t<\/div>\n<\/div>\n\n\n<div class=\"richtext m-spacer\">\n\t<div class=\"container\">\n\t\t<div class=\"row\">\n\t\t\t<div class=\"col-10\">\n\t\t\t\t\n\n<iframe loading=\"lazy\" width=\"50%\" height=\"20\" scrolling=\"no\" frameborder=\"no\" allow=\"autoplay\" src=\"https:\/\/w.soundcloud.com\/player\/?url=https%3A\/\/api.soundcloud.com\/tracks\/296369973&amp;color=%23ff5500&amp;inverse=false&amp;auto_play=false&amp;show_user=true\"><\/iframe>\n\n\n\n<div style=\"height:50px\" aria-hidden=\"true\" class=\"wp-block-spacer\"><\/div>\n\n\n\t\t\t<\/div>\n\t\t<\/div>\n\t<\/div>\n\n<\/div>\n\n\n<div class=\"richtext m-spacer\">\n\t<div class=\"container\">\n\t\t<div class=\"row\">\n\t\t\t<div class=\"col-10\">\n\t\t\t\t\n\n<hr class=\"wp-block-separator\"\/>\n\n\n\n<h3 class=\"wp-block-heading\" id=\"h-biography\">BIOGRAF\u00cdA<\/h3>\n\n\n\n<hr class=\"wp-block-separator\"\/>\n\n\n\n<p>Alexander Borodin no s\u00f3lo fue un m\u00fasico y compositor de talento, sino tambi\u00e9n un brillante cient\u00edfico.  Nacido en San Petersburgo (Rusia) en 1833, el padre de Borodin era el pr\u00edncipe Luka Gedvanishvili. De acuerdo con la pr\u00e1ctica habitual de la \u00e9poca, Borodin fue registrado como hijo leg\u00edtimo de uno de los siervos del pr\u00edncipe Luka, Porfirio Borodin.<\/p>\n\n\n\n<p>El joven Borodin, de car\u00e1cter tierno y apacible, fue educado en casa por su madre y pronto destac\u00f3 en muchas asignaturas, sobre todo en ciencias. Tambi\u00e9n le gustaba aprender nuevos idiomas, y aprendi\u00f3 a hablar ingl\u00e9s, franc\u00e9s y alem\u00e1n con fluidez. A los ocho a\u00f1os, Borodin mostr\u00f3 inter\u00e9s por la m\u00fasica y los instrumentos tras asistir a una actuaci\u00f3n de la banda del ej\u00e9rcito. Para sorpresa de su madre, Borodin era capaz de reproducir la m\u00fasica que hab\u00eda escuchado en la actuaci\u00f3n de la banda del ej\u00e9rcito en el&nbsp;<strong><a href=\"https:\/\/www.dallassymphony.org\/es\/community-education\/dso-kids\/listen-watch\/instruments\/piano\/\">piano<\/a><\/strong>! Despu\u00e9s de esta experiencia, el joven Borodin comenz\u00f3 a estudiar&nbsp;<strong><a href=\"https:\/\/www.dallassymphony.org\/es\/community-education\/dso-kids\/listen-watch\/instruments\/piano\/\">piano<\/a><\/strong>y se ense\u00f1\u00f3 a s\u00ed mismo a tocar el&nbsp;<strong><a href=\"https:\/\/www.dallassymphony.org\/es\/community-education\/dso-kids\/listen-watch\/instruments\/cello\/\">cello<\/a><\/strong>. A los nueve a\u00f1os, escribi\u00f3 su primera composici\u00f3n llamada&nbsp;<em>H\u00e9l\u00e9ne<\/em>una pieza dedicada al amor de su joven vida.<\/p>\n\n\n\n<p>Cuando era adolescente, Borodin pas\u00f3 la mayor parte de su tiempo estudiando qu\u00edmica, fabricaci\u00f3n de fuegos artificiales y galvanismo. En 1850, Borodin, de 17 a\u00f1os, ingres\u00f3 en la Academia M\u00e9dico-Quir\u00fargica donde estudi\u00f3 bot\u00e1nica, zoolog\u00eda, cristalograf\u00eda, anatom\u00eda y qu\u00edmica. Se gradu\u00f3 en 1856 con los m\u00e1s altos honores de su clase. Despu\u00e9s de la graduaci\u00f3n, Borodin trabaj\u00f3 como m\u00e9dico, profesor de qu\u00edmica y traductor de libros de ciencia. Se cas\u00f3 con&nbsp;<strong><a href=\"https:\/\/www.dallassymphony.org\/es\/community-education\/dso-kids\/listen-watch\/instruments\/piano\/\">pianista<\/a><\/strong>&nbsp;Ekaterina Protopopova, recibi\u00f3 un doctorado, e incluso pas\u00f3 un verano analizando aguas minerales y sus propiedades medicinales. En su tiempo libre, Borodin compon\u00eda m\u00fasica.<\/p>\n\n\n\n<p>En 1862, Borodin se hizo amigo de los compositores Mily Balakirev,&nbsp;<strong><a href=\"https:\/\/www.dallassymphony.org\/es\/community-education\/dso-kids\/listen-watch\/composers\/nikolai-rimsky-korsakov\/\">Nikolai Rimsky-Korsakov<\/a><\/strong>C\u00e9sar Cui y&nbsp;<strong><a href=\"https:\/\/www.dallassymphony.org\/es\/community-education\/dso-kids\/listen-watch\/composers\/modest-mussorgsky\/\">Modesto Mussorgsky<\/a><\/strong>. Bajo la direcci\u00f3n de Balakirev, Borodin comenz\u00f3 a componer m\u00fasica mientras trabajaba como qu\u00edmico y m\u00e9dico a tiempo completo. Ese mismo a\u00f1o, Borodin se uni\u00f3 a sus nuevos amigos compositores para crear un grupo que hoy conocemos como \"Los Cinco Rusos\". \"Los Cinco\" se dedicaron a componer m\u00fasica definitivamente rusa y claramente diferente de otras formas musicales que se compon\u00edan y ense\u00f1aban en los conservatorios europeos. La m\u00fasica de Borodin estaba muy influenciada por la vida rusa, la m\u00fasica de sal\u00f3n, las canciones y las danzas populares, y era rica en armon\u00edas exuberantes e inusuales.<\/p>\n\n\n\n<p>Borodin es m\u00e1s conocido por sus tres sinfon\u00edas, dos quintetos de cuerda y su \u00f3pera.&nbsp;<em>El pr\u00edncipe Igor<\/em>. Borodin comenz\u00f3 a componer&nbsp;<em>El pr\u00edncipe Igor<\/em>&nbsp;en 1869 y trabaj\u00f3 en ella durante 18 a\u00f1os.  Antes de su muerte en 1887,&nbsp;<strong><a href=\"https:\/\/www.dallassymphony.org\/es\/community-education\/dso-kids\/listen-watch\/composers\/nikolai-rimsky-korsakov\/\">Rimsky-Korsakov<\/a><\/strong>&nbsp;ayud\u00f3 a Borodin a orquestar&nbsp;<em>Danzas polovtsianas<\/em>una selecci\u00f3n de&nbsp;<em>El pr\u00edncipe Igor<\/em>para que pueda interpretarse como una obra de concierto \"independiente\".&nbsp;<em>Danzas polovtsianas<\/em>&nbsp;se realiza con frecuencia en todo el mundo!&nbsp;<em>El pr\u00edncipe Igor<\/em>&nbsp;...permanec\u00eda sin terminar en el momento de su muerte. Partes de la \u00f3pera fueron revisadas y completadas por los compositores&nbsp;<a href=\"https:\/\/www.dallassymphony.org\/es\/community-education\/dso-kids\/listen-watch\/composers\/nikolai-rimsky-korsakov\/\"><strong>Rimsky-Korsakov<\/strong>&nbsp;<\/a>y Glazunov. Debido a que Borodin era un compositor a tiempo parcial, la gran mayor\u00eda de sus composiciones quedaron sin terminar o se perdieron. Borodin muri\u00f3 repentinamente de un fallo card\u00edaco en 1887 y est\u00e1 enterrado en San Petersburgo.<\/p>\n\n\n\t\t\t<\/div>\n\t\t<\/div>\n\t<\/div>\n\n<\/div>\n\n\n<div class=\"richtext m-spacer\">\n\t<div class=\"container\">\n\t\t<div class=\"row\">\n\t\t\t<div class=\"col-10\">\n\t\t\t\t\n\t\t\t<\/div>\n\t\t<\/div>\n\t<\/div>\n\n<\/div>\n\n\n<div class=\"richtext m-spacer\">\n\t<div class=\"container\">\n\t\t<div class=\"row\">\n\t\t\t<div class=\"col-10\">\n\t\t\t\t\n<div class=\"richtext m-spacer\">\n\t<div class=\"container\">\n\t\t<div class=\"row\">\n\t\t\t<div class=\"col-10\">\n\t\t\t\t\n\t\t\t<\/div>\n\t\t<\/div>\n\t<\/div>\n\n<\/div>\n\n\n\t\t\t<\/div>\n\t\t<\/div>\n\t<\/div>\n\n<\/div>","protected":false},"excerpt":{"rendered":"<p>Alexander Borodin no s\u00f3lo fue un m\u00fasico y compositor de talento, sino tambi\u00e9n un brillante cient\u00edfico.  Nacido en San Petersburgo (Rusia) en 1833, el padre de Borodin era el pr\u00edncipe Luka Gedvanishvili. De acuerdo con la pr\u00e1ctica habitual de la \u00e9poca, Borodin fue registrado como hijo leg\u00edtimo de uno de los siervos del pr\u00edncipe Luka, Porfirio Borodin.<\/p>","protected":false},"author":3,"featured_media":8860,"parent":592,"menu_order":0,"comment_status":"closed","ping_status":"closed","template":"","meta":{"_acf_changed":false,"footnotes":""},"class_list":["post-1021","page","type-page","status-publish","has-post-thumbnail","hentry"],"acf":[],"_links":{"self":[{"href":"https:\/\/www.dallassymphony.org\/es\/wp-json\/wp\/v2\/pages\/1021","targetHints":{"allow":["GET"]}}],"collection":[{"href":"https:\/\/www.dallassymphony.org\/es\/wp-json\/wp\/v2\/pages"}],"about":[{"href":"https:\/\/www.dallassymphony.org\/es\/wp-json\/wp\/v2\/types\/page"}],"author":[{"embeddable":true,"href":"https:\/\/www.dallassymphony.org\/es\/wp-json\/wp\/v2\/users\/3"}],"replies":[{"embeddable":true,"href":"https:\/\/www.dallassymphony.org\/es\/wp-json\/wp\/v2\/comments?post=1021"}],"version-history":[{"count":0,"href":"https:\/\/www.dallassymphony.org\/es\/wp-json\/wp\/v2\/pages\/1021\/revisions"}],"up":[{"embeddable":true,"href":"https:\/\/www.dallassymphony.org\/es\/wp-json\/wp\/v2\/pages\/592"}],"wp:featuredmedia":[{"embeddable":true,"href":"https:\/\/www.dallassymphony.org\/es\/wp-json\/wp\/v2\/media\/8860"}],"wp:attachment":[{"href":"https:\/\/www.dallassymphony.org\/es\/wp-json\/wp\/v2\/media?parent=1021"}],"curies":[{"name":"wp","href":"https:\/\/api.w.org\/{rel}","templated":true}]}}