{"id":1019,"date":"2020-11-17T11:00:37","date_gmt":"2020-11-17T16:00:37","guid":{"rendered":"https:\/\/www.dallassymphony.org\/?page_id=1019"},"modified":"2022-05-05T14:53:10","modified_gmt":"2022-05-05T19:53:10","slug":"hector-berlioz","status":"publish","type":"page","link":"https:\/\/www.dallassymphony.org\/es\/community-education\/dso-kids\/listen-watch\/composers\/hector-berlioz\/","title":{"rendered":"Hector Berlioz"},"content":{"rendered":"<div class=\"hero__no-img bg-blue-8\">\n\t<div class=\"container\">\n\t\t<div class=\"row\">\n\t\t\t<div class=\"col-md-10\">\n\n\t\t\t\t<ul class=\"breadcrumbs\">\n    \t<li class=\"breadcrumb__link\">\n\t\t<a class=\"a-hover\" href=\"https:\/\/www.dallassymphony.org\/es\/\">Inicio<\/a>\n\t<\/li>\n    \t<li class=\"breadcrumb__link a-styles\">\n\t\t<a class=\"a-hover\" href=\"https:\/\/www.dallassymphony.org\/es\/community-education\/\">Educaci\u00f3n y Comunidad<\/a>\n\t<\/li>\n    \t<li class=\"breadcrumb__link a-styles\">\n\t\t<a class=\"a-hover\" href=\"https:\/\/www.dallassymphony.org\/es\/community-education\/dso-kids\/\">Para escuelas y profesores<\/a>\n\t<\/li>\n    \t<li class=\"breadcrumb__link a-styles\">\n\t\t<a class=\"a-hover\" href=\"https:\/\/www.dallassymphony.org\/es\/community-education\/dso-kids\/listen-watch\/\">Escuchar y ver<\/a>\n\t<\/li>\n    \t<li class=\"breadcrumb__link a-styles\">\n\t\t<a class=\"a-hover\" href=\"https:\/\/www.dallassymphony.org\/es\/community-education\/dso-kids\/listen-watch\/composers\/\">Compositores<\/a>\n\t<\/li>\n    <\/ul>\n\n                \t\t\t\t<h1>\n                    <span >Hector Berlioz<\/span>\n                <\/h1>\n                \t\t\t<\/div>\n\t\t<\/div>\n\t<\/div>\n<\/div>\n\n\n<div class=\"text-img text-img--left\">\n\t<div class=\"container\">\n\t\t<div class=\"row\">\n\t\t\t<div class=\"col-lg-12\">\n\t\t\t\t<div class=\"text-img__wrapper\">\n\t\t\t\t\t<h1><\/h1>\n\n                    <img loading=\"lazy\" decoding=\"async\" width=\"666\" height=\"375\" src=\"https:\/\/www.dallassymphony.org\/wp-content\/uploads\/2022\/05\/Hector-Berlioz-666x375.jpg\" class=\"d-xl-none d-block\" alt=\"Hector Berlioz\" srcset=\"https:\/\/www.dallassymphony.org\/wp-content\/uploads\/2022\/05\/Hector-Berlioz-666x375.jpg 666w, https:\/\/www.dallassymphony.org\/wp-content\/uploads\/2022\/05\/Hector-Berlioz-300x169.jpg 300w, https:\/\/www.dallassymphony.org\/wp-content\/uploads\/2022\/05\/Hector-Berlioz-1024x576.jpg 1024w, https:\/\/www.dallassymphony.org\/wp-content\/uploads\/2022\/05\/Hector-Berlioz-768x432.jpg 768w, https:\/\/www.dallassymphony.org\/wp-content\/uploads\/2022\/05\/Hector-Berlioz-1536x864.jpg 1536w, https:\/\/www.dallassymphony.org\/wp-content\/uploads\/2022\/05\/Hector-Berlioz-18x10.jpg 18w, https:\/\/www.dallassymphony.org\/wp-content\/uploads\/2022\/05\/Hector-Berlioz-388x218.jpg 388w, https:\/\/www.dallassymphony.org\/wp-content\/uploads\/2022\/05\/Hector-Berlioz-540x303.jpg 540w, https:\/\/www.dallassymphony.org\/wp-content\/uploads\/2022\/05\/Hector-Berlioz-735x413.jpg 735w, https:\/\/www.dallassymphony.org\/wp-content\/uploads\/2022\/05\/Hector-Berlioz.jpg 1600w\" sizes=\"auto, (max-width: 666px) 100vw, 666px\" \/>\n\t\t\t\t\t<p><!-- wp:heading {\"level\":5} --><\/p>\n<div class=\"wp-block-columns\">\n<div class=\"wp-block-column\">\n<h5 id=\"h-dates\">FECHAS<\/h5>\n<p>Nacido el 11 de diciembre de 1803 en La Corte-Saint-Andre, Francia<br \/>\nFalleci\u00f3 el 8 de marzo de 1869 en Par\u00eds, Francia<\/p>\n<h5 id=\"h-nationality\">NACIONALIDAD<\/h5>\n<p>Franc\u00e9s<\/p>\n<h5 id=\"h-style-period\">ESTILO\/PERIODO<\/h5>\n<p>Rom\u00e1ntico 1820-1910<\/p>\n<\/div>\n<\/div>\n<p><!-- \/wp:heading --><\/p>\n\n                    \n                <\/div>\n                <img loading=\"lazy\" decoding=\"async\" width=\"1600\" height=\"900\" src=\"https:\/\/www.dallassymphony.org\/wp-content\/uploads\/2022\/05\/Hector-Berlioz-1600x900.jpg\" class=\"d-none d-xl-block\" alt=\"Hector Berlioz\" srcset=\"https:\/\/www.dallassymphony.org\/wp-content\/uploads\/2022\/05\/Hector-Berlioz.jpg 1600w, https:\/\/www.dallassymphony.org\/wp-content\/uploads\/2022\/05\/Hector-Berlioz-300x169.jpg 300w, https:\/\/www.dallassymphony.org\/wp-content\/uploads\/2022\/05\/Hector-Berlioz-1024x576.jpg 1024w, https:\/\/www.dallassymphony.org\/wp-content\/uploads\/2022\/05\/Hector-Berlioz-768x432.jpg 768w, https:\/\/www.dallassymphony.org\/wp-content\/uploads\/2022\/05\/Hector-Berlioz-1536x864.jpg 1536w, https:\/\/www.dallassymphony.org\/wp-content\/uploads\/2022\/05\/Hector-Berlioz-18x10.jpg 18w, https:\/\/www.dallassymphony.org\/wp-content\/uploads\/2022\/05\/Hector-Berlioz-388x218.jpg 388w, https:\/\/www.dallassymphony.org\/wp-content\/uploads\/2022\/05\/Hector-Berlioz-540x303.jpg 540w, https:\/\/www.dallassymphony.org\/wp-content\/uploads\/2022\/05\/Hector-Berlioz-666x375.jpg 666w, https:\/\/www.dallassymphony.org\/wp-content\/uploads\/2022\/05\/Hector-Berlioz-735x413.jpg 735w\" sizes=\"auto, (max-width: 1600px) 100vw, 1600px\" \/>\t\t\t<\/div>\n\t\t<\/div>\n\t<\/div>\n<\/div>\n\n\n<div class=\"richtext m-spacer\">\n\t<div class=\"container\">\n\t\t<div class=\"row\">\n\t\t\t<div class=\"col-10\">\n\t\t\t\t\n\n<iframe loading=\"lazy\" width=\"50%\" height=\"20\" scrolling=\"no\" frameborder=\"no\" allow=\"autoplay\" src=\"https:\/\/w.soundcloud.com\/player\/?url=https%3A\/\/api.soundcloud.com\/tracks\/296730625&amp;color=%23ff5500&amp;inverse=false&amp;auto_play=false&amp;show_user=true\"><\/iframe>\n\n\n\n<div style=\"height:25px\" aria-hidden=\"true\" class=\"wp-block-spacer\"><\/div>\n\n\n\t\t\t<\/div>\n\t\t<\/div>\n\t<\/div>\n\n<\/div>\n\n\n<div class=\"richtext m-spacer\">\n\t<div class=\"container\">\n\t\t<div class=\"row\">\n\t\t\t<div class=\"col-10\">\n\t\t\t\t\n\n<hr class=\"wp-block-separator\"\/>\n\n\n\n<h3 class=\"wp-block-heading\" id=\"h-biography\">BIOGRAF\u00cdA<\/h3>\n\n\n\n<hr class=\"wp-block-separator\"\/>\n\n\n\n<p>H\u00e9ctor Berlioz era el hijo de un m\u00e9dico. Su padre lo educ\u00f3 en casa y centr\u00f3 sus estudios en los cl\u00e1sicos latinos y en la formaci\u00f3n m\u00e9dica elemental, pensando que H\u00e9ctor seguir\u00eda sus pasos y se convertir\u00eda en m\u00e9dico. De ni\u00f1o, Berlioz estudi\u00f3&nbsp;<strong><a href=\"https:\/\/www.dallassymphony.org\/es\/community-education\/dso-kids\/listen-watch\/instruments\/piano\/\">piano<\/a><\/strong>&nbsp;de un profesor de m\u00fasica del vecindario, pero prefer\u00eda tocar la guitarra y&nbsp;<strong><a href=\"https:\/\/www.dallassymphony.org\/es\/community-education\/dso-kids\/listen-watch\/instruments\/flute\/\">flauta<\/a><\/strong>.<\/p>\n\n\n\n<p>A la edad de 18 a\u00f1os, fue a Par\u00eds para estudiar medicina, pero pas\u00f3 la mayor parte del tiempo en la \u00d3pera y en la biblioteca del Conservatorio de M\u00fasica en lugar de asistir a sus clases de medicina. Finalmente entr\u00f3 en el Conservatorio de Par\u00eds y estudi\u00f3 composici\u00f3n con dos profesores: Lesuer, un anciano compositor con una gran admiraci\u00f3n por la \u00f3pera, y Reicha, una te\u00f3rica y compositora de m\u00fasica de c\u00e1mara que era amiga de&nbsp;<strong><a href=\"https:\/\/www.dallassymphony.org\/es\/community-education\/dso-kids\/listen-watch\/composers\/ludwig-van-beethoven\/\">Beethoven<\/a><\/strong>. Permaneciendo deliberadamente como estudiante, Berlioz compiti\u00f3 por el Gran Premio de Roma que finalmente gan\u00f3 en 1830.<\/p>\n\n\n\n<p>Berlioz ten\u00eda una maravillosa imaginaci\u00f3n, expresada en su elecci\u00f3n de instrumentos y en su novedoso tratamiento de la escritura orquestal. Pensaba en nuevos colores musicales y combinaciones de sonidos y los incorporaba a su escritura orquestal. A menudo ampli\u00f3 el tama\u00f1o de la orquesta e incluso proyect\u00f3 una obra para una orquesta de 465 int\u00e9rpretes. En 1844, escribi\u00f3 su Tratado de instrumentaci\u00f3n y orquestaci\u00f3n. Este libro se convirti\u00f3 en el \"diccionario de la orquestaci\u00f3n\" hasta bien entrado el siglo XX.<\/p>\n\n\n\n<p>Como compositor, Berlioz opt\u00f3 por escribir utilizando las formas musicales de obertura, sinfon\u00eda y \u00f3pera. Se le conoce sobre todo por el desarrollo de la m\u00fasica de programa sinf\u00f3nico y de las \"ideas fijas\", en las que una melod\u00eda o un tema se utiliza una y otra vez para representar a una persona o una idea program\u00e1tica a lo largo de toda una composici\u00f3n musical.<\/p>\n\n\n\t\t\t<\/div>\n\t\t<\/div>\n\t<\/div>\n\n<\/div>","protected":false},"excerpt":{"rendered":"<p>H\u00e9ctor Berlioz era el hijo de un m\u00e9dico. Su padre lo educ\u00f3 en casa y centr\u00f3 sus estudios en los cl\u00e1sicos latinos y en la formaci\u00f3n m\u00e9dica elemental, pensando que H\u00e9ctor seguir\u00eda sus pasos y se convertir\u00eda en m\u00e9dico. De ni\u00f1o, Berlioz estudi\u00f3 piano con un profesor de m\u00fasica del barrio, pero prefer\u00eda tocar la guitarra y la flauta.<\/p>","protected":false},"author":3,"featured_media":8858,"parent":592,"menu_order":0,"comment_status":"closed","ping_status":"closed","template":"","meta":{"_acf_changed":false,"footnotes":""},"class_list":["post-1019","page","type-page","status-publish","has-post-thumbnail","hentry"],"acf":[],"_links":{"self":[{"href":"https:\/\/www.dallassymphony.org\/es\/wp-json\/wp\/v2\/pages\/1019","targetHints":{"allow":["GET"]}}],"collection":[{"href":"https:\/\/www.dallassymphony.org\/es\/wp-json\/wp\/v2\/pages"}],"about":[{"href":"https:\/\/www.dallassymphony.org\/es\/wp-json\/wp\/v2\/types\/page"}],"author":[{"embeddable":true,"href":"https:\/\/www.dallassymphony.org\/es\/wp-json\/wp\/v2\/users\/3"}],"replies":[{"embeddable":true,"href":"https:\/\/www.dallassymphony.org\/es\/wp-json\/wp\/v2\/comments?post=1019"}],"version-history":[{"count":0,"href":"https:\/\/www.dallassymphony.org\/es\/wp-json\/wp\/v2\/pages\/1019\/revisions"}],"up":[{"embeddable":true,"href":"https:\/\/www.dallassymphony.org\/es\/wp-json\/wp\/v2\/pages\/592"}],"wp:featuredmedia":[{"embeddable":true,"href":"https:\/\/www.dallassymphony.org\/es\/wp-json\/wp\/v2\/media\/8858"}],"wp:attachment":[{"href":"https:\/\/www.dallassymphony.org\/es\/wp-json\/wp\/v2\/media?parent=1019"}],"curies":[{"name":"wp","href":"https:\/\/api.w.org\/{rel}","templated":true}]}}