{"id":1017,"date":"2020-11-17T11:00:03","date_gmt":"2020-11-17T16:00:03","guid":{"rendered":"https:\/\/www.dallassymphony.org\/?page_id=1017"},"modified":"2022-04-27T14:55:16","modified_gmt":"2022-04-27T19:55:16","slug":"joseph-haydn","status":"publish","type":"page","link":"https:\/\/www.dallassymphony.org\/es\/community-education\/dso-kids\/listen-watch\/composers\/joseph-haydn\/","title":{"rendered":"Joseph Haydn"},"content":{"rendered":"<div class=\"hero__no-img bg-blue-8\">\n\t<div class=\"container\">\n\t\t<div class=\"row\">\n\t\t\t<div class=\"col-md-10\">\n\n\t\t\t\t<ul class=\"breadcrumbs\">\n    \t<li class=\"breadcrumb__link\">\n\t\t<a class=\"a-hover\" href=\"https:\/\/www.dallassymphony.org\/es\/\">Inicio<\/a>\n\t<\/li>\n    \t<li class=\"breadcrumb__link a-styles\">\n\t\t<a class=\"a-hover\" href=\"https:\/\/www.dallassymphony.org\/es\/community-education\/\">Educaci\u00f3n y Comunidad<\/a>\n\t<\/li>\n    \t<li class=\"breadcrumb__link a-styles\">\n\t\t<a class=\"a-hover\" href=\"https:\/\/www.dallassymphony.org\/es\/community-education\/dso-kids\/\">Para escuelas y profesores<\/a>\n\t<\/li>\n    \t<li class=\"breadcrumb__link a-styles\">\n\t\t<a class=\"a-hover\" href=\"https:\/\/www.dallassymphony.org\/es\/community-education\/dso-kids\/listen-watch\/\">Escuchar y ver<\/a>\n\t<\/li>\n    \t<li class=\"breadcrumb__link a-styles\">\n\t\t<a class=\"a-hover\" href=\"https:\/\/www.dallassymphony.org\/es\/community-education\/dso-kids\/listen-watch\/composers\/\">Compositores<\/a>\n\t<\/li>\n    <\/ul>\n\n                \t\t\t\t<h1>\n                    <span >Joseph Haydn<\/span>\n                <\/h1>\n                \t\t\t<\/div>\n\t\t<\/div>\n\t<\/div>\n<\/div>\n\n\n<div class=\"text-img text-img--left\">\n\t<div class=\"container\">\n\t\t<div class=\"row\">\n\t\t\t<div class=\"col-lg-12\">\n\t\t\t\t<div class=\"text-img__wrapper\">\n\t\t\t\t\t<h1><\/h1>\n\n                    <img loading=\"lazy\" decoding=\"async\" width=\"666\" height=\"375\" src=\"https:\/\/www.dallassymphony.org\/wp-content\/uploads\/2022\/04\/Joseph-Haydn-666x375.jpg\" class=\"d-xl-none d-block\" alt=\"Joseph Haydn\" srcset=\"https:\/\/www.dallassymphony.org\/wp-content\/uploads\/2022\/04\/Joseph-Haydn-666x375.jpg 666w, https:\/\/www.dallassymphony.org\/wp-content\/uploads\/2022\/04\/Joseph-Haydn-300x169.jpg 300w, https:\/\/www.dallassymphony.org\/wp-content\/uploads\/2022\/04\/Joseph-Haydn-1024x576.jpg 1024w, https:\/\/www.dallassymphony.org\/wp-content\/uploads\/2022\/04\/Joseph-Haydn-768x432.jpg 768w, https:\/\/www.dallassymphony.org\/wp-content\/uploads\/2022\/04\/Joseph-Haydn-1536x864.jpg 1536w, https:\/\/www.dallassymphony.org\/wp-content\/uploads\/2022\/04\/Joseph-Haydn-18x10.jpg 18w, https:\/\/www.dallassymphony.org\/wp-content\/uploads\/2022\/04\/Joseph-Haydn-388x218.jpg 388w, https:\/\/www.dallassymphony.org\/wp-content\/uploads\/2022\/04\/Joseph-Haydn-540x303.jpg 540w, https:\/\/www.dallassymphony.org\/wp-content\/uploads\/2022\/04\/Joseph-Haydn-735x413.jpg 735w, https:\/\/www.dallassymphony.org\/wp-content\/uploads\/2022\/04\/Joseph-Haydn.jpg 1600w\" sizes=\"auto, (max-width: 666px) 100vw, 666px\" \/>\n\t\t\t\t\t<p><!-- wp:heading {\"level\":5} --><\/p>\n<div class=\"wp-block-columns\">\n<div class=\"wp-block-column\">\n<h5 id=\"h-dates\">FECHAS<\/h5>\n<p>Nacido el 31 de marzo de 1732 en Rohrau, Austria<br \/>\nFalleci\u00f3 el 31 de mayo de 1809 en Viena, Austria<\/p>\n<h5 id=\"h-nationality\">NACIONALIDAD<\/h5>\n<p>Austriaco<\/p>\n<h5 id=\"h-style-period\">ESTILO\/PERIODO<\/h5>\n<p>Cl\u00e1sico 1750-1820<\/p>\n<h5 id=\"h-famous-works\">OBRAS FAMOSAS<\/h5>\n<p>Sinfon\u00eda \"Sorpresa\", numerosas m\u00fasicas sinf\u00f3nicas, de c\u00e1mara, corales, oper\u00edsticas y para teclado<\/p>\n<\/div>\n<\/div>\n<p><!-- \/wp:heading --><\/p>\n\n                    \n                <\/div>\n                <img loading=\"lazy\" decoding=\"async\" width=\"1600\" height=\"900\" src=\"https:\/\/www.dallassymphony.org\/wp-content\/uploads\/2022\/04\/Joseph-Haydn-1600x900.jpg\" class=\"d-none d-xl-block\" alt=\"Joseph Haydn\" srcset=\"https:\/\/www.dallassymphony.org\/wp-content\/uploads\/2022\/04\/Joseph-Haydn.jpg 1600w, https:\/\/www.dallassymphony.org\/wp-content\/uploads\/2022\/04\/Joseph-Haydn-300x169.jpg 300w, https:\/\/www.dallassymphony.org\/wp-content\/uploads\/2022\/04\/Joseph-Haydn-1024x576.jpg 1024w, https:\/\/www.dallassymphony.org\/wp-content\/uploads\/2022\/04\/Joseph-Haydn-768x432.jpg 768w, https:\/\/www.dallassymphony.org\/wp-content\/uploads\/2022\/04\/Joseph-Haydn-1536x864.jpg 1536w, https:\/\/www.dallassymphony.org\/wp-content\/uploads\/2022\/04\/Joseph-Haydn-18x10.jpg 18w, https:\/\/www.dallassymphony.org\/wp-content\/uploads\/2022\/04\/Joseph-Haydn-388x218.jpg 388w, https:\/\/www.dallassymphony.org\/wp-content\/uploads\/2022\/04\/Joseph-Haydn-540x303.jpg 540w, https:\/\/www.dallassymphony.org\/wp-content\/uploads\/2022\/04\/Joseph-Haydn-666x375.jpg 666w, https:\/\/www.dallassymphony.org\/wp-content\/uploads\/2022\/04\/Joseph-Haydn-735x413.jpg 735w\" sizes=\"auto, (max-width: 1600px) 100vw, 1600px\" \/>\t\t\t<\/div>\n\t\t<\/div>\n\t<\/div>\n<\/div>\n\n\n<div class=\"richtext m-spacer\">\n\t<div class=\"container\">\n\t\t<div class=\"row\">\n\t\t\t<div class=\"col-10\">\n\t\t\t\t\n\n<iframe loading=\"lazy\" width=\"50%\" height=\"20\" scrolling=\"no\" frameborder=\"no\" allow=\"autoplay\" src=\"https:\/\/w.soundcloud.com\/player\/?url=https%3A\/\/api.soundcloud.com\/tracks\/296373633&amp;color=%23ff5500&amp;inverse=false&amp;auto_play=false&amp;show_user=true\"><\/iframe>\n\n\n\n<div style=\"height:50px\" aria-hidden=\"true\" class=\"wp-block-spacer\"><\/div>\n\n\n\t\t\t<\/div>\n\t\t<\/div>\n\t<\/div>\n\n<\/div>\n\n\n<div class=\"richtext m-spacer\">\n\t<div class=\"container\">\n\t\t<div class=\"row\">\n\t\t\t<div class=\"col-10\">\n\t\t\t\t\n\n<hr class=\"wp-block-separator\"\/>\n\n\n\n<h3 class=\"wp-block-heading\" id=\"h-biography\">BIOGRAF\u00cdA<\/h3>\n\n\n\n<hr class=\"wp-block-separator\"\/>\n\n\n\n<p>El padre de Haydn era un constructor y reparador de carros que amaba la m\u00fasica y tocaba el&nbsp;<strong><a href=\"https:\/\/www.dallassymphony.org\/es\/community-education\/dso-kids\/listen-watch\/instruments\/harp\/\">arpa<\/a><\/strong>&nbsp;para sus amigos y vecinos. Tal vez por eso tres de sus hijos se convirtieron en m\u00fasicos. El m\u00e1s famoso, cuya m\u00fasica se sigue tocando hoy en d\u00eda, es Franz Joseph Haydn. De joven, Haydn fue enviado a vivir con su t\u00edo, que era maestro de escuela en Hainburg. All\u00ed estudi\u00f3 lectura, escritura, aritm\u00e9tica y canto. Aprendi\u00f3 a tocar el&nbsp;<strong><a href=\"https:\/\/www.dallassymphony.org\/es\/community-education\/dso-kids\/listen-watch\/instruments\/harpsichord\/\">clavicordio<\/a><\/strong>,&nbsp;<strong><a href=\"https:\/\/www.dallassymphony.org\/es\/community-education\/dso-kids\/listen-watch\/instruments\/organ\/\">\u00f3rgano<\/a><\/strong>,&nbsp;<strong><a href=\"https:\/\/www.dallassymphony.org\/es\/community-education\/dso-kids\/listen-watch\/instruments\/violin\/\">viol\u00edn<\/a><\/strong>,&nbsp;<strong><a href=\"https:\/\/www.dallassymphony.org\/es\/community-education\/dso-kids\/listen-watch\/instruments\/trumpet\/\">trompeta<\/a><\/strong>y tambores.<\/p>\n\n\n\n<p>Durante una gira de b\u00fasqueda de talentos, el director de m\u00fasica de la catedral de San Esteban en Viena descubri\u00f3 a Haydn. Hab\u00eda estado en la escuela en Hainburg durante un a\u00f1o. A los ocho a\u00f1os, Haydn fue a Viena y se uni\u00f3 al coro all\u00ed.<\/p>\n\n\n\n<p>A lo largo de su vida, Haydn tuvo un gran sentido del humor. Aunque esto le ayud\u00f3 en muchos aspectos, le meti\u00f3 en serios problemas con el director del coro en Viena cuando era adolescente. Le cort\u00f3 una de las coletas al chico que ten\u00eda delante (los chicos del coro en aquella \u00e9poca llevaban el pelo en coletas), y su castigo fue ser expulsado del coro y de la escuela. Durante varios a\u00f1os luch\u00f3 por encontrar su camino, y finalmente pudo ganarse la vida como m\u00fasico de la corte y compositor. Su sentido del humor se muestra a menudo en la m\u00fasica que escribi\u00f3. Por ejemplo, una de sus piezas m\u00e1s famosas, la&nbsp;<em>Sinfon\u00eda sorpresa<\/em>tiene pasajes muy suaves seguidos por repentinos y muy fuertes acordes para despertar a los miembros de la audiencia que estaban durmiendo.<\/p>\n\n\n\t\t\t<\/div>\n\t\t<\/div>\n\t<\/div>\n\n<\/div>","protected":false},"excerpt":{"rendered":"<p>El padre de Haydn era un constructor y reparador de carros que amaba la m\u00fasica y tocaba el arpa para sus amigos y vecinos. Quiz\u00e1 por ello, tres de sus hijos se convirtieron en m\u00fasicos. El m\u00e1s famoso, cuya m\u00fasica se sigue interpretando hoy en d\u00eda, es Franz Joseph Haydn.<\/p>","protected":false},"author":3,"featured_media":8811,"parent":592,"menu_order":0,"comment_status":"closed","ping_status":"closed","template":"","meta":{"_acf_changed":false,"footnotes":""},"class_list":["post-1017","page","type-page","status-publish","has-post-thumbnail","hentry"],"acf":[],"_links":{"self":[{"href":"https:\/\/www.dallassymphony.org\/es\/wp-json\/wp\/v2\/pages\/1017","targetHints":{"allow":["GET"]}}],"collection":[{"href":"https:\/\/www.dallassymphony.org\/es\/wp-json\/wp\/v2\/pages"}],"about":[{"href":"https:\/\/www.dallassymphony.org\/es\/wp-json\/wp\/v2\/types\/page"}],"author":[{"embeddable":true,"href":"https:\/\/www.dallassymphony.org\/es\/wp-json\/wp\/v2\/users\/3"}],"replies":[{"embeddable":true,"href":"https:\/\/www.dallassymphony.org\/es\/wp-json\/wp\/v2\/comments?post=1017"}],"version-history":[{"count":0,"href":"https:\/\/www.dallassymphony.org\/es\/wp-json\/wp\/v2\/pages\/1017\/revisions"}],"up":[{"embeddable":true,"href":"https:\/\/www.dallassymphony.org\/es\/wp-json\/wp\/v2\/pages\/592"}],"wp:featuredmedia":[{"embeddable":true,"href":"https:\/\/www.dallassymphony.org\/es\/wp-json\/wp\/v2\/media\/8811"}],"wp:attachment":[{"href":"https:\/\/www.dallassymphony.org\/es\/wp-json\/wp\/v2\/media?parent=1017"}],"curies":[{"name":"wp","href":"https:\/\/api.w.org\/{rel}","templated":true}]}}