{"id":1014,"date":"2020-11-17T10:59:16","date_gmt":"2020-11-17T15:59:16","guid":{"rendered":"https:\/\/www.dallassymphony.org\/?page_id=1014"},"modified":"2022-04-27T14:38:34","modified_gmt":"2022-04-27T19:38:34","slug":"claudio-monteverdi","status":"publish","type":"page","link":"https:\/\/www.dallassymphony.org\/es\/community-education\/dso-kids\/listen-watch\/composers\/claudio-monteverdi\/","title":{"rendered":"Claudio Monteverdi"},"content":{"rendered":"<div class=\"hero__no-img bg-blue-8\">\n\t<div class=\"container\">\n\t\t<div class=\"row\">\n\t\t\t<div class=\"col-md-10\">\n\n\t\t\t\t<ul class=\"breadcrumbs\">\n    \t<li class=\"breadcrumb__link\">\n\t\t<a class=\"a-hover\" href=\"https:\/\/www.dallassymphony.org\/es\/\">Inicio<\/a>\n\t<\/li>\n    \t<li class=\"breadcrumb__link a-styles\">\n\t\t<a class=\"a-hover\" href=\"https:\/\/www.dallassymphony.org\/es\/community-education\/\">Educaci\u00f3n y Comunidad<\/a>\n\t<\/li>\n    \t<li class=\"breadcrumb__link a-styles\">\n\t\t<a class=\"a-hover\" href=\"https:\/\/www.dallassymphony.org\/es\/community-education\/dso-kids\/\">Para escuelas y profesores<\/a>\n\t<\/li>\n    \t<li class=\"breadcrumb__link a-styles\">\n\t\t<a class=\"a-hover\" href=\"https:\/\/www.dallassymphony.org\/es\/community-education\/dso-kids\/listen-watch\/\">Escuchar y ver<\/a>\n\t<\/li>\n    \t<li class=\"breadcrumb__link a-styles\">\n\t\t<a class=\"a-hover\" href=\"https:\/\/www.dallassymphony.org\/es\/community-education\/dso-kids\/listen-watch\/composers\/\">Compositores<\/a>\n\t<\/li>\n    <\/ul>\n\n                \t\t\t\t<h1>\n                    <span >Claudio Monteverdi<\/span>\n                <\/h1>\n                \t\t\t<\/div>\n\t\t<\/div>\n\t<\/div>\n<\/div>\n\n\n<div class=\"text-img text-img--left\">\n\t<div class=\"container\">\n\t\t<div class=\"row\">\n\t\t\t<div class=\"col-lg-12\">\n\t\t\t\t<div class=\"text-img__wrapper\">\n\t\t\t\t\t<h1><\/h1>\n\n                    <img loading=\"lazy\" decoding=\"async\" width=\"666\" height=\"375\" src=\"https:\/\/www.dallassymphony.org\/wp-content\/uploads\/2022\/04\/Claudio-Monteverdi-666x375.jpg\" class=\"d-xl-none d-block\" alt=\"Claudio Monteverdi\" srcset=\"https:\/\/www.dallassymphony.org\/wp-content\/uploads\/2022\/04\/Claudio-Monteverdi-666x375.jpg 666w, https:\/\/www.dallassymphony.org\/wp-content\/uploads\/2022\/04\/Claudio-Monteverdi-300x169.jpg 300w, https:\/\/www.dallassymphony.org\/wp-content\/uploads\/2022\/04\/Claudio-Monteverdi-1024x576.jpg 1024w, https:\/\/www.dallassymphony.org\/wp-content\/uploads\/2022\/04\/Claudio-Monteverdi-768x432.jpg 768w, https:\/\/www.dallassymphony.org\/wp-content\/uploads\/2022\/04\/Claudio-Monteverdi-1536x864.jpg 1536w, https:\/\/www.dallassymphony.org\/wp-content\/uploads\/2022\/04\/Claudio-Monteverdi-18x10.jpg 18w, https:\/\/www.dallassymphony.org\/wp-content\/uploads\/2022\/04\/Claudio-Monteverdi-388x218.jpg 388w, https:\/\/www.dallassymphony.org\/wp-content\/uploads\/2022\/04\/Claudio-Monteverdi-540x303.jpg 540w, https:\/\/www.dallassymphony.org\/wp-content\/uploads\/2022\/04\/Claudio-Monteverdi-735x413.jpg 735w, https:\/\/www.dallassymphony.org\/wp-content\/uploads\/2022\/04\/Claudio-Monteverdi.jpg 1600w\" sizes=\"auto, (max-width: 666px) 100vw, 666px\" \/>\n\t\t\t\t\t<p><!-- wp:heading {\"level\":5} --><\/p>\n<h5 id=\"h-dates\">FECHAS<\/h5>\n<p>Nacido el 15 de mayo de 1567 en Cremona, Italia<br \/>\nFalleci\u00f3 el 29 de noviembre de 1643 en Venecia, Italia<\/p>\n<h5 id=\"h-nationality\">NACIONALIDAD<\/h5>\n<p>Italiano<\/p>\n<h5 id=\"h-style-period\">ESTILO\/PERIODO<\/h5>\n<p>Barroco 1600-1750<\/p>\n<h5 id=\"h-famous-works\">OBRAS FAMOSAS<\/h5>\n<p>L'Orfeo<\/p>\n<p><!-- \/wp:heading --><\/p>\n\n                    \n                <\/div>\n                <img loading=\"lazy\" decoding=\"async\" width=\"1600\" height=\"900\" src=\"https:\/\/www.dallassymphony.org\/wp-content\/uploads\/2022\/04\/Claudio-Monteverdi-1600x900.jpg\" class=\"d-none d-xl-block\" alt=\"Claudio Monteverdi\" srcset=\"https:\/\/www.dallassymphony.org\/wp-content\/uploads\/2022\/04\/Claudio-Monteverdi.jpg 1600w, https:\/\/www.dallassymphony.org\/wp-content\/uploads\/2022\/04\/Claudio-Monteverdi-300x169.jpg 300w, https:\/\/www.dallassymphony.org\/wp-content\/uploads\/2022\/04\/Claudio-Monteverdi-1024x576.jpg 1024w, https:\/\/www.dallassymphony.org\/wp-content\/uploads\/2022\/04\/Claudio-Monteverdi-768x432.jpg 768w, https:\/\/www.dallassymphony.org\/wp-content\/uploads\/2022\/04\/Claudio-Monteverdi-1536x864.jpg 1536w, https:\/\/www.dallassymphony.org\/wp-content\/uploads\/2022\/04\/Claudio-Monteverdi-18x10.jpg 18w, https:\/\/www.dallassymphony.org\/wp-content\/uploads\/2022\/04\/Claudio-Monteverdi-388x218.jpg 388w, https:\/\/www.dallassymphony.org\/wp-content\/uploads\/2022\/04\/Claudio-Monteverdi-540x303.jpg 540w, https:\/\/www.dallassymphony.org\/wp-content\/uploads\/2022\/04\/Claudio-Monteverdi-666x375.jpg 666w, https:\/\/www.dallassymphony.org\/wp-content\/uploads\/2022\/04\/Claudio-Monteverdi-735x413.jpg 735w\" sizes=\"auto, (max-width: 1600px) 100vw, 1600px\" \/>\t\t\t<\/div>\n\t\t<\/div>\n\t<\/div>\n<\/div>\n\n\n<div class=\"richtext m-spacer\">\n\t<div class=\"container\">\n\t\t<div class=\"row\">\n\t\t\t<div class=\"col-10\">\n\t\t\t\t\n\n<iframe loading=\"lazy\" width=\"50%\" height=\"20\" scrolling=\"no\" frameborder=\"no\" allow=\"autoplay\" src=\"https:\/\/w.soundcloud.com\/player\/?url=https%3A\/\/api.soundcloud.com\/tracks\/296392444&amp;color=%23ff5500&amp;inverse=false&amp;auto_play=false&amp;show_user=true\"><\/iframe>\n\n\n\n<div style=\"height:50px\" aria-hidden=\"true\" class=\"wp-block-spacer\"><\/div>\n\n\n\t\t\t<\/div>\n\t\t<\/div>\n\t<\/div>\n\n<\/div>\n\n\n<div class=\"richtext m-spacer\">\n\t<div class=\"container\">\n\t\t<div class=\"row\">\n\t\t\t<div class=\"col-10\">\n\t\t\t\t\n\n<hr class=\"wp-block-separator\"\/>\n\n\n\n<h3 class=\"wp-block-heading\" id=\"h-biography\">BIOGRAF\u00cdA<\/h3>\n\n\n\n<hr class=\"wp-block-separator\"\/>\n\n\n\n<p>Claudio Monteverdi comenz\u00f3 su vida musical como ni\u00f1o de coro en Cremona, Italia. Estudi\u00f3 m\u00fasica y public\u00f3 varios libros con sus composiciones cuando era muy joven: \u00a1algunos de sus libros de m\u00fasica m\u00e1s famosos se publicaron cuando s\u00f3lo ten\u00eda 20 a\u00f1os!  A los 23 a\u00f1os, Monteverdi fue contratado por el duque de Mantua (Italia) para servir como m\u00fasico de cuerda en su corte. Monteverdi se cas\u00f3 con una cantante de la corte en 1599 y tuvieron tres hijos juntos antes de que ella muriera s\u00f3lo 8 a\u00f1os despu\u00e9s de casarse. Monteverdi no estaba muy contento con su trabajo en Mantua porque no le pagaban bien por su trabajo.  Pronto acept\u00f3 un trabajo muy prestigioso como director musical de la Catedral de San Marcos en Venecia, Italia. Trabaj\u00f3 en la Catedral de San Marcos durante el resto de su vida.<\/p>\n\n\n\n<p>Monteverdi es especialmente conocido por sus contribuciones a la \u00f3pera. Una de sus m\u00e1s famosas composiciones de \u00f3pera es&nbsp;<em>L'Orfeo<\/em>. Monteverdi escribi\u00f3 su \u00faltima \u00f3pera cuando ten\u00eda 75 a\u00f1os, \u00a1s\u00f3lo un a\u00f1o antes de morir! Tambi\u00e9n compuso otros tipos de m\u00fasica: misas (m\u00fasica que acompa\u00f1a a un servicio completo en las iglesias cat\u00f3lica y anglicana), motetes (composiciones corales sin acompa\u00f1amiento que se basan en textos sagrados) y madrigales (piezas corales que a menudo siguen el modelo de la poes\u00eda y cuentan una historia). Es conocido por su capacidad para componer m\u00fasica maravillosa, tanto religiosa (sagrada) como no religiosa (profana).<\/p>\n\n\n\t\t\t<\/div>\n\t\t<\/div>\n\t<\/div>\n\n<\/div>\n\n\n<div class=\"richtext m-spacer\">\n\t<div class=\"container\">\n\t\t<div class=\"row\">\n\t\t\t<div class=\"col-10\">\n\t\t\t\t\n\n<div class=\"wp-block-columns is-layout-flex wp-container-core-columns-is-layout-9d6595d7 wp-block-columns-is-layout-flex\">\n<div class=\"wp-block-column is-layout-flow wp-block-column-is-layout-flow\">\n<iframe loading=\"lazy\" width=\"100%\" height=\"166\" scrolling=\"no\" frameborder=\"no\" allow=\"autoplay\" src=\"https:\/\/w.soundcloud.com\/player\/?url=https%3A\/\/api.soundcloud.com\/tracks\/304681268&amp;color=%23ff5500&amp;auto_play=false&amp;hide_related=true&amp;show_comments=false&amp;show_user=true&amp;show_reposts=false&amp;show_teaser=false\"><\/iframe>\n<\/div>\n<\/div>\n\n\n\t\t\t<\/div>\n\t\t<\/div>\n\t<\/div>\n\n<\/div>\n\n\n<div class=\"richtext m-spacer\">\n\t<div class=\"container\">\n\t\t<div class=\"row\">\n\t\t\t<div class=\"col-10\">\n\t\t\t\t\n<div class=\"richtext m-spacer\">\n\t<div class=\"container\">\n\t\t<div class=\"row\">\n\t\t\t<div class=\"col-10\">\n\t\t\t\t\n\t\t\t<\/div>\n\t\t<\/div>\n\t<\/div>\n\n<\/div>\n\n\n\t\t\t<\/div>\n\t\t<\/div>\n\t<\/div>\n\n<\/div>","protected":false},"excerpt":{"rendered":"<p>Claudio Monteverdi comenz\u00f3 su vida musical como ni\u00f1o de coro en Cremona, Italia. Estudi\u00f3 m\u00fasica y public\u00f3 varios libros con sus composiciones cuando era muy joven; \u00a1algunos de sus libros de m\u00fasica m\u00e1s famosos se publicaron cuando s\u00f3lo ten\u00eda 20 a\u00f1os! <\/p>","protected":false},"author":3,"featured_media":8809,"parent":592,"menu_order":0,"comment_status":"closed","ping_status":"closed","template":"","meta":{"_acf_changed":false,"footnotes":""},"class_list":["post-1014","page","type-page","status-publish","has-post-thumbnail","hentry"],"acf":[],"_links":{"self":[{"href":"https:\/\/www.dallassymphony.org\/es\/wp-json\/wp\/v2\/pages\/1014","targetHints":{"allow":["GET"]}}],"collection":[{"href":"https:\/\/www.dallassymphony.org\/es\/wp-json\/wp\/v2\/pages"}],"about":[{"href":"https:\/\/www.dallassymphony.org\/es\/wp-json\/wp\/v2\/types\/page"}],"author":[{"embeddable":true,"href":"https:\/\/www.dallassymphony.org\/es\/wp-json\/wp\/v2\/users\/3"}],"replies":[{"embeddable":true,"href":"https:\/\/www.dallassymphony.org\/es\/wp-json\/wp\/v2\/comments?post=1014"}],"version-history":[{"count":0,"href":"https:\/\/www.dallassymphony.org\/es\/wp-json\/wp\/v2\/pages\/1014\/revisions"}],"up":[{"embeddable":true,"href":"https:\/\/www.dallassymphony.org\/es\/wp-json\/wp\/v2\/pages\/592"}],"wp:featuredmedia":[{"embeddable":true,"href":"https:\/\/www.dallassymphony.org\/es\/wp-json\/wp\/v2\/media\/8809"}],"wp:attachment":[{"href":"https:\/\/www.dallassymphony.org\/es\/wp-json\/wp\/v2\/media?parent=1014"}],"curies":[{"name":"wp","href":"https:\/\/api.w.org\/{rel}","templated":true}]}}