{"id":1008,"date":"2020-11-17T10:58:08","date_gmt":"2020-11-17T15:58:08","guid":{"rendered":"https:\/\/www.dallassymphony.org\/?page_id=1008"},"modified":"2022-04-27T14:12:24","modified_gmt":"2022-04-27T19:12:24","slug":"johann-sebastian-bach","status":"publish","type":"page","link":"https:\/\/www.dallassymphony.org\/es\/community-education\/dso-kids\/listen-watch\/composers\/johann-sebastian-bach\/","title":{"rendered":"Johann Sebastian Bach"},"content":{"rendered":"<div class=\"hero__no-img bg-blue-8\">\n\t<div class=\"container\">\n\t\t<div class=\"row\">\n\t\t\t<div class=\"col-md-10\">\n\n\t\t\t\t<ul class=\"breadcrumbs\">\n    \t<li class=\"breadcrumb__link\">\n\t\t<a class=\"a-hover\" href=\"https:\/\/www.dallassymphony.org\/es\/\">Inicio<\/a>\n\t<\/li>\n    \t<li class=\"breadcrumb__link a-styles\">\n\t\t<a class=\"a-hover\" href=\"https:\/\/www.dallassymphony.org\/es\/community-education\/\">Educaci\u00f3n y Comunidad<\/a>\n\t<\/li>\n    \t<li class=\"breadcrumb__link a-styles\">\n\t\t<a class=\"a-hover\" href=\"https:\/\/www.dallassymphony.org\/es\/community-education\/dso-kids\/\">Para escuelas y profesores<\/a>\n\t<\/li>\n    \t<li class=\"breadcrumb__link a-styles\">\n\t\t<a class=\"a-hover\" href=\"https:\/\/www.dallassymphony.org\/es\/community-education\/dso-kids\/listen-watch\/\">Escuchar y ver<\/a>\n\t<\/li>\n    \t<li class=\"breadcrumb__link a-styles\">\n\t\t<a class=\"a-hover\" href=\"https:\/\/www.dallassymphony.org\/es\/community-education\/dso-kids\/listen-watch\/composers\/\">Compositores<\/a>\n\t<\/li>\n    <\/ul>\n\n                \t\t\t\t<h1>\n                    <span >Johann Sebastian Bach<\/span>\n                <\/h1>\n                \t\t\t<\/div>\n\t\t<\/div>\n\t<\/div>\n<\/div>\n\n\n<div class=\"text-img text-img--left\">\n\t<div class=\"container\">\n\t\t<div class=\"row\">\n\t\t\t<div class=\"col-lg-12\">\n\t\t\t\t<div class=\"text-img__wrapper\">\n\t\t\t\t\t<h1><\/h1>\n\n                    <img loading=\"lazy\" decoding=\"async\" width=\"666\" height=\"375\" src=\"https:\/\/www.dallassymphony.org\/wp-content\/uploads\/2022\/04\/Johann-Sebastian-Bach-666x375.jpg\" class=\"d-xl-none d-block\" alt=\"Johann Sebastian Bach\" srcset=\"https:\/\/www.dallassymphony.org\/wp-content\/uploads\/2022\/04\/Johann-Sebastian-Bach-666x375.jpg 666w, https:\/\/www.dallassymphony.org\/wp-content\/uploads\/2022\/04\/Johann-Sebastian-Bach-300x169.jpg 300w, https:\/\/www.dallassymphony.org\/wp-content\/uploads\/2022\/04\/Johann-Sebastian-Bach-1024x576.jpg 1024w, https:\/\/www.dallassymphony.org\/wp-content\/uploads\/2022\/04\/Johann-Sebastian-Bach-768x432.jpg 768w, https:\/\/www.dallassymphony.org\/wp-content\/uploads\/2022\/04\/Johann-Sebastian-Bach-1536x864.jpg 1536w, https:\/\/www.dallassymphony.org\/wp-content\/uploads\/2022\/04\/Johann-Sebastian-Bach-18x10.jpg 18w, https:\/\/www.dallassymphony.org\/wp-content\/uploads\/2022\/04\/Johann-Sebastian-Bach-388x218.jpg 388w, https:\/\/www.dallassymphony.org\/wp-content\/uploads\/2022\/04\/Johann-Sebastian-Bach-540x303.jpg 540w, https:\/\/www.dallassymphony.org\/wp-content\/uploads\/2022\/04\/Johann-Sebastian-Bach-735x413.jpg 735w, https:\/\/www.dallassymphony.org\/wp-content\/uploads\/2022\/04\/Johann-Sebastian-Bach.jpg 1600w\" sizes=\"auto, (max-width: 666px) 100vw, 666px\" \/>\n\t\t\t\t\t<p><!-- wp:heading {\"level\":5} --><\/p>\n<h5 id=\"h-dates\">FECHAS<\/h5>\n<p><!-- \/wp:heading --> <!-- wp:paragraph --><\/p>\n<p>Nacido el 21 de marzo de 1685 en Eisenach, Alemania<br \/>\nFalleci\u00f3 el 28 de julio de 1750 en Leipzig, Alemania<\/p>\n<p><!-- \/wp:paragraph --> <!-- wp:heading {\"level\":5} --><\/p>\n<h5 id=\"h-nationality\">NACIONALIDAD<\/h5>\n<p><!-- \/wp:heading --> <!-- wp:paragraph --><\/p>\n<p>Alem\u00e1n<\/p>\n<p><!-- \/wp:paragraph --> <!-- wp:heading {\"level\":5} --><\/p>\n<h5 id=\"h-style-period\">ESTILO\/PERIODO<\/h5>\n<p><!-- \/wp:heading --> <!-- wp:paragraph --><\/p>\n<p>Barroco 1600-1750<\/p>\n<p><!-- \/wp:paragraph --> <!-- wp:heading {\"level\":5} --><\/p>\n<h5 id=\"h-famous-works\">OBRAS FAMOSAS<\/h5>\n<p><!-- \/wp:heading --> <!-- wp:paragraph --><\/p>\n<p>El Clave Bien Temperado, la Pasi\u00f3n de San Mateo, la Misa B-Menor y la Pasi\u00f3n de San Juan<\/p>\n<p><!-- \/wp:paragraph --><\/p>\n\n                    \n                <\/div>\n                <img loading=\"lazy\" decoding=\"async\" width=\"1600\" height=\"900\" src=\"https:\/\/www.dallassymphony.org\/wp-content\/uploads\/2022\/04\/Johann-Sebastian-Bach-1600x900.jpg\" class=\"d-none d-xl-block\" alt=\"Johann Sebastian Bach\" srcset=\"https:\/\/www.dallassymphony.org\/wp-content\/uploads\/2022\/04\/Johann-Sebastian-Bach.jpg 1600w, https:\/\/www.dallassymphony.org\/wp-content\/uploads\/2022\/04\/Johann-Sebastian-Bach-300x169.jpg 300w, https:\/\/www.dallassymphony.org\/wp-content\/uploads\/2022\/04\/Johann-Sebastian-Bach-1024x576.jpg 1024w, https:\/\/www.dallassymphony.org\/wp-content\/uploads\/2022\/04\/Johann-Sebastian-Bach-768x432.jpg 768w, https:\/\/www.dallassymphony.org\/wp-content\/uploads\/2022\/04\/Johann-Sebastian-Bach-1536x864.jpg 1536w, https:\/\/www.dallassymphony.org\/wp-content\/uploads\/2022\/04\/Johann-Sebastian-Bach-18x10.jpg 18w, https:\/\/www.dallassymphony.org\/wp-content\/uploads\/2022\/04\/Johann-Sebastian-Bach-388x218.jpg 388w, https:\/\/www.dallassymphony.org\/wp-content\/uploads\/2022\/04\/Johann-Sebastian-Bach-540x303.jpg 540w, https:\/\/www.dallassymphony.org\/wp-content\/uploads\/2022\/04\/Johann-Sebastian-Bach-666x375.jpg 666w, https:\/\/www.dallassymphony.org\/wp-content\/uploads\/2022\/04\/Johann-Sebastian-Bach-735x413.jpg 735w\" sizes=\"auto, (max-width: 1600px) 100vw, 1600px\" \/>\t\t\t<\/div>\n\t\t<\/div>\n\t<\/div>\n<\/div>\n\n\n<div class=\"richtext m-spacer\">\n\t<div class=\"container\">\n\t\t<div class=\"row\">\n\t\t\t<div class=\"col-10\">\n\t\t\t\t\n\n<iframe loading=\"lazy\" width=\"50%\" height=\"20\" scrolling=\"no\" frameborder=\"no\" allow=\"autoplay\" src=\"https:\/\/w.soundcloud.com\/player\/?url=https%3A\/\/api.soundcloud.com\/tracks\/296369653&amp;color=%23ff5500&amp;inverse=false&amp;auto_play=false&amp;show_user=true\"><\/iframe>\n\n\n\n<div style=\"height:50px\" aria-hidden=\"true\" class=\"wp-block-spacer\"><\/div>\n\n\n\t\t\t<\/div>\n\t\t<\/div>\n\t<\/div>\n\n<\/div>\n\n\n<div class=\"richtext m-spacer\">\n\t<div class=\"container\">\n\t\t<div class=\"row\">\n\t\t\t<div class=\"col-10\">\n\t\t\t\t\n\n<hr class=\"wp-block-separator\"\/>\n\n\n\n<h3 class=\"wp-block-heading\" id=\"h-biography\">BIOGRAF\u00cdA<\/h3>\n\n\n\n<hr class=\"wp-block-separator\"\/>\n\n\n\n<p>Una vez Bach tuvo que pasar un mes en la c\u00e1rcel porque intent\u00f3 dejar su trabajo componiendo y tocando para un duque. Durante ese mes en la c\u00e1rcel, escribi\u00f3 cuarenta y seis piezas de m\u00fasica, muchas de las cuales se siguen interpretando hoy en d\u00eda.<\/p>\n\n\n\n<p>Bach, un deslumbrante&nbsp;<strong><a href=\"https:\/\/www.dallassymphony.org\/es\/community-education\/dso-kids\/listen-watch\/instruments\/organ\/\">organista<\/a><\/strong>&nbsp;y m\u00fasico de la iglesia, ten\u00eda que componer todo tipo de piezas originales para cada servicio de la iglesia incluyendo piezas para el coro,&nbsp;<strong><a href=\"https:\/\/www.dallassymphony.org\/es\/community-education\/dso-kids\/listen-watch\/instruments\/organ\/\">\u00f3rgano<\/a><\/strong>,&nbsp;<strong><a href=\"https:\/\/www.dallassymphony.org\/es\/community-education\/dso-kids\/listen-watch\/instruments\/harpsichord\/\">clavicordio<\/a><\/strong>&nbsp;y la orquesta. Como la mayor\u00eda de su m\u00fasica fue escrita para ser interpretada en un servicio de la iglesia s\u00f3lo una vez y luego se tir\u00f3, muy poco de su m\u00fasica fue publicada durante su vida. Fue por esta raz\u00f3n que Bach compuso m\u00e1s m\u00fasica que casi cualquier otro compositor. Sin embargo, su genio musical no fue reconocido hasta unos 100 a\u00f1os despu\u00e9s de su muerte.<\/p>\n\n\n\n<p>Bach fue famoso por su m\u00fasica y por algo m\u00e1s: \u00a1tuvo veinte hijos! Cinco se llamaron Johann, dos Johanna y cuatro se convirtieron en compositores famosos. Es posible que se le recuerde mucho despu\u00e9s que a otros compositores, porque en 1977 la nave espacial Voyager fue lanzada al espacio con grabaciones de tres piezas de Bach.<\/p>\n\n\n\t\t\t<\/div>\n\t\t<\/div>\n\t<\/div>\n\n<\/div>\n\n\n<div class=\"richtext m-spacer\">\n\t<div class=\"container\">\n\t\t<div class=\"row\">\n\t\t\t<div class=\"col-10\">\n\t\t\t\t\n\n<div class=\"wp-block-columns is-layout-flex wp-container-core-columns-is-layout-9d6595d7 wp-block-columns-is-layout-flex\">\n<div class=\"wp-block-column is-layout-flow wp-block-column-is-layout-flow\">\n<iframe loading=\"lazy\" width=\"100%\" height=\"166\" scrolling=\"no\" frameborder=\"no\" allow=\"autoplay\" src=\"https:\/\/w.soundcloud.com\/player\/?url=https%3A\/\/api.soundcloud.com\/tracks\/296369656&amp;color=%23ff5500&amp;auto_play=false&amp;hide_related=false&amp;show_comments=true&amp;show_user=true&amp;show_reposts=false&amp;show_teaser=true\"><\/iframe>\n<\/div>\n<\/div>\n\n\n\t\t\t<\/div>\n\t\t<\/div>\n\t<\/div>\n\n<\/div>\n\n\n<div class=\"richtext m-spacer\">\n\t<div class=\"container\">\n\t\t<div class=\"row\">\n\t\t\t<div class=\"col-10\">\n\t\t\t\t\n<div class=\"richtext m-spacer\">\n\t<div class=\"container\">\n\t\t<div class=\"row\">\n\t\t\t<div class=\"col-10\">\n\t\t\t\t\n\t\t\t<\/div>\n\t\t<\/div>\n\t<\/div>\n\n<\/div>\n\n\n\t\t\t<\/div>\n\t\t<\/div>\n\t<\/div>\n\n<\/div>","protected":false},"excerpt":{"rendered":"<p>Una vez Bach tuvo que pasar un mes en la c\u00e1rcel porque intent\u00f3 dejar su trabajo componiendo y tocando para un duque. Durante ese mes en la c\u00e1rcel, escribi\u00f3 cuarenta y seis piezas de m\u00fasica, muchas de las cuales se siguen interpretando hoy en d\u00eda.<\/p>","protected":false},"author":3,"featured_media":8802,"parent":592,"menu_order":0,"comment_status":"closed","ping_status":"closed","template":"","meta":{"_acf_changed":false,"footnotes":""},"class_list":["post-1008","page","type-page","status-publish","has-post-thumbnail","hentry"],"acf":[],"_links":{"self":[{"href":"https:\/\/www.dallassymphony.org\/es\/wp-json\/wp\/v2\/pages\/1008","targetHints":{"allow":["GET"]}}],"collection":[{"href":"https:\/\/www.dallassymphony.org\/es\/wp-json\/wp\/v2\/pages"}],"about":[{"href":"https:\/\/www.dallassymphony.org\/es\/wp-json\/wp\/v2\/types\/page"}],"author":[{"embeddable":true,"href":"https:\/\/www.dallassymphony.org\/es\/wp-json\/wp\/v2\/users\/3"}],"replies":[{"embeddable":true,"href":"https:\/\/www.dallassymphony.org\/es\/wp-json\/wp\/v2\/comments?post=1008"}],"version-history":[{"count":0,"href":"https:\/\/www.dallassymphony.org\/es\/wp-json\/wp\/v2\/pages\/1008\/revisions"}],"up":[{"embeddable":true,"href":"https:\/\/www.dallassymphony.org\/es\/wp-json\/wp\/v2\/pages\/592"}],"wp:featuredmedia":[{"embeddable":true,"href":"https:\/\/www.dallassymphony.org\/es\/wp-json\/wp\/v2\/media\/8802"}],"wp:attachment":[{"href":"https:\/\/www.dallassymphony.org\/es\/wp-json\/wp\/v2\/media?parent=1008"}],"curies":[{"name":"wp","href":"https:\/\/api.w.org\/{rel}","templated":true}]}}