{"id":10059,"date":"2022-10-05T13:41:44","date_gmt":"2022-10-05T18:41:44","guid":{"rendered":"https:\/\/www.dallassymphony.org\/?page_id=10059"},"modified":"2023-05-09T16:06:23","modified_gmt":"2023-05-09T21:06:23","slug":"thank-you-concert-truck","status":"publish","type":"page","link":"https:\/\/www.dallassymphony.org\/es\/thank-you-concert-truck\/","title":{"rendered":"Gracias."},"content":{"rendered":"<div class=\"hero__no-img bg-blue-8\">\n\t<div class=\"container\">\n\t\t<div class=\"row\">\n\t\t\t<div class=\"col-md-10\">\n\n\t\t\t\t<ul class=\"breadcrumbs\">\n    \t<li class=\"breadcrumb__link\">\n\t\t<a class=\"a-hover\" href=\"https:\/\/www.dallassymphony.org\/es\/\">Inicio<\/a>\n\t<\/li>\n    <\/ul>\n\n                \t\t\t\t<h1>\n                    <span >Gracias.<\/span>\n                <\/h1>\n                \t\t\t<\/div>\n\t\t<\/div>\n\t<\/div>\n<\/div>\n\n\n<div class=\"richtext m-spacer\">\n\t<div class=\"container\">\n\t\t<div class=\"row\">\n\t\t\t<div class=\"col-10\">\n\t\t\t\t\n\n<p>\u00a1Gracias por unirse a nosotros en el Concert Truck! Utilice el c\u00f3digo promocional CONCERTTRUCK durante la compra para reclamar sus dos entradas gratuitas para los siguientes conciertos.<\/p>\n\n\n\t\t\t<\/div>\n\t\t<\/div>\n\t<\/div>\n\n<\/div>\n\n\n<div class=\"richtext m-spacer\">\n\t<div class=\"container\">\n\t\t<div class=\"row\">\n\t\t\t<div class=\"col-10\">\n\t\t\t\t\n\t\t\t<\/div>\n\t\t<\/div>\n\t<\/div>\n\n<\/div>\n\n\n<div class=\"dso-event-list list-view m-spacer bg-gray-4 active\" data-view=\"list\">\n    <div class=\"day\">\n            <div class=\"calendar__event-list\">\n        <div class=\"container\">\n            <div class=\"row bg-white\">\n\n                <div class=\"col-md-4\">\n                                            <img loading=\"lazy\" decoding=\"async\" width=\"350\" height=\"226\" src=\"https:\/\/www.dallassymphony.org\/wp-content\/uploads\/2023\/04\/Untitled-design-7-350x226.jpg\" class=\"img-fluid w-100 wp-post-image\" alt=\"\" \/>                                    <\/div>\n\n                <div class=\"col-md-8\">\n                    <div class=\"calendar__event-content\">\n                        <a href=\"https:\/\/www.dallassymphony.org\/es\/productions\/gary-levox-of-rascal-flatts-unplugged\/\" title=\"Gary LeVox de Rascal Flatts - Unplugged\"><h3>Gary LeVox de Rascal Flatts - Unplugged<\/h3><\/a>\n\n                        \n                        \n                        <p>Despu\u00e9s de 20 a\u00f1os como l\u00edder, Gary LeVox se embarca en un cap\u00edtulo en solitario. Su single de debut \"The Distance\" (Big Machine Records\/Capitol Christian Music Group), es una de las cinco canciones de la colecci\u00f3n de debut en solitario de LeVox ONE ON ONE (Big Machine Records), que incluye m\u00faltiples colaboraciones convincentes. LeVox sigui\u00f3 el lanzamiento de ONE ON ONE con \"We Got Fight\", una canci\u00f3n que aparece como el codiciado cr\u00e9dito final en la pel\u00edcula de Netflix The Ice Road.<\/p>\n\n                                                <a class=\"purchase__path button-hover\" href=\"https:\/\/www.dallassymphony.org\/es\/productions\/gary-levox-of-rascal-flatts-unplugged\/\" title=\"Gary LeVox de Rascal Flatts - Unplugged\" target=\"\">\n                            Jueves, 13\/7                        <\/a>\n                                        <\/div>\n            <\/div>\n        <\/div>\n    <\/div>    <div class=\"calendar__event-list\">\n        <div class=\"container\">\n            <div class=\"row bg-white\">\n\n                <div class=\"col-md-4\">\n                                            <img loading=\"lazy\" decoding=\"async\" width=\"350\" height=\"226\" src=\"https:\/\/www.dallassymphony.org\/wp-content\/uploads\/2023\/05\/Queens-of-Cool-Website-Banner_1600x900-Color-1-350x226.jpg\" class=\"img-fluid w-100 wp-post-image\" alt=\"\" \/>                                    <\/div>\n\n                <div class=\"col-md-8\">\n                    <div class=\"calendar__event-content\">\n                        <a href=\"https:\/\/www.dallassymphony.org\/es\/productions\/queens-of-cool\/\" title=\"Reinas de lo cool\"><h3>Reinas de lo cool<\/h3><\/a>\n\n                        \n                        \n                        <p>\u00a1Vuelve el cabaret!  Empecemos con las Queens of Cool interpretando la m\u00fasica de la \u00e9poca de los Kings of Cool (Frank, Dean y Sammy).<\/p>\n\n                                                <a class=\"purchase__path button-hover\" href=\"https:\/\/www.dallassymphony.org\/es\/productions\/queens-of-cool\/\" title=\"Reinas de lo cool\" target=\"\">\n                            S\u00e1bado 29 de julio                        <\/a>\n                                        <\/div>\n            <\/div>\n        <\/div>\n    <\/div>    <div class=\"calendar__event-list\">\n        <div class=\"container\">\n            <div class=\"row bg-white\">\n\n                <div class=\"col-md-4\">\n                                            <img loading=\"lazy\" decoding=\"async\" width=\"350\" height=\"226\" src=\"https:\/\/www.dallassymphony.org\/wp-content\/uploads\/2023\/04\/Untitled-design-14-350x226.png\" class=\"img-fluid w-100 wp-post-image\" alt=\"\" \/>                                    <\/div>\n\n                <div class=\"col-md-8\">\n                    <div class=\"calendar__event-content\">\n                        <a href=\"https:\/\/www.dallassymphony.org\/es\/productions\/los-lobos-disconnected\/\" title=\"Los Lobos - Desconectado\"><h3>Los Lobos - Desconectado<\/h3><\/a>\n\n                        \n                        \n                        <p>Los Lobos celebran su 50 aniversario con un concierto especial \"Desconectados\". <\/p>\n\n                                                <a class=\"purchase__path button-hover\" href=\"https:\/\/www.dallassymphony.org\/es\/productions\/los-lobos-disconnected\/\" title=\"Los Lobos - Desconectado\" target=\"\">\n                            Viernes, 8\/11                        <\/a>\n                                        <\/div>\n            <\/div>\n        <\/div>\n    <\/div>    <\/div>\n<\/div>","protected":false},"excerpt":{"rendered":"<p>\u00a1Gracias por acompa\u00f1arnos en The Concert Truck!<\/p>","protected":false},"author":16,"featured_media":5451,"parent":0,"menu_order":0,"comment_status":"closed","ping_status":"closed","template":"","meta":{"_acf_changed":false,"footnotes":""},"class_list":["post-10059","page","type-page","status-publish","has-post-thumbnail","hentry"],"acf":[],"_links":{"self":[{"href":"https:\/\/www.dallassymphony.org\/es\/wp-json\/wp\/v2\/pages\/10059","targetHints":{"allow":["GET"]}}],"collection":[{"href":"https:\/\/www.dallassymphony.org\/es\/wp-json\/wp\/v2\/pages"}],"about":[{"href":"https:\/\/www.dallassymphony.org\/es\/wp-json\/wp\/v2\/types\/page"}],"author":[{"embeddable":true,"href":"https:\/\/www.dallassymphony.org\/es\/wp-json\/wp\/v2\/users\/16"}],"replies":[{"embeddable":true,"href":"https:\/\/www.dallassymphony.org\/es\/wp-json\/wp\/v2\/comments?post=10059"}],"version-history":[{"count":0,"href":"https:\/\/www.dallassymphony.org\/es\/wp-json\/wp\/v2\/pages\/10059\/revisions"}],"wp:featuredmedia":[{"embeddable":true,"href":"https:\/\/www.dallassymphony.org\/es\/wp-json\/wp\/v2\/media\/5451"}],"wp:attachment":[{"href":"https:\/\/www.dallassymphony.org\/es\/wp-json\/wp\/v2\/media?parent=10059"}],"curies":[{"name":"wp","href":"https:\/\/api.w.org\/{rel}","templated":true}]}}